{"id":560,"date":"2023-10-06T14:01:09","date_gmt":"2023-10-06T12:01:09","guid":{"rendered":"https:\/\/stingfreesnus.se\/?page_id=15"},"modified":"2024-02-07T15:16:44","modified_gmt":"2024-02-07T14:16:44","slug":"%d9%86%d8%a8%d8%b0%d8%a9-%d8%b9%d9%86%d8%a7","status":"publish","type":"page","link":"https:\/\/stingfreesnus.se\/ar\/om-oss\/","title":{"rendered":"\u0646\u0628\u0630\u0629 \u0639\u0646\u0627"},"content":{"rendered":"<h3 class=\"wp-block-heading\"><em>\u0628\u0639\u062f \u0623\u0646 \u0634\u062e\u0651\u0635 \u0637\u0628\u064a\u0628 \u0623\u0633\u0646\u0627\u0646\u0647 \u0625\u0635\u0627\u0628\u062a\u0647 \u0628\u062a\u0644\u0641 \u0641\u064a \u0627\u0644\u0644\u062b\u0629\u060c \u062e\u0637\u0631\u062a \u0644\u0628\u064a\u0646\u063a\u062a \u0648\u064a\u0628\u0631\u063a \u0641\u0643\u0631\u0629 \u0645\u062c\u0646\u0648\u0646\u0629 - \u201d\u0645\u0627\u0630\u0627 \u0644\u0648 \u0648\u0636\u0639\u062a\u064f \u0644\u0627\u0635\u0642\u0629 \u0639\u0644\u0649 \u062c\u0627\u0646\u0628 \u201d\u0627\u0644\u0628\u0631\u064a\u0644\" \u0627\u0644\u0630\u064a \u064a\u0639\u0627\u0643\u0633 \u0627\u0644\u0644\u062b\u0629\u061f\u201d<\/em><\/h3>\n\n\n\n<figure class=\"wp-block-image aligncenter size-large\"><img data-recalc-dims=\"1\" loading=\"lazy\" decoding=\"async\" width=\"1024\" height=\"681\" src=\"https:\/\/i0.wp.com\/stingfreesnus.se\/wp-content\/uploads\/2023\/10\/Bengt-Wiberg-Innovator.jpg?resize=1024%2C681&#038;ssl=1\" alt=\"\u0628\u064a\u0646\u063a\u062a \u0641\u064a\u0628\u0631\u063a - \u0648\u0636\u0639 \u0627\u0644\u062c\u0635 \u0639\u0644\u0649 \u0627\u0644\u0633\u0639\u0648\u0637!\" class=\"wp-image-227\" srcset=\"https:\/\/i0.wp.com\/stingfreesnus.se\/wp-content\/uploads\/2023\/10\/Bengt-Wiberg-Innovator.jpg?resize=1024%2C681&amp;ssl=1 1024w, https:\/\/i0.wp.com\/stingfreesnus.se\/wp-content\/uploads\/2023\/10\/Bengt-Wiberg-Innovator.jpg?resize=300%2C200&amp;ssl=1 300w, https:\/\/i0.wp.com\/stingfreesnus.se\/wp-content\/uploads\/2023\/10\/Bengt-Wiberg-Innovator.jpg?resize=768%2C511&amp;ssl=1 768w, https:\/\/i0.wp.com\/stingfreesnus.se\/wp-content\/uploads\/2023\/10\/Bengt-Wiberg-Innovator.jpg?w=1100&amp;ssl=1 1100w\" sizes=\"auto, (max-width: 1000px) 100vw, 1000px\" \/><figcaption class=\"wp-element-caption\">\u0628\u064a\u0646\u063a\u062a \u0641\u064a\u0628\u0631\u063a - \u0648\u0636\u0639 \u0627\u0644\u062c\u0635 \u0639\u0644\u0649 \u062d\u0628\u0648\u0628 \u0645\u0646\u0639 \u0627\u0644\u062d\u0645\u0644 \u0648\u0628\u0631\u0627\u0621\u0629 \u0627\u062e\u062a\u0631\u0627\u0639 \u0633\u062a\u064a\u0646\u063a\u0641\u0631\u064a<\/figcaption><\/figure>\n\n\n\n<p>\u0642\u0628\u0644 \u0639\u062f\u0629 \u0633\u0646\u0648\u0627\u062a\u060c \u0643\u0627\u0646 \u0628\u064a\u0646\u062c\u062a \u0641\u064a\u0628\u0631\u063a \u0645\u0633\u0624\u0648\u0644\u0627\u064b \u0641\u064a \u0627\u0644\u0628\u0644\u062f\u064a\u0629 \u0648\u0645\u0633\u062a\u062e\u062f\u0645\u064b\u0627 \u0642\u062f\u064a\u0645\u064b\u0627 \u0644\u0644\u0633\u0646\u0627\u0648\u0633 \u0639\u0646\u062f\u0645\u0627 \u062d\u062b\u0647 \u0637\u0628\u064a\u0628 \u0627\u0644\u0623\u0633\u0646\u0627\u0646 \u0639\u0644\u0649 <a previewlistener=\"true\" href=\"https:\/\/stingfreesnus.se\/ar\/%d8%aa%d9%88%d9%82%d9%81-%d8%b9%d9%86-%d8%a7%d9%84%d8%b3%d8%b9%d9%88%d8%b7\/\">\u062a\u0648\u0642\u0641 \u0639\u0646 \u0627\u0644\u0633\u0639\u0648\u0637<\/a>. \u0648\u0643\u0627\u0646 \u0627\u0644\u0633\u0628\u0628 \u0641\u064a \u0630\u0644\u0643 \u0623\u0646 \u0644\u062b\u0629 \u0628\u064a\u0646\u062c\u062a \u0643\u0627\u0646\u062a \u0642\u062f <a href=\"https:\/\/stingfreesnus.se\/ar\/%d8%a2%d9%81%d8%a7%d8%aa-%d8%a7%d9%84%d8%b3%d8%b9%d9%88%d8%b7\/\">\u0622\u0641\u0627\u062a \u0627\u0644\u0633\u0639\u0648\u0637<\/a> \u0648<a href=\"https:\/\/stingfreesnus.se\/ar\/%d8%b4%d9%85%d8%b9-%d8%a7%d9%84%d9%84%d8%ab%d8%a9-%d8%a7%d9%84%d9%85%d8%aa%d8%b6%d8%ae%d9%85-%d9%85%d9%86-%d8%a7%d9%84%d8%b3%d8%b9%d9%88%d8%b7-%d9%85%d8%b1%d8%a9-%d8%a3%d8%ae%d8%b1%d9%89\/\"> \u0628\u062f\u0623\u062a \u0627\u0644\u0644\u062b\u0629 \u0641\u064a \u0627\u0644\u0627\u0646\u062d\u0633\u0627\u0631<\/a> \u0641\u064a \u0627\u0644\u0623\u0645\u0627\u0643\u0646 \u0627\u0644\u062a\u064a \u0639\u0627\u062f\u0629\u064b \u0645\u0627 \u0643\u0627\u0646 \u064a\u0636\u0639 \u0641\u064a\u0647\u0627 \u0627\u0644\u062d\u0628\u064a\u0628\u0627\u062a. \u062b\u0645 \u062e\u0637\u0631\u062a \u0628\u0628\u0627\u0644\u0647 \u0641\u0643\u0631\u0629 \u0645\u062c\u0646\u0648\u0646\u0629: \u201d\u0645\u0627\u0630\u0627 \u0633\u064a\u062d\u062f\u062b \u0625\u0630\u0627 \u0648\u0636\u0639\u062a \u0644\u0627\u0635\u0642\u0629 \u0639\u0644\u0649 \u062c\u0627\u0646\u0628 \u0627\u0644\u062d\u0628\u0629 \u0627\u0644\u062a\u064a \u062a\u0642\u0639 \u0639\u0644\u0649 \u0627\u0644\u0644\u062b\u0629\u201d. \u0642\u0627\u0645 \u0628\u064a\u0646\u062c\u062a \u0628\u062a\u062c\u0631\u0628\u0629 \u0623\u0646\u0648\u0627\u0639 \u0645\u062e\u062a\u0644\u0641\u0629 \u0645\u0646 \u0627\u0644\u0644\u0635\u0642\u0627\u062a \u0648\u0641\u0648\u062c\u0626 \u0628\u0627\u0643\u062a\u0634\u0627\u0641 \u0627\u062e\u062a\u0641\u0627\u0621 \u0627\u0644\u0623\u0644\u0645 \u0641\u064a \u0644\u062b\u062a\u0647 \u0645\u0639 \u0628\u0642\u0627\u0621 \u0627\u0644\u0645\u0630\u0627\u0642 \u0627\u0644\u062c\u064a\u062f \u0648\u062a\u062c\u0631\u0628\u0629 \u0627\u0644\u0646\u064a\u0643\u0648\u062a\u064a\u0646 \u0641\u064a \u0646\u0641\u0633 \u0627\u0644\u0648\u0642\u062a\u060c \u0648\u0642\u062f \u062a\u0645 \u0635\u0646\u0639 \u0623\u0648\u0644 \u062d\u0628\u0627\u062a \u0633\u062a\u064a\u0646\u062c\u0641\u0631\u064a. \u0628\u0639\u062f \u0628\u0636\u0639\u0629 \u0623\u0634\u0647\u0631 \u0645\u0646 \u0627\u0633\u062a\u062e\u062f\u0627\u0645 \u0623\u0642\u0631\u0627\u0635 Stingfree\u060c \u0639\u0627\u062f \u0628\u064a\u0646\u063a\u062a \u0625\u0644\u0649 \u0637\u0628\u064a\u0628 \u0623\u0633\u0646\u0627\u0646\u0647 \u0648\u0643\u0627\u0646 \u0633\u0639\u064a\u062f\u064b\u0627 \u0639\u0646\u062f\u0645\u0627 \u0639\u0644\u0645 \u0623\u0646 \u0644\u062b\u062a\u0647 \u062a\u0628\u062f\u0648 \u0627\u0644\u0622\u0646 \u0628\u0635\u062d\u0629 \u062c\u064a\u062f\u0629 \u0645\u0631\u0629 \u0623\u062e\u0631\u0649.<\/p>\n\n\n\n<h3 class=\"wp-block-heading\"><em>\u0628\u0639\u062f \u0628\u0636\u0639\u0629 \u0623\u0634\u0647\u0631 \u0645\u0646 \u0627\u0633\u062a\u062e\u062f\u0627\u0645 \u062a\u062d\u0627\u0645\u064a\u0644 \u0633\u062a\u064a\u0646\u063a\u0641\u0631\u064a\u060c \u0639\u0627\u062f \u0628\u064a\u0646\u063a\u062a \u0625\u0644\u0649 \u0637\u0628\u064a\u0628 \u0623\u0633\u0646\u0627\u0646\u0647 \u0648\u0643\u0627\u0646 \u0633\u0639\u064a\u062f\u064b\u0627 \u0639\u0646\u062f\u0645\u0627 \u0639\u0644\u0645 \u0623\u0646 \u0644\u062b\u062a\u0647 \u062a\u0628\u062f\u0648 \u0627\u0644\u0622\u0646 \u0628\u0635\u062d\u0629 \u062c\u064a\u062f\u0629 \u0645\u0631\u0629 \u0623\u062e\u0631\u0649.&nbsp;<\/em><\/h3>\n\n\n\n<p>\u0648\u0645\u0646\u0630 \u0630\u0644\u0643 \u0627\u0644\u062d\u064a\u0646 \u062a\u0645\u0643\u0646 \u0628\u064a\u0646\u062c\u062a \u0645\u0646 \u062a\u0633\u062c\u064a\u0644 \u0628\u0631\u0627\u0621\u0629 \u0627\u062e\u062a\u0631\u0627\u0639 Stingfree <a href=\"https:\/\/stingfreesnus.se\/ar\/%d9%86%d9%8a%d9%83%d9%88%d8%aa%d9%8a%d9%86-%d8%a8%d8%a7%d8%b3%d8%a7%d8%b1\/\">\u0623\u0643\u064a\u0627\u0633 \u0627\u0644\u0646\u064a\u0643\u0648\u062a\u064a\u0646<\/a> \u0641\u064a \u0627\u0644\u0633\u0648\u064a\u062f\u060c \u0648\u0627\u0644\u0648\u0644\u0627\u064a\u0627\u062a \u0627\u0644\u0645\u062a\u062d\u062f\u0629 \u062b\u0645 \u0627\u0644\u0627\u062a\u062d\u0627\u062f \u0627\u0644\u0623\u0648\u0631\u0648\u0628\u064a\u060c \u062a\u0645 \u062a\u0637\u0648\u064a\u0631 \u0637\u0631\u064a\u0642\u0629 \u0635\u0646\u0627\u0639\u064a\u0629 \u0644\u0625\u0646\u062a\u0627\u062c \u0643\u0631\u064a\u0627\u062a \u062e\u0627\u0644\u064a\u0629 \u0645\u0646 \u0627\u0644\u0640 Stingfree \u0648\u0648\u0642\u0639\u062a \u0634\u0631\u0643\u0629 Swedish Match \u062a\u0631\u062e\u064a\u0635\u064b\u0627 \u0644\u0627\u0633\u062a\u062e\u062f\u0627\u0645 \u0647\u0630\u0647 \u0627\u0644\u062a\u0643\u0646\u0648\u0644\u0648\u062c\u064a\u0627. \u0648\u0644\u0633\u0648\u0621 \u0627\u0644\u062d\u0638\u060c \u0644\u0645 \u062a\u0628\u062f\u0623 \u0634\u0631\u0643\u0629 Swedish Match \u0623\u0648 \u0623\u064a \u0645\u0646 \u0643\u0628\u0627\u0631 \u0645\u0646\u062a\u062c\u064a \u0627\u0644\u0633\u062c\u0627\u0626\u0631 \u0627\u0644\u062e\u0627\u0644\u064a\u0629 \u0645\u0646 \u0627\u0644\u0633\u0639\u0648\u0637 \u062d\u062a\u0649 \u0627\u0644\u0622\u0646 \u0641\u064a \u0625\u0646\u062a\u0627\u062c \u0643\u0631\u064a\u0627\u062a \u062e\u0627\u0644\u064a\u0629 \u0645\u0646 \u0627\u0644\u0640 Stingfree. \u0648\u0628\u062f\u0644\u0627\u064b \u0645\u0646 \u0630\u0644\u0643\u060c \u0641\u0642\u062f \u0623\u0635\u0631\u0648\u0627 \u0628\u0639\u0646\u0627\u062f \u0639\u0644\u0649 \u0623\u0646\u0647 \u201d\u0645\u0646 \u0627\u0644\u0645\u0641\u062a\u0631\u0636 \u0623\u0646 \u062a\u0644\u0633\u0639\u201d\u060c \u0639\u0644\u0649 \u0627\u0644\u0631\u063a\u0645 \u0645\u0646 \u0623\u0646 \u0628\u064a\u0646\u062c\u062a \u0643\u0627\u0646 \u0642\u0627\u062f\u0631\u064b\u0627 \u0639\u0644\u0649 \u0639\u0631\u0636 \u0646\u062a\u0627\u0626\u062c \u0627\u0633\u062a\u0637\u0644\u0627\u0639 \u0631\u0623\u064a \u0644\u0623\u0643\u062b\u0631 \u0645\u0646 1000 \u0645\u0633\u062a\u062e\u062f\u0645 \u0633\u0648\u064a\u062f\u064a \u0644\u0644\u0633\u0646\u0627\u0648\u0633 \u0630\u0643\u0631 \u0641\u064a\u0647 661 \u0645\u0646 \u0627\u0644\u0646\u0633\u0627\u0621 \u0648541 \u0645\u0646 \u0627\u0644\u0631\u062c\u0627\u0644 \u0623\u0646\u0647\u0645 \u0644\u0627 \u064a\u062d\u0628\u0648\u0646 \u0627\u0644\u062d\u0631\u0642 \u0639\u0644\u0649 \u0627\u0644\u0644\u062b\u0629.<\/p>\n\n\n\n<p>\u0648\u0627\u0644\u0622\u0646 \u0623\u0637\u0644\u0642 \u0628\u064a\u0646\u063a\u062a\u060c \u0645\u0639 \u0627\u0628\u0646\u0647 \u0627\u0644\u0623\u0643\u0628\u0631 \u062f\u0627\u0646\u064a\u0627\u0644\u060c \u0627\u0644\u0630\u064a \u064a\u0634\u063a\u0644 \u0627\u0644\u0622\u0646 \u0645\u0646\u0635\u0628 \u0627\u0644\u0631\u0626\u064a\u0633 \u0627\u0644\u062a\u0646\u0641\u064a\u0630\u064a \u0644\u0634\u0631\u0643\u0629 Stingfree AB\u060c \u0623\u0648\u0644 \u0645\u0646\u062a\u062c Stingfree \u0641\u064a \u0627\u0644\u0633\u0648\u0642\u060c \u0645\u062a\u0628\u0648\u0639\u064b\u0627 \u0628\u0646\u0643\u0647\u062a\u064a\u0646 \u062c\u062f\u064a\u062f\u062a\u064a\u0646. \u0648\u062a\u0633\u0645\u0649 \u0627\u0644\u0645\u0646\u062a\u062c\u0627\u062a <a previewlistener=\"true\" href=\"https:\/\/stingfreesnus.se\/ar\/%d8%a7%d9%84%d9%86%d8%b9%d9%86%d8%a7%d8%b9-%d8%a7%d9%84%d8%a3%d8%b2%d8%b1%d9%82-%d8%a7%d9%84%d9%82%d9%88%d9%8a\/\">\u0627\u0644\u0646\u0639\u0646\u0627\u0639 \u0627\u0644\u0623\u0632\u0631\u0642 \u0627\u0644\u0642\u0648\u064a<\/a>, <a previewlistener=\"true\" href=\"https:\/\/stingfreesnus.se\/ar\/%d8%a7%d9%84%d9%85%d8%a7%d9%86%d8%ac%d9%88-%d8%a7%d9%84%d9%83%d8%a7%d8%b1%d9%8a%d8%a8%d9%8a\/\">\u0627\u0644\u0645\u0627\u0646\u062c\u0648 \u0627\u0644\u0643\u0627\u0631\u064a\u0628\u064a<\/a> \u0648 <a previewlistener=\"true\" href=\"https:\/\/stingfreesnus.se\/ar\/%d9%86%d8%b9%d9%86%d8%a7%d8%b9-%d8%a7%d9%84%d9%85%d8%ad%d9%8a%d8%b7\/\">\u0646\u0639\u0646\u0627\u0639 \u0627\u0644\u0645\u062d\u064a\u0637<\/a> \u0648\u0647\u064a \u0645\u062a\u0648\u0641\u0631\u0629 \u0641\u064a \u0645\u062a\u0627\u062c\u0631\u0646\u0627 \u0639\u0628\u0631 \u0627\u0644\u0625\u0646\u062a\u0631\u0646\u062a \u0648\u0641\u064a \u0627\u0644\u0645\u062a\u0627\u062c\u0631. <a href=\"https:\/\/stingfreesnus.se\/ar\/%d8%a7%d9%84%d8%b1%d8%a3%d8%b3\/\">\u064a\u0645\u0643\u0646\u0643 \u0627\u0644\u0639\u062b\u0648\u0631 \u0639\u0644\u0649 \u062c\u0645\u064a\u0639 \u0645\u062a\u062f\u0627\u0648\u0644\u064a Stingfree \u0647\u0646\u0627.<\/a><\/p>\n\n\n\n<figure class=\"wp-block-image aligncenter size-full\"><img data-recalc-dims=\"1\" loading=\"lazy\" decoding=\"async\" width=\"935\" height=\"630\" src=\"https:\/\/i0.wp.com\/stingfreesnus.se\/wp-content\/uploads\/2023\/10\/Bengt-Daniel.webp?resize=935%2C630&#038;ssl=1\" alt=\"\u0628\u064a\u0646\u062c\u062a \u0648\u064a\u0628\u0631\u062c\u060c \u0627\u0644\u0645\u0624\u0633\u0633 - \u062f\u0627\u0646\u064a\u0627\u0644 \u0648\u064a\u0628\u0631\u062c\u060c \u0627\u0644\u0631\u0626\u064a\u0633 \u0627\u0644\u062a\u0646\u0641\u064a\u0630\u064a\" class=\"wp-image-254\" srcset=\"https:\/\/i0.wp.com\/stingfreesnus.se\/wp-content\/uploads\/2023\/10\/Bengt-Daniel.webp?w=935&amp;ssl=1 935w, https:\/\/i0.wp.com\/stingfreesnus.se\/wp-content\/uploads\/2023\/10\/Bengt-Daniel.webp?resize=300%2C202&amp;ssl=1 300w, https:\/\/i0.wp.com\/stingfreesnus.se\/wp-content\/uploads\/2023\/10\/Bengt-Daniel.webp?resize=768%2C517&amp;ssl=1 768w\" sizes=\"auto, (max-width: 935px) 100vw, 935px\" \/><figcaption class=\"wp-element-caption\">\u0628\u064a\u0646\u062c\u062a \u0648\u064a\u0628\u0631\u062c\u060c \u0627\u0644\u0645\u0624\u0633\u0633 \u0648\u0639\u0636\u0648 \u0645\u062c\u0644\u0633 \u0627\u0644\u0625\u062f\u0627\u0631\u0629 - \u062f\u0627\u0646\u064a\u0627\u0644 \u0648\u064a\u0628\u0631\u062c\u060c \u0627\u0644\u0631\u0626\u064a\u0633 \u0627\u0644\u062a\u0646\u0641\u064a\u0630\u064a<\/figcaption><\/figure>","protected":false},"excerpt":{"rendered":"<p>Efter att hans tandl\u00e4kare konstaterat att han hade skador p\u00e5 tandk\u00f6ttet s\u00e5 fick Bengt Wiberg en galen id\u00e9 \u2013 &#8221;vad [&hellip;]<\/p>\n","protected":false},"author":3,"featured_media":0,"parent":0,"menu_order":0,"comment_status":"closed","ping_status":"closed","template":"","meta":{"_acf_changed":false,"_uag_custom_page_level_css":"","site-sidebar-layout":"default","site-content-layout":"","ast-site-content-layout":"default","site-content-style":"default","site-sidebar-style":"default","ast-global-header-display":"","ast-banner-title-visibility":"","ast-main-header-display":"","ast-hfb-above-header-display":"","ast-hfb-below-header-display":"","ast-hfb-mobile-header-display":"","site-post-title":"","ast-breadcrumbs-content":"","ast-featured-img":"","footer-sml-layout":"","ast-disable-related-posts":"","theme-transparent-header-meta":"","adv-header-id-meta":"","stick-header-meta":"","header-above-stick-meta":"","header-main-stick-meta":"","header-below-stick-meta":"","astra-migrate-meta-layouts":"default","ast-page-background-enabled":"default","ast-page-background-meta":{"desktop":{"background-color":"var(--ast-global-color-5)","background-image":"","background-repeat":"repeat","background-position":"center center","background-size":"auto","background-attachment":"scroll","background-type":"","background-media":"","overlay-type":"","overlay-color":"","overlay-opacity":"","overlay-gradient":""},"tablet":{"background-color":"","background-image":"","background-repeat":"repeat","background-position":"center center","background-size":"auto","background-attachment":"scroll","background-type":"","background-media":"","overlay-type":"","overlay-color":"","overlay-opacity":"","overlay-gradient":""},"mobile":{"background-color":"","background-image":"","background-repeat":"repeat","background-position":"center center","background-size":"auto","background-attachment":"scroll","background-type":"","background-media":"","overlay-type":"","overlay-color":"","overlay-opacity":"","overlay-gradient":""}},"ast-content-background-meta":{"desktop":{"background-color":"var(--ast-global-color-4)","background-image":"","background-repeat":"repeat","background-position":"center center","background-size":"auto","background-attachment":"scroll","background-type":"","background-media":"","overlay-type":"","overlay-color":"","overlay-opacity":"","overlay-gradient":""},"tablet":{"background-color":"var(--ast-global-color-4)","background-image":"","background-repeat":"repeat","background-position":"center center","background-size":"auto","background-attachment":"scroll","background-type":"","background-media":"","overlay-type":"","overlay-color":"","overlay-opacity":"","overlay-gradient":""},"mobile":{"background-color":"var(--ast-global-color-4)","background-image":"","background-repeat":"repeat","background-position":"center center","background-size":"auto","background-attachment":"scroll","background-type":"","background-media":"","overlay-type":"","overlay-color":"","overlay-opacity":"","overlay-gradient":""}},"footnotes":""},"class_list":["post-560","page","type-page","status-publish","hentry"],"acf":[],"yoast_head":"<!-- This site is optimized with the Yoast SEO plugin v27.4 - https:\/\/yoast.com\/product\/yoast-seo-wordpress\/ -->\n<title>Om oss - Stingfree<\/title>\n<meta name=\"robots\" content=\"index, follow, max-snippet:-1, max-image-preview:large, max-video-preview:-1\" \/>\n<link rel=\"canonical\" href=\"https:\/\/stingfreesnus.se\/ar\/\u0646\u0628\u0630\u0629-\u0639\u0646\u0627\/\" \/>\n<meta property=\"og:locale\" content=\"ar_AR\" \/>\n<meta property=\"og:type\" content=\"article\" \/>\n<meta property=\"og:title\" content=\"Om oss - Stingfree\" \/>\n<meta property=\"og:description\" content=\"Efter att hans tandl\u00e4kare konstaterat att han hade skador p\u00e5 tandk\u00f6ttet s\u00e5 fick Bengt Wiberg en galen id\u00e9 \u2013 &#8221;vad [&hellip;]\" \/>\n<meta property=\"og:url\" content=\"https:\/\/stingfreesnus.se\/ar\/\u0646\u0628\u0630\u0629-\u0639\u0646\u0627\/\" \/>\n<meta property=\"og:site_name\" content=\"Stingfree\" \/>\n<meta property=\"article:publisher\" content=\"https:\/\/www.facebook.com\/stingfreesnus\" \/>\n<meta property=\"article:modified_time\" content=\"2024-02-07T14:16:44+00:00\" \/>\n<meta property=\"og:image\" content=\"https:\/\/stingfreesnus.se\/wp-content\/uploads\/2023\/10\/Bengt-Wiberg-Innovator-1024x681.jpg\" \/>\n<meta name=\"twitter:card\" content=\"summary_large_image\" \/>\n<meta name=\"twitter:site\" content=\"@Stingfreesnus\" \/>\n<meta name=\"twitter:label1\" content=\"\u0648\u0642\u062a \u0627\u0644\u0642\u0631\u0627\u0621\u0629 \u0627\u0644\u0645\u064f\u0642\u062f\u0651\u0631\" \/>\n\t<meta name=\"twitter:data1\" content=\"3 \u062f\u0642\u0627\u0626\u0642\" \/>\n<script type=\"application\/ld+json\" class=\"yoast-schema-graph\">{\"@context\":\"https:\\\/\\\/schema.org\",\"@graph\":[{\"@type\":\"WebPage\",\"@id\":\"https:\\\/\\\/stingfreesnus.se\\\/om-oss\\\/\",\"url\":\"https:\\\/\\\/stingfreesnus.se\\\/om-oss\\\/\",\"name\":\"Om oss - Stingfree\",\"isPartOf\":{\"@id\":\"https:\\\/\\\/stingfreesnus.se\\\/#website\"},\"primaryImageOfPage\":{\"@id\":\"https:\\\/\\\/stingfreesnus.se\\\/om-oss\\\/#primaryimage\"},\"image\":{\"@id\":\"https:\\\/\\\/stingfreesnus.se\\\/om-oss\\\/#primaryimage\"},\"thumbnailUrl\":\"https:\\\/\\\/stingfreesnus.se\\\/wp-content\\\/uploads\\\/2023\\\/10\\\/Bengt-Wiberg-Innovator-1024x681.jpg\",\"datePublished\":\"2023-10-06T12:01:09+00:00\",\"dateModified\":\"2024-02-07T14:16:44+00:00\",\"breadcrumb\":{\"@id\":\"https:\\\/\\\/stingfreesnus.se\\\/om-oss\\\/#breadcrumb\"},\"inLanguage\":\"ar\",\"potentialAction\":[{\"@type\":\"ReadAction\",\"target\":[\"https:\\\/\\\/stingfreesnus.se\\\/om-oss\\\/\"]}]},{\"@type\":\"ImageObject\",\"inLanguage\":\"ar\",\"@id\":\"https:\\\/\\\/stingfreesnus.se\\\/om-oss\\\/#primaryimage\",\"url\":\"https:\\\/\\\/stingfreesnus.se\\\/wp-content\\\/uploads\\\/2023\\\/10\\\/Bengt-Wiberg-Innovator-1024x681.jpg\",\"contentUrl\":\"https:\\\/\\\/stingfreesnus.se\\\/wp-content\\\/uploads\\\/2023\\\/10\\\/Bengt-Wiberg-Innovator-1024x681.jpg\"},{\"@type\":\"BreadcrumbList\",\"@id\":\"https:\\\/\\\/stingfreesnus.se\\\/om-oss\\\/#breadcrumb\",\"itemListElement\":[{\"@type\":\"ListItem\",\"position\":1,\"name\":\"Hem\",\"item\":\"https:\\\/\\\/stingfreesnus.se\\\/\"},{\"@type\":\"ListItem\",\"position\":2,\"name\":\"Om oss\"}]},{\"@type\":\"WebSite\",\"@id\":\"https:\\\/\\\/stingfreesnus.se\\\/#website\",\"url\":\"https:\\\/\\\/stingfreesnus.se\\\/\",\"name\":\"Stingfree\",\"description\":\"Snus med skydd mot sveda och irritation p\u00e5 tandk\u00f6ttet\",\"publisher\":{\"@id\":\"https:\\\/\\\/stingfreesnus.se\\\/#organization\"},\"potentialAction\":[{\"@type\":\"SearchAction\",\"target\":{\"@type\":\"EntryPoint\",\"urlTemplate\":\"https:\\\/\\\/stingfreesnus.se\\\/?s={search_term_string}\"},\"query-input\":{\"@type\":\"PropertyValueSpecification\",\"valueRequired\":true,\"valueName\":\"search_term_string\"}}],\"inLanguage\":\"ar\"},{\"@type\":\"Organization\",\"@id\":\"https:\\\/\\\/stingfreesnus.se\\\/#organization\",\"name\":\"Stingfree\",\"url\":\"https:\\\/\\\/stingfreesnus.se\\\/\",\"logo\":{\"@type\":\"ImageObject\",\"inLanguage\":\"ar\",\"@id\":\"https:\\\/\\\/stingfreesnus.se\\\/#\\\/schema\\\/logo\\\/image\\\/\",\"url\":\"https:\\\/\\\/i0.wp.com\\\/stingfreesnus.se\\\/wp-content\\\/uploads\\\/logonew.webp?fit=918%2C589&ssl=1\",\"contentUrl\":\"https:\\\/\\\/i0.wp.com\\\/stingfreesnus.se\\\/wp-content\\\/uploads\\\/logonew.webp?fit=918%2C589&ssl=1\",\"width\":918,\"height\":589,\"caption\":\"Stingfree\"},\"image\":{\"@id\":\"https:\\\/\\\/stingfreesnus.se\\\/#\\\/schema\\\/logo\\\/image\\\/\"},\"sameAs\":[\"https:\\\/\\\/www.facebook.com\\\/stingfreesnus\",\"https:\\\/\\\/x.com\\\/Stingfreesnus\"]}]}<\/script>\n<!-- \/ Yoast SEO plugin. -->","yoast_head_json":{"title":"\u0645\u0639\u0644\u0648\u0645\u0627\u062a \u0639\u0646\u0627 - Stingfree","robots":{"index":"index","follow":"follow","max-snippet":"max-snippet:-1","max-image-preview":"max-image-preview:large","max-video-preview":"max-video-preview:-1"},"canonical":"https:\/\/stingfreesnus.se\/ar\/\u0646\u0628\u0630\u0629-\u0639\u0646\u0627\/","og_locale":"ar_AR","og_type":"article","og_title":"Om oss - Stingfree","og_description":"Efter att hans tandl\u00e4kare konstaterat att han hade skador p\u00e5 tandk\u00f6ttet s\u00e5 fick Bengt Wiberg en galen id\u00e9 \u2013 &#8221;vad [&hellip;]","og_url":"https:\/\/stingfreesnus.se\/ar\/\u0646\u0628\u0630\u0629-\u0639\u0646\u0627\/","og_site_name":"Stingfree","article_publisher":"https:\/\/www.facebook.com\/stingfreesnus","article_modified_time":"2024-02-07T14:16:44+00:00","og_image":[{"url":"https:\/\/stingfreesnus.se\/wp-content\/uploads\/2023\/10\/Bengt-Wiberg-Innovator-1024x681.jpg","type":"","width":"","height":""}],"twitter_card":"summary_large_image","twitter_site":"@Stingfreesnus","twitter_misc":{"\u0648\u0642\u062a \u0627\u0644\u0642\u0631\u0627\u0621\u0629 \u0627\u0644\u0645\u064f\u0642\u062f\u0651\u0631":"3 \u062f\u0642\u0627\u0626\u0642"},"schema":{"@context":"https:\/\/schema.org","@graph":[{"@type":"WebPage","@id":"https:\/\/stingfreesnus.se\/om-oss\/","url":"https:\/\/stingfreesnus.se\/om-oss\/","name":"\u0645\u0639\u0644\u0648\u0645\u0627\u062a \u0639\u0646\u0627 - Stingfree","isPartOf":{"@id":"https:\/\/stingfreesnus.se\/#website"},"primaryImageOfPage":{"@id":"https:\/\/stingfreesnus.se\/om-oss\/#primaryimage"},"image":{"@id":"https:\/\/stingfreesnus.se\/om-oss\/#primaryimage"},"thumbnailUrl":"https:\/\/stingfreesnus.se\/wp-content\/uploads\/2023\/10\/Bengt-Wiberg-Innovator-1024x681.jpg","datePublished":"2023-10-06T12:01:09+00:00","dateModified":"2024-02-07T14:16:44+00:00","breadcrumb":{"@id":"https:\/\/stingfreesnus.se\/om-oss\/#breadcrumb"},"inLanguage":"ar","potentialAction":[{"@type":"ReadAction","target":["https:\/\/stingfreesnus.se\/om-oss\/"]}]},{"@type":"ImageObject","inLanguage":"ar","@id":"https:\/\/stingfreesnus.se\/om-oss\/#primaryimage","url":"https:\/\/stingfreesnus.se\/wp-content\/uploads\/2023\/10\/Bengt-Wiberg-Innovator-1024x681.jpg","contentUrl":"https:\/\/stingfreesnus.se\/wp-content\/uploads\/2023\/10\/Bengt-Wiberg-Innovator-1024x681.jpg"},{"@type":"BreadcrumbList","@id":"https:\/\/stingfreesnus.se\/om-oss\/#breadcrumb","itemListElement":[{"@type":"ListItem","position":1,"name":"Hem","item":"https:\/\/stingfreesnus.se\/"},{"@type":"ListItem","position":2,"name":"Om oss"}]},{"@type":"WebSite","@id":"https:\/\/stingfreesnus.se\/#website","url":"https:\/\/stingfreesnus.se\/","name":"\u0633\u062a\u064a\u0646\u063a\u0641\u0631\u064a","description":"\u0633\u0646\u0648\u0633 \u0645\u0639 \u062d\u0645\u0627\u064a\u0629 \u0636\u062f \u0627\u0644\u062d\u0631\u0642\u0627\u0646 \u0648\u062a\u0647\u064a\u062c \u0627\u0644\u0644\u062b\u0629","publisher":{"@id":"https:\/\/stingfreesnus.se\/#organization"},"potentialAction":[{"@type":"SearchAction","target":{"@type":"EntryPoint","urlTemplate":"https:\/\/stingfreesnus.se\/?s={search_term_string}"},"query-input":{"@type":"PropertyValueSpecification","valueRequired":true,"valueName":"search_term_string"}}],"inLanguage":"ar"},{"@type":"Organization","@id":"https:\/\/stingfreesnus.se\/#organization","name":"\u0633\u062a\u064a\u0646\u063a\u0641\u0631\u064a","url":"https:\/\/stingfreesnus.se\/","logo":{"@type":"ImageObject","inLanguage":"ar","@id":"https:\/\/stingfreesnus.se\/#\/schema\/logo\/image\/","url":"https:\/\/i0.wp.com\/stingfreesnus.se\/wp-content\/uploads\/logonew.webp?fit=918%2C589&ssl=1","contentUrl":"https:\/\/i0.wp.com\/stingfreesnus.se\/wp-content\/uploads\/logonew.webp?fit=918%2C589&ssl=1","width":918,"height":589,"caption":"Stingfree"},"image":{"@id":"https:\/\/stingfreesnus.se\/#\/schema\/logo\/image\/"},"sameAs":["https:\/\/www.facebook.com\/stingfreesnus","https:\/\/x.com\/Stingfreesnus"]}]}},"uagb_featured_image_src":{"full":false,"thumbnail":false,"medium":false,"medium_large":false,"large":false,"1536x1536":false,"2048x2048":false,"trp-custom-language-flag":false,"woocommerce_thumbnail":false,"woocommerce_single":false,"woocommerce_gallery_thumbnail":false},"uagb_author_info":{"display_name":"Daniel","author_link":"https:\/\/stingfreesnus.se\/ar\/author\/daniel\/"},"uagb_comment_info":0,"uagb_excerpt":"Efter att hans tandl\u00e4kare konstaterat att han hade skador p\u00e5 tandk\u00f6ttet s\u00e5 fick Bengt Wiberg en galen id\u00e9 \u2013 &#8221;vad [&hellip;]","jetpack_likes_enabled":true,"jetpack_sharing_enabled":true,"_links":{"self":[{"href":"https:\/\/stingfreesnus.se\/ar\/wp-json\/wp\/v2\/pages\/560","targetHints":{"allow":["GET"]}}],"collection":[{"href":"https:\/\/stingfreesnus.se\/ar\/wp-json\/wp\/v2\/pages"}],"about":[{"href":"https:\/\/stingfreesnus.se\/ar\/wp-json\/wp\/v2\/types\/page"}],"author":[{"embeddable":true,"href":"https:\/\/stingfreesnus.se\/ar\/wp-json\/wp\/v2\/users\/3"}],"replies":[{"embeddable":true,"href":"https:\/\/stingfreesnus.se\/ar\/wp-json\/wp\/v2\/comments?post=560"}],"version-history":[{"count":6,"href":"https:\/\/stingfreesnus.se\/ar\/wp-json\/wp\/v2\/pages\/560\/revisions"}],"predecessor-version":[{"id":1514,"href":"https:\/\/stingfreesnus.se\/ar\/wp-json\/wp\/v2\/pages\/560\/revisions\/1514"}],"wp:attachment":[{"href":"https:\/\/stingfreesnus.se\/ar\/wp-json\/wp\/v2\/media?parent=560"}],"curies":[{"name":"wp","href":"https:\/\/api.w.org\/{rel}","templated":true}]}}