{"id":5345,"date":"2026-03-18T12:25:01","date_gmt":"2026-03-18T11:25:01","guid":{"rendered":"https:\/\/stingfreesnus.se\/?post_type=product&#038;p=5345"},"modified":"2026-03-30T08:13:39","modified_gmt":"2026-03-30T06:13:39","slug":"%d8%ae%d9%88%d8%ae-%d9%83%d8%a7%d9%84%d9%8a%d9%81%d9%88%d8%b1%d9%86%d9%8a%d8%a7-%d8%a7%d9%84%d8%ae%d8%a7%d9%84%d9%8a-%d9%85%d9%86-%d8%a7%d9%84%d8%b3%d9%83%d8%b1","status":"publish","type":"product","link":"https:\/\/stingfreesnus.se\/ar\/product\/stingfree-california-peach\/","title":{"rendered":"\u062e\u0648\u062e \u0643\u0627\u0644\u064a\u0641\u0648\u0631\u0646\u064a\u0627 \u0633\u062a\u064a\u0646\u063a\u0641\u0631\u064a"},"content":{"rendered":"<p><strong>\u062e\u0648\u062e \u0643\u0627\u0644\u064a\u0641\u0648\u0631\u0646\u064a\u0627 \u0633\u062a\u064a\u0646\u063a\u0641\u0631\u064a<\/strong>\u00a0\u0647\u064a \u0623\u0643\u064a\u0627\u0633 \u0627\u0644\u0646\u064a\u0643\u0648\u062a\u064a\u0646 \u0627\u0644\u062a\u064a \u062a\u062d\u062a\u0648\u064a \u0639\u0644\u0649\u00a0<strong>\u0645\u0630\u0627\u0642 \u0631\u0627\u0626\u0639 \u0648\u0645\u062a\u0648\u0627\u0632\u0646 \u0645\u0646 \u0627\u0644\u062e\u0648\u062e \u0648\u062d\u0645\u0627\u064a\u0629 \u0644\u0644\u062b\u0629<\/strong>.\u062a\u062c\u0631\u0628\u0629 \u0633\u0646\u0648\u0633 \u0644\u0637\u064a\u0641\u0629 \u0648\u0631\u0627\u0626\u0639\u0629 \u062a\u0646\u0627\u0633\u0628 \u064a\u0648\u0645 \u0639\u0645\u0644 \u0643\u0627\u0645\u0644 \u0623\u0648 \u0644\u0644\u0627\u0633\u062a\u0631\u062e\u0627\u0621 \u0641\u064a \u0639\u0637\u0644\u0629 \u0646\u0647\u0627\u064a\u0629 \u0627\u0644\u0623\u0633\u0628\u0648\u0639. \u0623\u0643\u064a\u0627\u0633 \u0627\u0644\u0633\u0646\u0648\u0633 \u0627\u0644\u0645\u0644\u064a\u0626\u0629 \u062c\u064a\u062f\u064b\u0627 \u062a\u0623\u062a\u064a \u0628\u062d\u062c\u0645 \u0646\u062d\u064a\u0641\u060c \u0645\u0645\u0627 \u064a\u062c\u0639\u0644\u0647\u0627 \u063a\u064a\u0631 \u0648\u0627\u0636\u062d\u0629 \u062a\u062d\u062a \u0627\u0644\u0634\u0641\u0629.<\/p>\n<p>\u0645\u0627 \u064a\u0645\u064a\u0632 \u0633\u062a\u064a\u0646\u063a\u0641\u0631\u064a \u0639\u0646 \u063a\u064a\u0631\u0647 \u0645\u0646 \u0623\u0643\u064a\u0627\u0633 \u0627\u0644\u0646\u064a\u0643\u0648\u062a\u064a\u0646 \u0648\u0623\u0635\u0646\u0627\u0641 \u0627\u0644\u0646\u064a\u0643\u0648\u062a\u064a\u0646 \u0627\u0644\u062e\u0641\u064a\u0641\u0629 \u0647\u0648 \u062a\u0635\u0645\u064a\u0645\u0647 \u0627\u0644\u0645\u0628\u062a\u0643\u0631. \u062a\u062d\u062a\u0648\u064a \u0643\u0644 \u062d\u0628\u0629 \u0639\u0644\u0649 \u062d\u0627\u062c\u0632 \u0645\u062f\u0645\u062c \u0644\u0645\u0646\u0639 \u062d\u0631\u0642 \u0648\u062a\u0647\u064a\u062c \u0627\u0644\u0644\u062b\u0629.\u00a0<strong>\u064a\u0648\u0636\u0639 \u0627\u0644\u062c\u0627\u0646\u0628 \u0627\u0644\u0623\u0632\u0631\u0642 \u0628\u0627\u062a\u062c\u0627\u0647 \u0627\u0644\u0644\u062b\u0629<\/strong>.\u062a\u0633\u0627\u0647\u0645 \u0627\u0644\u062d\u0627\u062c\u0632 \u0623\u064a\u0636\u064b\u0627 \u0641\u064a \u062a\u062c\u0631\u0628\u0629 \u0637\u0639\u0645 \u0648\u0646\u064a\u0643\u0648\u062a\u064a\u0646 \u0623\u0637\u0648\u0644 \u0645\u0642\u0627\u0631\u0646\u0629 \u0628\u0623\u0643\u064a\u0627\u0633 \u0627\u0644\u0646\u064a\u0643\u0648\u062a\u064a\u0646 \u0627\u0644\u0639\u0627\u062f\u064a\u0629.<\/p>\n<p>\u0627\u062d\u0644\u0645 \u0628\u0639\u064a\u062f\u064b\u0627 \u0625\u0644\u0649 \u0634\u0648\u0627\u0637\u0626 \u0643\u0627\u0644\u064a\u0641\u0648\u0631\u0646\u064a\u0627 \u0627\u0644\u0645\u0634\u0645\u0633\u0629 \u0623\u0648 \u0627\u0644\u0631\u062d\u0644\u0627\u062a \u0627\u0644\u0628\u0631\u064a\u0629 \u0639\u0644\u0649 \u0637\u0648\u0644 \u0628\u064a\u063a \u0633\u0648\u0631 \u0623\u0648 \u0645\u063a\u0627\u0645\u0631\u0627\u062a \u0627\u0644\u062a\u0633\u0644\u0642 \u0641\u064a \u064a\u0648\u0633\u0645\u0627\u064a\u062a \u0627\u0644\u062a\u064a \u0623\u0644\u0647\u0645\u062a \u0647\u0630\u0647 \u0627\u0644\u062d\u0628\u0648\u0628 \u0627\u0644\u062e\u0641\u064a\u0641\u0629 \u0628\u0646\u0643\u0647\u0629 \u0627\u0644\u062e\u0648\u062e.<\/p>\n<p>\u0648\u0628\u062f\u0644\u0627\u064b \u0645\u0646 \u0627\u0644\u062a\u0628\u063a\u060c \u062a\u062d\u062a\u0648\u064a \u0645\u0646\u062a\u062c\u0627\u062a \u0633\u062a\u064a\u0646\u062c\u0641\u0631\u064a \u0639\u0644\u0649 \u0646\u0643\u0647\u0627\u062a \u0648\u0645\u0643\u062b\u0641\u0627\u062a \u0648\u0645\u0648\u0627\u062f \u062d\u0634\u0648 \u0648\u0623\u0645\u0644\u0627\u062d \u0648\u0646\u064a\u0643\u0648\u062a\u064a\u0646 \u0648\u0645\u062d\u0644\u064a\u0627\u062a \u0648\u0645\u062b\u0628\u062a\u0627\u062a \u0648\u0645\u0646\u0638\u0645\u0627\u062a \u062d\u0645\u0648\u0636\u0629 \u0648\u0645\u0627\u0621 \u0648\u0623\u0644\u064a\u0627\u0641 \u0646\u0628\u0627\u062a\u064a\u0629. \u0628\u0639\u062f \u0627\u0644\u0627\u0633\u062a\u0639\u0645\u0627\u0644\u060c \u064a\u062a\u0645 \u0627\u0644\u062a\u062e\u0644\u0635 \u0645\u0646 \u0627\u0644\u062d\u0628\u0648\u0628 \u062a\u0645\u0627\u0645\u0627\u064b \u0645\u062b\u0644 \u0627\u0644\u062d\u0628\u0648\u0628 \u0627\u0644\u0639\u0627\u062f\u064a\u0629.<\/p>","protected":false},"excerpt":{"rendered":"<p>\u064a\u064f\u0633\u0645\u062d \u0642\u0627\u0646\u0648\u0646\u064b\u0627 \u0628\u0628\u064a\u0639 \u0645\u0646\u062a\u062c\u0627\u062a \u0627\u0644\u0646\u064a\u0643\u0648\u062a\u064a\u0646 \u0641\u0642\u0637 \u0644\u0644\u0623\u0634\u062e\u0627\u0635 \u0627\u0644\u0630\u064a\u0646 \u0628\u0644\u063a\u0648\u0627 18 \u0639\u0627\u0645\u064b\u0627 \u0623\u0648 \u0623\u0643\u0628\u0631.<\/p>\n<p>\u0646\u0642\u0648\u0645 \u062f\u0627\u0626\u0645\u064b\u0627 \u0628\u0627\u0644\u062a\u062d\u0642\u0642 \u0645\u0646 \u0627\u0644\u0639\u0645\u0631 \u0628\u0627\u0633\u062a\u062e\u062f\u0627\u0645 Mobilt BankID \u0639\u0646\u062f \u0625\u062c\u0631\u0627\u0621 \u0627\u0644\u062f\u0641\u0639.<\/p>\n<p>\u0625\u0630\u0627 \u062d\u0627\u0648\u0644 \u0634\u062e\u0635 \u0645\u0627 \u0625\u062c\u0631\u0627\u0621 \u0645\u0639\u0627\u0645\u0644\u0629 \u0628\u0627\u0633\u0645 \u0634\u062e\u0635 \u0622\u062e\u0631\u060c \u0641\u0646\u062d\u0646 \u0645\u062c\u0628\u0631\u0648\u0646 \u0639\u0644\u0649 \u062a\u0642\u062f\u064a\u0645 \u0628\u0644\u0627\u063a \u0644\u0644\u0634\u0631\u0637\u0629.<\/p>\n<p>\u0639\u0650\u0646\u0652\u062f\u064e \u0627\u0644\u0627\u0634\u0652\u062a\u0650\u0628\u064e\u0627\u0647\u0650 \u0641\u0650\u064a \u0627\u0644\u0627\u062d\u0652\u062a\u0650\u064a\u064e\u0627\u0644\u0650\u060c \u0644\u064e\u0646\u064e\u0627 \u0627\u0644\u062d\u064e\u0642\u064f\u0651 \u0641\u0650\u064a \u0631\u064e\u0641\u0652\u0636\u0650 \u0627\u0644\u0634\u0650\u0651\u0631\u064e\u0627\u0621\u0650.<\/p>","protected":false},"featured_media":5435,"comment_status":"closed","ping_status":"closed","template":"","meta":{"_acf_changed":false,"_uag_custom_page_level_css":"","site-sidebar-layout":"default","site-content-layout":"","ast-site-content-layout":"default","site-content-style":"default","site-sidebar-style":"default","ast-global-header-display":"","ast-banner-title-visibility":"","ast-main-header-display":"","ast-hfb-above-header-display":"","ast-hfb-below-header-display":"","ast-hfb-mobile-header-display":"","site-post-title":"","ast-breadcrumbs-content":"","ast-featured-img":"","footer-sml-layout":"","ast-disable-related-posts":"","theme-transparent-header-meta":"default","adv-header-id-meta":"","stick-header-meta":"default","header-above-stick-meta":"","header-main-stick-meta":"","header-below-stick-meta":"","astra-migrate-meta-layouts":"set","ast-page-background-enabled":"default","ast-page-background-meta":{"desktop":{"background-color":"var(--ast-global-color-5)","background-image":"","background-repeat":"repeat","background-position":"center center","background-size":"auto","background-attachment":"scroll","background-type":"","background-media":"","overlay-type":"","overlay-color":"","overlay-opacity":"","overlay-gradient":""},"tablet":{"background-color":"","background-image":"","background-repeat":"repeat","background-position":"center center","background-size":"auto","background-attachment":"scroll","background-type":"","background-media":"","overlay-type":"","overlay-color":"","overlay-opacity":"","overlay-gradient":""},"mobile":{"background-color":"","background-image":"","background-repeat":"repeat","background-position":"center center","background-size":"auto","background-attachment":"scroll","background-type":"","background-media":"","overlay-type":"","overlay-color":"","overlay-opacity":"","overlay-gradient":""}},"ast-content-background-meta":{"desktop":{"background-color":"var(--ast-global-color-4)","background-image":"","background-repeat":"repeat","background-position":"center center","background-size":"auto","background-attachment":"scroll","background-type":"","background-media":"","overlay-type":"","overlay-color":"","overlay-opacity":"","overlay-gradient":""},"tablet":{"background-color":"var(--ast-global-color-4)","background-image":"","background-repeat":"repeat","background-position":"center center","background-size":"auto","background-attachment":"scroll","background-type":"","background-media":"","overlay-type":"","overlay-color":"","overlay-opacity":"","overlay-gradient":""},"mobile":{"background-color":"var(--ast-global-color-4)","background-image":"","background-repeat":"repeat","background-position":"center center","background-size":"auto","background-attachment":"scroll","background-type":"","background-media":"","overlay-type":"","overlay-color":"","overlay-opacity":"","overlay-gradient":""}}},"product_brand":[],"product_cat":[114],"product_tag":[],"class_list":{"0":"post-5345","1":"product","2":"type-product","3":"status-publish","4":"has-post-thumbnail","6":"product_cat-uncategorized","7":"desktop-align-left","8":"tablet-align-left","9":"mobile-align-left","11":"first","12":"instock","13":"sold-individually","14":"taxable","15":"shipping-taxable","16":"purchasable","17":"product-type-variable","18":"has-default-attributes"},"acf":[],"yoast_head":"<!-- This site is optimized with the Yoast SEO plugin v27.4 - https:\/\/yoast.com\/product\/yoast-seo-wordpress\/ -->\n<title>Stingfree California Peach - Stingfree<\/title>\n<meta name=\"robots\" content=\"index, follow, max-snippet:-1, max-image-preview:large, max-video-preview:-1\" \/>\n<link rel=\"canonical\" href=\"https:\/\/stingfreesnus.se\/ar\/product\/\u062e\u0648\u062e-\u0643\u0627\u0644\u064a\u0641\u0648\u0631\u0646\u064a\u0627-\u0627\u0644\u062e\u0627\u0644\u064a-\u0645\u0646-\u0627\u0644\u0633\u0643\u0631\/\" \/>\n<meta property=\"og:locale\" content=\"ar_AR\" \/>\n<meta property=\"og:type\" content=\"article\" \/>\n<meta property=\"og:title\" content=\"Stingfree California Peach - Stingfree\" \/>\n<meta property=\"og:description\" content=\"Nikotinprodukter f\u00e5r enligt lag bara s\u00e4ljas till personer som \u00e4r 18 \u00e5r eller \u00e4ldre.  Vi g\u00f6r alltid en \u00e5lderskontroll med Mobilt BankID i samband med betalning.  Om n\u00e5gon f\u00f6rs\u00f6ker handla i n\u00e5gon annans namn \u00e4r vi tvungna att polisanm\u00e4la det.  Vid misstanke om bedr\u00e4geri har vi r\u00e4tt att neka k\u00f6pet.\" \/>\n<meta property=\"og:url\" content=\"https:\/\/stingfreesnus.se\/ar\/product\/\u062e\u0648\u062e-\u0643\u0627\u0644\u064a\u0641\u0648\u0631\u0646\u064a\u0627-\u0627\u0644\u062e\u0627\u0644\u064a-\u0645\u0646-\u0627\u0644\u0633\u0643\u0631\/\" \/>\n<meta property=\"og:site_name\" content=\"Stingfree\" \/>\n<meta property=\"article:publisher\" content=\"https:\/\/www.facebook.com\/stingfreesnus\" \/>\n<meta property=\"article:modified_time\" content=\"2026-03-30T06:13:39+00:00\" \/>\n<meta property=\"og:image\" content=\"https:\/\/stingfreesnus.se\/wp-content\/uploads\/Stingfree-carlifonia-peach.webp\" \/>\n\t<meta property=\"og:image:width\" content=\"540\" \/>\n\t<meta property=\"og:image:height\" content=\"540\" \/>\n\t<meta property=\"og:image:type\" content=\"image\/webp\" \/>\n<meta name=\"twitter:card\" content=\"summary_large_image\" \/>\n<meta name=\"twitter:site\" content=\"@Stingfreesnus\" \/>\n<meta name=\"twitter:label1\" content=\"\u0648\u0642\u062a \u0627\u0644\u0642\u0631\u0627\u0621\u0629 \u0627\u0644\u0645\u064f\u0642\u062f\u0651\u0631\" \/>\n\t<meta name=\"twitter:data1\" content=\"\u062f\u0642\u064a\u0642\u0629 \u0648\u0627\u062d\u062f\u0629\" \/>\n<script type=\"application\/ld+json\" class=\"yoast-schema-graph\">{\"@context\":\"https:\\\/\\\/schema.org\",\"@graph\":[{\"@type\":\"WebPage\",\"@id\":\"https:\\\/\\\/stingfreesnus.se\\\/product\\\/stingfree-california-peach\\\/\",\"url\":\"https:\\\/\\\/stingfreesnus.se\\\/product\\\/stingfree-california-peach\\\/\",\"name\":\"Stingfree California Peach - Stingfree\",\"isPartOf\":{\"@id\":\"https:\\\/\\\/stingfreesnus.se\\\/#website\"},\"primaryImageOfPage\":{\"@id\":\"https:\\\/\\\/stingfreesnus.se\\\/product\\\/stingfree-california-peach\\\/#primaryimage\"},\"image\":{\"@id\":\"https:\\\/\\\/stingfreesnus.se\\\/product\\\/stingfree-california-peach\\\/#primaryimage\"},\"thumbnailUrl\":\"https:\\\/\\\/i0.wp.com\\\/stingfreesnus.se\\\/wp-content\\\/uploads\\\/Stingfree-carlifonia-peach.webp?fit=540%2C540&ssl=1\",\"datePublished\":\"2026-03-18T11:25:01+00:00\",\"dateModified\":\"2026-03-30T06:13:39+00:00\",\"breadcrumb\":{\"@id\":\"https:\\\/\\\/stingfreesnus.se\\\/product\\\/stingfree-california-peach\\\/#breadcrumb\"},\"inLanguage\":\"ar\",\"potentialAction\":[{\"@type\":\"ReadAction\",\"target\":[\"https:\\\/\\\/stingfreesnus.se\\\/product\\\/stingfree-california-peach\\\/\"]}]},{\"@type\":\"ImageObject\",\"inLanguage\":\"ar\",\"@id\":\"https:\\\/\\\/stingfreesnus.se\\\/product\\\/stingfree-california-peach\\\/#primaryimage\",\"url\":\"https:\\\/\\\/i0.wp.com\\\/stingfreesnus.se\\\/wp-content\\\/uploads\\\/Stingfree-carlifonia-peach.webp?fit=540%2C540&ssl=1\",\"contentUrl\":\"https:\\\/\\\/i0.wp.com\\\/stingfreesnus.se\\\/wp-content\\\/uploads\\\/Stingfree-carlifonia-peach.webp?fit=540%2C540&ssl=1\",\"width\":540,\"height\":540},{\"@type\":\"BreadcrumbList\",\"@id\":\"https:\\\/\\\/stingfreesnus.se\\\/product\\\/stingfree-california-peach\\\/#breadcrumb\",\"itemListElement\":[{\"@type\":\"ListItem\",\"position\":1,\"name\":\"Hem\",\"item\":\"https:\\\/\\\/stingfreesnus.se\\\/\"},{\"@type\":\"ListItem\",\"position\":2,\"name\":\"Butik\",\"item\":\"https:\\\/\\\/stingfreesnus.se\\\/butik\\\/\"},{\"@type\":\"ListItem\",\"position\":3,\"name\":\"Stingfree California Peach\"}]},{\"@type\":\"WebSite\",\"@id\":\"https:\\\/\\\/stingfreesnus.se\\\/#website\",\"url\":\"https:\\\/\\\/stingfreesnus.se\\\/\",\"name\":\"Stingfree\",\"description\":\"Snus med skydd mot sveda och irritation p\u00e5 tandk\u00f6ttet\",\"publisher\":{\"@id\":\"https:\\\/\\\/stingfreesnus.se\\\/#organization\"},\"potentialAction\":[{\"@type\":\"SearchAction\",\"target\":{\"@type\":\"EntryPoint\",\"urlTemplate\":\"https:\\\/\\\/stingfreesnus.se\\\/?s={search_term_string}\"},\"query-input\":{\"@type\":\"PropertyValueSpecification\",\"valueRequired\":true,\"valueName\":\"search_term_string\"}}],\"inLanguage\":\"ar\"},{\"@type\":\"Organization\",\"@id\":\"https:\\\/\\\/stingfreesnus.se\\\/#organization\",\"name\":\"Stingfree\",\"url\":\"https:\\\/\\\/stingfreesnus.se\\\/\",\"logo\":{\"@type\":\"ImageObject\",\"inLanguage\":\"ar\",\"@id\":\"https:\\\/\\\/stingfreesnus.se\\\/#\\\/schema\\\/logo\\\/image\\\/\",\"url\":\"https:\\\/\\\/i0.wp.com\\\/stingfreesnus.se\\\/wp-content\\\/uploads\\\/logonew.webp?fit=918%2C589&ssl=1\",\"contentUrl\":\"https:\\\/\\\/i0.wp.com\\\/stingfreesnus.se\\\/wp-content\\\/uploads\\\/logonew.webp?fit=918%2C589&ssl=1\",\"width\":918,\"height\":589,\"caption\":\"Stingfree\"},\"image\":{\"@id\":\"https:\\\/\\\/stingfreesnus.se\\\/#\\\/schema\\\/logo\\\/image\\\/\"},\"sameAs\":[\"https:\\\/\\\/www.facebook.com\\\/stingfreesnus\",\"https:\\\/\\\/x.com\\\/Stingfreesnus\"]}]}<\/script>\n<!-- \/ Yoast SEO plugin. -->","yoast_head_json":{"title":"\u062e\u0648\u062e \u0643\u0627\u0644\u064a\u0641\u0648\u0631\u0646\u064a\u0627 \u0633\u062a\u064a\u0646\u063a\u0641\u0631\u064a - \u0633\u062a\u064a\u0646\u063a\u0641\u0631\u064a","robots":{"index":"index","follow":"follow","max-snippet":"max-snippet:-1","max-image-preview":"max-image-preview:large","max-video-preview":"max-video-preview:-1"},"canonical":"https:\/\/stingfreesnus.se\/ar\/product\/\u062e\u0648\u062e-\u0643\u0627\u0644\u064a\u0641\u0648\u0631\u0646\u064a\u0627-\u0627\u0644\u062e\u0627\u0644\u064a-\u0645\u0646-\u0627\u0644\u0633\u0643\u0631\/","og_locale":"ar_AR","og_type":"article","og_title":"Stingfree California Peach - Stingfree","og_description":"Nikotinprodukter f\u00e5r enligt lag bara s\u00e4ljas till personer som \u00e4r 18 \u00e5r eller \u00e4ldre.  Vi g\u00f6r alltid en \u00e5lderskontroll med Mobilt BankID i samband med betalning.  Om n\u00e5gon f\u00f6rs\u00f6ker handla i n\u00e5gon annans namn \u00e4r vi tvungna att polisanm\u00e4la det.  Vid misstanke om bedr\u00e4geri har vi r\u00e4tt att neka k\u00f6pet.","og_url":"https:\/\/stingfreesnus.se\/ar\/product\/\u062e\u0648\u062e-\u0643\u0627\u0644\u064a\u0641\u0648\u0631\u0646\u064a\u0627-\u0627\u0644\u062e\u0627\u0644\u064a-\u0645\u0646-\u0627\u0644\u0633\u0643\u0631\/","og_site_name":"Stingfree","article_publisher":"https:\/\/www.facebook.com\/stingfreesnus","article_modified_time":"2026-03-30T06:13:39+00:00","og_image":[{"width":540,"height":540,"url":"https:\/\/stingfreesnus.se\/wp-content\/uploads\/Stingfree-carlifonia-peach.webp","type":"image\/webp"}],"twitter_card":"summary_large_image","twitter_site":"@Stingfreesnus","twitter_misc":{"\u0648\u0642\u062a \u0627\u0644\u0642\u0631\u0627\u0621\u0629 \u0627\u0644\u0645\u064f\u0642\u062f\u0651\u0631":"\u062f\u0642\u064a\u0642\u0629 \u0648\u0627\u062d\u062f\u0629"},"schema":{"@context":"https:\/\/schema.org","@graph":[{"@type":"WebPage","@id":"https:\/\/stingfreesnus.se\/product\/stingfree-california-peach\/","url":"https:\/\/stingfreesnus.se\/product\/stingfree-california-peach\/","name":"\u062e\u0648\u062e \u0643\u0627\u0644\u064a\u0641\u0648\u0631\u0646\u064a\u0627 \u0633\u062a\u064a\u0646\u063a\u0641\u0631\u064a - \u0633\u062a\u064a\u0646\u063a\u0641\u0631\u064a","isPartOf":{"@id":"https:\/\/stingfreesnus.se\/#website"},"primaryImageOfPage":{"@id":"https:\/\/stingfreesnus.se\/product\/stingfree-california-peach\/#primaryimage"},"image":{"@id":"https:\/\/stingfreesnus.se\/product\/stingfree-california-peach\/#primaryimage"},"thumbnailUrl":"https:\/\/i0.wp.com\/stingfreesnus.se\/wp-content\/uploads\/Stingfree-carlifonia-peach.webp?fit=540%2C540&ssl=1","datePublished":"2026-03-18T11:25:01+00:00","dateModified":"2026-03-30T06:13:39+00:00","breadcrumb":{"@id":"https:\/\/stingfreesnus.se\/product\/stingfree-california-peach\/#breadcrumb"},"inLanguage":"ar","potentialAction":[{"@type":"ReadAction","target":["https:\/\/stingfreesnus.se\/product\/stingfree-california-peach\/"]}]},{"@type":"ImageObject","inLanguage":"ar","@id":"https:\/\/stingfreesnus.se\/product\/stingfree-california-peach\/#primaryimage","url":"https:\/\/i0.wp.com\/stingfreesnus.se\/wp-content\/uploads\/Stingfree-carlifonia-peach.webp?fit=540%2C540&ssl=1","contentUrl":"https:\/\/i0.wp.com\/stingfreesnus.se\/wp-content\/uploads\/Stingfree-carlifonia-peach.webp?fit=540%2C540&ssl=1","width":540,"height":540},{"@type":"BreadcrumbList","@id":"https:\/\/stingfreesnus.se\/product\/stingfree-california-peach\/#breadcrumb","itemListElement":[{"@type":"ListItem","position":1,"name":"Hem","item":"https:\/\/stingfreesnus.se\/"},{"@type":"ListItem","position":2,"name":"Butik","item":"https:\/\/stingfreesnus.se\/butik\/"},{"@type":"ListItem","position":3,"name":"Stingfree California Peach"}]},{"@type":"WebSite","@id":"https:\/\/stingfreesnus.se\/#website","url":"https:\/\/stingfreesnus.se\/","name":"\u0633\u062a\u064a\u0646\u063a\u0641\u0631\u064a","description":"\u0633\u0646\u0648\u0633 \u0645\u0639 \u062d\u0645\u0627\u064a\u0629 \u0636\u062f \u0627\u0644\u062d\u0631\u0642\u0627\u0646 \u0648\u062a\u0647\u064a\u062c \u0627\u0644\u0644\u062b\u0629","publisher":{"@id":"https:\/\/stingfreesnus.se\/#organization"},"potentialAction":[{"@type":"SearchAction","target":{"@type":"EntryPoint","urlTemplate":"https:\/\/stingfreesnus.se\/?s={search_term_string}"},"query-input":{"@type":"PropertyValueSpecification","valueRequired":true,"valueName":"search_term_string"}}],"inLanguage":"ar"},{"@type":"Organization","@id":"https:\/\/stingfreesnus.se\/#organization","name":"\u0633\u062a\u064a\u0646\u063a\u0641\u0631\u064a","url":"https:\/\/stingfreesnus.se\/","logo":{"@type":"ImageObject","inLanguage":"ar","@id":"https:\/\/stingfreesnus.se\/#\/schema\/logo\/image\/","url":"https:\/\/i0.wp.com\/stingfreesnus.se\/wp-content\/uploads\/logonew.webp?fit=918%2C589&ssl=1","contentUrl":"https:\/\/i0.wp.com\/stingfreesnus.se\/wp-content\/uploads\/logonew.webp?fit=918%2C589&ssl=1","width":918,"height":589,"caption":"Stingfree"},"image":{"@id":"https:\/\/stingfreesnus.se\/#\/schema\/logo\/image\/"},"sameAs":["https:\/\/www.facebook.com\/stingfreesnus","https:\/\/x.com\/Stingfreesnus"]}]}},"uagb_featured_image_src":{"full":["https:\/\/i0.wp.com\/stingfreesnus.se\/wp-content\/uploads\/Stingfree-carlifonia-peach.webp?fit=540%2C540&ssl=1",540,540,false],"thumbnail":["https:\/\/i0.wp.com\/stingfreesnus.se\/wp-content\/uploads\/Stingfree-carlifonia-peach.webp?resize=150%2C150&ssl=1",150,150,true],"medium":["https:\/\/i0.wp.com\/stingfreesnus.se\/wp-content\/uploads\/Stingfree-carlifonia-peach.webp?fit=300%2C300&ssl=1",300,300,true],"medium_large":["https:\/\/i0.wp.com\/stingfreesnus.se\/wp-content\/uploads\/Stingfree-carlifonia-peach.webp?fit=540%2C540&ssl=1",540,540,true],"large":["https:\/\/i0.wp.com\/stingfreesnus.se\/wp-content\/uploads\/Stingfree-carlifonia-peach.webp?fit=540%2C540&ssl=1",540,540,true],"1536x1536":["https:\/\/i0.wp.com\/stingfreesnus.se\/wp-content\/uploads\/Stingfree-carlifonia-peach.webp?fit=540%2C540&ssl=1",540,540,true],"2048x2048":["https:\/\/i0.wp.com\/stingfreesnus.se\/wp-content\/uploads\/Stingfree-carlifonia-peach.webp?fit=540%2C540&ssl=1",540,540,true],"trp-custom-language-flag":["https:\/\/i0.wp.com\/stingfreesnus.se\/wp-content\/uploads\/Stingfree-carlifonia-peach.webp?fit=12%2C12&ssl=1",12,12,true],"woocommerce_thumbnail":["https:\/\/i0.wp.com\/stingfreesnus.se\/wp-content\/uploads\/Stingfree-carlifonia-peach.webp?resize=300%2C300&ssl=1",300,300,true],"woocommerce_single":["https:\/\/i0.wp.com\/stingfreesnus.se\/wp-content\/uploads\/Stingfree-carlifonia-peach.webp?fit=540%2C540&ssl=1",540,540,true],"woocommerce_gallery_thumbnail":["https:\/\/i0.wp.com\/stingfreesnus.se\/wp-content\/uploads\/Stingfree-carlifonia-peach.webp?resize=100%2C100&ssl=1",100,100,true]},"uagb_author_info":{"display_name":"Kaur","author_link":"https:\/\/stingfreesnus.se\/ar\/author\/"},"uagb_comment_info":0,"uagb_excerpt":"Nikotinprodukter f\u00e5r enligt lag bara s\u00e4ljas till personer som \u00e4r 18 \u00e5r eller \u00e4ldre. Vi g\u00f6r alltid en \u00e5lderskontroll med Mobilt BankID i samband med betalning. Om n\u00e5gon f\u00f6rs\u00f6ker handla i n\u00e5gon annans namn \u00e4r vi tvungna att polisanm\u00e4la det. Vid misstanke om bedr\u00e4geri har vi r\u00e4tt att neka k\u00f6pet.","jetpack_likes_enabled":true,"jetpack_sharing_enabled":true,"_links":{"self":[{"href":"https:\/\/stingfreesnus.se\/ar\/wp-json\/wp\/v2\/product\/5345","targetHints":{"allow":["GET"]}}],"collection":[{"href":"https:\/\/stingfreesnus.se\/ar\/wp-json\/wp\/v2\/product"}],"about":[{"href":"https:\/\/stingfreesnus.se\/ar\/wp-json\/wp\/v2\/types\/product"}],"replies":[{"embeddable":true,"href":"https:\/\/stingfreesnus.se\/ar\/wp-json\/wp\/v2\/comments?post=5345"}],"wp:featuredmedia":[{"embeddable":true,"href":"https:\/\/stingfreesnus.se\/ar\/wp-json\/wp\/v2\/media\/5435"}],"wp:attachment":[{"href":"https:\/\/stingfreesnus.se\/ar\/wp-json\/wp\/v2\/media?parent=5345"}],"wp:term":[{"taxonomy":"product_brand","embeddable":true,"href":"https:\/\/stingfreesnus.se\/ar\/wp-json\/wp\/v2\/product_brand?post=5345"},{"taxonomy":"product_cat","embeddable":true,"href":"https:\/\/stingfreesnus.se\/ar\/wp-json\/wp\/v2\/product_cat?post=5345"},{"taxonomy":"product_tag","embeddable":true,"href":"https:\/\/stingfreesnus.se\/ar\/wp-json\/wp\/v2\/product_tag?post=5345"}],"curies":[{"name":"wp","href":"https:\/\/api.w.org\/{rel}","templated":true}]}}