{"id":1176,"date":"2023-12-18T16:47:01","date_gmt":"2023-12-18T15:47:01","guid":{"rendered":"https:\/\/stingfreesnus.se\/?page_id=1176"},"modified":"2026-02-16T16:36:14","modified_gmt":"2026-02-16T15:36:14","slug":"ocean-mint-strong","status":"publish","type":"page","link":"https:\/\/stingfreesnus.se\/da\/ocean-mint-strong\/","title":{"rendered":"Stingfree Ocean Mint Strong"},"content":{"rendered":"<div class=\"wp-block-columns stingfree-carribean-baner container-width is-layout-flex wp-container-core-columns-is-layout-5daf5506 wp-block-columns-is-layout-flex\" style=\"padding-top:80px;padding-right:0;padding-bottom:70px;padding-left:0\">\n<div class=\"wp-block-column is-layout-flow wp-block-column-is-layout-flow\" style=\"flex-basis:50%\">\n\n\n\n\n<figure class=\"wp-block-image aligncenter size-full single-product-img\"><img data-recalc-dims=\"1\" loading=\"lazy\" decoding=\"async\" width=\"700\" height=\"697\" src=\"https:\/\/i0.wp.com\/stingfreesnus.se\/wp-content\/uploads\/Ocean-Mint-Strong-top-label-eng.png?resize=700%2C697&#038;ssl=1\" alt=\"\" class=\"wp-image-5058\" srcset=\"https:\/\/i0.wp.com\/stingfreesnus.se\/wp-content\/uploads\/Ocean-Mint-Strong-top-label-eng.png?w=700&amp;ssl=1 700w, https:\/\/i0.wp.com\/stingfreesnus.se\/wp-content\/uploads\/Ocean-Mint-Strong-top-label-eng.png?resize=300%2C300&amp;ssl=1 300w, https:\/\/i0.wp.com\/stingfreesnus.se\/wp-content\/uploads\/Ocean-Mint-Strong-top-label-eng.png?resize=150%2C150&amp;ssl=1 150w, https:\/\/i0.wp.com\/stingfreesnus.se\/wp-content\/uploads\/Ocean-Mint-Strong-top-label-eng.png?resize=12%2C12&amp;ssl=1 12w\" sizes=\"auto, (max-width: 700px) 100vw, 700px\" \/><\/figure>\n\n\n\n<div class=\"wp-block-buttons caribbean-banner-button  orange-btn is-content-justification-center is-layout-flex wp-container-core-buttons-is-layout-a89b3969 wp-block-buttons-is-layout-flex\" data-aos=\"slide-up\">\n<div class=\"wp-block-button is-style-fill\"><a class=\"wp-block-button__link has-background has-custom-font-size wp-element-button\" href=\"https:\/\/stingfreesnus.se\/da\/#KopStingfree\" style=\"border-radius:10px;background-color:#eb5648;padding-top:17px;padding-right:35px;padding-bottom:17px;padding-left:35px;font-size:18px\">K\u00f8b Stingfree Ocean Mint<\/a><\/div>\n<\/div>\n<\/div>\n\n\n\n<div class=\"wp-block-column is-vertically-aligned-center is-layout-flow wp-block-column-is-layout-flow\" style=\"padding-left:0px;flex-basis:50%\" data-aos=\"fade-right\">\n<div class=\"wp-block-uagb-advanced-heading uagb-block-775f56fb\"><h1 class=\"uagb-heading-text\">Stingfree Ocean Mint Strong&nbsp;<\/h1><\/div>\n\n\n\n<div class=\"wp-block-uagb-advanced-heading uagb-block-a95c38f0\"><p class=\"uagb-heading-text\"><strong>Stingfree Ocean Mint<\/strong>\u00a0<strong>St\u00e6rk<\/strong>\u00a0er <strong>vores st\u00e6rkeste produkt<\/strong> og det perfekte valg for dem, der \u00f8nsker at nyde en lang, kraftfuld snusoplevelse med <strong>K\u00f8lende mintsmag, men med beskyttelse af dit tandk\u00f8d. <\/strong>De godt fyldte piller er i slimformat, hvilket g\u00f8r dem diskrete under l\u00e6ben.<\/p><\/div>\n\n\n\n<div class=\"wp-block-uagb-advanced-heading uagb-block-08c3c8e9\"><p class=\"uagb-heading-text\">Det, der adskiller Stingfree-snus fra andre nikotin pouches og snusvarianter, er det innovative design. Hver prill har en indbygget barriere, der forhindrer forbr\u00e6nding og irritation af tandk\u00f8det. <strong>Den bl\u00e5 side placeres mod tandk\u00f8det.<\/strong> Barrieren bidrager ogs\u00e5 til en l\u00e6ngere smags- og nikotinoplevelse sammenlignet med almindelige priller.<\/p><\/div>\n\n\n\n<div class=\"wp-block-uagb-advanced-heading uagb-block-0e9f251a\"><p class=\"uagb-heading-text\">Myntearomaer har en dejlig friskhed og k\u00f8lighed, men disse aromaer kan ogs\u00e5 v\u00e6re meget aggressive over for tandk\u00f8det, og derfor b\u00f8r du altid bruge Stingfree-beskyttelse med myntearomaer.<\/p><\/div>\n\n\n\n<div class=\"wp-block-uagb-advanced-heading uagb-block-1fbc34e2\"><p class=\"uagb-heading-text\">I stedet for tobak indeholder Stingfree-produkterne smagsstoffer, fortykningsmidler, fyldstoffer, salte, nikotin, s\u00f8demidler, stabilisatorer, surhedsregulerende midler, vand og plantefibre. Efter brug kasseres prillerne ligesom almindelige priller.<\/p><\/div>\n\n\n\n<div class=\"wp-block-uagb-advanced-heading uagb-block-a3816c25\"><p class=\"uagb-heading-text\"><br><a href=\"https:\/\/stingfreesnus.se\/da\/hovedet-har\/\"><\/a><\/p><\/div>\n<\/div>\n<\/div>\n\n\n\n<div class=\"wp-block-uagb-container table-outer-panel uagb-block-012a40cb alignfull uagb-is-root-container\"><div class=\"uagb-container-inner-blocks-wrap\">\n<div class=\"wp-block-uagb-container uagb-block-af4a4909\">\n<div class=\"wp-block-uagb-advanced-heading uagb-block-222f588b\" data-aos=\"slide-up\"><h2 class=\"uagb-heading-text\">Fakta om produktet<\/h2><\/div>\n\n\n\n<figure class=\"wp-block-table is-style-stripes  stingfree-table-outer\" data-aos=\"slide-up\"><table><tbody><tr><td><strong>Varem\u00e6rke<\/strong><\/td><td>Stingfri<\/td><\/tr><tr><td><strong>Produkttype<\/strong><\/td><td>Stingfree nikotin pouches (tobaksfri hvid snus)<\/td><\/tr><tr><td><strong>Boks<\/strong><\/td><td>H\u00f8j kasse<\/td><\/tr><tr><td><strong>Nikotinstyrke<\/strong><\/td><td>Normal<\/td><\/tr><tr><td><strong>Indhold af nikotin<\/strong><\/td><td>20 mg\/g<\/td><\/tr><tr><td><strong>Nikotin pr. pose<\/strong><\/td><td>11 mg af<\/td><\/tr><tr><td><strong>Smag<\/strong><\/td><td>Mynte<\/td><\/tr><tr><td><strong>Indhold\/emballage<\/strong><\/td><td>11 g<\/td><\/tr><tr><td><strong>Format<\/strong><\/td><td>Slank<\/td><\/tr><tr><td><strong>Producent<\/strong><\/td><td>Stingfree AB<\/td><\/tr><\/tbody><\/table><\/figure>\n<\/div>\n<\/div><\/div>","protected":false},"excerpt":{"rendered":"<p>Stingfree Ocean Mint Strong&nbsp; Stingfree Ocean Mint\u00a0Strong\u00a0\u00e4r v\u00e5r starkaste produkt och det perfekta valet f\u00f6r dig som vill njuta av [&hellip;]<\/p>\n","protected":false},"author":3,"featured_media":0,"parent":0,"menu_order":0,"comment_status":"closed","ping_status":"closed","template":"","meta":{"_acf_changed":false,"_uag_custom_page_level_css":"","site-sidebar-layout":"default","site-content-layout":"","ast-site-content-layout":"","site-content-style":"default","site-sidebar-style":"default","ast-global-header-display":"","ast-banner-title-visibility":"","ast-main-header-display":"","ast-hfb-above-header-display":"","ast-hfb-below-header-display":"","ast-hfb-mobile-header-display":"","site-post-title":"disabled","ast-breadcrumbs-content":"","ast-featured-img":"","footer-sml-layout":"","ast-disable-related-posts":"","theme-transparent-header-meta":"","adv-header-id-meta":"","stick-header-meta":"","header-above-stick-meta":"","header-main-stick-meta":"","header-below-stick-meta":"","astra-migrate-meta-layouts":"default","ast-page-background-enabled":"default","ast-page-background-meta":{"desktop":{"background-color":"var(--ast-global-color-4)","background-image":"","background-repeat":"repeat","background-position":"center center","background-size":"auto","background-attachment":"scroll","background-type":"","background-media":"","overlay-type":"","overlay-color":"","overlay-opacity":"","overlay-gradient":""},"tablet":{"background-color":"","background-image":"","background-repeat":"repeat","background-position":"center center","background-size":"auto","background-attachment":"scroll","background-type":"","background-media":"","overlay-type":"","overlay-color":"","overlay-opacity":"","overlay-gradient":""},"mobile":{"background-color":"","background-image":"","background-repeat":"repeat","background-position":"center center","background-size":"auto","background-attachment":"scroll","background-type":"","background-media":"","overlay-type":"","overlay-color":"","overlay-opacity":"","overlay-gradient":""}},"ast-content-background-meta":{"desktop":{"background-color":"var(--ast-global-color-5)","background-image":"","background-repeat":"repeat","background-position":"center center","background-size":"auto","background-attachment":"scroll","background-type":"","background-media":"","overlay-type":"","overlay-color":"","overlay-opacity":"","overlay-gradient":""},"tablet":{"background-color":"var(--ast-global-color-5)","background-image":"","background-repeat":"repeat","background-position":"center center","background-size":"auto","background-attachment":"scroll","background-type":"","background-media":"","overlay-type":"","overlay-color":"","overlay-opacity":"","overlay-gradient":""},"mobile":{"background-color":"var(--ast-global-color-5)","background-image":"","background-repeat":"repeat","background-position":"center center","background-size":"auto","background-attachment":"scroll","background-type":"","background-media":"","overlay-type":"","overlay-color":"","overlay-opacity":"","overlay-gradient":""}},"footnotes":""},"class_list":["post-1176","page","type-page","status-publish","hentry"],"acf":[],"yoast_head":"<!-- This site is optimized with the Yoast SEO plugin v27.4 - https:\/\/yoast.com\/product\/yoast-seo-wordpress\/ -->\n<title>Stingfree Ocean Mint Strong - Stingfree<\/title>\n<meta name=\"description\" content=\"Stingfree Ocean Mint Strong \u00e4r v\u00e5r starkaste produkt n\u00e5gonsin och det perfekta valet f\u00f6r dig som vill njuta av en l\u00e5ng, kraftfull snusupplevelse med kylande mintsmak men med skydd f\u00f6r tandk\u00f6ttet.\" \/>\n<meta name=\"robots\" content=\"index, follow, max-snippet:-1, max-image-preview:large, max-video-preview:-1\" \/>\n<link rel=\"canonical\" href=\"https:\/\/stingfreesnus.se\/da\/ocean-mint-strong\/\" \/>\n<meta property=\"og:locale\" content=\"da_DK\" \/>\n<meta property=\"og:type\" content=\"article\" \/>\n<meta property=\"og:title\" content=\"Stingfree Ocean Mint Strong - Stingfree\" \/>\n<meta property=\"og:description\" content=\"Stingfree Ocean Mint Strong \u00e4r v\u00e5r starkaste produkt n\u00e5gonsin och det perfekta valet f\u00f6r dig som vill njuta av en l\u00e5ng, kraftfull snusupplevelse med kylande mintsmak men med skydd f\u00f6r tandk\u00f6ttet.\" \/>\n<meta property=\"og:url\" content=\"https:\/\/stingfreesnus.se\/da\/ocean-mint-strong\/\" \/>\n<meta property=\"og:site_name\" content=\"Stingfree\" \/>\n<meta property=\"article:publisher\" content=\"https:\/\/www.facebook.com\/stingfreesnus\" \/>\n<meta property=\"article:modified_time\" content=\"2026-02-16T15:36:14+00:00\" \/>\n<meta property=\"og:image\" content=\"https:\/\/stingfreesnus.se\/wp-content\/uploads\/Ocean-mint-strong-front-prillor-1.png\" \/>\n<meta name=\"twitter:card\" content=\"summary_large_image\" \/>\n<meta name=\"twitter:site\" content=\"@Stingfreesnus\" \/>\n<meta name=\"twitter:label1\" content=\"Estimeret l\u00e6setid\" \/>\n\t<meta name=\"twitter:data1\" content=\"2 minutter\" \/>\n<script type=\"application\/ld+json\" class=\"yoast-schema-graph\">{\"@context\":\"https:\\\/\\\/schema.org\",\"@graph\":[{\"@type\":\"WebPage\",\"@id\":\"https:\\\/\\\/stingfreesnus.se\\\/ocean-mint-strong\\\/\",\"url\":\"https:\\\/\\\/stingfreesnus.se\\\/ocean-mint-strong\\\/\",\"name\":\"Stingfree Ocean Mint Strong - Stingfree\",\"isPartOf\":{\"@id\":\"https:\\\/\\\/stingfreesnus.se\\\/#website\"},\"primaryImageOfPage\":{\"@id\":\"https:\\\/\\\/stingfreesnus.se\\\/ocean-mint-strong\\\/#primaryimage\"},\"image\":{\"@id\":\"https:\\\/\\\/stingfreesnus.se\\\/ocean-mint-strong\\\/#primaryimage\"},\"thumbnailUrl\":\"https:\\\/\\\/stingfreesnus.se\\\/wp-content\\\/uploads\\\/Ocean-mint-strong-front-prillor-1.png\",\"datePublished\":\"2023-12-18T15:47:01+00:00\",\"dateModified\":\"2026-02-16T15:36:14+00:00\",\"description\":\"Stingfree Ocean Mint Strong \u00e4r v\u00e5r starkaste produkt n\u00e5gonsin och det perfekta valet f\u00f6r dig som vill njuta av en l\u00e5ng, kraftfull snusupplevelse med kylande mintsmak men med skydd f\u00f6r tandk\u00f6ttet.\",\"breadcrumb\":{\"@id\":\"https:\\\/\\\/stingfreesnus.se\\\/ocean-mint-strong\\\/#breadcrumb\"},\"inLanguage\":\"da-DK\",\"potentialAction\":[{\"@type\":\"ReadAction\",\"target\":[\"https:\\\/\\\/stingfreesnus.se\\\/ocean-mint-strong\\\/\"]}]},{\"@type\":\"ImageObject\",\"inLanguage\":\"da-DK\",\"@id\":\"https:\\\/\\\/stingfreesnus.se\\\/ocean-mint-strong\\\/#primaryimage\",\"url\":\"https:\\\/\\\/stingfreesnus.se\\\/wp-content\\\/uploads\\\/Ocean-mint-strong-front-prillor-1.png\",\"contentUrl\":\"https:\\\/\\\/stingfreesnus.se\\\/wp-content\\\/uploads\\\/Ocean-mint-strong-front-prillor-1.png\"},{\"@type\":\"BreadcrumbList\",\"@id\":\"https:\\\/\\\/stingfreesnus.se\\\/ocean-mint-strong\\\/#breadcrumb\",\"itemListElement\":[{\"@type\":\"ListItem\",\"position\":1,\"name\":\"Hem\",\"item\":\"https:\\\/\\\/stingfreesnus.se\\\/\"},{\"@type\":\"ListItem\",\"position\":2,\"name\":\"Stingfree Ocean Mint Strong\"}]},{\"@type\":\"WebSite\",\"@id\":\"https:\\\/\\\/stingfreesnus.se\\\/#website\",\"url\":\"https:\\\/\\\/stingfreesnus.se\\\/\",\"name\":\"Stingfree\",\"description\":\"Snus med skydd mot sveda och irritation p\u00e5 tandk\u00f6ttet\",\"publisher\":{\"@id\":\"https:\\\/\\\/stingfreesnus.se\\\/#organization\"},\"potentialAction\":[{\"@type\":\"SearchAction\",\"target\":{\"@type\":\"EntryPoint\",\"urlTemplate\":\"https:\\\/\\\/stingfreesnus.se\\\/?s={search_term_string}\"},\"query-input\":{\"@type\":\"PropertyValueSpecification\",\"valueRequired\":true,\"valueName\":\"search_term_string\"}}],\"inLanguage\":\"da-DK\"},{\"@type\":\"Organization\",\"@id\":\"https:\\\/\\\/stingfreesnus.se\\\/#organization\",\"name\":\"Stingfree\",\"url\":\"https:\\\/\\\/stingfreesnus.se\\\/\",\"logo\":{\"@type\":\"ImageObject\",\"inLanguage\":\"da-DK\",\"@id\":\"https:\\\/\\\/stingfreesnus.se\\\/#\\\/schema\\\/logo\\\/image\\\/\",\"url\":\"https:\\\/\\\/i0.wp.com\\\/stingfreesnus.se\\\/wp-content\\\/uploads\\\/logonew.webp?fit=918%2C589&ssl=1\",\"contentUrl\":\"https:\\\/\\\/i0.wp.com\\\/stingfreesnus.se\\\/wp-content\\\/uploads\\\/logonew.webp?fit=918%2C589&ssl=1\",\"width\":918,\"height\":589,\"caption\":\"Stingfree\"},\"image\":{\"@id\":\"https:\\\/\\\/stingfreesnus.se\\\/#\\\/schema\\\/logo\\\/image\\\/\"},\"sameAs\":[\"https:\\\/\\\/www.facebook.com\\\/stingfreesnus\",\"https:\\\/\\\/x.com\\\/Stingfreesnus\"]}]}<\/script>\n<!-- \/ Yoast SEO plugin. -->","yoast_head_json":{"title":"Stingfree Ocean Mint Strong - Stingfree","description":"Stingfree Ocean Mint Strong er vores st\u00e6rkeste produkt nogensinde og det perfekte valg til dem, der vil nyde en lang, kraftig snusoplevelse med en k\u00f8lende mintsmag, men med beskyttelse af tyggegummi.","robots":{"index":"index","follow":"follow","max-snippet":"max-snippet:-1","max-image-preview":"max-image-preview:large","max-video-preview":"max-video-preview:-1"},"canonical":"https:\/\/stingfreesnus.se\/da\/ocean-mint-strong\/","og_locale":"da_DK","og_type":"article","og_title":"Stingfree Ocean Mint Strong - Stingfree","og_description":"Stingfree Ocean Mint Strong \u00e4r v\u00e5r starkaste produkt n\u00e5gonsin och det perfekta valet f\u00f6r dig som vill njuta av en l\u00e5ng, kraftfull snusupplevelse med kylande mintsmak men med skydd f\u00f6r tandk\u00f6ttet.","og_url":"https:\/\/stingfreesnus.se\/da\/ocean-mint-strong\/","og_site_name":"Stingfree","article_publisher":"https:\/\/www.facebook.com\/stingfreesnus","article_modified_time":"2026-02-16T15:36:14+00:00","og_image":[{"url":"https:\/\/stingfreesnus.se\/wp-content\/uploads\/Ocean-mint-strong-front-prillor-1.png","type":"","width":"","height":""}],"twitter_card":"summary_large_image","twitter_site":"@Stingfreesnus","twitter_misc":{"Estimeret l\u00e6setid":"2 minutter"},"schema":{"@context":"https:\/\/schema.org","@graph":[{"@type":"WebPage","@id":"https:\/\/stingfreesnus.se\/ocean-mint-strong\/","url":"https:\/\/stingfreesnus.se\/ocean-mint-strong\/","name":"Stingfree Ocean Mint Strong - Stingfree","isPartOf":{"@id":"https:\/\/stingfreesnus.se\/#website"},"primaryImageOfPage":{"@id":"https:\/\/stingfreesnus.se\/ocean-mint-strong\/#primaryimage"},"image":{"@id":"https:\/\/stingfreesnus.se\/ocean-mint-strong\/#primaryimage"},"thumbnailUrl":"https:\/\/stingfreesnus.se\/wp-content\/uploads\/Ocean-mint-strong-front-prillor-1.png","datePublished":"2023-12-18T15:47:01+00:00","dateModified":"2026-02-16T15:36:14+00:00","description":"Stingfree Ocean Mint Strong er vores st\u00e6rkeste produkt nogensinde og det perfekte valg til dem, der vil nyde en lang, kraftig snusoplevelse med en k\u00f8lende mintsmag, men med beskyttelse af tyggegummi.","breadcrumb":{"@id":"https:\/\/stingfreesnus.se\/ocean-mint-strong\/#breadcrumb"},"inLanguage":"da-DK","potentialAction":[{"@type":"ReadAction","target":["https:\/\/stingfreesnus.se\/ocean-mint-strong\/"]}]},{"@type":"ImageObject","inLanguage":"da-DK","@id":"https:\/\/stingfreesnus.se\/ocean-mint-strong\/#primaryimage","url":"https:\/\/stingfreesnus.se\/wp-content\/uploads\/Ocean-mint-strong-front-prillor-1.png","contentUrl":"https:\/\/stingfreesnus.se\/wp-content\/uploads\/Ocean-mint-strong-front-prillor-1.png"},{"@type":"BreadcrumbList","@id":"https:\/\/stingfreesnus.se\/ocean-mint-strong\/#breadcrumb","itemListElement":[{"@type":"ListItem","position":1,"name":"Hem","item":"https:\/\/stingfreesnus.se\/"},{"@type":"ListItem","position":2,"name":"Stingfree Ocean Mint Strong"}]},{"@type":"WebSite","@id":"https:\/\/stingfreesnus.se\/#website","url":"https:\/\/stingfreesnus.se\/","name":"Stingfri","description":"Snus med beskyttelse mod svie og irritation af tandk\u00f8det","publisher":{"@id":"https:\/\/stingfreesnus.se\/#organization"},"potentialAction":[{"@type":"SearchAction","target":{"@type":"EntryPoint","urlTemplate":"https:\/\/stingfreesnus.se\/?s={search_term_string}"},"query-input":{"@type":"PropertyValueSpecification","valueRequired":true,"valueName":"search_term_string"}}],"inLanguage":"da-DK"},{"@type":"Organization","@id":"https:\/\/stingfreesnus.se\/#organization","name":"Stingfri","url":"https:\/\/stingfreesnus.se\/","logo":{"@type":"ImageObject","inLanguage":"da-DK","@id":"https:\/\/stingfreesnus.se\/#\/schema\/logo\/image\/","url":"https:\/\/i0.wp.com\/stingfreesnus.se\/wp-content\/uploads\/logonew.webp?fit=918%2C589&ssl=1","contentUrl":"https:\/\/i0.wp.com\/stingfreesnus.se\/wp-content\/uploads\/logonew.webp?fit=918%2C589&ssl=1","width":918,"height":589,"caption":"Stingfree"},"image":{"@id":"https:\/\/stingfreesnus.se\/#\/schema\/logo\/image\/"},"sameAs":["https:\/\/www.facebook.com\/stingfreesnus","https:\/\/x.com\/Stingfreesnus"]}]}},"uagb_featured_image_src":{"full":false,"thumbnail":false,"medium":false,"medium_large":false,"large":false,"1536x1536":false,"2048x2048":false,"trp-custom-language-flag":false,"woocommerce_thumbnail":false,"woocommerce_single":false,"woocommerce_gallery_thumbnail":false},"uagb_author_info":{"display_name":"Daniel","author_link":"https:\/\/stingfreesnus.se\/da\/author\/daniel\/"},"uagb_comment_info":0,"uagb_excerpt":"Stingfree Ocean Mint Strong&nbsp; Stingfree Ocean Mint\u00a0Strong\u00a0\u00e4r v\u00e5r starkaste produkt och det perfekta valet f\u00f6r dig som vill njuta av [&hellip;]","jetpack_likes_enabled":true,"jetpack_sharing_enabled":true,"_links":{"self":[{"href":"https:\/\/stingfreesnus.se\/da\/wp-json\/wp\/v2\/pages\/1176","targetHints":{"allow":["GET"]}}],"collection":[{"href":"https:\/\/stingfreesnus.se\/da\/wp-json\/wp\/v2\/pages"}],"about":[{"href":"https:\/\/stingfreesnus.se\/da\/wp-json\/wp\/v2\/types\/page"}],"author":[{"embeddable":true,"href":"https:\/\/stingfreesnus.se\/da\/wp-json\/wp\/v2\/users\/3"}],"replies":[{"embeddable":true,"href":"https:\/\/stingfreesnus.se\/da\/wp-json\/wp\/v2\/comments?post=1176"}],"version-history":[{"count":18,"href":"https:\/\/stingfreesnus.se\/da\/wp-json\/wp\/v2\/pages\/1176\/revisions"}],"predecessor-version":[{"id":5263,"href":"https:\/\/stingfreesnus.se\/da\/wp-json\/wp\/v2\/pages\/1176\/revisions\/5263"}],"wp:attachment":[{"href":"https:\/\/stingfreesnus.se\/da\/wp-json\/wp\/v2\/media?parent=1176"}],"curies":[{"name":"wp","href":"https:\/\/api.w.org\/{rel}","templated":true}]}}