{"id":22,"date":"2023-10-06T14:02:52","date_gmt":"2023-10-06T12:02:52","guid":{"rendered":"https:\/\/stingfreesnus.se\/?page_id=22"},"modified":"2025-06-12T14:03:37","modified_gmt":"2025-06-12T12:03:37","slug":"ofte-stillede-sporgsmal","status":"publish","type":"page","link":"https:\/\/stingfreesnus.se\/da\/vanliga-fragor\/","title":{"rendered":"Ofte stillede sp\u00f8rgsm\u00e5l og svar"},"content":{"rendered":"<div class=\"wp-block-uagb-container vanliga-fragor-outer-panel uagb-block-933bb54a alignfull uagb-is-root-container\"><div class=\"uagb-container-inner-blocks-wrap\">\n<div class=\"wp-block-uagb-container vanliga-fragor-inner uagb-block-fd468fc2\">\n<div class=\"wp-block-uagb-advanced-heading uagb-block-8a6fbe61\"><h1 class=\"uagb-heading-text\">Ofte stillede sp\u00f8rgsm\u00e5l og svar<\/h1><\/div>\n\n\n\n<div class=\"wp-block-uagb-container uagb-block-4f56b530\">\n<div class=\"wp-block-uagb-advanced-heading uagb-block-65b7d816\"><h2 class=\"uagb-heading-text\">Sundhedssp\u00f8rgsm\u00e5l<\/h2><\/div>\n\n\n\n<details class=\"wp-block-details accordion-con is-layout-flow wp-block-details-is-layout-flow\"><summary>1. Er tandk\u00f8dsskader almindelige blandt snusbrugere?<\/summary>\n<p>Ja, det er meget almindeligt. I en uafh\u00e6ngig <a href=\"https:\/\/pmc.ncbi.nlm.nih.gov\/articles\/PMC9540014\/\">tandl\u00e6geunders\u00f8gelse offentliggjort af G\u00f6teborgs universitet<\/a> 2022, forekomsten af <strong>Tilbagetrukket tandk\u00f8d (gingival retraction)<\/strong> for snusbrugere mellem 54 og 57%.<\/p>\n\n\n\n<p>En norsk unders\u00f8gelse af norske snusbrugere foretaget i 2023 viste, at 79% af deltagerne havde <strong>snus-l\u00e6sioner.<\/strong><\/p>\n\n\n\n<p>I en unders\u00f8gelse blandt over 1.000 snusende m\u00e6nd og kvinder i Sverige foretaget af Stingfree AB i 2022 svarede 59% af deltagerne, at de havde oplevet snusl\u00e6sioner. 51% svarede, at de havde tilbagetrukket tandk\u00f8d (gingival retractions).<\/p>\n<\/details>\n\n\n\n<details class=\"wp-block-details accordion-con is-layout-flow wp-block-details-is-layout-flow\"><summary>2. Hvad er konsekvenserne af vigende tandk\u00f8d?<\/summary>\n<p>Langvarig brug af snus kan f\u00e5 tandk\u00f8det til at tr\u00e6kke sig tilbage. Det kan skabe en \u201clomme\u201d i tandk\u00f8det p\u00e5 det sted, hvor man snuser. Bakterier kan samle sig i disse \u201dlommer\u201d og f\u00f8re til problemer som d\u00e5rlig \u00e5nde og huller i t\u00e6nderne.<\/p>\n\n\n\n<p>N\u00e5r tandk\u00f8det tr\u00e6kker sig tilbage, bliver mere af tandhalsen blottet, hvilket kan f\u00f8re til tr\u00e6ngsel og \u00f8ge risikoen for huller i denne del af tanden. I ekstreme tilf\u00e6lde kan tandk\u00f8dstilbagegang resultere i tandtab.<\/p>\n<\/details>\n\n\n\n<details class=\"wp-block-details accordion-con is-layout-flow wp-block-details-is-layout-flow\"><summary>3. Vokser tandk\u00f8d \u00f8delagt af snus tilbage?<\/summary>\n<p>Nej, nej, nej! Tandk\u00f8det eller gingiva, som tandl\u00e6gerne kalder det, adskiller sig fra andre v\u00e6v ved, at det ikke kan regenereres, hvis det er for beskadiget. I nogle tilf\u00e6lde kan tandk\u00f8det genoprettes ved hj\u00e6lp af tandkirurgi, og den mest almindelige metode er transplantation af v\u00e6v fra ganen til tandk\u00f8det.<\/p>\n<\/details>\n\n\n\n<details class=\"wp-block-details accordion-con is-layout-flow wp-block-details-is-layout-flow\"><summary>4. For\u00e5rsager snus kr\u00e6ft i munden?<\/summary>\n<p>Nej, det g\u00f8r de ikke. Intet andet land i verden har s\u00e5 stor en andel af snusbrugere i befolkningen som Sverige. P\u00e5 trods af dette er der ingen \u00f8get forekomst af mundhulekr\u00e6ft eller kr\u00e6ftrelateret d\u00f8delighed forbundet med snusbrug i Sverige. Det fremg\u00e5r f.eks. af en <a href=\"https:\/\/journals.sagepub.com\/doi\/abs\/10.1177\/1403494820919572\">stort studie om snus og mundhulekr\u00e6ft fra Karolinska Institutet<\/a>. Denne unders\u00f8gelse viste endda, at brug af fire d\u00e5ser snus eller mindre om ugen reducerer risikoen for mundkr\u00e6ft.<\/p>\n\n\n\n<p>Rygning \u00f8ger p\u00e5 den anden side risikoen for forskellige kr\u00e6ftformer dramatisk, herunder mundhulekr\u00e6ft. Det er is\u00e6r, n\u00e5r tobak ant\u00e6ndes og ind\u00e5ndes som r\u00f8g, at det bidrager kraftigt til den \u00f8gede risiko for mundhulekr\u00e6ft.<\/p>\n<\/details>\n\n\n\n<details class=\"wp-block-details accordion-con is-layout-flow wp-block-details-is-layout-flow\"><summary>5. B\u00f8r snus og nikotinportioner ikke svide?<\/summary>\n<p>Nej, det tror vi ikke! Men for at finde ud af, hvad andre snusbrugere mener, gennemf\u00f8rte vi en stor unders\u00f8gelse blandt svenske snusbrugere i 2022. Over 1.000 personer deltog i unders\u00f8gelsen. 66,5% af kvinderne og 54,3% af m\u00e6ndene svarede, at de oplevede den br\u00e6ndende fornemmelse som ubehagelig.<\/p>\n<\/details>\n\n\n\n<details class=\"wp-block-details accordion-con is-layout-flow wp-block-details-is-layout-flow\"><summary>6. Hvorfor svier snus og nikotinportioner?<\/summary>\n<p>Indholdet i stort set alle typer snus og nikotinportioner har pH-v\u00e6rdier, der er h\u00f8jere end dem, der naturligt findes i munden, hvilket er ca. 7-7,5. Grunden til, at pH-v\u00e6rdierne skal v\u00e6re s\u00e5 h\u00f8je, er, at der er en direkte sammenh\u00e6ng mellem pH-v\u00e6rdien, og hvor let nikotinen kan optages af mundslimhinden. Jo h\u00f8jere pH-v\u00e6rdi, jo st\u00f8rre\/hurtigere frigivelse af nikotin. Materialer med h\u00f8j pH-v\u00e6rdi, som er i direkte kontakt med tandk\u00f8det, giver svie og irritation i tandk\u00f8det.<\/p>\n\n\n\n<p>En anden vigtig parameter, der kan for\u00e5rsage svien og irritation af tandk\u00f8det, er de aromaer og koncentrationer, der anvendes i prillerne. Smagsstoffer som mynte, citrus, chili osv. og endda salte kan for\u00e5rsage svien og irritation af tandk\u00f8det uanset pH-v\u00e6rdien.<\/p>\n\n\n\n<p>Det betyder, at hvis du b\u00e5de vil have en st\u00e6rk nikotin- og smagsoplevelse uden at br\u00e6nde og irritere dit tandk\u00f8d, har du brug for en barriere mellem dit tandk\u00f8d og indholdet af prillerne. Det er derfor, vi har udviklet vores patenterede PROTEX-barriere.<\/p>\n<\/details>\n<\/div>\n\n\n\n<div class=\"wp-block-uagb-container uagb-block-eabd871f\">\n<div class=\"wp-block-uagb-advanced-heading uagb-block-9f27a78b\"><h2 class=\"uagb-heading-text\">Tekniske problemer<\/h2><\/div>\n\n\n\n<details class=\"wp-block-details accordion-con is-layout-flow wp-block-details-is-layout-flow\"><summary>1. Er der brug for s\u00e6rlige snusindpakningsmaskiner til at producere Stingfree-piller?<\/summary>\n<p>Stingfree-teknologien fungerer ved at laminere vores supertynde biofilm direkte p\u00e5 producentens nuv\u00e6rende snuspapir. Producenten kan derefter bruge Stingfree-papiret i sine maskiner uden \u00e6ndringer.<\/p>\n<\/details>\n\n\n\n<details class=\"wp-block-details accordion-con is-layout-flow wp-block-details-is-layout-flow\"><summary>2. Er teknologien patenteret?<\/summary>\n<p>Ja, vi har patenter i Sverige, USA og i hele EU.<\/p>\n<\/details>\n<\/div>\n<\/div>\n<\/div><\/div>","protected":false},"excerpt":{"rendered":"<p>Ofte stillede sp\u00f8rgsm\u00e5l og svar Sundhedssp\u00f8rgsm\u00e5l Teknologisp\u00f8rgsm\u00e5l<\/p>","protected":false},"author":3,"featured_media":0,"parent":0,"menu_order":0,"comment_status":"closed","ping_status":"closed","template":"","meta":{"_acf_changed":false,"_uag_custom_page_level_css":"","site-sidebar-layout":"default","site-content-layout":"","ast-site-content-layout":"","site-content-style":"default","site-sidebar-style":"default","ast-global-header-display":"","ast-banner-title-visibility":"","ast-main-header-display":"","ast-hfb-above-header-display":"","ast-hfb-below-header-display":"","ast-hfb-mobile-header-display":"","site-post-title":"disabled","ast-breadcrumbs-content":"","ast-featured-img":"","footer-sml-layout":"","ast-disable-related-posts":"","theme-transparent-header-meta":"","adv-header-id-meta":"","stick-header-meta":"","header-above-stick-meta":"","header-main-stick-meta":"","header-below-stick-meta":"","astra-migrate-meta-layouts":"default","ast-page-background-enabled":"default","ast-page-background-meta":{"desktop":{"background-color":"var(--ast-global-color-4)","background-image":"","background-repeat":"repeat","background-position":"center center","background-size":"auto","background-attachment":"scroll","background-type":"","background-media":"","overlay-type":"","overlay-color":"","overlay-opacity":"","overlay-gradient":""},"tablet":{"background-color":"","background-image":"","background-repeat":"repeat","background-position":"center center","background-size":"auto","background-attachment":"scroll","background-type":"","background-media":"","overlay-type":"","overlay-color":"","overlay-opacity":"","overlay-gradient":""},"mobile":{"background-color":"","background-image":"","background-repeat":"repeat","background-position":"center center","background-size":"auto","background-attachment":"scroll","background-type":"","background-media":"","overlay-type":"","overlay-color":"","overlay-opacity":"","overlay-gradient":""}},"ast-content-background-meta":{"desktop":{"background-color":"var(--ast-global-color-5)","background-image":"","background-repeat":"repeat","background-position":"center center","background-size":"auto","background-attachment":"scroll","background-type":"","background-media":"","overlay-type":"","overlay-color":"","overlay-opacity":"","overlay-gradient":""},"tablet":{"background-color":"var(--ast-global-color-5)","background-image":"","background-repeat":"repeat","background-position":"center center","background-size":"auto","background-attachment":"scroll","background-type":"","background-media":"","overlay-type":"","overlay-color":"","overlay-opacity":"","overlay-gradient":""},"mobile":{"background-color":"var(--ast-global-color-5)","background-image":"","background-repeat":"repeat","background-position":"center center","background-size":"auto","background-attachment":"scroll","background-type":"","background-media":"","overlay-type":"","overlay-color":"","overlay-opacity":"","overlay-gradient":""}},"footnotes":""},"class_list":["post-22","page","type-page","status-publish","hentry"],"acf":[],"yoast_head":"<!-- This site is optimized with the Yoast SEO plugin v27.4 - https:\/\/yoast.com\/product\/yoast-seo-wordpress\/ -->\n<title>Vanliga fr\u00e5gor och svar - Stingfree<\/title>\n<meta name=\"robots\" content=\"index, follow, max-snippet:-1, max-image-preview:large, max-video-preview:-1\" \/>\n<link rel=\"canonical\" href=\"https:\/\/stingfreesnus.se\/da\/ofte-stillede-sporgsmal\/\" \/>\n<meta property=\"og:locale\" content=\"da_DK\" \/>\n<meta property=\"og:type\" content=\"article\" \/>\n<meta property=\"og:title\" content=\"Vanliga fr\u00e5gor och svar - Stingfree\" \/>\n<meta property=\"og:description\" content=\"Vanliga fr\u00e5gor och svar H\u00e4lsofr\u00e5gor Teknikfr\u00e5gor\" \/>\n<meta property=\"og:url\" content=\"https:\/\/stingfreesnus.se\/da\/ofte-stillede-sporgsmal\/\" \/>\n<meta property=\"og:site_name\" content=\"Stingfree\" \/>\n<meta property=\"article:publisher\" content=\"https:\/\/www.facebook.com\/stingfreesnus\" \/>\n<meta property=\"article:modified_time\" content=\"2025-06-12T12:03:37+00:00\" \/>\n<meta name=\"twitter:card\" content=\"summary_large_image\" \/>\n<meta name=\"twitter:site\" content=\"@Stingfreesnus\" \/>\n<meta name=\"twitter:label1\" content=\"Estimeret l\u00e6setid\" \/>\n\t<meta name=\"twitter:data1\" content=\"4 minutter\" \/>\n<script type=\"application\/ld+json\" class=\"yoast-schema-graph\">{\"@context\":\"https:\\\/\\\/schema.org\",\"@graph\":[{\"@type\":\"WebPage\",\"@id\":\"https:\\\/\\\/stingfreesnus.se\\\/vanliga-fragor\\\/\",\"url\":\"https:\\\/\\\/stingfreesnus.se\\\/vanliga-fragor\\\/\",\"name\":\"Vanliga fr\u00e5gor och svar - Stingfree\",\"isPartOf\":{\"@id\":\"https:\\\/\\\/stingfreesnus.se\\\/#website\"},\"datePublished\":\"2023-10-06T12:02:52+00:00\",\"dateModified\":\"2025-06-12T12:03:37+00:00\",\"breadcrumb\":{\"@id\":\"https:\\\/\\\/stingfreesnus.se\\\/vanliga-fragor\\\/#breadcrumb\"},\"inLanguage\":\"da-DK\",\"potentialAction\":[{\"@type\":\"ReadAction\",\"target\":[\"https:\\\/\\\/stingfreesnus.se\\\/vanliga-fragor\\\/\"]}]},{\"@type\":\"BreadcrumbList\",\"@id\":\"https:\\\/\\\/stingfreesnus.se\\\/vanliga-fragor\\\/#breadcrumb\",\"itemListElement\":[{\"@type\":\"ListItem\",\"position\":1,\"name\":\"Hem\",\"item\":\"https:\\\/\\\/stingfreesnus.se\\\/\"},{\"@type\":\"ListItem\",\"position\":2,\"name\":\"Vanliga fr\u00e5gor och svar\"}]},{\"@type\":\"WebSite\",\"@id\":\"https:\\\/\\\/stingfreesnus.se\\\/#website\",\"url\":\"https:\\\/\\\/stingfreesnus.se\\\/\",\"name\":\"Stingfree\",\"description\":\"Snus med skydd mot sveda och irritation p\u00e5 tandk\u00f6ttet\",\"publisher\":{\"@id\":\"https:\\\/\\\/stingfreesnus.se\\\/#organization\"},\"potentialAction\":[{\"@type\":\"SearchAction\",\"target\":{\"@type\":\"EntryPoint\",\"urlTemplate\":\"https:\\\/\\\/stingfreesnus.se\\\/?s={search_term_string}\"},\"query-input\":{\"@type\":\"PropertyValueSpecification\",\"valueRequired\":true,\"valueName\":\"search_term_string\"}}],\"inLanguage\":\"da-DK\"},{\"@type\":\"Organization\",\"@id\":\"https:\\\/\\\/stingfreesnus.se\\\/#organization\",\"name\":\"Stingfree\",\"url\":\"https:\\\/\\\/stingfreesnus.se\\\/\",\"logo\":{\"@type\":\"ImageObject\",\"inLanguage\":\"da-DK\",\"@id\":\"https:\\\/\\\/stingfreesnus.se\\\/#\\\/schema\\\/logo\\\/image\\\/\",\"url\":\"https:\\\/\\\/i0.wp.com\\\/stingfreesnus.se\\\/wp-content\\\/uploads\\\/logonew.webp?fit=918%2C589&ssl=1\",\"contentUrl\":\"https:\\\/\\\/i0.wp.com\\\/stingfreesnus.se\\\/wp-content\\\/uploads\\\/logonew.webp?fit=918%2C589&ssl=1\",\"width\":918,\"height\":589,\"caption\":\"Stingfree\"},\"image\":{\"@id\":\"https:\\\/\\\/stingfreesnus.se\\\/#\\\/schema\\\/logo\\\/image\\\/\"},\"sameAs\":[\"https:\\\/\\\/www.facebook.com\\\/stingfreesnus\",\"https:\\\/\\\/x.com\\\/Stingfreesnus\"]}]}<\/script>\n<!-- \/ Yoast SEO plugin. -->","yoast_head_json":{"title":"Ofte stillede sp\u00f8rgsm\u00e5l og svar - Stingfree","robots":{"index":"index","follow":"follow","max-snippet":"max-snippet:-1","max-image-preview":"max-image-preview:large","max-video-preview":"max-video-preview:-1"},"canonical":"https:\/\/stingfreesnus.se\/da\/ofte-stillede-sporgsmal\/","og_locale":"da_DK","og_type":"article","og_title":"Vanliga fr\u00e5gor och svar - Stingfree","og_description":"Vanliga fr\u00e5gor och svar H\u00e4lsofr\u00e5gor Teknikfr\u00e5gor","og_url":"https:\/\/stingfreesnus.se\/da\/ofte-stillede-sporgsmal\/","og_site_name":"Stingfree","article_publisher":"https:\/\/www.facebook.com\/stingfreesnus","article_modified_time":"2025-06-12T12:03:37+00:00","twitter_card":"summary_large_image","twitter_site":"@Stingfreesnus","twitter_misc":{"Estimeret l\u00e6setid":"4 minutter"},"schema":{"@context":"https:\/\/schema.org","@graph":[{"@type":"WebPage","@id":"https:\/\/stingfreesnus.se\/vanliga-fragor\/","url":"https:\/\/stingfreesnus.se\/vanliga-fragor\/","name":"Ofte stillede sp\u00f8rgsm\u00e5l og svar - Stingfree","isPartOf":{"@id":"https:\/\/stingfreesnus.se\/#website"},"datePublished":"2023-10-06T12:02:52+00:00","dateModified":"2025-06-12T12:03:37+00:00","breadcrumb":{"@id":"https:\/\/stingfreesnus.se\/vanliga-fragor\/#breadcrumb"},"inLanguage":"da-DK","potentialAction":[{"@type":"ReadAction","target":["https:\/\/stingfreesnus.se\/vanliga-fragor\/"]}]},{"@type":"BreadcrumbList","@id":"https:\/\/stingfreesnus.se\/vanliga-fragor\/#breadcrumb","itemListElement":[{"@type":"ListItem","position":1,"name":"Hem","item":"https:\/\/stingfreesnus.se\/"},{"@type":"ListItem","position":2,"name":"Vanliga fr\u00e5gor och svar"}]},{"@type":"WebSite","@id":"https:\/\/stingfreesnus.se\/#website","url":"https:\/\/stingfreesnus.se\/","name":"Stingfri","description":"Snus med beskyttelse mod svie og irritation af tandk\u00f8det","publisher":{"@id":"https:\/\/stingfreesnus.se\/#organization"},"potentialAction":[{"@type":"SearchAction","target":{"@type":"EntryPoint","urlTemplate":"https:\/\/stingfreesnus.se\/?s={search_term_string}"},"query-input":{"@type":"PropertyValueSpecification","valueRequired":true,"valueName":"search_term_string"}}],"inLanguage":"da-DK"},{"@type":"Organization","@id":"https:\/\/stingfreesnus.se\/#organization","name":"Stingfri","url":"https:\/\/stingfreesnus.se\/","logo":{"@type":"ImageObject","inLanguage":"da-DK","@id":"https:\/\/stingfreesnus.se\/#\/schema\/logo\/image\/","url":"https:\/\/i0.wp.com\/stingfreesnus.se\/wp-content\/uploads\/logonew.webp?fit=918%2C589&ssl=1","contentUrl":"https:\/\/i0.wp.com\/stingfreesnus.se\/wp-content\/uploads\/logonew.webp?fit=918%2C589&ssl=1","width":918,"height":589,"caption":"Stingfree"},"image":{"@id":"https:\/\/stingfreesnus.se\/#\/schema\/logo\/image\/"},"sameAs":["https:\/\/www.facebook.com\/stingfreesnus","https:\/\/x.com\/Stingfreesnus"]}]}},"uagb_featured_image_src":{"full":false,"thumbnail":false,"medium":false,"medium_large":false,"large":false,"1536x1536":false,"2048x2048":false,"trp-custom-language-flag":false,"woocommerce_thumbnail":false,"woocommerce_single":false,"woocommerce_gallery_thumbnail":false},"uagb_author_info":{"display_name":"Daniel","author_link":"https:\/\/stingfreesnus.se\/da\/author\/daniel\/"},"uagb_comment_info":0,"uagb_excerpt":"Vanliga fr\u00e5gor och svar H\u00e4lsofr\u00e5gor Teknikfr\u00e5gor","jetpack_likes_enabled":true,"jetpack_sharing_enabled":true,"_links":{"self":[{"href":"https:\/\/stingfreesnus.se\/da\/wp-json\/wp\/v2\/pages\/22","targetHints":{"allow":["GET"]}}],"collection":[{"href":"https:\/\/stingfreesnus.se\/da\/wp-json\/wp\/v2\/pages"}],"about":[{"href":"https:\/\/stingfreesnus.se\/da\/wp-json\/wp\/v2\/types\/page"}],"author":[{"embeddable":true,"href":"https:\/\/stingfreesnus.se\/da\/wp-json\/wp\/v2\/users\/3"}],"replies":[{"embeddable":true,"href":"https:\/\/stingfreesnus.se\/da\/wp-json\/wp\/v2\/comments?post=22"}],"version-history":[{"count":36,"href":"https:\/\/stingfreesnus.se\/da\/wp-json\/wp\/v2\/pages\/22\/revisions"}],"predecessor-version":[{"id":4596,"href":"https:\/\/stingfreesnus.se\/da\/wp-json\/wp\/v2\/pages\/22\/revisions\/4596"}],"wp:attachment":[{"href":"https:\/\/stingfreesnus.se\/da\/wp-json\/wp\/v2\/media?parent=22"}],"curies":[{"name":"wp","href":"https:\/\/api.w.org\/{rel}","templated":true}]}}