{"id":560,"date":"2023-10-06T14:01:09","date_gmt":"2023-10-06T12:01:09","guid":{"rendered":"https:\/\/stingfreesnus.se\/?page_id=15"},"modified":"2024-02-07T15:16:44","modified_gmt":"2024-02-07T14:16:44","slug":"om-os","status":"publish","type":"page","link":"https:\/\/stingfreesnus.se\/da\/om-oss\/","title":{"rendered":"Om os"},"content":{"rendered":"<h3 class=\"wp-block-heading\"><em>Efter at hans tandl\u00e6ge havde diagnosticeret ham med tandk\u00f8dsskader, fik Bengt Wiberg en sk\u00f8r id\u00e9 - \u201dhvad nu, hvis jeg s\u00e6tter et plaster p\u00e5 den side af prillen, der er mod tandk\u00f8det?\u201d<\/em><\/h3>\n\n\n\n<figure class=\"wp-block-image aligncenter size-large\"><img data-recalc-dims=\"1\" loading=\"lazy\" decoding=\"async\" width=\"1024\" height=\"681\" src=\"https:\/\/i0.wp.com\/stingfreesnus.se\/wp-content\/uploads\/2023\/10\/Bengt-Wiberg-Innovator.jpg?resize=1024%2C681&#038;ssl=1\" alt=\"Bengt Wiberg - At s\u00e6tte et plaster p\u00e5 snusen!\" class=\"wp-image-227\" srcset=\"https:\/\/i0.wp.com\/stingfreesnus.se\/wp-content\/uploads\/2023\/10\/Bengt-Wiberg-Innovator.jpg?resize=1024%2C681&amp;ssl=1 1024w, https:\/\/i0.wp.com\/stingfreesnus.se\/wp-content\/uploads\/2023\/10\/Bengt-Wiberg-Innovator.jpg?resize=300%2C200&amp;ssl=1 300w, https:\/\/i0.wp.com\/stingfreesnus.se\/wp-content\/uploads\/2023\/10\/Bengt-Wiberg-Innovator.jpg?resize=768%2C511&amp;ssl=1 768w, https:\/\/i0.wp.com\/stingfreesnus.se\/wp-content\/uploads\/2023\/10\/Bengt-Wiberg-Innovator.jpg?w=1100&amp;ssl=1 1100w\" sizes=\"auto, (max-width: 1000px) 100vw, 1000px\" \/><figcaption class=\"wp-element-caption\">Bengt Wiberg - Satte et plaster p\u00e5 pillen og tog patent p\u00e5 Stingfree<\/figcaption><\/figure>\n\n\n\n<p>For flere \u00e5r siden var Bengt Wiberg kommunal embedsmand og mange\u00e5rig snusbruger, da hans tandl\u00e6ge opfordrede ham til at <a previewlistener=\"true\" href=\"https:\/\/stingfreesnus.se\/da\/stop-med-at-sniffe\/\">Stop med at sniffe<\/a>. \u00c5rsagen var, at Bengts tandk\u00f8d havde <a href=\"https:\/\/stingfreesnus.se\/da\/snus-laesioner\/\">Snus-l\u00e6sioner<\/a> og<a href=\"https:\/\/stingfreesnus.se\/da\/vokser-tandkod-forstorret-af-snus-tilbage\/\"> Tandk\u00f8det var begyndt at tr\u00e6kke sig tilbage<\/a> p\u00e5 de steder, hvor han plejede at have prillerne. S\u00e5 fik han en sk\u00f8r id\u00e9: \u201dHvad ville der ske, hvis jeg satte et plaster p\u00e5 den side af prillen, der ligger mod tandk\u00f8det?\u201d Bengt eksperimenterede med forskellige typer plastre og blev overrasket over at opdage, at smerten i tandk\u00f8det forsvandt, men den gode smag og nikotinoplevelsen forblev, de f\u00f8rste Stingfree-priller var lavet. Efter et par m\u00e5neders brug af Stingfree-pastiller vendte Bengt tilbage til sin tandl\u00e6ge og blev glad for at h\u00f8re, at hans tandk\u00f8d nu s\u00e5 sundt ud igen.<\/p>\n\n\n\n<h3 class=\"wp-block-heading\"><em>Efter et par m\u00e5neders brug af Stingfree stikpiller vendte Bengt tilbage til sin tandl\u00e6ge og blev glad for at h\u00f8re, at hans tandk\u00f8d nu s\u00e5 sundt ud igen.&nbsp;<\/em><\/h3>\n\n\n\n<p>Siden da er det lykkedes Bengt at tage patent p\u00e5 Stingfree <a href=\"https:\/\/stingfreesnus.se\/da\/nikotin-pasar\/\">nikotin pouches<\/a> I Sverige, USA og derefter EU er der udviklet en industriel metode til at producere Stingfree priller, og Swedish Match har underskrevet en licens til at bruge teknologien. Desv\u00e6rre er hverken Swedish Match eller nogen af de andre store snusproducenter endnu begyndt at producere Stingfree pellets. I stedet har de st\u00e6digt fastholdt, at \u201ddet skal svie\u201d, selv om Bengt kunne vise resultaterne af en unders\u00f8gelse blandt over 1000 svenske snusbrugere, hvor 66% af kvinderne og 54% af m\u00e6ndene sagde, at de ikke kunne lide, at det br\u00e6ndte i tandk\u00f8det.<\/p>\n\n\n\n<p>Nu har Bengt sammen med sin \u00e6ldste s\u00f8n Daniel, som nu er administrerende direkt\u00f8r for Sting Free AB, lanceret det f\u00f8rste Stingfree-produkt p\u00e5 markedet, efterfulgt af to nye smagsvarianter. Produkterne hedder <a previewlistener=\"true\" href=\"https:\/\/stingfreesnus.se\/da\/staerk-bla-mynte\/\">St\u00e6rk bl\u00e5 mynte<\/a>, <a previewlistener=\"true\" href=\"https:\/\/stingfreesnus.se\/da\/caribisk-mango\/\">Caribisk mango<\/a> og <a previewlistener=\"true\" href=\"https:\/\/stingfreesnus.se\/da\/havmynte\/\">Ocean Mint<\/a> og kan k\u00f8bes hos vores forhandlere online og i butikkerne. <a href=\"https:\/\/stingfreesnus.se\/da\/hovedet-har\/\">Du kan finde alle Stingfree-forhandlere her.<\/a><\/p>\n\n\n\n<figure class=\"wp-block-image aligncenter size-full\"><img data-recalc-dims=\"1\" loading=\"lazy\" decoding=\"async\" width=\"935\" height=\"630\" src=\"https:\/\/i0.wp.com\/stingfreesnus.se\/wp-content\/uploads\/2023\/10\/Bengt-Daniel.webp?resize=935%2C630&#038;ssl=1\" alt=\"Bengt Wiberg, grundl\u00e6gger - Daniel Wiberg, CEO\" class=\"wp-image-254\" srcset=\"https:\/\/i0.wp.com\/stingfreesnus.se\/wp-content\/uploads\/2023\/10\/Bengt-Daniel.webp?w=935&amp;ssl=1 935w, https:\/\/i0.wp.com\/stingfreesnus.se\/wp-content\/uploads\/2023\/10\/Bengt-Daniel.webp?resize=300%2C202&amp;ssl=1 300w, https:\/\/i0.wp.com\/stingfreesnus.se\/wp-content\/uploads\/2023\/10\/Bengt-Daniel.webp?resize=768%2C517&amp;ssl=1 768w\" sizes=\"auto, (max-width: 935px) 100vw, 935px\" \/><figcaption class=\"wp-element-caption\">Bengt Wiberg, grundl\u00e6gger og bestyrelsesmedlem - Daniel Wiberg, CEO<\/figcaption><\/figure>","protected":false},"excerpt":{"rendered":"<p>Efter att hans tandl\u00e4kare konstaterat att han hade skador p\u00e5 tandk\u00f6ttet s\u00e5 fick Bengt Wiberg en galen id\u00e9 \u2013 &#8221;vad [&hellip;]<\/p>\n","protected":false},"author":3,"featured_media":0,"parent":0,"menu_order":0,"comment_status":"closed","ping_status":"closed","template":"","meta":{"_acf_changed":false,"_uag_custom_page_level_css":"","site-sidebar-layout":"default","site-content-layout":"","ast-site-content-layout":"default","site-content-style":"default","site-sidebar-style":"default","ast-global-header-display":"","ast-banner-title-visibility":"","ast-main-header-display":"","ast-hfb-above-header-display":"","ast-hfb-below-header-display":"","ast-hfb-mobile-header-display":"","site-post-title":"","ast-breadcrumbs-content":"","ast-featured-img":"","footer-sml-layout":"","ast-disable-related-posts":"","theme-transparent-header-meta":"","adv-header-id-meta":"","stick-header-meta":"","header-above-stick-meta":"","header-main-stick-meta":"","header-below-stick-meta":"","astra-migrate-meta-layouts":"default","ast-page-background-enabled":"default","ast-page-background-meta":{"desktop":{"background-color":"var(--ast-global-color-5)","background-image":"","background-repeat":"repeat","background-position":"center center","background-size":"auto","background-attachment":"scroll","background-type":"","background-media":"","overlay-type":"","overlay-color":"","overlay-opacity":"","overlay-gradient":""},"tablet":{"background-color":"","background-image":"","background-repeat":"repeat","background-position":"center center","background-size":"auto","background-attachment":"scroll","background-type":"","background-media":"","overlay-type":"","overlay-color":"","overlay-opacity":"","overlay-gradient":""},"mobile":{"background-color":"","background-image":"","background-repeat":"repeat","background-position":"center center","background-size":"auto","background-attachment":"scroll","background-type":"","background-media":"","overlay-type":"","overlay-color":"","overlay-opacity":"","overlay-gradient":""}},"ast-content-background-meta":{"desktop":{"background-color":"var(--ast-global-color-4)","background-image":"","background-repeat":"repeat","background-position":"center center","background-size":"auto","background-attachment":"scroll","background-type":"","background-media":"","overlay-type":"","overlay-color":"","overlay-opacity":"","overlay-gradient":""},"tablet":{"background-color":"var(--ast-global-color-4)","background-image":"","background-repeat":"repeat","background-position":"center center","background-size":"auto","background-attachment":"scroll","background-type":"","background-media":"","overlay-type":"","overlay-color":"","overlay-opacity":"","overlay-gradient":""},"mobile":{"background-color":"var(--ast-global-color-4)","background-image":"","background-repeat":"repeat","background-position":"center center","background-size":"auto","background-attachment":"scroll","background-type":"","background-media":"","overlay-type":"","overlay-color":"","overlay-opacity":"","overlay-gradient":""}},"footnotes":""},"class_list":["post-560","page","type-page","status-publish","hentry"],"acf":[],"yoast_head":"<!-- This site is optimized with the Yoast SEO plugin v27.4 - https:\/\/yoast.com\/product\/yoast-seo-wordpress\/ -->\n<title>Om oss - Stingfree<\/title>\n<meta name=\"robots\" content=\"index, follow, max-snippet:-1, max-image-preview:large, max-video-preview:-1\" \/>\n<link rel=\"canonical\" href=\"https:\/\/stingfreesnus.se\/da\/om-os\/\" \/>\n<meta property=\"og:locale\" content=\"da_DK\" \/>\n<meta property=\"og:type\" content=\"article\" \/>\n<meta property=\"og:title\" content=\"Om oss - Stingfree\" \/>\n<meta property=\"og:description\" content=\"Efter att hans tandl\u00e4kare konstaterat att han hade skador p\u00e5 tandk\u00f6ttet s\u00e5 fick Bengt Wiberg en galen id\u00e9 \u2013 &#8221;vad [&hellip;]\" \/>\n<meta property=\"og:url\" content=\"https:\/\/stingfreesnus.se\/da\/om-os\/\" \/>\n<meta property=\"og:site_name\" content=\"Stingfree\" \/>\n<meta property=\"article:publisher\" content=\"https:\/\/www.facebook.com\/stingfreesnus\" \/>\n<meta property=\"article:modified_time\" content=\"2024-02-07T14:16:44+00:00\" \/>\n<meta property=\"og:image\" content=\"https:\/\/stingfreesnus.se\/wp-content\/uploads\/2023\/10\/Bengt-Wiberg-Innovator-1024x681.jpg\" \/>\n<meta name=\"twitter:card\" content=\"summary_large_image\" \/>\n<meta name=\"twitter:site\" content=\"@Stingfreesnus\" \/>\n<meta name=\"twitter:label1\" content=\"Estimeret l\u00e6setid\" \/>\n\t<meta name=\"twitter:data1\" content=\"3 minutter\" \/>\n<script type=\"application\/ld+json\" class=\"yoast-schema-graph\">{\"@context\":\"https:\\\/\\\/schema.org\",\"@graph\":[{\"@type\":\"WebPage\",\"@id\":\"https:\\\/\\\/stingfreesnus.se\\\/om-oss\\\/\",\"url\":\"https:\\\/\\\/stingfreesnus.se\\\/om-oss\\\/\",\"name\":\"Om oss - Stingfree\",\"isPartOf\":{\"@id\":\"https:\\\/\\\/stingfreesnus.se\\\/#website\"},\"primaryImageOfPage\":{\"@id\":\"https:\\\/\\\/stingfreesnus.se\\\/om-oss\\\/#primaryimage\"},\"image\":{\"@id\":\"https:\\\/\\\/stingfreesnus.se\\\/om-oss\\\/#primaryimage\"},\"thumbnailUrl\":\"https:\\\/\\\/stingfreesnus.se\\\/wp-content\\\/uploads\\\/2023\\\/10\\\/Bengt-Wiberg-Innovator-1024x681.jpg\",\"datePublished\":\"2023-10-06T12:01:09+00:00\",\"dateModified\":\"2024-02-07T14:16:44+00:00\",\"breadcrumb\":{\"@id\":\"https:\\\/\\\/stingfreesnus.se\\\/om-oss\\\/#breadcrumb\"},\"inLanguage\":\"da-DK\",\"potentialAction\":[{\"@type\":\"ReadAction\",\"target\":[\"https:\\\/\\\/stingfreesnus.se\\\/om-oss\\\/\"]}]},{\"@type\":\"ImageObject\",\"inLanguage\":\"da-DK\",\"@id\":\"https:\\\/\\\/stingfreesnus.se\\\/om-oss\\\/#primaryimage\",\"url\":\"https:\\\/\\\/stingfreesnus.se\\\/wp-content\\\/uploads\\\/2023\\\/10\\\/Bengt-Wiberg-Innovator-1024x681.jpg\",\"contentUrl\":\"https:\\\/\\\/stingfreesnus.se\\\/wp-content\\\/uploads\\\/2023\\\/10\\\/Bengt-Wiberg-Innovator-1024x681.jpg\"},{\"@type\":\"BreadcrumbList\",\"@id\":\"https:\\\/\\\/stingfreesnus.se\\\/om-oss\\\/#breadcrumb\",\"itemListElement\":[{\"@type\":\"ListItem\",\"position\":1,\"name\":\"Hem\",\"item\":\"https:\\\/\\\/stingfreesnus.se\\\/\"},{\"@type\":\"ListItem\",\"position\":2,\"name\":\"Om oss\"}]},{\"@type\":\"WebSite\",\"@id\":\"https:\\\/\\\/stingfreesnus.se\\\/#website\",\"url\":\"https:\\\/\\\/stingfreesnus.se\\\/\",\"name\":\"Stingfree\",\"description\":\"Snus med skydd mot sveda och irritation p\u00e5 tandk\u00f6ttet\",\"publisher\":{\"@id\":\"https:\\\/\\\/stingfreesnus.se\\\/#organization\"},\"potentialAction\":[{\"@type\":\"SearchAction\",\"target\":{\"@type\":\"EntryPoint\",\"urlTemplate\":\"https:\\\/\\\/stingfreesnus.se\\\/?s={search_term_string}\"},\"query-input\":{\"@type\":\"PropertyValueSpecification\",\"valueRequired\":true,\"valueName\":\"search_term_string\"}}],\"inLanguage\":\"da-DK\"},{\"@type\":\"Organization\",\"@id\":\"https:\\\/\\\/stingfreesnus.se\\\/#organization\",\"name\":\"Stingfree\",\"url\":\"https:\\\/\\\/stingfreesnus.se\\\/\",\"logo\":{\"@type\":\"ImageObject\",\"inLanguage\":\"da-DK\",\"@id\":\"https:\\\/\\\/stingfreesnus.se\\\/#\\\/schema\\\/logo\\\/image\\\/\",\"url\":\"https:\\\/\\\/i0.wp.com\\\/stingfreesnus.se\\\/wp-content\\\/uploads\\\/logonew.webp?fit=918%2C589&ssl=1\",\"contentUrl\":\"https:\\\/\\\/i0.wp.com\\\/stingfreesnus.se\\\/wp-content\\\/uploads\\\/logonew.webp?fit=918%2C589&ssl=1\",\"width\":918,\"height\":589,\"caption\":\"Stingfree\"},\"image\":{\"@id\":\"https:\\\/\\\/stingfreesnus.se\\\/#\\\/schema\\\/logo\\\/image\\\/\"},\"sameAs\":[\"https:\\\/\\\/www.facebook.com\\\/stingfreesnus\",\"https:\\\/\\\/x.com\\\/Stingfreesnus\"]}]}<\/script>\n<!-- \/ Yoast SEO plugin. -->","yoast_head_json":{"title":"Om os - Stingfree","robots":{"index":"index","follow":"follow","max-snippet":"max-snippet:-1","max-image-preview":"max-image-preview:large","max-video-preview":"max-video-preview:-1"},"canonical":"https:\/\/stingfreesnus.se\/da\/om-os\/","og_locale":"da_DK","og_type":"article","og_title":"Om oss - Stingfree","og_description":"Efter att hans tandl\u00e4kare konstaterat att han hade skador p\u00e5 tandk\u00f6ttet s\u00e5 fick Bengt Wiberg en galen id\u00e9 \u2013 &#8221;vad [&hellip;]","og_url":"https:\/\/stingfreesnus.se\/da\/om-os\/","og_site_name":"Stingfree","article_publisher":"https:\/\/www.facebook.com\/stingfreesnus","article_modified_time":"2024-02-07T14:16:44+00:00","og_image":[{"url":"https:\/\/stingfreesnus.se\/wp-content\/uploads\/2023\/10\/Bengt-Wiberg-Innovator-1024x681.jpg","type":"","width":"","height":""}],"twitter_card":"summary_large_image","twitter_site":"@Stingfreesnus","twitter_misc":{"Estimeret l\u00e6setid":"3 minutter"},"schema":{"@context":"https:\/\/schema.org","@graph":[{"@type":"WebPage","@id":"https:\/\/stingfreesnus.se\/om-oss\/","url":"https:\/\/stingfreesnus.se\/om-oss\/","name":"Om os - Stingfree","isPartOf":{"@id":"https:\/\/stingfreesnus.se\/#website"},"primaryImageOfPage":{"@id":"https:\/\/stingfreesnus.se\/om-oss\/#primaryimage"},"image":{"@id":"https:\/\/stingfreesnus.se\/om-oss\/#primaryimage"},"thumbnailUrl":"https:\/\/stingfreesnus.se\/wp-content\/uploads\/2023\/10\/Bengt-Wiberg-Innovator-1024x681.jpg","datePublished":"2023-10-06T12:01:09+00:00","dateModified":"2024-02-07T14:16:44+00:00","breadcrumb":{"@id":"https:\/\/stingfreesnus.se\/om-oss\/#breadcrumb"},"inLanguage":"da-DK","potentialAction":[{"@type":"ReadAction","target":["https:\/\/stingfreesnus.se\/om-oss\/"]}]},{"@type":"ImageObject","inLanguage":"da-DK","@id":"https:\/\/stingfreesnus.se\/om-oss\/#primaryimage","url":"https:\/\/stingfreesnus.se\/wp-content\/uploads\/2023\/10\/Bengt-Wiberg-Innovator-1024x681.jpg","contentUrl":"https:\/\/stingfreesnus.se\/wp-content\/uploads\/2023\/10\/Bengt-Wiberg-Innovator-1024x681.jpg"},{"@type":"BreadcrumbList","@id":"https:\/\/stingfreesnus.se\/om-oss\/#breadcrumb","itemListElement":[{"@type":"ListItem","position":1,"name":"Hem","item":"https:\/\/stingfreesnus.se\/"},{"@type":"ListItem","position":2,"name":"Om oss"}]},{"@type":"WebSite","@id":"https:\/\/stingfreesnus.se\/#website","url":"https:\/\/stingfreesnus.se\/","name":"Stingfri","description":"Snus med beskyttelse mod svie og irritation af tandk\u00f8det","publisher":{"@id":"https:\/\/stingfreesnus.se\/#organization"},"potentialAction":[{"@type":"SearchAction","target":{"@type":"EntryPoint","urlTemplate":"https:\/\/stingfreesnus.se\/?s={search_term_string}"},"query-input":{"@type":"PropertyValueSpecification","valueRequired":true,"valueName":"search_term_string"}}],"inLanguage":"da-DK"},{"@type":"Organization","@id":"https:\/\/stingfreesnus.se\/#organization","name":"Stingfri","url":"https:\/\/stingfreesnus.se\/","logo":{"@type":"ImageObject","inLanguage":"da-DK","@id":"https:\/\/stingfreesnus.se\/#\/schema\/logo\/image\/","url":"https:\/\/i0.wp.com\/stingfreesnus.se\/wp-content\/uploads\/logonew.webp?fit=918%2C589&ssl=1","contentUrl":"https:\/\/i0.wp.com\/stingfreesnus.se\/wp-content\/uploads\/logonew.webp?fit=918%2C589&ssl=1","width":918,"height":589,"caption":"Stingfree"},"image":{"@id":"https:\/\/stingfreesnus.se\/#\/schema\/logo\/image\/"},"sameAs":["https:\/\/www.facebook.com\/stingfreesnus","https:\/\/x.com\/Stingfreesnus"]}]}},"uagb_featured_image_src":{"full":false,"thumbnail":false,"medium":false,"medium_large":false,"large":false,"1536x1536":false,"2048x2048":false,"trp-custom-language-flag":false,"woocommerce_thumbnail":false,"woocommerce_single":false,"woocommerce_gallery_thumbnail":false},"uagb_author_info":{"display_name":"Daniel","author_link":"https:\/\/stingfreesnus.se\/da\/author\/daniel\/"},"uagb_comment_info":0,"uagb_excerpt":"Efter att hans tandl\u00e4kare konstaterat att han hade skador p\u00e5 tandk\u00f6ttet s\u00e5 fick Bengt Wiberg en galen id\u00e9 \u2013 &#8221;vad [&hellip;]","jetpack_likes_enabled":true,"jetpack_sharing_enabled":true,"_links":{"self":[{"href":"https:\/\/stingfreesnus.se\/da\/wp-json\/wp\/v2\/pages\/560","targetHints":{"allow":["GET"]}}],"collection":[{"href":"https:\/\/stingfreesnus.se\/da\/wp-json\/wp\/v2\/pages"}],"about":[{"href":"https:\/\/stingfreesnus.se\/da\/wp-json\/wp\/v2\/types\/page"}],"author":[{"embeddable":true,"href":"https:\/\/stingfreesnus.se\/da\/wp-json\/wp\/v2\/users\/3"}],"replies":[{"embeddable":true,"href":"https:\/\/stingfreesnus.se\/da\/wp-json\/wp\/v2\/comments?post=560"}],"version-history":[{"count":6,"href":"https:\/\/stingfreesnus.se\/da\/wp-json\/wp\/v2\/pages\/560\/revisions"}],"predecessor-version":[{"id":1514,"href":"https:\/\/stingfreesnus.se\/da\/wp-json\/wp\/v2\/pages\/560\/revisions\/1514"}],"wp:attachment":[{"href":"https:\/\/stingfreesnus.se\/da\/wp-json\/wp\/v2\/media?parent=560"}],"curies":[{"name":"wp","href":"https:\/\/api.w.org\/{rel}","templated":true}]}}