{"id":1165,"date":"2023-12-18T15:25:05","date_gmt":"2023-12-18T14:25:05","guid":{"rendered":"https:\/\/stingfreesnus.se\/?page_id=1165"},"modified":"2026-02-16T16:33:35","modified_gmt":"2026-02-16T15:33:35","slug":"kalifornischer-pfirsich","status":"publish","type":"page","link":"https:\/\/stingfreesnus.se\/de\/california-peach\/","title":{"rendered":"Stingfree California Peach"},"content":{"rendered":"<div class=\"wp-block-columns stingfree-carribean-baner container-width is-layout-flex wp-container-core-columns-is-layout-5daf5506 wp-block-columns-is-layout-flex\" style=\"padding-top:80px;padding-right:0;padding-bottom:70px;padding-left:0\">\n<div class=\"wp-block-column is-layout-flow wp-block-column-is-layout-flow\" style=\"flex-basis:50%\">\n\n\n<figure class=\"wp-block-image aligncenter size-full single-product-img\"><img data-recalc-dims=\"1\" loading=\"lazy\" decoding=\"async\" width=\"700\" height=\"696\" src=\"https:\/\/i0.wp.com\/stingfreesnus.se\/wp-content\/uploads\/California-Peach-deutsch-top.png?resize=700%2C696&#038;ssl=1\" alt=\"\" class=\"wp-image-5046\" srcset=\"https:\/\/i0.wp.com\/stingfreesnus.se\/wp-content\/uploads\/California-Peach-deutsch-top.png?w=700&amp;ssl=1 700w, https:\/\/i0.wp.com\/stingfreesnus.se\/wp-content\/uploads\/California-Peach-deutsch-top.png?resize=300%2C298&amp;ssl=1 300w, https:\/\/i0.wp.com\/stingfreesnus.se\/wp-content\/uploads\/California-Peach-deutsch-top.png?resize=150%2C150&amp;ssl=1 150w, https:\/\/i0.wp.com\/stingfreesnus.se\/wp-content\/uploads\/California-Peach-deutsch-top.png?resize=12%2C12&amp;ssl=1 12w\" sizes=\"auto, (max-width: 700px) 100vw, 700px\" \/><\/figure>\n\n\n\n\n\n<div class=\"wp-block-buttons caribbean-banner-button  orange-btn is-content-justification-center is-layout-flex wp-container-core-buttons-is-layout-a89b3969 wp-block-buttons-is-layout-flex\" data-aos=\"slide-up\">\n<div class=\"wp-block-button is-style-fill\"><a class=\"wp-block-button__link has-background has-custom-font-size wp-element-button\" href=\"https:\/\/stingfreesnus.se\/de\/#KopStingfree\" style=\"border-radius:10px;background-color:#eb5648;padding-top:17px;padding-right:35px;padding-bottom:17px;padding-left:35px;font-size:18px\">Stingfree California Pfirsich kaufen<\/a><\/div>\n<\/div>\n<\/div>\n\n\n\n<div class=\"wp-block-column is-vertically-aligned-center is-layout-flow wp-block-column-is-layout-flow\" style=\"padding-left:0px;flex-basis:50%\" data-aos=\"fade-right\">\n<div class=\"wp-block-uagb-advanced-heading uagb-block-775f56fb\"><h1 class=\"uagb-heading-text\">Stingfree California Peach&nbsp;<\/h1><\/div>\n\n\n\n<div class=\"wp-block-uagb-advanced-heading uagb-block-a95c38f0\"><p class=\"uagb-heading-text\"><strong>Stingfree California Peach<\/strong>\u00a0sind Nikotin-Beutel mit <strong>k\u00f6stlich ausgewogener Pfirsichgeschmack ohne Brennen am Zahnfleisch.<\/strong> Ein mildes und k\u00f6stliches Snuserlebnis, geeignet f\u00fcr den ganzen Arbeitstag oder zum Entspannen am Wochenende. Die gut gef\u00fcllten Beuteln sind im Slimformat, wodurch sie diskret unter der Lippe liegen.<\/p><\/div>\n\n\n\n<div class=\"wp-block-uagb-advanced-heading uagb-block-08c3c8e9\"><p class=\"uagb-heading-text\">Was Stingfree Snus von anderen Nikotinbeuteln und Snus-Sorten unterscheidet, ist sein innovatives Design. Jeder Beutel hat eine eingebaute Barriere, um Brennen und Reizungen des Zahnfleisches zu verhindern. <strong>Die blaue Seite wird gegen das Zahnfleisch gelegt.<\/strong> Die Barriere tr\u00e4gt auch zu einem l\u00e4ngeren Geschmacks- und Nikotinerlebnis im Vergleich zu herk\u00f6mmliche Sorten bei.<\/p><\/div>\n\n\n\n<div class=\"wp-block-uagb-advanced-heading uagb-block-c4e73e63\"><p class=\"uagb-heading-text\">Tr\u00e4umen Sie sich an die sonnenverw\u00f6hnten Str\u00e4nde Kaliforniens, auf einen Roadtrip nach Big Sur oder zu Kletterabenteuern im Yosemite, die diese milde Beuteln mit Pfirsichgeschmack inspiriert haben.\u00a0\u00a0<\/p><\/div>\n\n\n\n<div class=\"wp-block-uagb-advanced-heading uagb-block-d955f55d\"><p class=\"uagb-heading-text\">Anstelle von Tabak enthalten die Stingfree-Produkte Aromen, Verdickungsmittel, F\u00fcllstoffe, Salze, Nikotin, S\u00fc\u00dfstoffe, Stabilisatoren, S\u00e4ureregulatoren, Wasser und Pflanzenfasern. Nach dem Gebrauch werden die Beuteln wie normal entsorgt.<\/p><\/div>\n\n\n\n<div class=\"wp-block-uagb-advanced-heading uagb-block-2a2a16c1\"><\/div>\n<\/div>\n<\/div>\n\n\n\n<div class=\"wp-block-uagb-container table-outer-panel uagb-block-012a40cb alignfull uagb-is-root-container\"><div class=\"uagb-container-inner-blocks-wrap\">\n<div class=\"wp-block-uagb-container uagb-block-af4a4909\">\n<div class=\"wp-block-uagb-advanced-heading uagb-block-222f588b\" data-aos=\"slide-up\"><h2 class=\"uagb-heading-text\">Fakten \u00fcber das Produkt<\/h2><\/div>\n\n\n\n<figure class=\"wp-block-table is-style-stripes  stingfree-table-outer\" data-aos=\"slide-up\"><table><tbody><tr><td><strong>Handelsmarke<\/strong><\/td><td>Stingfree<\/td><\/tr><tr><td><strong>Produkttyp<\/strong><\/td><td>Stingfree Nikotinbeutel (tabakfreier wei\u00dfer Snus)<\/td><\/tr><tr><td><strong>Box<\/strong><\/td><td>Hohe Box<\/td><\/tr><tr><td><strong>Nikotinst\u00e4rke<\/strong><\/td><td>Normal<\/td><\/tr><tr><td><strong>Nikotingehalt<\/strong><\/td><td>8 mg\/g<\/td><\/tr><tr><td><strong>Nikotin pro Beutel<\/strong><\/td><td>4 mg von<\/td><\/tr><tr><td><strong>Geschmacksrichtung<\/strong><\/td><td>Pfirsich<\/td><\/tr><tr><td><strong>Inhalt\/Verpackung<\/strong><\/td><td>11 g<\/td><\/tr><tr><td><strong>Format<\/strong><\/td><td>Schlank<\/td><\/tr><tr><td><strong>Produzent<\/strong><\/td><td>Stingfree AB<\/td><\/tr><\/tbody><\/table><\/figure>\n<\/div>\n<\/div><\/div>","protected":false},"excerpt":{"rendered":"<p>Stingfree California Peach&nbsp; Stingfree California Peach\u00a0\u00e4r\u00a0nikotinp\u00e5sar\u00a0med ljuvligt balanserad smak av persika och med skydd f\u00f6r tandk\u00f6ttet. En mild och h\u00e4rlig [&hellip;]<\/p>\n","protected":false},"author":3,"featured_media":0,"parent":0,"menu_order":0,"comment_status":"closed","ping_status":"closed","template":"","meta":{"_acf_changed":false,"_uag_custom_page_level_css":"","site-sidebar-layout":"default","site-content-layout":"","ast-site-content-layout":"","site-content-style":"default","site-sidebar-style":"default","ast-global-header-display":"","ast-banner-title-visibility":"","ast-main-header-display":"","ast-hfb-above-header-display":"","ast-hfb-below-header-display":"","ast-hfb-mobile-header-display":"","site-post-title":"disabled","ast-breadcrumbs-content":"","ast-featured-img":"","footer-sml-layout":"","ast-disable-related-posts":"","theme-transparent-header-meta":"","adv-header-id-meta":"","stick-header-meta":"","header-above-stick-meta":"","header-main-stick-meta":"","header-below-stick-meta":"","astra-migrate-meta-layouts":"default","ast-page-background-enabled":"default","ast-page-background-meta":{"desktop":{"background-color":"var(--ast-global-color-4)","background-image":"","background-repeat":"repeat","background-position":"center center","background-size":"auto","background-attachment":"scroll","background-type":"","background-media":"","overlay-type":"","overlay-color":"","overlay-opacity":"","overlay-gradient":""},"tablet":{"background-color":"","background-image":"","background-repeat":"repeat","background-position":"center center","background-size":"auto","background-attachment":"scroll","background-type":"","background-media":"","overlay-type":"","overlay-color":"","overlay-opacity":"","overlay-gradient":""},"mobile":{"background-color":"","background-image":"","background-repeat":"repeat","background-position":"center center","background-size":"auto","background-attachment":"scroll","background-type":"","background-media":"","overlay-type":"","overlay-color":"","overlay-opacity":"","overlay-gradient":""}},"ast-content-background-meta":{"desktop":{"background-color":"var(--ast-global-color-5)","background-image":"","background-repeat":"repeat","background-position":"center center","background-size":"auto","background-attachment":"scroll","background-type":"","background-media":"","overlay-type":"","overlay-color":"","overlay-opacity":"","overlay-gradient":""},"tablet":{"background-color":"var(--ast-global-color-5)","background-image":"","background-repeat":"repeat","background-position":"center center","background-size":"auto","background-attachment":"scroll","background-type":"","background-media":"","overlay-type":"","overlay-color":"","overlay-opacity":"","overlay-gradient":""},"mobile":{"background-color":"var(--ast-global-color-5)","background-image":"","background-repeat":"repeat","background-position":"center center","background-size":"auto","background-attachment":"scroll","background-type":"","background-media":"","overlay-type":"","overlay-color":"","overlay-opacity":"","overlay-gradient":""}},"footnotes":""},"class_list":["post-1165","page","type-page","status-publish","hentry"],"acf":[],"yoast_head":"<!-- This site is optimized with the Yoast SEO plugin v27.4 - https:\/\/yoast.com\/product\/yoast-seo-wordpress\/ -->\n<title>Stingfree California Peach - Stingfree<\/title>\n<meta name=\"description\" content=\"Stingfree California Peach \u00e4r nikotinp\u00e5sar med ljuvligt balanserad smak av persika och med skydd f\u00f6r tandk\u00f6ttet.\" \/>\n<meta name=\"robots\" content=\"index, follow, max-snippet:-1, max-image-preview:large, max-video-preview:-1\" \/>\n<link rel=\"canonical\" href=\"https:\/\/stingfreesnus.se\/de\/kalifornischer-pfirsich\/\" \/>\n<meta property=\"og:locale\" content=\"de_DE\" \/>\n<meta property=\"og:type\" content=\"article\" \/>\n<meta property=\"og:title\" content=\"Stingfree California Peach - Stingfree\" \/>\n<meta property=\"og:description\" content=\"Stingfree California Peach \u00e4r nikotinp\u00e5sar med ljuvligt balanserad smak av persika och med skydd f\u00f6r tandk\u00f6ttet.\" \/>\n<meta property=\"og:url\" content=\"https:\/\/stingfreesnus.se\/de\/kalifornischer-pfirsich\/\" \/>\n<meta property=\"og:site_name\" content=\"Stingfree\" \/>\n<meta property=\"article:publisher\" content=\"https:\/\/www.facebook.com\/stingfreesnus\" \/>\n<meta property=\"article:modified_time\" content=\"2026-02-16T15:33:35+00:00\" \/>\n<meta property=\"og:image\" content=\"https:\/\/stingfreesnus.se\/wp-content\/uploads\/California-Peach-front-prillor.png\" \/>\n<meta name=\"twitter:card\" content=\"summary_large_image\" \/>\n<meta name=\"twitter:site\" content=\"@Stingfreesnus\" \/>\n<meta name=\"twitter:label1\" content=\"Gesch\u00e4tzte Lesezeit\" \/>\n\t<meta name=\"twitter:data1\" content=\"2\u00a0Minuten\" \/>\n<script type=\"application\/ld+json\" class=\"yoast-schema-graph\">{\"@context\":\"https:\\\/\\\/schema.org\",\"@graph\":[{\"@type\":\"WebPage\",\"@id\":\"https:\\\/\\\/stingfreesnus.se\\\/california-peach\\\/\",\"url\":\"https:\\\/\\\/stingfreesnus.se\\\/california-peach\\\/\",\"name\":\"Stingfree California Peach - Stingfree\",\"isPartOf\":{\"@id\":\"https:\\\/\\\/stingfreesnus.se\\\/#website\"},\"primaryImageOfPage\":{\"@id\":\"https:\\\/\\\/stingfreesnus.se\\\/california-peach\\\/#primaryimage\"},\"image\":{\"@id\":\"https:\\\/\\\/stingfreesnus.se\\\/california-peach\\\/#primaryimage\"},\"thumbnailUrl\":\"https:\\\/\\\/stingfreesnus.se\\\/wp-content\\\/uploads\\\/California-Peach-front-prillor.png\",\"datePublished\":\"2023-12-18T14:25:05+00:00\",\"dateModified\":\"2026-02-16T15:33:35+00:00\",\"description\":\"Stingfree California Peach \u00e4r nikotinp\u00e5sar med ljuvligt balanserad smak av persika och med skydd f\u00f6r tandk\u00f6ttet.\",\"breadcrumb\":{\"@id\":\"https:\\\/\\\/stingfreesnus.se\\\/california-peach\\\/#breadcrumb\"},\"inLanguage\":\"de\",\"potentialAction\":[{\"@type\":\"ReadAction\",\"target\":[\"https:\\\/\\\/stingfreesnus.se\\\/california-peach\\\/\"]}]},{\"@type\":\"ImageObject\",\"inLanguage\":\"de\",\"@id\":\"https:\\\/\\\/stingfreesnus.se\\\/california-peach\\\/#primaryimage\",\"url\":\"https:\\\/\\\/stingfreesnus.se\\\/wp-content\\\/uploads\\\/California-Peach-front-prillor.png\",\"contentUrl\":\"https:\\\/\\\/stingfreesnus.se\\\/wp-content\\\/uploads\\\/California-Peach-front-prillor.png\"},{\"@type\":\"BreadcrumbList\",\"@id\":\"https:\\\/\\\/stingfreesnus.se\\\/california-peach\\\/#breadcrumb\",\"itemListElement\":[{\"@type\":\"ListItem\",\"position\":1,\"name\":\"Hem\",\"item\":\"https:\\\/\\\/stingfreesnus.se\\\/\"},{\"@type\":\"ListItem\",\"position\":2,\"name\":\"Stingfree California Peach\"}]},{\"@type\":\"WebSite\",\"@id\":\"https:\\\/\\\/stingfreesnus.se\\\/#website\",\"url\":\"https:\\\/\\\/stingfreesnus.se\\\/\",\"name\":\"Stingfree\",\"description\":\"Snus med skydd mot sveda och irritation p\u00e5 tandk\u00f6ttet\",\"publisher\":{\"@id\":\"https:\\\/\\\/stingfreesnus.se\\\/#organization\"},\"potentialAction\":[{\"@type\":\"SearchAction\",\"target\":{\"@type\":\"EntryPoint\",\"urlTemplate\":\"https:\\\/\\\/stingfreesnus.se\\\/?s={search_term_string}\"},\"query-input\":{\"@type\":\"PropertyValueSpecification\",\"valueRequired\":true,\"valueName\":\"search_term_string\"}}],\"inLanguage\":\"de\"},{\"@type\":\"Organization\",\"@id\":\"https:\\\/\\\/stingfreesnus.se\\\/#organization\",\"name\":\"Stingfree\",\"url\":\"https:\\\/\\\/stingfreesnus.se\\\/\",\"logo\":{\"@type\":\"ImageObject\",\"inLanguage\":\"de\",\"@id\":\"https:\\\/\\\/stingfreesnus.se\\\/#\\\/schema\\\/logo\\\/image\\\/\",\"url\":\"https:\\\/\\\/i0.wp.com\\\/stingfreesnus.se\\\/wp-content\\\/uploads\\\/logonew.webp?fit=918%2C589&ssl=1\",\"contentUrl\":\"https:\\\/\\\/i0.wp.com\\\/stingfreesnus.se\\\/wp-content\\\/uploads\\\/logonew.webp?fit=918%2C589&ssl=1\",\"width\":918,\"height\":589,\"caption\":\"Stingfree\"},\"image\":{\"@id\":\"https:\\\/\\\/stingfreesnus.se\\\/#\\\/schema\\\/logo\\\/image\\\/\"},\"sameAs\":[\"https:\\\/\\\/www.facebook.com\\\/stingfreesnus\",\"https:\\\/\\\/x.com\\\/Stingfreesnus\"]}]}<\/script>\n<!-- \/ Yoast SEO plugin. -->","yoast_head_json":{"title":"Stingfree Kalifornien Pfirsich - Stingfree","description":"Stingfree California Peach sind Nikotinbeutel mit einem k\u00f6stlich ausgewogenen Pfirsichgeschmack und Kaugummischutz.","robots":{"index":"index","follow":"follow","max-snippet":"max-snippet:-1","max-image-preview":"max-image-preview:large","max-video-preview":"max-video-preview:-1"},"canonical":"https:\/\/stingfreesnus.se\/de\/kalifornischer-pfirsich\/","og_locale":"de_DE","og_type":"article","og_title":"Stingfree California Peach - Stingfree","og_description":"Stingfree California Peach \u00e4r nikotinp\u00e5sar med ljuvligt balanserad smak av persika och med skydd f\u00f6r tandk\u00f6ttet.","og_url":"https:\/\/stingfreesnus.se\/de\/kalifornischer-pfirsich\/","og_site_name":"Stingfree","article_publisher":"https:\/\/www.facebook.com\/stingfreesnus","article_modified_time":"2026-02-16T15:33:35+00:00","og_image":[{"url":"https:\/\/stingfreesnus.se\/wp-content\/uploads\/California-Peach-front-prillor.png","type":"","width":"","height":""}],"twitter_card":"summary_large_image","twitter_site":"@Stingfreesnus","twitter_misc":{"Gesch\u00e4tzte Lesezeit":"2\u00a0Minuten"},"schema":{"@context":"https:\/\/schema.org","@graph":[{"@type":"WebPage","@id":"https:\/\/stingfreesnus.se\/california-peach\/","url":"https:\/\/stingfreesnus.se\/california-peach\/","name":"Stingfree Kalifornien Pfirsich - Stingfree","isPartOf":{"@id":"https:\/\/stingfreesnus.se\/#website"},"primaryImageOfPage":{"@id":"https:\/\/stingfreesnus.se\/california-peach\/#primaryimage"},"image":{"@id":"https:\/\/stingfreesnus.se\/california-peach\/#primaryimage"},"thumbnailUrl":"https:\/\/stingfreesnus.se\/wp-content\/uploads\/California-Peach-front-prillor.png","datePublished":"2023-12-18T14:25:05+00:00","dateModified":"2026-02-16T15:33:35+00:00","description":"Stingfree California Peach sind Nikotinbeutel mit einem k\u00f6stlich ausgewogenen Pfirsichgeschmack und Kaugummischutz.","breadcrumb":{"@id":"https:\/\/stingfreesnus.se\/california-peach\/#breadcrumb"},"inLanguage":"de","potentialAction":[{"@type":"ReadAction","target":["https:\/\/stingfreesnus.se\/california-peach\/"]}]},{"@type":"ImageObject","inLanguage":"de","@id":"https:\/\/stingfreesnus.se\/california-peach\/#primaryimage","url":"https:\/\/stingfreesnus.se\/wp-content\/uploads\/California-Peach-front-prillor.png","contentUrl":"https:\/\/stingfreesnus.se\/wp-content\/uploads\/California-Peach-front-prillor.png"},{"@type":"BreadcrumbList","@id":"https:\/\/stingfreesnus.se\/california-peach\/#breadcrumb","itemListElement":[{"@type":"ListItem","position":1,"name":"Hem","item":"https:\/\/stingfreesnus.se\/"},{"@type":"ListItem","position":2,"name":"Stingfree California Peach"}]},{"@type":"WebSite","@id":"https:\/\/stingfreesnus.se\/#website","url":"https:\/\/stingfreesnus.se\/","name":"Stingfree","description":"Snus mit Schutz vor Brennen und Zahnfleischreizungen","publisher":{"@id":"https:\/\/stingfreesnus.se\/#organization"},"potentialAction":[{"@type":"SearchAction","target":{"@type":"EntryPoint","urlTemplate":"https:\/\/stingfreesnus.se\/?s={search_term_string}"},"query-input":{"@type":"PropertyValueSpecification","valueRequired":true,"valueName":"search_term_string"}}],"inLanguage":"de"},{"@type":"Organization","@id":"https:\/\/stingfreesnus.se\/#organization","name":"Stingfree","url":"https:\/\/stingfreesnus.se\/","logo":{"@type":"ImageObject","inLanguage":"de","@id":"https:\/\/stingfreesnus.se\/#\/schema\/logo\/image\/","url":"https:\/\/i0.wp.com\/stingfreesnus.se\/wp-content\/uploads\/logonew.webp?fit=918%2C589&ssl=1","contentUrl":"https:\/\/i0.wp.com\/stingfreesnus.se\/wp-content\/uploads\/logonew.webp?fit=918%2C589&ssl=1","width":918,"height":589,"caption":"Stingfree"},"image":{"@id":"https:\/\/stingfreesnus.se\/#\/schema\/logo\/image\/"},"sameAs":["https:\/\/www.facebook.com\/stingfreesnus","https:\/\/x.com\/Stingfreesnus"]}]}},"uagb_featured_image_src":{"full":false,"thumbnail":false,"medium":false,"medium_large":false,"large":false,"1536x1536":false,"2048x2048":false,"trp-custom-language-flag":false,"woocommerce_thumbnail":false,"woocommerce_single":false,"woocommerce_gallery_thumbnail":false},"uagb_author_info":{"display_name":"Daniel","author_link":"https:\/\/stingfreesnus.se\/de\/author\/daniel\/"},"uagb_comment_info":0,"uagb_excerpt":"Stingfree California Peach&nbsp; Stingfree California Peach\u00a0\u00e4r\u00a0nikotinp\u00e5sar\u00a0med ljuvligt balanserad smak av persika och med skydd f\u00f6r tandk\u00f6ttet. En mild och h\u00e4rlig [&hellip;]","jetpack_likes_enabled":true,"jetpack_sharing_enabled":true,"_links":{"self":[{"href":"https:\/\/stingfreesnus.se\/de\/wp-json\/wp\/v2\/pages\/1165","targetHints":{"allow":["GET"]}}],"collection":[{"href":"https:\/\/stingfreesnus.se\/de\/wp-json\/wp\/v2\/pages"}],"about":[{"href":"https:\/\/stingfreesnus.se\/de\/wp-json\/wp\/v2\/types\/page"}],"author":[{"embeddable":true,"href":"https:\/\/stingfreesnus.se\/de\/wp-json\/wp\/v2\/users\/3"}],"replies":[{"embeddable":true,"href":"https:\/\/stingfreesnus.se\/de\/wp-json\/wp\/v2\/comments?post=1165"}],"version-history":[{"count":27,"href":"https:\/\/stingfreesnus.se\/de\/wp-json\/wp\/v2\/pages\/1165\/revisions"}],"predecessor-version":[{"id":5261,"href":"https:\/\/stingfreesnus.se\/de\/wp-json\/wp\/v2\/pages\/1165\/revisions\/5261"}],"wp:attachment":[{"href":"https:\/\/stingfreesnus.se\/de\/wp-json\/wp\/v2\/media?parent=1165"}],"curies":[{"name":"wp","href":"https:\/\/api.w.org\/{rel}","templated":true}]}}