{"id":1189,"date":"2023-12-20T12:20:43","date_gmt":"2023-12-20T11:20:43","guid":{"rendered":"https:\/\/stingfreesnus.se\/?page_id=1189"},"modified":"2026-02-16T16:37:29","modified_gmt":"2026-02-16T15:37:29","slug":"malteser-zitrone","status":"publish","type":"page","link":"https:\/\/stingfreesnus.se\/de\/maltese-lemon\/","title":{"rendered":"Stingfree Maltese Lemon"},"content":{"rendered":"<div class=\"wp-block-columns stingfree-carribean-baner container-width is-layout-flex wp-container-core-columns-is-layout-5daf5506 wp-block-columns-is-layout-flex\" style=\"padding-top:80px;padding-right:0;padding-bottom:70px;padding-left:0\">\n<div class=\"wp-block-column is-layout-flow wp-block-column-is-layout-flow\" style=\"flex-basis:50%\">\n\n\n<figure class=\"wp-block-image aligncenter size-full single-product-img\"><img data-recalc-dims=\"1\" loading=\"lazy\" decoding=\"async\" width=\"700\" height=\"696\" src=\"https:\/\/i0.wp.com\/stingfreesnus.se\/wp-content\/uploads\/Maltese-Lemon-deutsch-top.png?resize=700%2C696&#038;ssl=1\" alt=\"\" class=\"wp-image-5048\" srcset=\"https:\/\/i0.wp.com\/stingfreesnus.se\/wp-content\/uploads\/Maltese-Lemon-deutsch-top.png?w=700&amp;ssl=1 700w, https:\/\/i0.wp.com\/stingfreesnus.se\/wp-content\/uploads\/Maltese-Lemon-deutsch-top.png?resize=300%2C298&amp;ssl=1 300w, https:\/\/i0.wp.com\/stingfreesnus.se\/wp-content\/uploads\/Maltese-Lemon-deutsch-top.png?resize=150%2C150&amp;ssl=1 150w, https:\/\/i0.wp.com\/stingfreesnus.se\/wp-content\/uploads\/Maltese-Lemon-deutsch-top.png?resize=12%2C12&amp;ssl=1 12w\" sizes=\"auto, (max-width: 700px) 100vw, 700px\" \/><\/figure>\n\n\n\n\n\n<div class=\"wp-block-buttons caribbean-banner-button  orange-btn is-content-justification-center is-layout-flex wp-container-core-buttons-is-layout-a89b3969 wp-block-buttons-is-layout-flex\" data-aos=\"fade-up\">\n<div class=\"wp-block-button is-style-fill\"><a class=\"wp-block-button__link has-background has-custom-font-size wp-element-button\" href=\"https:\/\/stingfreesnus.se\/de\/#KopStingfree\" style=\"border-radius:10px;background-color:#eb5648;padding-top:17px;padding-right:35px;padding-bottom:17px;padding-left:35px;font-size:18px\">Stingfree Maltese Lemon kaufen<\/a><\/div>\n<\/div>\n<\/div>\n\n\n\n<div class=\"wp-block-column is-vertically-aligned-center is-layout-flow wp-block-column-is-layout-flow\" style=\"padding-left:0px;flex-basis:50%\" data-aos=\"fade-right\">\n<div class=\"wp-block-uagb-advanced-heading uagb-block-775f56fb\"><h1 class=\"uagb-heading-text\">Stingfree Maltese Lemon&nbsp;<\/h1><\/div>\n\n\n\n<div class=\"wp-block-uagb-advanced-heading uagb-block-a95c38f0\"><p class=\"uagb-heading-text\"><strong>Stingfree Maltese Lemon<\/strong>\u00a0ist die perfekte Wahl f\u00fcr alle, die ein k\u00f6stlich herbes und s\u00fc\u00dfes Snus-Erlebnis aus Nikotinbeuteln mit <strong>erfrischendes Zitrusaroma ohne Brennen am Zahnfleisch. <\/strong>Die gut gef\u00fcllten Beuteln sind im Slimformat, so dass sie unter der Lippe unauff\u00e4llig sind.<\/p><\/div>\n\n\n\n<div class=\"wp-block-uagb-advanced-heading uagb-block-08c3c8e9\"><p class=\"uagb-heading-text\">Was Stingfree Snus von anderen Nikotinbeuteln und Snus-Sorten unterscheidet, ist sein innovatives Design. Jeder Beutel hat eine eingebaute Barriere, um Brennen und Reizungen des Zahnfleisches zu verhindern. <strong>Die blaue Seite wird gegen das Zahnfleisch gelegt.<\/strong> Die Barriere tr\u00e4gt auch zu einem l\u00e4ngeren Geschmacks- und Nikotinerlebnis im Vergleich zu herk\u00f6mmliche Sorten bei.<\/p><\/div>\n\n\n\n<div class=\"wp-block-uagb-advanced-heading uagb-block-b9d91283\"><p class=\"uagb-heading-text\">Malta ist die Heimat einiger erstaunlicher Zitrusfr\u00fcchte, die in der glorreichen mediterranen Hitze wunderbar duften. Wir von Stingfree AB haben viel Zeit auf Malta verbracht und hoffen, dass Stingfree Maltese Lemon Ihnen einen Eindruck von den herrlichen Felsstr\u00e4nden und dem glitzernden Meer vermitteln.\u00a0<\/p><\/div>\n\n\n\n<div class=\"wp-block-uagb-advanced-heading uagb-block-6fc9ee05\"><p class=\"uagb-heading-text\">Zitrusfr\u00fcchte sind ein wunderbar erfrischender Geschmack, aber Zitrusfr\u00fcchte k\u00f6nnen auch das Zahnfleisch angreifen, daher sollten Sie den Geschmack immer mit die Protex Komfortschicht kombinieren.<\/p><\/div>\n\n\n\n<div class=\"wp-block-uagb-advanced-heading uagb-block-a9a9dfc2\"><p class=\"uagb-heading-text\">Anstelle von Tabak enthalten die Stingfree-Produkte Aromen, Verdickungsmittel, F\u00fcllstoffe, Salze, Nikotin, S\u00fc\u00dfstoffe, Stabilisatoren, S\u00e4ureregulatoren, Wasser und Pflanzenfasern. Nach dem Gebrauch werden die Beuteln wie normal entsorgt.<br><a href=\"https:\/\/stingfreesnus.se\/de\/kopf-hat\/\"><\/a><\/p><\/div>\n<\/div>\n<\/div>\n\n\n\n<div class=\"wp-block-uagb-container table-outer-panel uagb-block-012a40cb alignfull uagb-is-root-container\"><div class=\"uagb-container-inner-blocks-wrap\">\n<div class=\"wp-block-uagb-container uagb-block-af4a4909\">\n<div class=\"wp-block-uagb-advanced-heading uagb-block-222f588b\" data-aos=\"slide-up\"><h2 class=\"uagb-heading-text\">Fakten \u00fcber das Produkt<\/h2><\/div>\n\n\n\n<figure class=\"wp-block-table is-style-stripes  stingfree-table-outer\" data-aos=\"slide-up\"><table><tbody><tr><td><strong>Handelsmarke<\/strong><\/td><td>Stingfree<\/td><\/tr><tr><td><strong>Produkttyp<\/strong><\/td><td>Stingfree Nikotinbeutel (tabakfreier wei\u00dfer Snus)<\/td><\/tr><tr><td><strong>Box<\/strong><\/td><td>Hohe Box<\/td><\/tr><tr><td><strong>Nikotinst\u00e4rke<\/strong><\/td><td>Normal<\/td><\/tr><tr><td><strong>Nikotingehalt<\/strong><\/td><td>8 mg\/g<\/td><\/tr><tr><td><strong>Nikotin pro Beutel<\/strong><\/td><td>4 mg von<\/td><\/tr><tr><td><strong>Geschmacksrichtung<\/strong><\/td><td>Zitrusfr\u00fcchte<\/td><\/tr><tr><td><strong>Inhalt\/Verpackung<\/strong><\/td><td>11 g<\/td><\/tr><tr><td><strong>Format<\/strong><\/td><td>Schlank<\/td><\/tr><tr><td><strong>Produzent<\/strong><\/td><td>Stingfree AB<\/td><\/tr><\/tbody><\/table><\/figure>\n<\/div>\n<\/div><\/div>","protected":false},"excerpt":{"rendered":"<p>Stingfree Maltese Lemon&nbsp; Stingfree Maltese Lemon\u00a0\u00e4r det perfekta valet f\u00f6r dig som vill njuta av en h\u00e4rligt syrlig och s\u00f6t [&hellip;]<\/p>\n","protected":false},"author":3,"featured_media":0,"parent":0,"menu_order":0,"comment_status":"closed","ping_status":"closed","template":"","meta":{"_acf_changed":false,"_uag_custom_page_level_css":"","site-sidebar-layout":"default","site-content-layout":"","ast-site-content-layout":"","site-content-style":"default","site-sidebar-style":"default","ast-global-header-display":"","ast-banner-title-visibility":"","ast-main-header-display":"","ast-hfb-above-header-display":"","ast-hfb-below-header-display":"","ast-hfb-mobile-header-display":"","site-post-title":"disabled","ast-breadcrumbs-content":"","ast-featured-img":"","footer-sml-layout":"","ast-disable-related-posts":"","theme-transparent-header-meta":"","adv-header-id-meta":"","stick-header-meta":"","header-above-stick-meta":"","header-main-stick-meta":"","header-below-stick-meta":"","astra-migrate-meta-layouts":"default","ast-page-background-enabled":"default","ast-page-background-meta":{"desktop":{"background-color":"var(--ast-global-color-4)","background-image":"","background-repeat":"repeat","background-position":"center center","background-size":"auto","background-attachment":"scroll","background-type":"","background-media":"","overlay-type":"","overlay-color":"","overlay-opacity":"","overlay-gradient":""},"tablet":{"background-color":"","background-image":"","background-repeat":"repeat","background-position":"center center","background-size":"auto","background-attachment":"scroll","background-type":"","background-media":"","overlay-type":"","overlay-color":"","overlay-opacity":"","overlay-gradient":""},"mobile":{"background-color":"","background-image":"","background-repeat":"repeat","background-position":"center center","background-size":"auto","background-attachment":"scroll","background-type":"","background-media":"","overlay-type":"","overlay-color":"","overlay-opacity":"","overlay-gradient":""}},"ast-content-background-meta":{"desktop":{"background-color":"var(--ast-global-color-5)","background-image":"","background-repeat":"repeat","background-position":"center center","background-size":"auto","background-attachment":"scroll","background-type":"","background-media":"","overlay-type":"","overlay-color":"","overlay-opacity":"","overlay-gradient":""},"tablet":{"background-color":"var(--ast-global-color-5)","background-image":"","background-repeat":"repeat","background-position":"center center","background-size":"auto","background-attachment":"scroll","background-type":"","background-media":"","overlay-type":"","overlay-color":"","overlay-opacity":"","overlay-gradient":""},"mobile":{"background-color":"var(--ast-global-color-5)","background-image":"","background-repeat":"repeat","background-position":"center center","background-size":"auto","background-attachment":"scroll","background-type":"","background-media":"","overlay-type":"","overlay-color":"","overlay-opacity":"","overlay-gradient":""}},"footnotes":""},"class_list":["post-1189","page","type-page","status-publish","hentry"],"acf":[],"yoast_head":"<!-- This site is optimized with the Yoast SEO plugin v27.4 - https:\/\/yoast.com\/product\/yoast-seo-wordpress\/ -->\n<title>Stingfree Maltese Lemon - Stingfree<\/title>\n<meta name=\"description\" content=\"Stingfree Maltese Lemon \u00e4r det perfekta valet f\u00f6r dig som vill njuta av en h\u00e4rligt syrlig och s\u00f6t snusupplevelse av nikotinp\u00e5sar med uppfriskande smak av citrus och skydd f\u00f6r tandk\u00f6ttet.\" \/>\n<meta name=\"robots\" content=\"index, follow, max-snippet:-1, max-image-preview:large, max-video-preview:-1\" \/>\n<link rel=\"canonical\" href=\"https:\/\/stingfreesnus.se\/de\/malteser-zitrone\/\" \/>\n<meta property=\"og:locale\" content=\"de_DE\" \/>\n<meta property=\"og:type\" content=\"article\" \/>\n<meta property=\"og:title\" content=\"Stingfree Maltese Lemon - Stingfree\" \/>\n<meta property=\"og:description\" content=\"Stingfree Maltese Lemon \u00e4r det perfekta valet f\u00f6r dig som vill njuta av en h\u00e4rligt syrlig och s\u00f6t snusupplevelse av nikotinp\u00e5sar med uppfriskande smak av citrus och skydd f\u00f6r tandk\u00f6ttet.\" \/>\n<meta property=\"og:url\" content=\"https:\/\/stingfreesnus.se\/de\/malteser-zitrone\/\" \/>\n<meta property=\"og:site_name\" content=\"Stingfree\" \/>\n<meta property=\"article:publisher\" content=\"https:\/\/www.facebook.com\/stingfreesnus\" \/>\n<meta property=\"article:modified_time\" content=\"2026-02-16T15:37:29+00:00\" \/>\n<meta property=\"og:image\" content=\"https:\/\/stingfreesnus.se\/wp-content\/uploads\/Maltese-Lemon-front-prillor.png\" \/>\n<meta name=\"twitter:card\" content=\"summary_large_image\" \/>\n<meta name=\"twitter:site\" content=\"@Stingfreesnus\" \/>\n<meta name=\"twitter:label1\" content=\"Gesch\u00e4tzte Lesezeit\" \/>\n\t<meta name=\"twitter:data1\" content=\"2\u00a0Minuten\" \/>\n<script type=\"application\/ld+json\" class=\"yoast-schema-graph\">{\"@context\":\"https:\\\/\\\/schema.org\",\"@graph\":[{\"@type\":\"WebPage\",\"@id\":\"https:\\\/\\\/stingfreesnus.se\\\/maltese-lemon\\\/\",\"url\":\"https:\\\/\\\/stingfreesnus.se\\\/maltese-lemon\\\/\",\"name\":\"Stingfree Maltese Lemon - Stingfree\",\"isPartOf\":{\"@id\":\"https:\\\/\\\/stingfreesnus.se\\\/#website\"},\"primaryImageOfPage\":{\"@id\":\"https:\\\/\\\/stingfreesnus.se\\\/maltese-lemon\\\/#primaryimage\"},\"image\":{\"@id\":\"https:\\\/\\\/stingfreesnus.se\\\/maltese-lemon\\\/#primaryimage\"},\"thumbnailUrl\":\"https:\\\/\\\/stingfreesnus.se\\\/wp-content\\\/uploads\\\/Maltese-Lemon-front-prillor.png\",\"datePublished\":\"2023-12-20T11:20:43+00:00\",\"dateModified\":\"2026-02-16T15:37:29+00:00\",\"description\":\"Stingfree Maltese Lemon \u00e4r det perfekta valet f\u00f6r dig som vill njuta av en h\u00e4rligt syrlig och s\u00f6t snusupplevelse av nikotinp\u00e5sar med uppfriskande smak av citrus och skydd f\u00f6r tandk\u00f6ttet.\",\"breadcrumb\":{\"@id\":\"https:\\\/\\\/stingfreesnus.se\\\/maltese-lemon\\\/#breadcrumb\"},\"inLanguage\":\"de\",\"potentialAction\":[{\"@type\":\"ReadAction\",\"target\":[\"https:\\\/\\\/stingfreesnus.se\\\/maltese-lemon\\\/\"]}]},{\"@type\":\"ImageObject\",\"inLanguage\":\"de\",\"@id\":\"https:\\\/\\\/stingfreesnus.se\\\/maltese-lemon\\\/#primaryimage\",\"url\":\"https:\\\/\\\/stingfreesnus.se\\\/wp-content\\\/uploads\\\/Maltese-Lemon-front-prillor.png\",\"contentUrl\":\"https:\\\/\\\/stingfreesnus.se\\\/wp-content\\\/uploads\\\/Maltese-Lemon-front-prillor.png\"},{\"@type\":\"BreadcrumbList\",\"@id\":\"https:\\\/\\\/stingfreesnus.se\\\/maltese-lemon\\\/#breadcrumb\",\"itemListElement\":[{\"@type\":\"ListItem\",\"position\":1,\"name\":\"Hem\",\"item\":\"https:\\\/\\\/stingfreesnus.se\\\/\"},{\"@type\":\"ListItem\",\"position\":2,\"name\":\"Stingfree Maltese Lemon\"}]},{\"@type\":\"WebSite\",\"@id\":\"https:\\\/\\\/stingfreesnus.se\\\/#website\",\"url\":\"https:\\\/\\\/stingfreesnus.se\\\/\",\"name\":\"Stingfree\",\"description\":\"Snus med skydd mot sveda och irritation p\u00e5 tandk\u00f6ttet\",\"publisher\":{\"@id\":\"https:\\\/\\\/stingfreesnus.se\\\/#organization\"},\"potentialAction\":[{\"@type\":\"SearchAction\",\"target\":{\"@type\":\"EntryPoint\",\"urlTemplate\":\"https:\\\/\\\/stingfreesnus.se\\\/?s={search_term_string}\"},\"query-input\":{\"@type\":\"PropertyValueSpecification\",\"valueRequired\":true,\"valueName\":\"search_term_string\"}}],\"inLanguage\":\"de\"},{\"@type\":\"Organization\",\"@id\":\"https:\\\/\\\/stingfreesnus.se\\\/#organization\",\"name\":\"Stingfree\",\"url\":\"https:\\\/\\\/stingfreesnus.se\\\/\",\"logo\":{\"@type\":\"ImageObject\",\"inLanguage\":\"de\",\"@id\":\"https:\\\/\\\/stingfreesnus.se\\\/#\\\/schema\\\/logo\\\/image\\\/\",\"url\":\"https:\\\/\\\/i0.wp.com\\\/stingfreesnus.se\\\/wp-content\\\/uploads\\\/logonew.webp?fit=918%2C589&ssl=1\",\"contentUrl\":\"https:\\\/\\\/i0.wp.com\\\/stingfreesnus.se\\\/wp-content\\\/uploads\\\/logonew.webp?fit=918%2C589&ssl=1\",\"width\":918,\"height\":589,\"caption\":\"Stingfree\"},\"image\":{\"@id\":\"https:\\\/\\\/stingfreesnus.se\\\/#\\\/schema\\\/logo\\\/image\\\/\"},\"sameAs\":[\"https:\\\/\\\/www.facebook.com\\\/stingfreesnus\",\"https:\\\/\\\/x.com\\\/Stingfreesnus\"]}]}<\/script>\n<!-- \/ Yoast SEO plugin. -->","yoast_head_json":{"title":"Stingfree Malteser Zitrone - Stingfree","description":"Stingfree Maltese Lemon ist die perfekte Wahl f\u00fcr alle, die ein k\u00f6stlich s\u00e4uerliches und s\u00fc\u00dfes Snus-Erlebnis aus Nikotinbeuteln mit einem erfrischenden Zitrusgeschmack und Kaugummischutz genie\u00dfen m\u00f6chten.","robots":{"index":"index","follow":"follow","max-snippet":"max-snippet:-1","max-image-preview":"max-image-preview:large","max-video-preview":"max-video-preview:-1"},"canonical":"https:\/\/stingfreesnus.se\/de\/malteser-zitrone\/","og_locale":"de_DE","og_type":"article","og_title":"Stingfree Maltese Lemon - Stingfree","og_description":"Stingfree Maltese Lemon \u00e4r det perfekta valet f\u00f6r dig som vill njuta av en h\u00e4rligt syrlig och s\u00f6t snusupplevelse av nikotinp\u00e5sar med uppfriskande smak av citrus och skydd f\u00f6r tandk\u00f6ttet.","og_url":"https:\/\/stingfreesnus.se\/de\/malteser-zitrone\/","og_site_name":"Stingfree","article_publisher":"https:\/\/www.facebook.com\/stingfreesnus","article_modified_time":"2026-02-16T15:37:29+00:00","og_image":[{"url":"https:\/\/stingfreesnus.se\/wp-content\/uploads\/Maltese-Lemon-front-prillor.png","type":"","width":"","height":""}],"twitter_card":"summary_large_image","twitter_site":"@Stingfreesnus","twitter_misc":{"Gesch\u00e4tzte Lesezeit":"2\u00a0Minuten"},"schema":{"@context":"https:\/\/schema.org","@graph":[{"@type":"WebPage","@id":"https:\/\/stingfreesnus.se\/maltese-lemon\/","url":"https:\/\/stingfreesnus.se\/maltese-lemon\/","name":"Stingfree Malteser Zitrone - Stingfree","isPartOf":{"@id":"https:\/\/stingfreesnus.se\/#website"},"primaryImageOfPage":{"@id":"https:\/\/stingfreesnus.se\/maltese-lemon\/#primaryimage"},"image":{"@id":"https:\/\/stingfreesnus.se\/maltese-lemon\/#primaryimage"},"thumbnailUrl":"https:\/\/stingfreesnus.se\/wp-content\/uploads\/Maltese-Lemon-front-prillor.png","datePublished":"2023-12-20T11:20:43+00:00","dateModified":"2026-02-16T15:37:29+00:00","description":"Stingfree Maltese Lemon ist die perfekte Wahl f\u00fcr alle, die ein k\u00f6stlich s\u00e4uerliches und s\u00fc\u00dfes Snus-Erlebnis aus Nikotinbeuteln mit einem erfrischenden Zitrusgeschmack und Kaugummischutz genie\u00dfen m\u00f6chten.","breadcrumb":{"@id":"https:\/\/stingfreesnus.se\/maltese-lemon\/#breadcrumb"},"inLanguage":"de","potentialAction":[{"@type":"ReadAction","target":["https:\/\/stingfreesnus.se\/maltese-lemon\/"]}]},{"@type":"ImageObject","inLanguage":"de","@id":"https:\/\/stingfreesnus.se\/maltese-lemon\/#primaryimage","url":"https:\/\/stingfreesnus.se\/wp-content\/uploads\/Maltese-Lemon-front-prillor.png","contentUrl":"https:\/\/stingfreesnus.se\/wp-content\/uploads\/Maltese-Lemon-front-prillor.png"},{"@type":"BreadcrumbList","@id":"https:\/\/stingfreesnus.se\/maltese-lemon\/#breadcrumb","itemListElement":[{"@type":"ListItem","position":1,"name":"Hem","item":"https:\/\/stingfreesnus.se\/"},{"@type":"ListItem","position":2,"name":"Stingfree Maltese Lemon"}]},{"@type":"WebSite","@id":"https:\/\/stingfreesnus.se\/#website","url":"https:\/\/stingfreesnus.se\/","name":"Stingfree","description":"Snus mit Schutz vor Brennen und Zahnfleischreizungen","publisher":{"@id":"https:\/\/stingfreesnus.se\/#organization"},"potentialAction":[{"@type":"SearchAction","target":{"@type":"EntryPoint","urlTemplate":"https:\/\/stingfreesnus.se\/?s={search_term_string}"},"query-input":{"@type":"PropertyValueSpecification","valueRequired":true,"valueName":"search_term_string"}}],"inLanguage":"de"},{"@type":"Organization","@id":"https:\/\/stingfreesnus.se\/#organization","name":"Stingfree","url":"https:\/\/stingfreesnus.se\/","logo":{"@type":"ImageObject","inLanguage":"de","@id":"https:\/\/stingfreesnus.se\/#\/schema\/logo\/image\/","url":"https:\/\/i0.wp.com\/stingfreesnus.se\/wp-content\/uploads\/logonew.webp?fit=918%2C589&ssl=1","contentUrl":"https:\/\/i0.wp.com\/stingfreesnus.se\/wp-content\/uploads\/logonew.webp?fit=918%2C589&ssl=1","width":918,"height":589,"caption":"Stingfree"},"image":{"@id":"https:\/\/stingfreesnus.se\/#\/schema\/logo\/image\/"},"sameAs":["https:\/\/www.facebook.com\/stingfreesnus","https:\/\/x.com\/Stingfreesnus"]}]}},"uagb_featured_image_src":{"full":false,"thumbnail":false,"medium":false,"medium_large":false,"large":false,"1536x1536":false,"2048x2048":false,"trp-custom-language-flag":false,"woocommerce_thumbnail":false,"woocommerce_single":false,"woocommerce_gallery_thumbnail":false},"uagb_author_info":{"display_name":"Daniel","author_link":"https:\/\/stingfreesnus.se\/de\/author\/daniel\/"},"uagb_comment_info":0,"uagb_excerpt":"Stingfree Maltese Lemon&nbsp; Stingfree Maltese Lemon\u00a0\u00e4r det perfekta valet f\u00f6r dig som vill njuta av en h\u00e4rligt syrlig och s\u00f6t [&hellip;]","jetpack_likes_enabled":true,"jetpack_sharing_enabled":true,"_links":{"self":[{"href":"https:\/\/stingfreesnus.se\/de\/wp-json\/wp\/v2\/pages\/1189","targetHints":{"allow":["GET"]}}],"collection":[{"href":"https:\/\/stingfreesnus.se\/de\/wp-json\/wp\/v2\/pages"}],"about":[{"href":"https:\/\/stingfreesnus.se\/de\/wp-json\/wp\/v2\/types\/page"}],"author":[{"embeddable":true,"href":"https:\/\/stingfreesnus.se\/de\/wp-json\/wp\/v2\/users\/3"}],"replies":[{"embeddable":true,"href":"https:\/\/stingfreesnus.se\/de\/wp-json\/wp\/v2\/comments?post=1189"}],"version-history":[{"count":22,"href":"https:\/\/stingfreesnus.se\/de\/wp-json\/wp\/v2\/pages\/1189\/revisions"}],"predecessor-version":[{"id":5264,"href":"https:\/\/stingfreesnus.se\/de\/wp-json\/wp\/v2\/pages\/1189\/revisions\/5264"}],"wp:attachment":[{"href":"https:\/\/stingfreesnus.se\/de\/wp-json\/wp\/v2\/media?parent=1189"}],"curies":[{"name":"wp","href":"https:\/\/api.w.org\/{rel}","templated":true}]}}