{"id":651,"date":"2023-11-01T23:33:44","date_gmt":"2023-11-01T22:33:44","guid":{"rendered":"https:\/\/stingfreesnus.se\/?page_id=651"},"modified":"2024-02-12T11:06:50","modified_gmt":"2024-02-12T10:06:50","slug":"aufhoren-zu-schnuffeln","status":"publish","type":"page","link":"https:\/\/stingfreesnus.se\/de\/sluta-snusa\/","title":{"rendered":"Aufh\u00f6ren mit Snus - Ein Leitfaden"},"content":{"rendered":"<figure class=\"wp-block-image size-full\"><img data-recalc-dims=\"1\" loading=\"lazy\" decoding=\"async\" width=\"1607\" height=\"2047\" src=\"https:\/\/i0.wp.com\/stingfreesnus.se\/wp-content\/uploads\/sluta-snusa-guide.jpg?resize=1607%2C2047&#038;ssl=1\" alt=\"Stop snus - Ein Leitfaden f\u00fcr alle, die mit Snus aufh\u00f6ren wollen\" class=\"wp-image-1315\" srcset=\"https:\/\/i0.wp.com\/stingfreesnus.se\/wp-content\/uploads\/sluta-snusa-guide.jpg?w=1607&amp;ssl=1 1607w, https:\/\/i0.wp.com\/stingfreesnus.se\/wp-content\/uploads\/sluta-snusa-guide.jpg?resize=236%2C300&amp;ssl=1 236w, https:\/\/i0.wp.com\/stingfreesnus.se\/wp-content\/uploads\/sluta-snusa-guide.jpg?resize=804%2C1024&amp;ssl=1 804w, https:\/\/i0.wp.com\/stingfreesnus.se\/wp-content\/uploads\/sluta-snusa-guide.jpg?resize=768%2C978&amp;ssl=1 768w, https:\/\/i0.wp.com\/stingfreesnus.se\/wp-content\/uploads\/sluta-snusa-guide.jpg?resize=1206%2C1536&amp;ssl=1 1206w\" sizes=\"auto, (max-width: 1000px) 100vw, 1000px\" \/><figcaption class=\"wp-element-caption\">Stop snus - Ein Leitfaden f\u00fcr alle, denen es schwer f\u00e4llt, mit dem Rauchen oder Snus aufzuh\u00f6ren<\/figcaption><\/figure>\n\n\n\n<p>Snus ist in Schweden eine weit verbreitete Gewohnheit, aber viele Menschen wollen aus verschiedenen Gr\u00fcnden mit dem Snuskonsum aufh\u00f6ren. Einige wollen mit dem Rauchen aufh\u00f6ren oder keinen Snus mit Tabak mehr verwenden und auf tabakfreien wei\u00dfen Snus umsteigen, bekannt als <a previewlistener=\"true\" href=\"https:\/\/stingfreesnus.se\/de\/\">Nikotinbeuteln<\/a>. Das kann schwierig genug sein und erfordert einen Plan. Der Wechsel von Tabak oder losem Snus zu Nikotinbeuteln kann auch ein Schritt auf dem Weg zur Snusfreiheit sein. Andere wollen ganz auf Snus und Nikotin verzichten. Hier ist ein Leitfaden, der Ihnen helfen soll, mit Snus aufzuh\u00f6ren.<\/p>\n\n\n\n<h2 class=\"wp-block-heading\">Verstehen Sie, warum Sie mit Snus aufh\u00f6ren wollen<\/h2>\n\n\n\n<p>Der erste Schritt, um mit Snus aufzuh\u00f6ren, besteht darin, zu verstehen, warum Sie aufh\u00f6ren wollen. Vielleicht wollen Sie Ihr Leben verbessern <a href=\"https:\/\/stingfreesnus.se\/de\/schnupfenhusten\/\">Mundgesundheit<\/a>, Sparen Sie Geld, oder f\u00fchlen Sie sich einfach frei von der Sucht. Schreiben Sie Ihre Gr\u00fcnde auf und sehen Sie sie sich an, wenn Sie den Drang versp\u00fcren, zu schn\u00fcffeln. Es ist wichtig, dass es Ihre eigenen Gr\u00fcnde sind und dass Sie an sie glauben. \u00dcbernehmen Sie nicht einfach eine lange - vielleicht f\u00fcr Sie unerreichbare - Liste, die Sie beim Googeln oder in der Zeitung finden. <\/p>\n\n\n\n<h2 class=\"wp-block-heading\">Ein Enddatum festlegen<\/h2>\n\n\n\n<p>W\u00e4hlen Sie ein Datum innerhalb der n\u00e4chsten zwei Wochen als Ihren ersten \u201csnusfreien Tag\u201d. So haben Sie Zeit, sich geistig und k\u00f6rperlich auf die Herausforderung vorzubereiten.<\/p>\n\n\n\n<h2 class=\"wp-block-heading\">Unterst\u00fctzung suchen<\/h2>\n\n\n\n<p>Mit Snus aufzuh\u00f6ren kann eine Herausforderung sein, und es kann sehr hilfreich sein, Unterst\u00fctzung zu haben. Dies k\u00f6nnen Freunde, Familie oder professionelle Berater sein. Es gibt auch viele Online-Ressourcen und Foren, in denen Sie Rat und Unterst\u00fctzung von anderen erhalten k\u00f6nnen, die dasselbe durchgemacht haben.<\/p>\n\n\n\n<h2 class=\"wp-block-heading\">Verwendung von Nikotinersatzprodukten<\/h2>\n\n\n\n<p>Es gibt viele verschiedene Nikotinersatzprodukte, die Ihnen bei der Bew\u00e4ltigung von Entzugserscheinungen helfen k\u00f6nnen. Dazu geh\u00f6ren Nikotinpflaster, Nikotinkaugummi, Tabletten, Inhalatoren und Sprays. Sprechen Sie mit Ihrem Arzt oder Apotheker dar\u00fcber, welches Produkt f\u00fcr Sie am besten geeignet ist.<\/p>\n\n\n\n<h2 class=\"wp-block-heading\">Umgang mit Hei\u00dfhungerattacken<\/h2>\n\n\n\n<p>Es wird Zeiten geben, in denen Sie einen starken Drang zum Schnupfen versp\u00fcren. Es ist wichtig, Strategien zu haben, um mit solchen Situationen umzugehen. Dazu k\u00f6nnen tiefes Atmen, Sport oder eine gesunde Ern\u00e4hrung geh\u00f6ren.<\/p>\n\n\n\n<p> Bei manchen Menschen hilft es, Papier, ein St\u00fcck Ingwer oder etwas anderes unter die Lippe zu legen. Mit der Zeit sollten Sie sich daran gew\u00f6hnen, etwas unter der Lippe zu haben.  <\/p>\n\n\n\n<h2 class=\"wp-block-heading\">Belohne dich selbst<\/h2>\n\n\n\n<p>Jeder Tag ohne Snus ist ein Erfolg. Belohnen Sie sich regelm\u00e4\u00dfig f\u00fcr Ihre Fortschritte. Das kann so einfach sein wie ein Gedanke daran, was Sie bisher erreicht haben. Vermeiden Sie S\u00fc\u00dfigkeiten, Softdrinks oder andere Belohnungen, bei denen Sie etwas essen oder trinken. Eine gr\u00f6\u00dfere Belohnung kann auf lange Sicht auch als zus\u00e4tzlicher Ansporn dienen und etwas sein, auf das Sie sich freuen k\u00f6nnen, wenn es schwierig wird.<\/p>\n\n\n\n<p>Denken Sie daran: Es ist nie zu sp\u00e4t, mit Snus aufzuh\u00f6ren. Mit der richtigen Unterst\u00fctzung und den richtigen Hilfsmitteln k\u00f6nnen Sie Ihre Sucht \u00fcberwinden und ein snusfreies Leben f\u00fchren. Halten Sie durch und k\u00e4mpfen Sie! Wenn Sie anfangs keinen Erfolg haben - versuchen Sie es noch einmal.<\/p>","protected":false},"excerpt":{"rendered":"<p>Snusning \u00e4r en vanlig vana i Sverige, men m\u00e5nga m\u00e4nniskor vill sluta snusa av olika sk\u00e4l. En del vill sluta [&hellip;]<\/p>\n","protected":false},"author":3,"featured_media":0,"parent":0,"menu_order":0,"comment_status":"closed","ping_status":"closed","template":"","meta":{"_acf_changed":false,"_uag_custom_page_level_css":"","site-sidebar-layout":"default","site-content-layout":"","ast-site-content-layout":"default","site-content-style":"default","site-sidebar-style":"default","ast-global-header-display":"","ast-banner-title-visibility":"","ast-main-header-display":"","ast-hfb-above-header-display":"","ast-hfb-below-header-display":"","ast-hfb-mobile-header-display":"","site-post-title":"","ast-breadcrumbs-content":"","ast-featured-img":"","footer-sml-layout":"","ast-disable-related-posts":"","theme-transparent-header-meta":"","adv-header-id-meta":"","stick-header-meta":"","header-above-stick-meta":"","header-main-stick-meta":"","header-below-stick-meta":"","astra-migrate-meta-layouts":"default","ast-page-background-enabled":"default","ast-page-background-meta":{"desktop":{"background-color":"var(--ast-global-color-5)","background-image":"","background-repeat":"repeat","background-position":"center center","background-size":"auto","background-attachment":"scroll","background-type":"","background-media":"","overlay-type":"","overlay-color":"","overlay-opacity":"","overlay-gradient":""},"tablet":{"background-color":"","background-image":"","background-repeat":"repeat","background-position":"center center","background-size":"auto","background-attachment":"scroll","background-type":"","background-media":"","overlay-type":"","overlay-color":"","overlay-opacity":"","overlay-gradient":""},"mobile":{"background-color":"","background-image":"","background-repeat":"repeat","background-position":"center center","background-size":"auto","background-attachment":"scroll","background-type":"","background-media":"","overlay-type":"","overlay-color":"","overlay-opacity":"","overlay-gradient":""}},"ast-content-background-meta":{"desktop":{"background-color":"var(--ast-global-color-4)","background-image":"","background-repeat":"repeat","background-position":"center center","background-size":"auto","background-attachment":"scroll","background-type":"","background-media":"","overlay-type":"","overlay-color":"","overlay-opacity":"","overlay-gradient":""},"tablet":{"background-color":"var(--ast-global-color-4)","background-image":"","background-repeat":"repeat","background-position":"center center","background-size":"auto","background-attachment":"scroll","background-type":"","background-media":"","overlay-type":"","overlay-color":"","overlay-opacity":"","overlay-gradient":""},"mobile":{"background-color":"var(--ast-global-color-4)","background-image":"","background-repeat":"repeat","background-position":"center center","background-size":"auto","background-attachment":"scroll","background-type":"","background-media":"","overlay-type":"","overlay-color":"","overlay-opacity":"","overlay-gradient":""}},"footnotes":""},"class_list":["post-651","page","type-page","status-publish","hentry"],"acf":[],"yoast_head":"<!-- This site is optimized with the Yoast SEO plugin v27.4 - https:\/\/yoast.com\/product\/yoast-seo-wordpress\/ -->\n<title>Att sluta snusa \u2013 En guide - Stingfree<\/title>\n<meta name=\"description\" content=\"Sluta snusa med v\u00e5r guide! B\u00f6rja med att f\u00f6rst\u00e5 varf\u00f6r just du vill sluta snusa. F\u00f6rb\u00e4ttra munh\u00e4lsa, spara pengar eller bli fri fr\u00e5n beroende.\" \/>\n<meta name=\"robots\" content=\"index, follow, max-snippet:-1, max-image-preview:large, max-video-preview:-1\" \/>\n<link rel=\"canonical\" href=\"https:\/\/stingfreesnus.se\/de\/aufhoren-zu-schnuffeln\/\" \/>\n<meta property=\"og:locale\" content=\"de_DE\" \/>\n<meta property=\"og:type\" content=\"article\" \/>\n<meta property=\"og:title\" content=\"Att sluta snusa \u2013 En guide - Stingfree\" \/>\n<meta property=\"og:description\" content=\"Sluta snusa med v\u00e5r guide! B\u00f6rja med att f\u00f6rst\u00e5 varf\u00f6r just du vill sluta snusa. F\u00f6rb\u00e4ttra munh\u00e4lsa, spara pengar eller bli fri fr\u00e5n beroende.\" \/>\n<meta property=\"og:url\" content=\"https:\/\/stingfreesnus.se\/de\/aufhoren-zu-schnuffeln\/\" \/>\n<meta property=\"og:site_name\" content=\"Stingfree\" \/>\n<meta property=\"article:publisher\" content=\"https:\/\/www.facebook.com\/stingfreesnus\" \/>\n<meta property=\"article:modified_time\" content=\"2024-02-12T10:06:50+00:00\" \/>\n<meta property=\"og:image\" content=\"https:\/\/stingfreesnus.se\/wp-content\/uploads\/sluta-snusa-guide.jpg\" \/>\n<meta name=\"twitter:card\" content=\"summary_large_image\" \/>\n<meta name=\"twitter:site\" content=\"@Stingfreesnus\" \/>\n<meta name=\"twitter:label1\" content=\"Gesch\u00e4tzte Lesezeit\" \/>\n\t<meta name=\"twitter:data1\" content=\"3\u00a0Minuten\" \/>\n<script type=\"application\/ld+json\" class=\"yoast-schema-graph\">{\"@context\":\"https:\\\/\\\/schema.org\",\"@graph\":[{\"@type\":\"WebPage\",\"@id\":\"https:\\\/\\\/stingfreesnus.se\\\/sluta-snusa\\\/\",\"url\":\"https:\\\/\\\/stingfreesnus.se\\\/sluta-snusa\\\/\",\"name\":\"Att sluta snusa \u2013 En guide - Stingfree\",\"isPartOf\":{\"@id\":\"https:\\\/\\\/stingfreesnus.se\\\/#website\"},\"primaryImageOfPage\":{\"@id\":\"https:\\\/\\\/stingfreesnus.se\\\/sluta-snusa\\\/#primaryimage\"},\"image\":{\"@id\":\"https:\\\/\\\/stingfreesnus.se\\\/sluta-snusa\\\/#primaryimage\"},\"thumbnailUrl\":\"https:\\\/\\\/stingfreesnus.se\\\/wp-content\\\/uploads\\\/sluta-snusa-guide.jpg\",\"datePublished\":\"2023-11-01T22:33:44+00:00\",\"dateModified\":\"2024-02-12T10:06:50+00:00\",\"description\":\"Sluta snusa med v\u00e5r guide! B\u00f6rja med att f\u00f6rst\u00e5 varf\u00f6r just du vill sluta snusa. F\u00f6rb\u00e4ttra munh\u00e4lsa, spara pengar eller bli fri fr\u00e5n beroende.\",\"breadcrumb\":{\"@id\":\"https:\\\/\\\/stingfreesnus.se\\\/sluta-snusa\\\/#breadcrumb\"},\"inLanguage\":\"de\",\"potentialAction\":[{\"@type\":\"ReadAction\",\"target\":[\"https:\\\/\\\/stingfreesnus.se\\\/sluta-snusa\\\/\"]}]},{\"@type\":\"ImageObject\",\"inLanguage\":\"de\",\"@id\":\"https:\\\/\\\/stingfreesnus.se\\\/sluta-snusa\\\/#primaryimage\",\"url\":\"https:\\\/\\\/stingfreesnus.se\\\/wp-content\\\/uploads\\\/sluta-snusa-guide.jpg\",\"contentUrl\":\"https:\\\/\\\/stingfreesnus.se\\\/wp-content\\\/uploads\\\/sluta-snusa-guide.jpg\"},{\"@type\":\"BreadcrumbList\",\"@id\":\"https:\\\/\\\/stingfreesnus.se\\\/sluta-snusa\\\/#breadcrumb\",\"itemListElement\":[{\"@type\":\"ListItem\",\"position\":1,\"name\":\"Hem\",\"item\":\"https:\\\/\\\/stingfreesnus.se\\\/\"},{\"@type\":\"ListItem\",\"position\":2,\"name\":\"Att sluta snusa \u2013 En guide\"}]},{\"@type\":\"WebSite\",\"@id\":\"https:\\\/\\\/stingfreesnus.se\\\/#website\",\"url\":\"https:\\\/\\\/stingfreesnus.se\\\/\",\"name\":\"Stingfree\",\"description\":\"Snus med skydd mot sveda och irritation p\u00e5 tandk\u00f6ttet\",\"publisher\":{\"@id\":\"https:\\\/\\\/stingfreesnus.se\\\/#organization\"},\"potentialAction\":[{\"@type\":\"SearchAction\",\"target\":{\"@type\":\"EntryPoint\",\"urlTemplate\":\"https:\\\/\\\/stingfreesnus.se\\\/?s={search_term_string}\"},\"query-input\":{\"@type\":\"PropertyValueSpecification\",\"valueRequired\":true,\"valueName\":\"search_term_string\"}}],\"inLanguage\":\"de\"},{\"@type\":\"Organization\",\"@id\":\"https:\\\/\\\/stingfreesnus.se\\\/#organization\",\"name\":\"Stingfree\",\"url\":\"https:\\\/\\\/stingfreesnus.se\\\/\",\"logo\":{\"@type\":\"ImageObject\",\"inLanguage\":\"de\",\"@id\":\"https:\\\/\\\/stingfreesnus.se\\\/#\\\/schema\\\/logo\\\/image\\\/\",\"url\":\"https:\\\/\\\/i0.wp.com\\\/stingfreesnus.se\\\/wp-content\\\/uploads\\\/logonew.webp?fit=918%2C589&ssl=1\",\"contentUrl\":\"https:\\\/\\\/i0.wp.com\\\/stingfreesnus.se\\\/wp-content\\\/uploads\\\/logonew.webp?fit=918%2C589&ssl=1\",\"width\":918,\"height\":589,\"caption\":\"Stingfree\"},\"image\":{\"@id\":\"https:\\\/\\\/stingfreesnus.se\\\/#\\\/schema\\\/logo\\\/image\\\/\"},\"sameAs\":[\"https:\\\/\\\/www.facebook.com\\\/stingfreesnus\",\"https:\\\/\\\/x.com\\\/Stingfreesnus\"]}]}<\/script>\n<!-- \/ Yoast SEO plugin. -->","yoast_head_json":{"title":"Aufh\u00f6ren mit Snus - Ein Leitfaden - Stingfree","description":"Mit unserem Leitfaden mit Snus aufh\u00f6ren! Beginnen Sie damit, zu verstehen, warum Sie mit Snus aufh\u00f6ren wollen. Verbessern Sie Ihre Mundgesundheit, sparen Sie Geld oder werden Sie Ihre Sucht los.","robots":{"index":"index","follow":"follow","max-snippet":"max-snippet:-1","max-image-preview":"max-image-preview:large","max-video-preview":"max-video-preview:-1"},"canonical":"https:\/\/stingfreesnus.se\/de\/aufhoren-zu-schnuffeln\/","og_locale":"de_DE","og_type":"article","og_title":"Att sluta snusa \u2013 En guide - Stingfree","og_description":"Sluta snusa med v\u00e5r guide! B\u00f6rja med att f\u00f6rst\u00e5 varf\u00f6r just du vill sluta snusa. F\u00f6rb\u00e4ttra munh\u00e4lsa, spara pengar eller bli fri fr\u00e5n beroende.","og_url":"https:\/\/stingfreesnus.se\/de\/aufhoren-zu-schnuffeln\/","og_site_name":"Stingfree","article_publisher":"https:\/\/www.facebook.com\/stingfreesnus","article_modified_time":"2024-02-12T10:06:50+00:00","og_image":[{"url":"https:\/\/stingfreesnus.se\/wp-content\/uploads\/sluta-snusa-guide.jpg","type":"","width":"","height":""}],"twitter_card":"summary_large_image","twitter_site":"@Stingfreesnus","twitter_misc":{"Gesch\u00e4tzte Lesezeit":"3\u00a0Minuten"},"schema":{"@context":"https:\/\/schema.org","@graph":[{"@type":"WebPage","@id":"https:\/\/stingfreesnus.se\/sluta-snusa\/","url":"https:\/\/stingfreesnus.se\/sluta-snusa\/","name":"Aufh\u00f6ren mit Snus - Ein Leitfaden - Stingfree","isPartOf":{"@id":"https:\/\/stingfreesnus.se\/#website"},"primaryImageOfPage":{"@id":"https:\/\/stingfreesnus.se\/sluta-snusa\/#primaryimage"},"image":{"@id":"https:\/\/stingfreesnus.se\/sluta-snusa\/#primaryimage"},"thumbnailUrl":"https:\/\/stingfreesnus.se\/wp-content\/uploads\/sluta-snusa-guide.jpg","datePublished":"2023-11-01T22:33:44+00:00","dateModified":"2024-02-12T10:06:50+00:00","description":"Mit unserem Leitfaden mit Snus aufh\u00f6ren! Beginnen Sie damit, zu verstehen, warum Sie mit Snus aufh\u00f6ren wollen. Verbessern Sie Ihre Mundgesundheit, sparen Sie Geld oder werden Sie Ihre Sucht los.","breadcrumb":{"@id":"https:\/\/stingfreesnus.se\/sluta-snusa\/#breadcrumb"},"inLanguage":"de","potentialAction":[{"@type":"ReadAction","target":["https:\/\/stingfreesnus.se\/sluta-snusa\/"]}]},{"@type":"ImageObject","inLanguage":"de","@id":"https:\/\/stingfreesnus.se\/sluta-snusa\/#primaryimage","url":"https:\/\/stingfreesnus.se\/wp-content\/uploads\/sluta-snusa-guide.jpg","contentUrl":"https:\/\/stingfreesnus.se\/wp-content\/uploads\/sluta-snusa-guide.jpg"},{"@type":"BreadcrumbList","@id":"https:\/\/stingfreesnus.se\/sluta-snusa\/#breadcrumb","itemListElement":[{"@type":"ListItem","position":1,"name":"Hem","item":"https:\/\/stingfreesnus.se\/"},{"@type":"ListItem","position":2,"name":"Att sluta snusa \u2013 En guide"}]},{"@type":"WebSite","@id":"https:\/\/stingfreesnus.se\/#website","url":"https:\/\/stingfreesnus.se\/","name":"Stingfree","description":"Snus mit Schutz vor Brennen und Zahnfleischreizungen","publisher":{"@id":"https:\/\/stingfreesnus.se\/#organization"},"potentialAction":[{"@type":"SearchAction","target":{"@type":"EntryPoint","urlTemplate":"https:\/\/stingfreesnus.se\/?s={search_term_string}"},"query-input":{"@type":"PropertyValueSpecification","valueRequired":true,"valueName":"search_term_string"}}],"inLanguage":"de"},{"@type":"Organization","@id":"https:\/\/stingfreesnus.se\/#organization","name":"Stingfree","url":"https:\/\/stingfreesnus.se\/","logo":{"@type":"ImageObject","inLanguage":"de","@id":"https:\/\/stingfreesnus.se\/#\/schema\/logo\/image\/","url":"https:\/\/i0.wp.com\/stingfreesnus.se\/wp-content\/uploads\/logonew.webp?fit=918%2C589&ssl=1","contentUrl":"https:\/\/i0.wp.com\/stingfreesnus.se\/wp-content\/uploads\/logonew.webp?fit=918%2C589&ssl=1","width":918,"height":589,"caption":"Stingfree"},"image":{"@id":"https:\/\/stingfreesnus.se\/#\/schema\/logo\/image\/"},"sameAs":["https:\/\/www.facebook.com\/stingfreesnus","https:\/\/x.com\/Stingfreesnus"]}]}},"uagb_featured_image_src":{"full":false,"thumbnail":false,"medium":false,"medium_large":false,"large":false,"1536x1536":false,"2048x2048":false,"trp-custom-language-flag":false,"woocommerce_thumbnail":false,"woocommerce_single":false,"woocommerce_gallery_thumbnail":false},"uagb_author_info":{"display_name":"Daniel","author_link":"https:\/\/stingfreesnus.se\/de\/author\/daniel\/"},"uagb_comment_info":0,"uagb_excerpt":"Snusning \u00e4r en vanlig vana i Sverige, men m\u00e5nga m\u00e4nniskor vill sluta snusa av olika sk\u00e4l. En del vill sluta [&hellip;]","jetpack_likes_enabled":true,"jetpack_sharing_enabled":true,"_links":{"self":[{"href":"https:\/\/stingfreesnus.se\/de\/wp-json\/wp\/v2\/pages\/651","targetHints":{"allow":["GET"]}}],"collection":[{"href":"https:\/\/stingfreesnus.se\/de\/wp-json\/wp\/v2\/pages"}],"about":[{"href":"https:\/\/stingfreesnus.se\/de\/wp-json\/wp\/v2\/types\/page"}],"author":[{"embeddable":true,"href":"https:\/\/stingfreesnus.se\/de\/wp-json\/wp\/v2\/users\/3"}],"replies":[{"embeddable":true,"href":"https:\/\/stingfreesnus.se\/de\/wp-json\/wp\/v2\/comments?post=651"}],"version-history":[{"count":8,"href":"https:\/\/stingfreesnus.se\/de\/wp-json\/wp\/v2\/pages\/651\/revisions"}],"predecessor-version":[{"id":1613,"href":"https:\/\/stingfreesnus.se\/de\/wp-json\/wp\/v2\/pages\/651\/revisions\/1613"}],"wp:attachment":[{"href":"https:\/\/stingfreesnus.se\/de\/wp-json\/wp\/v2\/media?parent=651"}],"curies":[{"name":"wp","href":"https:\/\/api.w.org\/{rel}","templated":true}]}}