{"id":22,"date":"2023-10-06T14:02:52","date_gmt":"2023-10-06T12:02:52","guid":{"rendered":"https:\/\/stingfreesnus.se\/?page_id=22"},"modified":"2025-06-12T14:03:37","modified_gmt":"2025-06-12T12:03:37","slug":"frequently-asked-questions","status":"publish","type":"page","link":"https:\/\/stingfreesnus.se\/en\/vanliga-fragor\/","title":{"rendered":"Frequently asked questions and answers"},"content":{"rendered":"<div class=\"wp-block-uagb-container vanliga-fragor-outer-panel uagb-block-933bb54a alignfull uagb-is-root-container\"><div class=\"uagb-container-inner-blocks-wrap\">\n<div class=\"wp-block-uagb-container vanliga-fragor-inner uagb-block-fd468fc2\">\n<div class=\"wp-block-uagb-advanced-heading uagb-block-8a6fbe61\"><h1 class=\"uagb-heading-text\">Frequently asked questions and answers<\/h1><\/div>\n\n\n\n<div class=\"wp-block-uagb-container uagb-block-4f56b530\">\n<div class=\"wp-block-uagb-advanced-heading uagb-block-65b7d816\"><h2 class=\"uagb-heading-text\">Health issues<\/h2><\/div>\n\n\n\n<details class=\"wp-block-details accordion-con is-layout-flow wp-block-details-is-layout-flow\"><summary>1. Is gum damage common among snus users?<\/summary>\n<p>Yes it is very common. In an independent <a href=\"https:\/\/pmc.ncbi.nlm.nih.gov\/articles\/PMC9540014\/\">dental study published by the University of Gothenburg<\/a> 2022, the incidence of <strong>receding gums (gingival retraction)<\/strong> for snus users between 54 and 57%.<\/p>\n\n\n\n<p>A Norwegian study of Norwegian snus users conducted in 2023 found that 79% of participants had <strong>snuff lesions.<\/strong><\/p>\n\n\n\n<p>In a survey of over 1,000 snus-using men and women in Sweden conducted by Stingfree AB in 2022, 59% of the participants responded that they had experienced snus lesions. 51% responded that they had receding gums (gingival retractions).<\/p>\n<\/details>\n\n\n\n<details class=\"wp-block-details accordion-con is-layout-flow wp-block-details-is-layout-flow\"><summary>2. What are the effects of receding gums?<\/summary>\n<p>Prolonged use of snus can cause the gums to recede. This can create a \u201cpocket\u201d in the gums at the site of the snus. Bacteria can accumulate in these \u201dpockets\u201d, which can lead to bad breath and tooth decay, among other things.<\/p>\n\n\n\n<p>As the gums recede, more of the neck of the tooth is exposed, which can lead to irritation and increase the risk of cavities on this part of the tooth. In extreme cases, gum recession can result in tooth loss.<\/p>\n<\/details>\n\n\n\n<details class=\"wp-block-details accordion-con is-layout-flow wp-block-details-is-layout-flow\"><summary>3. Do gums destroyed by snus grow back?<\/summary>\n<p>No, it can't. The gums or gingiva, as dentists call them, are different from other tissues in that they cannot be regenerated if they are too damaged. In some cases, gums can be restored through dental surgery, the most common method being to transplant tissue from the palate to the gums.<\/p>\n<\/details>\n\n\n\n<details class=\"wp-block-details accordion-con is-layout-flow wp-block-details-is-layout-flow\"><summary>4. Does snus cause mouth cancer?<\/summary>\n<p>No, they don't. No other country in the world has such a high proportion of snus users in the population as Sweden. Despite this, there is no increased incidence of oral cancer or cancer-related mortality linked to snus use in Sweden. This is stated, for example, in a <a href=\"https:\/\/journals.sagepub.com\/doi\/abs\/10.1177\/1403494820919572\">large study on snus and oral cancer from Karolinska Institutet<\/a>. This study even finds that using four cans of snus or less per week reduces the risk of oral cancer.<\/p>\n\n\n\n<p>Smoking, on the other hand, dramatically increases the risk of various types of cancer, including oral cancer. It is mainly when tobacco is ignited and inhaled as smoke that it strongly contributes to the increased risk of oral cancer.<\/p>\n<\/details>\n\n\n\n<details class=\"wp-block-details accordion-con is-layout-flow wp-block-details-is-layout-flow\"><summary>5. Shouldn't snus and nicotine portions sting?<\/summary>\n<p>No, we do not think so! But to find out what other snus users think, we conducted a large survey of Swedish snus users in 2022. Over 1,000 people completed the survey. 66.5% of the women and 54.3% of the men answered that they experienced the burning as unpleasant.<\/p>\n<\/details>\n\n\n\n<details class=\"wp-block-details accordion-con is-layout-flow wp-block-details-is-layout-flow\"><summary>6. Why do snus and nicotine portions sting?<\/summary>\n<p>The content of virtually all types of snus and nicotine portions have pH values that are higher than what is naturally found in the mouth, which is about 7-7.5. The reason why the pH values need to be so high is that there is a direct correlation between the pH value and how easily the nicotine can be absorbed by the oral mucosa. The higher the pH, the greater\/quicker the nicotine release. Materials with high pH values that are in direct contact with the gums cause burning and irritation to the gums.<\/p>\n\n\n\n<p>Another major parameter for what causes burning and irritation of the gums is the flavorings and how high concentrations of these are used in prills. Flavors such as mint, citrus, chili, etc. and even salts can cause burning and irritation of the gums regardless of what the pH value is.<\/p>\n\n\n\n<p>This means that if you want both a strong nicotine and flavor experience without burning and causing gum irritation, you need a barrier between your gums and the contents of the prills. That's why we have developed our patented PROTEX barrier.<\/p>\n<\/details>\n<\/div>\n\n\n\n<div class=\"wp-block-uagb-container uagb-block-eabd871f\">\n<div class=\"wp-block-uagb-advanced-heading uagb-block-9f27a78b\"><h2 class=\"uagb-heading-text\">Technical issues<\/h2><\/div>\n\n\n\n<details class=\"wp-block-details accordion-con is-layout-flow wp-block-details-is-layout-flow\"><summary>1. Are special snus packaging machines needed to produce Stingfree pills?<\/summary>\n<p>The Stingfree technology works by laminating our super-thin biofilm directly onto the manufacturer's current snus paper. The manufacturer can then use the Stingfree paper in their machines without modification.<\/p>\n<\/details>\n\n\n\n<details class=\"wp-block-details accordion-con is-layout-flow wp-block-details-is-layout-flow\"><summary>2. Is the technology patented?<\/summary>\n<p>Yes, we hold patents in Sweden, the US and across the EU.<\/p>\n<\/details>\n<\/div>\n<\/div>\n<\/div><\/div>","protected":false},"excerpt":{"rendered":"<p>Frequently asked questions and answers Health questions Technology questions<\/p>","protected":false},"author":3,"featured_media":0,"parent":0,"menu_order":0,"comment_status":"closed","ping_status":"closed","template":"","meta":{"_acf_changed":false,"_uag_custom_page_level_css":"","site-sidebar-layout":"default","site-content-layout":"","ast-site-content-layout":"","site-content-style":"default","site-sidebar-style":"default","ast-global-header-display":"","ast-banner-title-visibility":"","ast-main-header-display":"","ast-hfb-above-header-display":"","ast-hfb-below-header-display":"","ast-hfb-mobile-header-display":"","site-post-title":"disabled","ast-breadcrumbs-content":"","ast-featured-img":"","footer-sml-layout":"","ast-disable-related-posts":"","theme-transparent-header-meta":"","adv-header-id-meta":"","stick-header-meta":"","header-above-stick-meta":"","header-main-stick-meta":"","header-below-stick-meta":"","astra-migrate-meta-layouts":"default","ast-page-background-enabled":"default","ast-page-background-meta":{"desktop":{"background-color":"var(--ast-global-color-4)","background-image":"","background-repeat":"repeat","background-position":"center center","background-size":"auto","background-attachment":"scroll","background-type":"","background-media":"","overlay-type":"","overlay-color":"","overlay-opacity":"","overlay-gradient":""},"tablet":{"background-color":"","background-image":"","background-repeat":"repeat","background-position":"center center","background-size":"auto","background-attachment":"scroll","background-type":"","background-media":"","overlay-type":"","overlay-color":"","overlay-opacity":"","overlay-gradient":""},"mobile":{"background-color":"","background-image":"","background-repeat":"repeat","background-position":"center center","background-size":"auto","background-attachment":"scroll","background-type":"","background-media":"","overlay-type":"","overlay-color":"","overlay-opacity":"","overlay-gradient":""}},"ast-content-background-meta":{"desktop":{"background-color":"var(--ast-global-color-5)","background-image":"","background-repeat":"repeat","background-position":"center center","background-size":"auto","background-attachment":"scroll","background-type":"","background-media":"","overlay-type":"","overlay-color":"","overlay-opacity":"","overlay-gradient":""},"tablet":{"background-color":"var(--ast-global-color-5)","background-image":"","background-repeat":"repeat","background-position":"center center","background-size":"auto","background-attachment":"scroll","background-type":"","background-media":"","overlay-type":"","overlay-color":"","overlay-opacity":"","overlay-gradient":""},"mobile":{"background-color":"var(--ast-global-color-5)","background-image":"","background-repeat":"repeat","background-position":"center center","background-size":"auto","background-attachment":"scroll","background-type":"","background-media":"","overlay-type":"","overlay-color":"","overlay-opacity":"","overlay-gradient":""}},"footnotes":""},"class_list":["post-22","page","type-page","status-publish","hentry"],"acf":[],"yoast_head":"<!-- This site is optimized with the Yoast SEO plugin v27.4 - https:\/\/yoast.com\/product\/yoast-seo-wordpress\/ -->\n<title>Vanliga fr\u00e5gor och svar - Stingfree<\/title>\n<meta name=\"robots\" content=\"index, follow, max-snippet:-1, max-image-preview:large, max-video-preview:-1\" \/>\n<link rel=\"canonical\" href=\"https:\/\/stingfreesnus.se\/en\/frequently-asked-questions\/\" \/>\n<meta property=\"og:locale\" content=\"en_US\" \/>\n<meta property=\"og:type\" content=\"article\" \/>\n<meta property=\"og:title\" content=\"Vanliga fr\u00e5gor och svar - Stingfree\" \/>\n<meta property=\"og:description\" content=\"Vanliga fr\u00e5gor och svar H\u00e4lsofr\u00e5gor Teknikfr\u00e5gor\" \/>\n<meta property=\"og:url\" content=\"https:\/\/stingfreesnus.se\/en\/frequently-asked-questions\/\" \/>\n<meta property=\"og:site_name\" content=\"Stingfree\" \/>\n<meta property=\"article:publisher\" content=\"https:\/\/www.facebook.com\/stingfreesnus\" \/>\n<meta property=\"article:modified_time\" content=\"2025-06-12T12:03:37+00:00\" \/>\n<meta name=\"twitter:card\" content=\"summary_large_image\" \/>\n<meta name=\"twitter:site\" content=\"@Stingfreesnus\" \/>\n<meta name=\"twitter:label1\" content=\"Est. reading time\" \/>\n\t<meta name=\"twitter:data1\" content=\"4 minutes\" \/>\n<script type=\"application\/ld+json\" class=\"yoast-schema-graph\">{\"@context\":\"https:\\\/\\\/schema.org\",\"@graph\":[{\"@type\":\"WebPage\",\"@id\":\"https:\\\/\\\/stingfreesnus.se\\\/vanliga-fragor\\\/\",\"url\":\"https:\\\/\\\/stingfreesnus.se\\\/vanliga-fragor\\\/\",\"name\":\"Vanliga fr\u00e5gor och svar - Stingfree\",\"isPartOf\":{\"@id\":\"https:\\\/\\\/stingfreesnus.se\\\/#website\"},\"datePublished\":\"2023-10-06T12:02:52+00:00\",\"dateModified\":\"2025-06-12T12:03:37+00:00\",\"breadcrumb\":{\"@id\":\"https:\\\/\\\/stingfreesnus.se\\\/vanliga-fragor\\\/#breadcrumb\"},\"inLanguage\":\"en-US\",\"potentialAction\":[{\"@type\":\"ReadAction\",\"target\":[\"https:\\\/\\\/stingfreesnus.se\\\/vanliga-fragor\\\/\"]}]},{\"@type\":\"BreadcrumbList\",\"@id\":\"https:\\\/\\\/stingfreesnus.se\\\/vanliga-fragor\\\/#breadcrumb\",\"itemListElement\":[{\"@type\":\"ListItem\",\"position\":1,\"name\":\"Hem\",\"item\":\"https:\\\/\\\/stingfreesnus.se\\\/\"},{\"@type\":\"ListItem\",\"position\":2,\"name\":\"Vanliga fr\u00e5gor och svar\"}]},{\"@type\":\"WebSite\",\"@id\":\"https:\\\/\\\/stingfreesnus.se\\\/#website\",\"url\":\"https:\\\/\\\/stingfreesnus.se\\\/\",\"name\":\"Stingfree\",\"description\":\"Snus med skydd mot sveda och irritation p\u00e5 tandk\u00f6ttet\",\"publisher\":{\"@id\":\"https:\\\/\\\/stingfreesnus.se\\\/#organization\"},\"potentialAction\":[{\"@type\":\"SearchAction\",\"target\":{\"@type\":\"EntryPoint\",\"urlTemplate\":\"https:\\\/\\\/stingfreesnus.se\\\/?s={search_term_string}\"},\"query-input\":{\"@type\":\"PropertyValueSpecification\",\"valueRequired\":true,\"valueName\":\"search_term_string\"}}],\"inLanguage\":\"en-US\"},{\"@type\":\"Organization\",\"@id\":\"https:\\\/\\\/stingfreesnus.se\\\/#organization\",\"name\":\"Stingfree\",\"url\":\"https:\\\/\\\/stingfreesnus.se\\\/\",\"logo\":{\"@type\":\"ImageObject\",\"inLanguage\":\"en-US\",\"@id\":\"https:\\\/\\\/stingfreesnus.se\\\/#\\\/schema\\\/logo\\\/image\\\/\",\"url\":\"https:\\\/\\\/i0.wp.com\\\/stingfreesnus.se\\\/wp-content\\\/uploads\\\/logonew.webp?fit=918%2C589&ssl=1\",\"contentUrl\":\"https:\\\/\\\/i0.wp.com\\\/stingfreesnus.se\\\/wp-content\\\/uploads\\\/logonew.webp?fit=918%2C589&ssl=1\",\"width\":918,\"height\":589,\"caption\":\"Stingfree\"},\"image\":{\"@id\":\"https:\\\/\\\/stingfreesnus.se\\\/#\\\/schema\\\/logo\\\/image\\\/\"},\"sameAs\":[\"https:\\\/\\\/www.facebook.com\\\/stingfreesnus\",\"https:\\\/\\\/x.com\\\/Stingfreesnus\"]}]}<\/script>\n<!-- \/ Yoast SEO plugin. -->","yoast_head_json":{"title":"Frequently asked questions and answers - Stingfree","robots":{"index":"index","follow":"follow","max-snippet":"max-snippet:-1","max-image-preview":"max-image-preview:large","max-video-preview":"max-video-preview:-1"},"canonical":"https:\/\/stingfreesnus.se\/en\/frequently-asked-questions\/","og_locale":"en_US","og_type":"article","og_title":"Vanliga fr\u00e5gor och svar - Stingfree","og_description":"Vanliga fr\u00e5gor och svar H\u00e4lsofr\u00e5gor Teknikfr\u00e5gor","og_url":"https:\/\/stingfreesnus.se\/en\/frequently-asked-questions\/","og_site_name":"Stingfree","article_publisher":"https:\/\/www.facebook.com\/stingfreesnus","article_modified_time":"2025-06-12T12:03:37+00:00","twitter_card":"summary_large_image","twitter_site":"@Stingfreesnus","twitter_misc":{"Est. reading time":"4 minutes"},"schema":{"@context":"https:\/\/schema.org","@graph":[{"@type":"WebPage","@id":"https:\/\/stingfreesnus.se\/vanliga-fragor\/","url":"https:\/\/stingfreesnus.se\/vanliga-fragor\/","name":"Frequently asked questions and answers - Stingfree","isPartOf":{"@id":"https:\/\/stingfreesnus.se\/#website"},"datePublished":"2023-10-06T12:02:52+00:00","dateModified":"2025-06-12T12:03:37+00:00","breadcrumb":{"@id":"https:\/\/stingfreesnus.se\/vanliga-fragor\/#breadcrumb"},"inLanguage":"en-US","potentialAction":[{"@type":"ReadAction","target":["https:\/\/stingfreesnus.se\/vanliga-fragor\/"]}]},{"@type":"BreadcrumbList","@id":"https:\/\/stingfreesnus.se\/vanliga-fragor\/#breadcrumb","itemListElement":[{"@type":"ListItem","position":1,"name":"Hem","item":"https:\/\/stingfreesnus.se\/"},{"@type":"ListItem","position":2,"name":"Vanliga fr\u00e5gor och svar"}]},{"@type":"WebSite","@id":"https:\/\/stingfreesnus.se\/#website","url":"https:\/\/stingfreesnus.se\/","name":"Stingfree","description":"Snus with protection against burning and irritation of the gums","publisher":{"@id":"https:\/\/stingfreesnus.se\/#organization"},"potentialAction":[{"@type":"SearchAction","target":{"@type":"EntryPoint","urlTemplate":"https:\/\/stingfreesnus.se\/?s={search_term_string}"},"query-input":{"@type":"PropertyValueSpecification","valueRequired":true,"valueName":"search_term_string"}}],"inLanguage":"en-US"},{"@type":"Organization","@id":"https:\/\/stingfreesnus.se\/#organization","name":"Stingfree","url":"https:\/\/stingfreesnus.se\/","logo":{"@type":"ImageObject","inLanguage":"en-US","@id":"https:\/\/stingfreesnus.se\/#\/schema\/logo\/image\/","url":"https:\/\/i0.wp.com\/stingfreesnus.se\/wp-content\/uploads\/logonew.webp?fit=918%2C589&ssl=1","contentUrl":"https:\/\/i0.wp.com\/stingfreesnus.se\/wp-content\/uploads\/logonew.webp?fit=918%2C589&ssl=1","width":918,"height":589,"caption":"Stingfree"},"image":{"@id":"https:\/\/stingfreesnus.se\/#\/schema\/logo\/image\/"},"sameAs":["https:\/\/www.facebook.com\/stingfreesnus","https:\/\/x.com\/Stingfreesnus"]}]}},"uagb_featured_image_src":{"full":false,"thumbnail":false,"medium":false,"medium_large":false,"large":false,"1536x1536":false,"2048x2048":false,"trp-custom-language-flag":false,"woocommerce_thumbnail":false,"woocommerce_single":false,"woocommerce_gallery_thumbnail":false},"uagb_author_info":{"display_name":"Daniel","author_link":"https:\/\/stingfreesnus.se\/en\/author\/daniel\/"},"uagb_comment_info":0,"uagb_excerpt":"Vanliga fr\u00e5gor och svar H\u00e4lsofr\u00e5gor Teknikfr\u00e5gor","jetpack_likes_enabled":true,"jetpack_sharing_enabled":true,"_links":{"self":[{"href":"https:\/\/stingfreesnus.se\/en\/wp-json\/wp\/v2\/pages\/22","targetHints":{"allow":["GET"]}}],"collection":[{"href":"https:\/\/stingfreesnus.se\/en\/wp-json\/wp\/v2\/pages"}],"about":[{"href":"https:\/\/stingfreesnus.se\/en\/wp-json\/wp\/v2\/types\/page"}],"author":[{"embeddable":true,"href":"https:\/\/stingfreesnus.se\/en\/wp-json\/wp\/v2\/users\/3"}],"replies":[{"embeddable":true,"href":"https:\/\/stingfreesnus.se\/en\/wp-json\/wp\/v2\/comments?post=22"}],"version-history":[{"count":36,"href":"https:\/\/stingfreesnus.se\/en\/wp-json\/wp\/v2\/pages\/22\/revisions"}],"predecessor-version":[{"id":4596,"href":"https:\/\/stingfreesnus.se\/en\/wp-json\/wp\/v2\/pages\/22\/revisions\/4596"}],"wp:attachment":[{"href":"https:\/\/stingfreesnus.se\/en\/wp-json\/wp\/v2\/media?parent=22"}],"curies":[{"name":"wp","href":"https:\/\/api.w.org\/{rel}","templated":true}]}}