{"id":3547,"date":"2025-06-05T07:28:49","date_gmt":"2025-06-05T05:28:49","guid":{"rendered":"https:\/\/stingfreesnus.se\/?page_id=3547"},"modified":"2025-11-11T15:54:40","modified_gmt":"2025-11-11T14:54:40","slug":"protex-2","status":"publish","type":"page","link":"https:\/\/stingfreesnus.se\/en\/protex-2\/","title":{"rendered":"Protex Technology"},"content":{"rendered":"<div class=\"wp-block-group custom-container-new  protex-teknologin-banner is-layout-constrained wp-block-group-is-layout-constrained\">\n<h1 class=\"wp-block-heading has-text-align-center\">HOW DOES PROTEX TECHNOLOGY WORK?<\/h1>\n\n\n\n<p class=\"has-text-align-center\">Our products are marketed under the name Stingfree. What makes our products unique is our<br>patented membrane that we call PROTEX.<\/p>\n<\/div>\n\n\n\n<div class=\"wp-block-uagb-container pro-wrap-sec uagb-block-d0a9832b alignfull uagb-is-root-container\"><div class=\"uagb-container-inner-blocks-wrap\">\n<div class=\"wp-block-uagb-container uagb-block-203abed2\">\n<div class=\"wp-block-columns is-layout-flex wp-container-core-columns-is-layout-28f84493 wp-block-columns-is-layout-flex\">\n<div class=\"wp-block-column is-vertically-aligned-center pro-tex-title is-layout-flow wp-block-column-is-layout-flow\">\n<figure class=\"wp-block-image size-full\"><img data-recalc-dims=\"1\" decoding=\"async\" src=\"https:\/\/i0.wp.com\/stingfreesnus.se\/wp-content\/uploads\/pro-tex-1.png?ssl=1\" alt=\"\"\/><\/figure>\n\n\n\n<p>PROTEX is the collective name for when non-woven (the paper-like material that makes up snus and nicotine pouches) is treated to make part of the material impermeable to the contents of the pouches.<\/p>\n\n\n\n<p>This barrier still allows flavors and nicotine to mix with saliva and be distributed to the oral mucosa, but means that the substances in the pouch are not in direct contact with the gums for several hours a day.<\/p>\n\n\n\n<p>The picture shows PROTEX applied to a non-woven paper which is then formed into Stingfree beads. <\/p>\n<\/div>\n\n\n\n<div class=\"wp-block-column is-vertically-aligned-top pro-text-sec is-layout-flow wp-block-column-is-layout-flow\">\n<p class=\"has-text-align-center\"><\/p>\n\n\n\n<div class=\"wp-block-uagb-image uagb-block-dfc20094 wp-block-uagb-image--layout-default wp-block-uagb-image--effect-static wp-block-uagb-image--align-none\"><figure class=\"wp-block-uagb-image__figure\"><img data-recalc-dims=\"1\" decoding=\"async\" srcset=\"https:\/\/stingfreesnus.se\/wp-content\/uploads\/Image-3.jpg ,https:\/\/stingfreesnus.se\/wp-content\/uploads\/Image-3.jpg 780w, https:\/\/stingfreesnus.se\/wp-content\/uploads\/Image-3.jpg 360w\" sizes=\"auto, (max-width: 480px) 150px\" src=\"https:\/\/i0.wp.com\/stingfreesnus.se\/wp-content\/uploads\/Image-3.jpg?resize=1768%2C1204&#038;ssl=1\" alt=\"\" class=\"uag-image-4680\" width=\"1768\" height=\"1204\" title=\"\" loading=\"lazy\" role=\"img\"\/><\/figure><\/div>\n<\/div>\n<\/div>\n<\/div>\n<\/div><\/div>\n\n\n\n<div class=\"wp-block-uagb-container hovar-ph  hoga-ph-outer uagb-block-f5c06368 alignfull uagb-is-root-container\"><div class=\"uagb-container-inner-blocks-wrap\">\n<div class=\"wp-block-uagb-container uagb-block-f8a10274\">\n<div class=\"wp-block-columns is-layout-flex wp-container-core-columns-is-layout-28f84493 wp-block-columns-is-layout-flex\">\n<div class=\"wp-block-column is-vertically-aligned-top pro-text-sec is-layout-flow wp-block-column-is-layout-flow\">\n<div class=\"wp-block-uagb-image uagb-block-1d4a89e7 wp-block-uagb-image--layout-default wp-block-uagb-image--effect-static wp-block-uagb-image--align-none ph-hoga-pic\"><figure class=\"wp-block-uagb-image__figure\"><img data-recalc-dims=\"1\" decoding=\"async\" srcset=\"https:\/\/stingfreesnus.se\/wp-content\/uploads\/Image-2.jpg ,https:\/\/stingfreesnus.se\/wp-content\/uploads\/Image-2.jpg 780w, https:\/\/stingfreesnus.se\/wp-content\/uploads\/Image-2.jpg 360w\" sizes=\"auto, (max-width: 480px) 150px\" src=\"https:\/\/i0.wp.com\/stingfreesnus.se\/wp-content\/uploads\/Image-2.jpg?resize=1768%2C1204&#038;ssl=1\" alt=\"\" class=\"uag-image-4681\" width=\"1768\" height=\"1204\" title=\"\" loading=\"lazy\" role=\"img\"\/><\/figure><\/div>\n<\/div>\n\n\n\n<div class=\"wp-block-column is-vertically-aligned-center pro-tex-title is-layout-flow wp-block-column-is-layout-flow\">\n<div class=\"wp-block-uagb-advanced-heading uagb-block-ba90103a protex-heading\"><h2 class=\"uagb-heading-text\">HIGH pH VALUES ARE HARMFUL<\/h2><\/div>\n\n\n\n<p>A higher pH makes it easier for nicotine to be absorbed through the oral mucosa. But a high pH in the mouth is bad for gum health.<\/p>\n\n\n\n<p>The PROTEX barrier still allows flavors and nicotine to be distributed to the oral mucosa, but keeps them out of direct contact with the gums for several hours a day.<\/p>\n<\/div>\n<\/div>\n<\/div>\n<\/div><\/div>\n\n\n\n<div class=\"wp-block-uagb-container bla-mot-wrap uagb-block-4a33ec1e alignfull uagb-is-root-container\"><div class=\"uagb-container-inner-blocks-wrap\">\n<div class=\"wp-block-uagb-container uagb-block-398580d7\">\n<div class=\"wp-block-columns is-layout-flex wp-container-core-columns-is-layout-28f84493 wp-block-columns-is-layout-flex\">\n<div class=\"wp-block-column is-vertically-aligned-center pro-tex-title is-layout-flow wp-block-column-is-layout-flow\">\n<div class=\"wp-block-uagb-advanced-heading uagb-block-ba6e9cb3 protex-heading\"><h2 class=\"uagb-heading-text\">BLUE SIDE TO THE GUMS<\/h2><\/div>\n\n\n\n<p>The PROTEX barrier still allows flavors and nicotine to mix with saliva and be distributed to the oral mucosa, but does not allow the substances to be in direct contact with the gums for several hours a day.<\/p>\n<\/div>\n\n\n\n<div class=\"wp-block-column is-vertically-aligned-top pro-text-sec is-layout-flow wp-block-column-is-layout-flow\">\n<div class=\"wp-block-uagb-image uagb-block-6f775dd2 wp-block-uagb-image--layout-default wp-block-uagb-image--effect-static wp-block-uagb-image--align-none\"><figure class=\"wp-block-uagb-image__figure\"><img data-recalc-dims=\"1\" decoding=\"async\" srcset=\"https:\/\/stingfreesnus.se\/wp-content\/uploads\/Image-1-1.jpg ,https:\/\/stingfreesnus.se\/wp-content\/uploads\/Image-1-1.jpg 780w, https:\/\/stingfreesnus.se\/wp-content\/uploads\/Image-1-1.jpg 360w\" sizes=\"auto, (max-width: 480px) 150px\" src=\"https:\/\/i0.wp.com\/stingfreesnus.se\/wp-content\/uploads\/Image-1-1.jpg?resize=1768%2C1204&#038;ssl=1\" alt=\"\" class=\"uag-image-4679\" width=\"1768\" height=\"1204\" title=\"\" loading=\"lazy\" role=\"img\"\/><\/figure><\/div>\n<\/div>\n<\/div>\n<\/div>\n<\/div><\/div>","protected":false},"excerpt":{"rendered":"<p>HUR FUNGERAR PROTEX TEKNOLOGIN? V\u00e5ra produkter marknadsf\u00f6rs under namnet Stingfree. Det som g\u00f6r v\u00e5ra produkter unika \u00e4r v\u00e5rtpatenterade membran som [&hellip;]<\/p>\n","protected":false},"author":3,"featured_media":0,"parent":0,"menu_order":0,"comment_status":"closed","ping_status":"closed","template":"","meta":{"_acf_changed":false,"_uag_custom_page_level_css":"","site-sidebar-layout":"default","site-content-layout":"","ast-site-content-layout":"","site-content-style":"default","site-sidebar-style":"default","ast-global-header-display":"","ast-banner-title-visibility":"","ast-main-header-display":"","ast-hfb-above-header-display":"","ast-hfb-below-header-display":"","ast-hfb-mobile-header-display":"","site-post-title":"disabled","ast-breadcrumbs-content":"","ast-featured-img":"","footer-sml-layout":"","ast-disable-related-posts":"","theme-transparent-header-meta":"","adv-header-id-meta":"","stick-header-meta":"","header-above-stick-meta":"","header-main-stick-meta":"","header-below-stick-meta":"","astra-migrate-meta-layouts":"default","ast-page-background-enabled":"default","ast-page-background-meta":{"desktop":{"background-color":"var(--ast-global-color-4)","background-image":"","background-repeat":"repeat","background-position":"center center","background-size":"auto","background-attachment":"scroll","background-type":"","background-media":"","overlay-type":"","overlay-color":"","overlay-opacity":"","overlay-gradient":""},"tablet":{"background-color":"","background-image":"","background-repeat":"repeat","background-position":"center center","background-size":"auto","background-attachment":"scroll","background-type":"","background-media":"","overlay-type":"","overlay-color":"","overlay-opacity":"","overlay-gradient":""},"mobile":{"background-color":"","background-image":"","background-repeat":"repeat","background-position":"center center","background-size":"auto","background-attachment":"scroll","background-type":"","background-media":"","overlay-type":"","overlay-color":"","overlay-opacity":"","overlay-gradient":""}},"ast-content-background-meta":{"desktop":{"background-color":"var(--ast-global-color-5)","background-image":"","background-repeat":"repeat","background-position":"center center","background-size":"auto","background-attachment":"scroll","background-type":"","background-media":"","overlay-type":"","overlay-color":"","overlay-opacity":"","overlay-gradient":""},"tablet":{"background-color":"var(--ast-global-color-5)","background-image":"","background-repeat":"repeat","background-position":"center center","background-size":"auto","background-attachment":"scroll","background-type":"","background-media":"","overlay-type":"","overlay-color":"","overlay-opacity":"","overlay-gradient":""},"mobile":{"background-color":"var(--ast-global-color-5)","background-image":"","background-repeat":"repeat","background-position":"center center","background-size":"auto","background-attachment":"scroll","background-type":"","background-media":"","overlay-type":"","overlay-color":"","overlay-opacity":"","overlay-gradient":""}},"footnotes":""},"class_list":["post-3547","page","type-page","status-publish","hentry"],"acf":[],"yoast_head":"<!-- This site is optimized with the Yoast SEO plugin v27.4 - https:\/\/yoast.com\/product\/yoast-seo-wordpress\/ -->\n<title>Protex Teknologi - Stingfree<\/title>\n<meta name=\"robots\" content=\"index, follow, max-snippet:-1, max-image-preview:large, max-video-preview:-1\" \/>\n<link rel=\"canonical\" href=\"https:\/\/stingfreesnus.se\/en\/protex-2\/\" \/>\n<meta property=\"og:locale\" content=\"en_US\" \/>\n<meta property=\"og:type\" content=\"article\" \/>\n<meta property=\"og:title\" content=\"Protex Teknologi - Stingfree\" \/>\n<meta property=\"og:description\" content=\"HUR FUNGERAR PROTEX TEKNOLOGIN? V\u00e5ra produkter marknadsf\u00f6rs under namnet Stingfree. Det som g\u00f6r v\u00e5ra produkter unika \u00e4r v\u00e5rtpatenterade membran som [&hellip;]\" \/>\n<meta property=\"og:url\" content=\"https:\/\/stingfreesnus.se\/en\/protex-2\/\" \/>\n<meta property=\"og:site_name\" content=\"Stingfree\" \/>\n<meta property=\"article:publisher\" content=\"https:\/\/www.facebook.com\/stingfreesnus\" \/>\n<meta property=\"article:modified_time\" content=\"2025-11-11T14:54:40+00:00\" \/>\n<meta property=\"og:image\" content=\"https:\/\/stingfreesnus.se\/wp-content\/uploads\/pro-tex-1.png\" \/>\n<meta name=\"twitter:card\" content=\"summary_large_image\" \/>\n<meta name=\"twitter:site\" content=\"@Stingfreesnus\" \/>\n<meta name=\"twitter:label1\" content=\"Est. reading time\" \/>\n\t<meta name=\"twitter:data1\" content=\"4 minutes\" \/>\n<script type=\"application\/ld+json\" class=\"yoast-schema-graph\">{\"@context\":\"https:\\\/\\\/schema.org\",\"@graph\":[{\"@type\":\"WebPage\",\"@id\":\"https:\\\/\\\/stingfreesnus.se\\\/protex-2\\\/\",\"url\":\"https:\\\/\\\/stingfreesnus.se\\\/protex-2\\\/\",\"name\":\"Protex Teknologi - Stingfree\",\"isPartOf\":{\"@id\":\"https:\\\/\\\/stingfreesnus.se\\\/#website\"},\"primaryImageOfPage\":{\"@id\":\"https:\\\/\\\/stingfreesnus.se\\\/protex-2\\\/#primaryimage\"},\"image\":{\"@id\":\"https:\\\/\\\/stingfreesnus.se\\\/protex-2\\\/#primaryimage\"},\"thumbnailUrl\":\"https:\\\/\\\/stingfreesnus.se\\\/wp-content\\\/uploads\\\/pro-tex-1.png\",\"datePublished\":\"2025-06-05T05:28:49+00:00\",\"dateModified\":\"2025-11-11T14:54:40+00:00\",\"breadcrumb\":{\"@id\":\"https:\\\/\\\/stingfreesnus.se\\\/protex-2\\\/#breadcrumb\"},\"inLanguage\":\"en-US\",\"potentialAction\":[{\"@type\":\"ReadAction\",\"target\":[\"https:\\\/\\\/stingfreesnus.se\\\/protex-2\\\/\"]}]},{\"@type\":\"ImageObject\",\"inLanguage\":\"en-US\",\"@id\":\"https:\\\/\\\/stingfreesnus.se\\\/protex-2\\\/#primaryimage\",\"url\":\"https:\\\/\\\/stingfreesnus.se\\\/wp-content\\\/uploads\\\/pro-tex-1.png\",\"contentUrl\":\"https:\\\/\\\/stingfreesnus.se\\\/wp-content\\\/uploads\\\/pro-tex-1.png\"},{\"@type\":\"BreadcrumbList\",\"@id\":\"https:\\\/\\\/stingfreesnus.se\\\/protex-2\\\/#breadcrumb\",\"itemListElement\":[{\"@type\":\"ListItem\",\"position\":1,\"name\":\"Hem\",\"item\":\"https:\\\/\\\/stingfreesnus.se\\\/\"},{\"@type\":\"ListItem\",\"position\":2,\"name\":\"Protex Teknologi\"}]},{\"@type\":\"WebSite\",\"@id\":\"https:\\\/\\\/stingfreesnus.se\\\/#website\",\"url\":\"https:\\\/\\\/stingfreesnus.se\\\/\",\"name\":\"Stingfree\",\"description\":\"Snus med skydd mot sveda och irritation p\u00e5 tandk\u00f6ttet\",\"publisher\":{\"@id\":\"https:\\\/\\\/stingfreesnus.se\\\/#organization\"},\"potentialAction\":[{\"@type\":\"SearchAction\",\"target\":{\"@type\":\"EntryPoint\",\"urlTemplate\":\"https:\\\/\\\/stingfreesnus.se\\\/?s={search_term_string}\"},\"query-input\":{\"@type\":\"PropertyValueSpecification\",\"valueRequired\":true,\"valueName\":\"search_term_string\"}}],\"inLanguage\":\"en-US\"},{\"@type\":\"Organization\",\"@id\":\"https:\\\/\\\/stingfreesnus.se\\\/#organization\",\"name\":\"Stingfree\",\"url\":\"https:\\\/\\\/stingfreesnus.se\\\/\",\"logo\":{\"@type\":\"ImageObject\",\"inLanguage\":\"en-US\",\"@id\":\"https:\\\/\\\/stingfreesnus.se\\\/#\\\/schema\\\/logo\\\/image\\\/\",\"url\":\"https:\\\/\\\/i0.wp.com\\\/stingfreesnus.se\\\/wp-content\\\/uploads\\\/logonew.webp?fit=918%2C589&ssl=1\",\"contentUrl\":\"https:\\\/\\\/i0.wp.com\\\/stingfreesnus.se\\\/wp-content\\\/uploads\\\/logonew.webp?fit=918%2C589&ssl=1\",\"width\":918,\"height\":589,\"caption\":\"Stingfree\"},\"image\":{\"@id\":\"https:\\\/\\\/stingfreesnus.se\\\/#\\\/schema\\\/logo\\\/image\\\/\"},\"sameAs\":[\"https:\\\/\\\/www.facebook.com\\\/stingfreesnus\",\"https:\\\/\\\/x.com\\\/Stingfreesnus\"]}]}<\/script>\n<!-- \/ Yoast SEO plugin. -->","yoast_head_json":{"title":"Protex Technology - Stingfree","robots":{"index":"index","follow":"follow","max-snippet":"max-snippet:-1","max-image-preview":"max-image-preview:large","max-video-preview":"max-video-preview:-1"},"canonical":"https:\/\/stingfreesnus.se\/en\/protex-2\/","og_locale":"en_US","og_type":"article","og_title":"Protex Teknologi - Stingfree","og_description":"HUR FUNGERAR PROTEX TEKNOLOGIN? V\u00e5ra produkter marknadsf\u00f6rs under namnet Stingfree. Det som g\u00f6r v\u00e5ra produkter unika \u00e4r v\u00e5rtpatenterade membran som [&hellip;]","og_url":"https:\/\/stingfreesnus.se\/en\/protex-2\/","og_site_name":"Stingfree","article_publisher":"https:\/\/www.facebook.com\/stingfreesnus","article_modified_time":"2025-11-11T14:54:40+00:00","og_image":[{"url":"https:\/\/stingfreesnus.se\/wp-content\/uploads\/pro-tex-1.png","type":"","width":"","height":""}],"twitter_card":"summary_large_image","twitter_site":"@Stingfreesnus","twitter_misc":{"Est. reading time":"4 minutes"},"schema":{"@context":"https:\/\/schema.org","@graph":[{"@type":"WebPage","@id":"https:\/\/stingfreesnus.se\/protex-2\/","url":"https:\/\/stingfreesnus.se\/protex-2\/","name":"Protex Technology - Stingfree","isPartOf":{"@id":"https:\/\/stingfreesnus.se\/#website"},"primaryImageOfPage":{"@id":"https:\/\/stingfreesnus.se\/protex-2\/#primaryimage"},"image":{"@id":"https:\/\/stingfreesnus.se\/protex-2\/#primaryimage"},"thumbnailUrl":"https:\/\/stingfreesnus.se\/wp-content\/uploads\/pro-tex-1.png","datePublished":"2025-06-05T05:28:49+00:00","dateModified":"2025-11-11T14:54:40+00:00","breadcrumb":{"@id":"https:\/\/stingfreesnus.se\/protex-2\/#breadcrumb"},"inLanguage":"en-US","potentialAction":[{"@type":"ReadAction","target":["https:\/\/stingfreesnus.se\/protex-2\/"]}]},{"@type":"ImageObject","inLanguage":"en-US","@id":"https:\/\/stingfreesnus.se\/protex-2\/#primaryimage","url":"https:\/\/stingfreesnus.se\/wp-content\/uploads\/pro-tex-1.png","contentUrl":"https:\/\/stingfreesnus.se\/wp-content\/uploads\/pro-tex-1.png"},{"@type":"BreadcrumbList","@id":"https:\/\/stingfreesnus.se\/protex-2\/#breadcrumb","itemListElement":[{"@type":"ListItem","position":1,"name":"Hem","item":"https:\/\/stingfreesnus.se\/"},{"@type":"ListItem","position":2,"name":"Protex Teknologi"}]},{"@type":"WebSite","@id":"https:\/\/stingfreesnus.se\/#website","url":"https:\/\/stingfreesnus.se\/","name":"Stingfree","description":"Snus with protection against burning and irritation of the gums","publisher":{"@id":"https:\/\/stingfreesnus.se\/#organization"},"potentialAction":[{"@type":"SearchAction","target":{"@type":"EntryPoint","urlTemplate":"https:\/\/stingfreesnus.se\/?s={search_term_string}"},"query-input":{"@type":"PropertyValueSpecification","valueRequired":true,"valueName":"search_term_string"}}],"inLanguage":"en-US"},{"@type":"Organization","@id":"https:\/\/stingfreesnus.se\/#organization","name":"Stingfree","url":"https:\/\/stingfreesnus.se\/","logo":{"@type":"ImageObject","inLanguage":"en-US","@id":"https:\/\/stingfreesnus.se\/#\/schema\/logo\/image\/","url":"https:\/\/i0.wp.com\/stingfreesnus.se\/wp-content\/uploads\/logonew.webp?fit=918%2C589&ssl=1","contentUrl":"https:\/\/i0.wp.com\/stingfreesnus.se\/wp-content\/uploads\/logonew.webp?fit=918%2C589&ssl=1","width":918,"height":589,"caption":"Stingfree"},"image":{"@id":"https:\/\/stingfreesnus.se\/#\/schema\/logo\/image\/"},"sameAs":["https:\/\/www.facebook.com\/stingfreesnus","https:\/\/x.com\/Stingfreesnus"]}]}},"uagb_featured_image_src":{"full":false,"thumbnail":false,"medium":false,"medium_large":false,"large":false,"1536x1536":false,"2048x2048":false,"trp-custom-language-flag":false,"woocommerce_thumbnail":false,"woocommerce_single":false,"woocommerce_gallery_thumbnail":false},"uagb_author_info":{"display_name":"Daniel","author_link":"https:\/\/stingfreesnus.se\/en\/author\/daniel\/"},"uagb_comment_info":0,"uagb_excerpt":"HUR FUNGERAR PROTEX TEKNOLOGIN? V\u00e5ra produkter marknadsf\u00f6rs under namnet Stingfree. Det som g\u00f6r v\u00e5ra produkter unika \u00e4r v\u00e5rtpatenterade membran som [&hellip;]","jetpack_likes_enabled":true,"jetpack_sharing_enabled":true,"_links":{"self":[{"href":"https:\/\/stingfreesnus.se\/en\/wp-json\/wp\/v2\/pages\/3547","targetHints":{"allow":["GET"]}}],"collection":[{"href":"https:\/\/stingfreesnus.se\/en\/wp-json\/wp\/v2\/pages"}],"about":[{"href":"https:\/\/stingfreesnus.se\/en\/wp-json\/wp\/v2\/types\/page"}],"author":[{"embeddable":true,"href":"https:\/\/stingfreesnus.se\/en\/wp-json\/wp\/v2\/users\/3"}],"replies":[{"embeddable":true,"href":"https:\/\/stingfreesnus.se\/en\/wp-json\/wp\/v2\/comments?post=3547"}],"version-history":[{"count":68,"href":"https:\/\/stingfreesnus.se\/en\/wp-json\/wp\/v2\/pages\/3547\/revisions"}],"predecessor-version":[{"id":4896,"href":"https:\/\/stingfreesnus.se\/en\/wp-json\/wp\/v2\/pages\/3547\/revisions\/4896"}],"wp:attachment":[{"href":"https:\/\/stingfreesnus.se\/en\/wp-json\/wp\/v2\/media?parent=3547"}],"curies":[{"name":"wp","href":"https:\/\/api.w.org\/{rel}","templated":true}]}}