{"id":377,"date":"2023-09-14T08:28:21","date_gmt":"2023-09-14T08:28:21","guid":{"rendered":"https:\/\/stingfreesnus.se\/?page_id=3"},"modified":"2024-02-06T15:32:49","modified_gmt":"2024-02-06T14:32:49","slug":"privacy-policy","status":"publish","type":"page","link":"https:\/\/stingfreesnus.se\/en\/integritetspolicy\/","title":{"rendered":"Privacy policy"},"content":{"rendered":"<p><strong>Handling of personal data<\/strong><\/p>\n\n\n\n<p>We protect the security of your personal data with the utmost integrity and care. Our website is encrypted with HTTPS\/SSL certificates. The certificate is used to prevent unauthorized persons from seeing information sent between servers.<\/p>\n\n\n\n<p><strong>What data do we store and for how long<\/strong><\/p>\n\n\n\n<p>The data stored with us are the fields that each form contains. The personal data is collected and processed for the purpose of administering what you have requested. Or as required by law, and is not stored longer than necessary to fulfill this purpose. If you submit your personal data\/complete a form to us via this website, you consent to its processing, in accordance with this policy.<\/p>\n\n\n\n<p><strong>Purpose of the collection<\/strong><\/p>\n\n\n\n<p>We collect data to make contact, establish and\/or maintain a business relationship or inquiry.<\/p>\n\n\n\n<p><strong>Modification\/deletion and right to information on personal data<\/strong><\/p>\n\n\n\n<p>You always have the possibility and right to request access to the information we have stored. You also have the right to request the modification or deletion of your data. To do this, contact us by email. When you are a customer with us, we always need your data to be able to complete our cooperation.<\/p>\n\n\n\n<p><strong>Cookie Policy<\/strong><\/p>\n\n\n\n<p>We use cookies to improve your website visit, our services and our website. . We also use cookies for overall analytical information regarding your use of our services, to save functional settings and to target relevant marketing to you. You have the option to change the settings in your browser for the use and scope of cookies. Examples of such adjustments include blocking all cookies or deleting cookies when you close your browser.<\/p>\n\n\n\n<p><strong>Cookies in brief<\/strong><\/p>\n\n\n\n<p>Cookies are small text files that are stored on your computer and used to track what you do on the website. There are two types of cookies: permanent cookies and session cookies.<\/p>\n\n\n\n<p><strong>Persistent cookies<\/strong><\/p>\n\n\n\n<p>A permanent cookie stays on the visitor's computer for a fixed period of time. These are used to improve the website by obtaining statistics on how a visitor uses the website, such as which articles are read most and how users move around the navigation.<\/p>\n\n\n\n<p><strong>Session cookies<\/strong><\/p>\n\n\n\n<p>A session cookie is temporarily stored in the computer's memory while a visitor is on a web page. Session cookies disappear when you close your browser. This website uses session cookies to manage information that you provide when you use our services. <\/p>\n\n\n\n<p class=\"has-large-font-size\"><a class=\"cky-banner-element\">Change your cookie settings here &gt;&gt;&gt;<\/a><\/p>\n\n\n\n<h2 class=\"wp-block-heading\">Sting Free uses the following cookies:<\/h2>\n\n\n\n<div class=\"cky-audit-table-element\"><\/div>","protected":false},"excerpt":{"rendered":"<p>Hantering av personuppgifter Vi v\u00e4rnar om s\u00e4kerheten kring era personuppgifter med st\u00f6rsta integritet och h\u00e4nsyn. V\u00e5r webbplats \u00e4r krypterad med [&hellip;]<\/p>\n","protected":false},"author":3,"featured_media":0,"parent":0,"menu_order":0,"comment_status":"closed","ping_status":"closed","template":"","meta":{"_acf_changed":false,"_uag_custom_page_level_css":"","site-sidebar-layout":"default","site-content-layout":"","ast-site-content-layout":"default","site-content-style":"default","site-sidebar-style":"default","ast-global-header-display":"","ast-banner-title-visibility":"","ast-main-header-display":"","ast-hfb-above-header-display":"","ast-hfb-below-header-display":"","ast-hfb-mobile-header-display":"","site-post-title":"","ast-breadcrumbs-content":"","ast-featured-img":"","footer-sml-layout":"","ast-disable-related-posts":"","theme-transparent-header-meta":"","adv-header-id-meta":"","stick-header-meta":"","header-above-stick-meta":"","header-main-stick-meta":"","header-below-stick-meta":"","astra-migrate-meta-layouts":"default","ast-page-background-enabled":"default","ast-page-background-meta":{"desktop":{"background-color":"var(--ast-global-color-5)","background-image":"","background-repeat":"repeat","background-position":"center center","background-size":"auto","background-attachment":"scroll","background-type":"","background-media":"","overlay-type":"","overlay-color":"","overlay-opacity":"","overlay-gradient":""},"tablet":{"background-color":"","background-image":"","background-repeat":"repeat","background-position":"center center","background-size":"auto","background-attachment":"scroll","background-type":"","background-media":"","overlay-type":"","overlay-color":"","overlay-opacity":"","overlay-gradient":""},"mobile":{"background-color":"","background-image":"","background-repeat":"repeat","background-position":"center center","background-size":"auto","background-attachment":"scroll","background-type":"","background-media":"","overlay-type":"","overlay-color":"","overlay-opacity":"","overlay-gradient":""}},"ast-content-background-meta":{"desktop":{"background-color":"var(--ast-global-color-4)","background-image":"","background-repeat":"repeat","background-position":"center center","background-size":"auto","background-attachment":"scroll","background-type":"","background-media":"","overlay-type":"","overlay-color":"","overlay-opacity":"","overlay-gradient":""},"tablet":{"background-color":"var(--ast-global-color-4)","background-image":"","background-repeat":"repeat","background-position":"center center","background-size":"auto","background-attachment":"scroll","background-type":"","background-media":"","overlay-type":"","overlay-color":"","overlay-opacity":"","overlay-gradient":""},"mobile":{"background-color":"var(--ast-global-color-4)","background-image":"","background-repeat":"repeat","background-position":"center center","background-size":"auto","background-attachment":"scroll","background-type":"","background-media":"","overlay-type":"","overlay-color":"","overlay-opacity":"","overlay-gradient":""}},"footnotes":""},"class_list":["post-377","page","type-page","status-publish","hentry"],"acf":[],"yoast_head":"<!-- This site is optimized with the Yoast SEO plugin v27.4 - https:\/\/yoast.com\/product\/yoast-seo-wordpress\/ -->\n<title>Integritetspolicy - Stingfree<\/title>\n<meta name=\"robots\" content=\"index, follow, max-snippet:-1, max-image-preview:large, max-video-preview:-1\" \/>\n<link rel=\"canonical\" href=\"https:\/\/stingfreesnus.se\/en\/privacy-policy\/\" \/>\n<meta property=\"og:locale\" content=\"en_US\" \/>\n<meta property=\"og:type\" content=\"article\" \/>\n<meta property=\"og:title\" content=\"Integritetspolicy - Stingfree\" \/>\n<meta property=\"og:description\" content=\"Hantering av personuppgifter Vi v\u00e4rnar om s\u00e4kerheten kring era personuppgifter med st\u00f6rsta integritet och h\u00e4nsyn. V\u00e5r webbplats \u00e4r krypterad med [&hellip;]\" \/>\n<meta property=\"og:url\" content=\"https:\/\/stingfreesnus.se\/en\/privacy-policy\/\" \/>\n<meta property=\"og:site_name\" content=\"Stingfree\" \/>\n<meta property=\"article:publisher\" content=\"https:\/\/www.facebook.com\/stingfreesnus\" \/>\n<meta property=\"article:modified_time\" content=\"2024-02-06T14:32:49+00:00\" \/>\n<meta name=\"twitter:card\" content=\"summary_large_image\" \/>\n<meta name=\"twitter:site\" content=\"@Stingfreesnus\" \/>\n<meta name=\"twitter:label1\" content=\"Est. reading time\" \/>\n\t<meta name=\"twitter:data1\" content=\"3 minutes\" \/>\n<script type=\"application\/ld+json\" class=\"yoast-schema-graph\">{\"@context\":\"https:\\\/\\\/schema.org\",\"@graph\":[{\"@type\":\"WebPage\",\"@id\":\"https:\\\/\\\/stingfreesnus.se\\\/integritetspolicy\\\/\",\"url\":\"https:\\\/\\\/stingfreesnus.se\\\/integritetspolicy\\\/\",\"name\":\"Integritetspolicy - Stingfree\",\"isPartOf\":{\"@id\":\"https:\\\/\\\/stingfreesnus.se\\\/#website\"},\"datePublished\":\"2023-09-14T08:28:21+00:00\",\"dateModified\":\"2024-02-06T14:32:49+00:00\",\"breadcrumb\":{\"@id\":\"https:\\\/\\\/stingfreesnus.se\\\/integritetspolicy\\\/#breadcrumb\"},\"inLanguage\":\"en-US\",\"potentialAction\":[{\"@type\":\"ReadAction\",\"target\":[\"https:\\\/\\\/stingfreesnus.se\\\/integritetspolicy\\\/\"]}]},{\"@type\":\"BreadcrumbList\",\"@id\":\"https:\\\/\\\/stingfreesnus.se\\\/integritetspolicy\\\/#breadcrumb\",\"itemListElement\":[{\"@type\":\"ListItem\",\"position\":1,\"name\":\"Hem\",\"item\":\"https:\\\/\\\/stingfreesnus.se\\\/\"},{\"@type\":\"ListItem\",\"position\":2,\"name\":\"Integritetspolicy\"}]},{\"@type\":\"WebSite\",\"@id\":\"https:\\\/\\\/stingfreesnus.se\\\/#website\",\"url\":\"https:\\\/\\\/stingfreesnus.se\\\/\",\"name\":\"Stingfree\",\"description\":\"Snus med skydd mot sveda och irritation p\u00e5 tandk\u00f6ttet\",\"publisher\":{\"@id\":\"https:\\\/\\\/stingfreesnus.se\\\/#organization\"},\"potentialAction\":[{\"@type\":\"SearchAction\",\"target\":{\"@type\":\"EntryPoint\",\"urlTemplate\":\"https:\\\/\\\/stingfreesnus.se\\\/?s={search_term_string}\"},\"query-input\":{\"@type\":\"PropertyValueSpecification\",\"valueRequired\":true,\"valueName\":\"search_term_string\"}}],\"inLanguage\":\"en-US\"},{\"@type\":\"Organization\",\"@id\":\"https:\\\/\\\/stingfreesnus.se\\\/#organization\",\"name\":\"Stingfree\",\"url\":\"https:\\\/\\\/stingfreesnus.se\\\/\",\"logo\":{\"@type\":\"ImageObject\",\"inLanguage\":\"en-US\",\"@id\":\"https:\\\/\\\/stingfreesnus.se\\\/#\\\/schema\\\/logo\\\/image\\\/\",\"url\":\"https:\\\/\\\/i0.wp.com\\\/stingfreesnus.se\\\/wp-content\\\/uploads\\\/logonew.webp?fit=918%2C589&ssl=1\",\"contentUrl\":\"https:\\\/\\\/i0.wp.com\\\/stingfreesnus.se\\\/wp-content\\\/uploads\\\/logonew.webp?fit=918%2C589&ssl=1\",\"width\":918,\"height\":589,\"caption\":\"Stingfree\"},\"image\":{\"@id\":\"https:\\\/\\\/stingfreesnus.se\\\/#\\\/schema\\\/logo\\\/image\\\/\"},\"sameAs\":[\"https:\\\/\\\/www.facebook.com\\\/stingfreesnus\",\"https:\\\/\\\/x.com\\\/Stingfreesnus\"]}]}<\/script>\n<!-- \/ Yoast SEO plugin. -->","yoast_head_json":{"title":"Privacy policy - Stingfree","robots":{"index":"index","follow":"follow","max-snippet":"max-snippet:-1","max-image-preview":"max-image-preview:large","max-video-preview":"max-video-preview:-1"},"canonical":"https:\/\/stingfreesnus.se\/en\/privacy-policy\/","og_locale":"en_US","og_type":"article","og_title":"Integritetspolicy - Stingfree","og_description":"Hantering av personuppgifter Vi v\u00e4rnar om s\u00e4kerheten kring era personuppgifter med st\u00f6rsta integritet och h\u00e4nsyn. V\u00e5r webbplats \u00e4r krypterad med [&hellip;]","og_url":"https:\/\/stingfreesnus.se\/en\/privacy-policy\/","og_site_name":"Stingfree","article_publisher":"https:\/\/www.facebook.com\/stingfreesnus","article_modified_time":"2024-02-06T14:32:49+00:00","twitter_card":"summary_large_image","twitter_site":"@Stingfreesnus","twitter_misc":{"Est. reading time":"3 minutes"},"schema":{"@context":"https:\/\/schema.org","@graph":[{"@type":"WebPage","@id":"https:\/\/stingfreesnus.se\/integritetspolicy\/","url":"https:\/\/stingfreesnus.se\/integritetspolicy\/","name":"Privacy policy - Stingfree","isPartOf":{"@id":"https:\/\/stingfreesnus.se\/#website"},"datePublished":"2023-09-14T08:28:21+00:00","dateModified":"2024-02-06T14:32:49+00:00","breadcrumb":{"@id":"https:\/\/stingfreesnus.se\/integritetspolicy\/#breadcrumb"},"inLanguage":"en-US","potentialAction":[{"@type":"ReadAction","target":["https:\/\/stingfreesnus.se\/integritetspolicy\/"]}]},{"@type":"BreadcrumbList","@id":"https:\/\/stingfreesnus.se\/integritetspolicy\/#breadcrumb","itemListElement":[{"@type":"ListItem","position":1,"name":"Hem","item":"https:\/\/stingfreesnus.se\/"},{"@type":"ListItem","position":2,"name":"Integritetspolicy"}]},{"@type":"WebSite","@id":"https:\/\/stingfreesnus.se\/#website","url":"https:\/\/stingfreesnus.se\/","name":"Stingfree","description":"Snus with protection against burning and irritation of the gums","publisher":{"@id":"https:\/\/stingfreesnus.se\/#organization"},"potentialAction":[{"@type":"SearchAction","target":{"@type":"EntryPoint","urlTemplate":"https:\/\/stingfreesnus.se\/?s={search_term_string}"},"query-input":{"@type":"PropertyValueSpecification","valueRequired":true,"valueName":"search_term_string"}}],"inLanguage":"en-US"},{"@type":"Organization","@id":"https:\/\/stingfreesnus.se\/#organization","name":"Stingfree","url":"https:\/\/stingfreesnus.se\/","logo":{"@type":"ImageObject","inLanguage":"en-US","@id":"https:\/\/stingfreesnus.se\/#\/schema\/logo\/image\/","url":"https:\/\/i0.wp.com\/stingfreesnus.se\/wp-content\/uploads\/logonew.webp?fit=918%2C589&ssl=1","contentUrl":"https:\/\/i0.wp.com\/stingfreesnus.se\/wp-content\/uploads\/logonew.webp?fit=918%2C589&ssl=1","width":918,"height":589,"caption":"Stingfree"},"image":{"@id":"https:\/\/stingfreesnus.se\/#\/schema\/logo\/image\/"},"sameAs":["https:\/\/www.facebook.com\/stingfreesnus","https:\/\/x.com\/Stingfreesnus"]}]}},"uagb_featured_image_src":{"full":false,"thumbnail":false,"medium":false,"medium_large":false,"large":false,"1536x1536":false,"2048x2048":false,"trp-custom-language-flag":false,"woocommerce_thumbnail":false,"woocommerce_single":false,"woocommerce_gallery_thumbnail":false},"uagb_author_info":{"display_name":"Daniel","author_link":"https:\/\/stingfreesnus.se\/en\/author\/daniel\/"},"uagb_comment_info":0,"uagb_excerpt":"Hantering av personuppgifter Vi v\u00e4rnar om s\u00e4kerheten kring era personuppgifter med st\u00f6rsta integritet och h\u00e4nsyn. V\u00e5r webbplats \u00e4r krypterad med [&hellip;]","jetpack_likes_enabled":true,"jetpack_sharing_enabled":true,"_links":{"self":[{"href":"https:\/\/stingfreesnus.se\/en\/wp-json\/wp\/v2\/pages\/377","targetHints":{"allow":["GET"]}}],"collection":[{"href":"https:\/\/stingfreesnus.se\/en\/wp-json\/wp\/v2\/pages"}],"about":[{"href":"https:\/\/stingfreesnus.se\/en\/wp-json\/wp\/v2\/types\/page"}],"author":[{"embeddable":true,"href":"https:\/\/stingfreesnus.se\/en\/wp-json\/wp\/v2\/users\/3"}],"replies":[{"embeddable":true,"href":"https:\/\/stingfreesnus.se\/en\/wp-json\/wp\/v2\/comments?post=377"}],"version-history":[{"count":12,"href":"https:\/\/stingfreesnus.se\/en\/wp-json\/wp\/v2\/pages\/377\/revisions"}],"predecessor-version":[{"id":1498,"href":"https:\/\/stingfreesnus.se\/en\/wp-json\/wp\/v2\/pages\/377\/revisions\/1498"}],"wp:attachment":[{"href":"https:\/\/stingfreesnus.se\/en\/wp-json\/wp\/v2\/media?parent=377"}],"curies":[{"name":"wp","href":"https:\/\/api.w.org\/{rel}","templated":true}]}}