{"id":20,"date":"2023-10-06T14:02:34","date_gmt":"2023-10-06T12:02:34","guid":{"rendered":"https:\/\/stingfreesnus.se\/?page_id=20"},"modified":"2024-01-30T14:16:07","modified_gmt":"2024-01-30T13:16:07","slug":"como-utilizar-las-pastillas-de-nicotina-sin-aguijon","status":"publish","type":"page","link":"https:\/\/stingfreesnus.se\/es\/hur-anvander-man-stingfree-nikotinpasar\/","title":{"rendered":"C\u00f3mo utilizar los sobres de nicotina Stingfree"},"content":{"rendered":"<h3 class=\"wp-block-heading\"><em>Para utilizar <a href=\"https:\/\/stingfreesnus.se\/es\/nicotina-pasar\/\">Snus sin aguja y productos de nicotina<\/a> es sencillo. Lo \u00fanico que tienes que recordar es girar el lado azul de la pastilla hacia las enc\u00edas.<\/em><\/h3>\n\n\n\n<div style=\"height:20px\" aria-hidden=\"true\" class=\"wp-block-spacer\"><\/div>\n\n\n\n<h5 class=\"wp-block-heading\">Hay dos razones principales por las que la cubierta azul debe mirar hacia las enc\u00edas:<\/h5>\n\n\n\n<ul class=\"wp-block-list\">\n<li><strong>La primera y m\u00e1s importante raz\u00f3n<\/strong> es que <a href=\"https:\/\/stingfreesnus.se\/es\/encias-de-cera-agrandadas-por-el-tabaco-de-lomo\/\">las enc\u00edas destruidas no vuelven a crecer<\/a> pero el da\u00f1o en el labio s\u00ed. <\/li>\n\n\n\n<li><strong>La segunda raz\u00f3n<\/strong> es que las enc\u00edas absorben muy mal la nicotina y los aromas, por lo que si giraras el lado azul hacia el labio en lugar de hacia las enc\u00edas, tendr\u00edas una experiencia reducida de nicotina y aromas.&nbsp;<\/li>\n<\/ul>\n\n\n\n<div class=\"wp-block-columns is-layout-flex wp-container-core-columns-is-layout-28f84493 wp-block-columns-is-layout-flex\">\n<div class=\"wp-block-column is-vertically-aligned-center is-layout-flow wp-block-column-is-layout-flow\">\n<p><\/p>\n\n\n\n<p class=\"has-medium-font-size\"><strong>Coloque el lado azul de la bolsa de prill\/nicotina contra sus enc\u00edas.\u00a0<\/strong><\/p>\n<\/div>\n\n\n\n<div class=\"wp-block-column is-layout-flow wp-block-column-is-layout-flow\">\n<figure class=\"wp-block-image size-full\"><img data-recalc-dims=\"1\" loading=\"lazy\" decoding=\"async\" width=\"800\" height=\"346\" src=\"https:\/\/i0.wp.com\/stingfreesnus.se\/wp-content\/uploads\/2023\/10\/Placera-Stingfree-Med-Bla-Sida-Mot-Tandkottet.webp?resize=800%2C346&#038;ssl=1\" alt=\"Coloque el snus Stingfree con el lado protector azul de la bolsa de nicotina contra las enc\u00edas.\" class=\"wp-image-295\" srcset=\"https:\/\/i0.wp.com\/stingfreesnus.se\/wp-content\/uploads\/2023\/10\/Placera-Stingfree-Med-Bla-Sida-Mot-Tandkottet.webp?w=800&amp;ssl=1 800w, https:\/\/i0.wp.com\/stingfreesnus.se\/wp-content\/uploads\/2023\/10\/Placera-Stingfree-Med-Bla-Sida-Mot-Tandkottet.webp?resize=300%2C130&amp;ssl=1 300w, https:\/\/i0.wp.com\/stingfreesnus.se\/wp-content\/uploads\/2023\/10\/Placera-Stingfree-Med-Bla-Sida-Mot-Tandkottet.webp?resize=768%2C332&amp;ssl=1 768w\" sizes=\"auto, (max-width: 800px) 100vw, 800px\" \/><\/figure>\n<\/div>\n<\/div>\n\n\n\n<div class=\"wp-block-columns is-layout-flex wp-container-core-columns-is-layout-28f84493 wp-block-columns-is-layout-flex\">\n<div class=\"wp-block-column is-vertically-aligned-center is-layout-flow wp-block-column-is-layout-flow\">\n<p class=\"has-medium-font-size\"><strong>Cuando hayas terminado con la bolsa, t\u00edrala a la basura o a un cubo de basura.\u00a0<\/strong><\/p>\n<\/div>\n\n\n\n<div class=\"wp-block-column is-layout-flow wp-block-column-is-layout-flow\">\n<figure class=\"wp-block-image size-full\"><img data-recalc-dims=\"1\" loading=\"lazy\" decoding=\"async\" width=\"574\" height=\"466\" src=\"https:\/\/i0.wp.com\/stingfreesnus.se\/wp-content\/uploads\/2023\/10\/stingfree-snusa-miljovanligt-e1696687544586.webp?resize=574%2C466&#038;ssl=1\" alt=\"\u00a1Piense en el medio ambiente cuando utilice snus! Deseche los gr\u00e1nulos en la tapa de la lata o en un contenedor de basura.\" class=\"wp-image-298\" srcset=\"https:\/\/i0.wp.com\/stingfreesnus.se\/wp-content\/uploads\/2023\/10\/stingfree-snusa-miljovanligt-e1696687544586.webp?w=574&amp;ssl=1 574w, https:\/\/i0.wp.com\/stingfreesnus.se\/wp-content\/uploads\/2023\/10\/stingfree-snusa-miljovanligt-e1696687544586.webp?resize=300%2C244&amp;ssl=1 300w\" sizes=\"auto, (max-width: 574px) 100vw, 574px\" \/><\/figure>\n<\/div>\n<\/div>","protected":false},"excerpt":{"rendered":"<p>Att anv\u00e4nda Stingfree snus och nikotinprodukter \u00e4r enkelt. Det enda som du beh\u00f6ver komma ih\u00e5g \u00e4r att v\u00e4nda den bl\u00e5 [&hellip;]<\/p>\n","protected":false},"author":3,"featured_media":0,"parent":0,"menu_order":0,"comment_status":"closed","ping_status":"closed","template":"","meta":{"_acf_changed":false,"_uag_custom_page_level_css":"","site-sidebar-layout":"default","site-content-layout":"","ast-site-content-layout":"default","site-content-style":"default","site-sidebar-style":"default","ast-global-header-display":"","ast-banner-title-visibility":"","ast-main-header-display":"","ast-hfb-above-header-display":"","ast-hfb-below-header-display":"","ast-hfb-mobile-header-display":"","site-post-title":"","ast-breadcrumbs-content":"","ast-featured-img":"","footer-sml-layout":"","ast-disable-related-posts":"","theme-transparent-header-meta":"","adv-header-id-meta":"","stick-header-meta":"","header-above-stick-meta":"","header-main-stick-meta":"","header-below-stick-meta":"","astra-migrate-meta-layouts":"default","ast-page-background-enabled":"default","ast-page-background-meta":{"desktop":{"background-color":"var(--ast-global-color-5)","background-image":"","background-repeat":"repeat","background-position":"center center","background-size":"auto","background-attachment":"scroll","background-type":"","background-media":"","overlay-type":"","overlay-color":"","overlay-opacity":"","overlay-gradient":""},"tablet":{"background-color":"","background-image":"","background-repeat":"repeat","background-position":"center center","background-size":"auto","background-attachment":"scroll","background-type":"","background-media":"","overlay-type":"","overlay-color":"","overlay-opacity":"","overlay-gradient":""},"mobile":{"background-color":"","background-image":"","background-repeat":"repeat","background-position":"center center","background-size":"auto","background-attachment":"scroll","background-type":"","background-media":"","overlay-type":"","overlay-color":"","overlay-opacity":"","overlay-gradient":""}},"ast-content-background-meta":{"desktop":{"background-color":"var(--ast-global-color-4)","background-image":"","background-repeat":"repeat","background-position":"center center","background-size":"auto","background-attachment":"scroll","background-type":"","background-media":"","overlay-type":"","overlay-color":"","overlay-opacity":"","overlay-gradient":""},"tablet":{"background-color":"var(--ast-global-color-4)","background-image":"","background-repeat":"repeat","background-position":"center center","background-size":"auto","background-attachment":"scroll","background-type":"","background-media":"","overlay-type":"","overlay-color":"","overlay-opacity":"","overlay-gradient":""},"mobile":{"background-color":"var(--ast-global-color-4)","background-image":"","background-repeat":"repeat","background-position":"center center","background-size":"auto","background-attachment":"scroll","background-type":"","background-media":"","overlay-type":"","overlay-color":"","overlay-opacity":"","overlay-gradient":""}},"footnotes":""},"class_list":["post-20","page","type-page","status-publish","hentry"],"acf":[],"yoast_head":"<!-- This site is optimized with the Yoast SEO plugin v27.4 - https:\/\/yoast.com\/product\/yoast-seo-wordpress\/ -->\n<title>Hur anv\u00e4nder man Stingfree nikotinp\u00e5sar - Stingfree<\/title>\n<meta name=\"description\" content=\"Att anv\u00e4nda Stingfree snus \u00e4r enkelt. Det enda du beh\u00f6ver komma ih\u00e5g \u00e4r att v\u00e4nda den bl\u00e5 sidan av nikotinp\u00e5sen mot ditt tandk\u00f6tt.\" \/>\n<meta name=\"robots\" content=\"index, follow, max-snippet:-1, max-image-preview:large, max-video-preview:-1\" \/>\n<link rel=\"canonical\" href=\"https:\/\/stingfreesnus.se\/es\/como-utilizar-las-pastillas-de-nicotina-sin-aguijon\/\" \/>\n<meta property=\"og:locale\" content=\"es_ES\" \/>\n<meta property=\"og:type\" content=\"article\" \/>\n<meta property=\"og:title\" content=\"Hur anv\u00e4nder man Stingfree nikotinp\u00e5sar - Stingfree\" \/>\n<meta property=\"og:description\" content=\"Att anv\u00e4nda Stingfree snus \u00e4r enkelt. Det enda du beh\u00f6ver komma ih\u00e5g \u00e4r att v\u00e4nda den bl\u00e5 sidan av nikotinp\u00e5sen mot ditt tandk\u00f6tt.\" \/>\n<meta property=\"og:url\" content=\"https:\/\/stingfreesnus.se\/es\/como-utilizar-las-pastillas-de-nicotina-sin-aguijon\/\" \/>\n<meta property=\"og:site_name\" content=\"Stingfree\" \/>\n<meta property=\"article:publisher\" content=\"https:\/\/www.facebook.com\/stingfreesnus\" \/>\n<meta property=\"article:modified_time\" content=\"2024-01-30T13:16:07+00:00\" \/>\n<meta property=\"og:image\" content=\"https:\/\/stingfreesnus.se\/wp-content\/uploads\/2023\/10\/Placera-Stingfree-Med-Bla-Sida-Mot-Tandkottet.webp\" \/>\n<meta name=\"twitter:card\" content=\"summary_large_image\" \/>\n<meta name=\"twitter:site\" content=\"@Stingfreesnus\" \/>\n<meta name=\"twitter:label1\" content=\"Tiempo de lectura\" \/>\n\t<meta name=\"twitter:data1\" content=\"2 minutos\" \/>\n<script type=\"application\/ld+json\" class=\"yoast-schema-graph\">{\"@context\":\"https:\\\/\\\/schema.org\",\"@graph\":[{\"@type\":\"WebPage\",\"@id\":\"https:\\\/\\\/stingfreesnus.se\\\/hur-anvander-man-stingfree-nikotinpasar\\\/\",\"url\":\"https:\\\/\\\/stingfreesnus.se\\\/hur-anvander-man-stingfree-nikotinpasar\\\/\",\"name\":\"Hur anv\u00e4nder man Stingfree nikotinp\u00e5sar - Stingfree\",\"isPartOf\":{\"@id\":\"https:\\\/\\\/stingfreesnus.se\\\/#website\"},\"primaryImageOfPage\":{\"@id\":\"https:\\\/\\\/stingfreesnus.se\\\/hur-anvander-man-stingfree-nikotinpasar\\\/#primaryimage\"},\"image\":{\"@id\":\"https:\\\/\\\/stingfreesnus.se\\\/hur-anvander-man-stingfree-nikotinpasar\\\/#primaryimage\"},\"thumbnailUrl\":\"https:\\\/\\\/stingfreesnus.se\\\/wp-content\\\/uploads\\\/2023\\\/10\\\/Placera-Stingfree-Med-Bla-Sida-Mot-Tandkottet.webp\",\"datePublished\":\"2023-10-06T12:02:34+00:00\",\"dateModified\":\"2024-01-30T13:16:07+00:00\",\"description\":\"Att anv\u00e4nda Stingfree snus \u00e4r enkelt. Det enda du beh\u00f6ver komma ih\u00e5g \u00e4r att v\u00e4nda den bl\u00e5 sidan av nikotinp\u00e5sen mot ditt tandk\u00f6tt.\",\"breadcrumb\":{\"@id\":\"https:\\\/\\\/stingfreesnus.se\\\/hur-anvander-man-stingfree-nikotinpasar\\\/#breadcrumb\"},\"inLanguage\":\"es\",\"potentialAction\":[{\"@type\":\"ReadAction\",\"target\":[\"https:\\\/\\\/stingfreesnus.se\\\/hur-anvander-man-stingfree-nikotinpasar\\\/\"]}]},{\"@type\":\"ImageObject\",\"inLanguage\":\"es\",\"@id\":\"https:\\\/\\\/stingfreesnus.se\\\/hur-anvander-man-stingfree-nikotinpasar\\\/#primaryimage\",\"url\":\"https:\\\/\\\/stingfreesnus.se\\\/wp-content\\\/uploads\\\/2023\\\/10\\\/Placera-Stingfree-Med-Bla-Sida-Mot-Tandkottet.webp\",\"contentUrl\":\"https:\\\/\\\/stingfreesnus.se\\\/wp-content\\\/uploads\\\/2023\\\/10\\\/Placera-Stingfree-Med-Bla-Sida-Mot-Tandkottet.webp\"},{\"@type\":\"BreadcrumbList\",\"@id\":\"https:\\\/\\\/stingfreesnus.se\\\/hur-anvander-man-stingfree-nikotinpasar\\\/#breadcrumb\",\"itemListElement\":[{\"@type\":\"ListItem\",\"position\":1,\"name\":\"Hem\",\"item\":\"https:\\\/\\\/stingfreesnus.se\\\/\"},{\"@type\":\"ListItem\",\"position\":2,\"name\":\"Hur anv\u00e4nder man Stingfree nikotinp\u00e5sar\"}]},{\"@type\":\"WebSite\",\"@id\":\"https:\\\/\\\/stingfreesnus.se\\\/#website\",\"url\":\"https:\\\/\\\/stingfreesnus.se\\\/\",\"name\":\"Stingfree\",\"description\":\"Snus med skydd mot sveda och irritation p\u00e5 tandk\u00f6ttet\",\"publisher\":{\"@id\":\"https:\\\/\\\/stingfreesnus.se\\\/#organization\"},\"potentialAction\":[{\"@type\":\"SearchAction\",\"target\":{\"@type\":\"EntryPoint\",\"urlTemplate\":\"https:\\\/\\\/stingfreesnus.se\\\/?s={search_term_string}\"},\"query-input\":{\"@type\":\"PropertyValueSpecification\",\"valueRequired\":true,\"valueName\":\"search_term_string\"}}],\"inLanguage\":\"es\"},{\"@type\":\"Organization\",\"@id\":\"https:\\\/\\\/stingfreesnus.se\\\/#organization\",\"name\":\"Stingfree\",\"url\":\"https:\\\/\\\/stingfreesnus.se\\\/\",\"logo\":{\"@type\":\"ImageObject\",\"inLanguage\":\"es\",\"@id\":\"https:\\\/\\\/stingfreesnus.se\\\/#\\\/schema\\\/logo\\\/image\\\/\",\"url\":\"https:\\\/\\\/i0.wp.com\\\/stingfreesnus.se\\\/wp-content\\\/uploads\\\/logonew.webp?fit=918%2C589&ssl=1\",\"contentUrl\":\"https:\\\/\\\/i0.wp.com\\\/stingfreesnus.se\\\/wp-content\\\/uploads\\\/logonew.webp?fit=918%2C589&ssl=1\",\"width\":918,\"height\":589,\"caption\":\"Stingfree\"},\"image\":{\"@id\":\"https:\\\/\\\/stingfreesnus.se\\\/#\\\/schema\\\/logo\\\/image\\\/\"},\"sameAs\":[\"https:\\\/\\\/www.facebook.com\\\/stingfreesnus\",\"https:\\\/\\\/x.com\\\/Stingfreesnus\"]}]}<\/script>\n<!-- \/ Yoast SEO plugin. -->","yoast_head_json":{"title":"C\u00f3mo utilizar las bolsitas de nicotina Stingfree - Stingfree","description":"Utilizar el snus Stingfree es muy f\u00e1cil. Lo \u00fanico que tienes que recordar es girar el lado azul de la bolsita de nicotina hacia las enc\u00edas.","robots":{"index":"index","follow":"follow","max-snippet":"max-snippet:-1","max-image-preview":"max-image-preview:large","max-video-preview":"max-video-preview:-1"},"canonical":"https:\/\/stingfreesnus.se\/es\/como-utilizar-las-pastillas-de-nicotina-sin-aguijon\/","og_locale":"es_ES","og_type":"article","og_title":"Hur anv\u00e4nder man Stingfree nikotinp\u00e5sar - Stingfree","og_description":"Att anv\u00e4nda Stingfree snus \u00e4r enkelt. Det enda du beh\u00f6ver komma ih\u00e5g \u00e4r att v\u00e4nda den bl\u00e5 sidan av nikotinp\u00e5sen mot ditt tandk\u00f6tt.","og_url":"https:\/\/stingfreesnus.se\/es\/como-utilizar-las-pastillas-de-nicotina-sin-aguijon\/","og_site_name":"Stingfree","article_publisher":"https:\/\/www.facebook.com\/stingfreesnus","article_modified_time":"2024-01-30T13:16:07+00:00","og_image":[{"url":"https:\/\/stingfreesnus.se\/wp-content\/uploads\/2023\/10\/Placera-Stingfree-Med-Bla-Sida-Mot-Tandkottet.webp","type":"","width":"","height":""}],"twitter_card":"summary_large_image","twitter_site":"@Stingfreesnus","twitter_misc":{"Tiempo de lectura":"2 minutos"},"schema":{"@context":"https:\/\/schema.org","@graph":[{"@type":"WebPage","@id":"https:\/\/stingfreesnus.se\/hur-anvander-man-stingfree-nikotinpasar\/","url":"https:\/\/stingfreesnus.se\/hur-anvander-man-stingfree-nikotinpasar\/","name":"C\u00f3mo utilizar las bolsitas de nicotina Stingfree - Stingfree","isPartOf":{"@id":"https:\/\/stingfreesnus.se\/#website"},"primaryImageOfPage":{"@id":"https:\/\/stingfreesnus.se\/hur-anvander-man-stingfree-nikotinpasar\/#primaryimage"},"image":{"@id":"https:\/\/stingfreesnus.se\/hur-anvander-man-stingfree-nikotinpasar\/#primaryimage"},"thumbnailUrl":"https:\/\/stingfreesnus.se\/wp-content\/uploads\/2023\/10\/Placera-Stingfree-Med-Bla-Sida-Mot-Tandkottet.webp","datePublished":"2023-10-06T12:02:34+00:00","dateModified":"2024-01-30T13:16:07+00:00","description":"Utilizar el snus Stingfree es muy f\u00e1cil. Lo \u00fanico que tienes que recordar es girar el lado azul de la bolsita de nicotina hacia las enc\u00edas.","breadcrumb":{"@id":"https:\/\/stingfreesnus.se\/hur-anvander-man-stingfree-nikotinpasar\/#breadcrumb"},"inLanguage":"es","potentialAction":[{"@type":"ReadAction","target":["https:\/\/stingfreesnus.se\/hur-anvander-man-stingfree-nikotinpasar\/"]}]},{"@type":"ImageObject","inLanguage":"es","@id":"https:\/\/stingfreesnus.se\/hur-anvander-man-stingfree-nikotinpasar\/#primaryimage","url":"https:\/\/stingfreesnus.se\/wp-content\/uploads\/2023\/10\/Placera-Stingfree-Med-Bla-Sida-Mot-Tandkottet.webp","contentUrl":"https:\/\/stingfreesnus.se\/wp-content\/uploads\/2023\/10\/Placera-Stingfree-Med-Bla-Sida-Mot-Tandkottet.webp"},{"@type":"BreadcrumbList","@id":"https:\/\/stingfreesnus.se\/hur-anvander-man-stingfree-nikotinpasar\/#breadcrumb","itemListElement":[{"@type":"ListItem","position":1,"name":"Hem","item":"https:\/\/stingfreesnus.se\/"},{"@type":"ListItem","position":2,"name":"Hur anv\u00e4nder man Stingfree nikotinp\u00e5sar"}]},{"@type":"WebSite","@id":"https:\/\/stingfreesnus.se\/#website","url":"https:\/\/stingfreesnus.se\/","name":"Stingfree","description":"Snus con protecci\u00f3n contra el ardor y la irritaci\u00f3n de las enc\u00edas","publisher":{"@id":"https:\/\/stingfreesnus.se\/#organization"},"potentialAction":[{"@type":"SearchAction","target":{"@type":"EntryPoint","urlTemplate":"https:\/\/stingfreesnus.se\/?s={search_term_string}"},"query-input":{"@type":"PropertyValueSpecification","valueRequired":true,"valueName":"search_term_string"}}],"inLanguage":"es"},{"@type":"Organization","@id":"https:\/\/stingfreesnus.se\/#organization","name":"Stingfree","url":"https:\/\/stingfreesnus.se\/","logo":{"@type":"ImageObject","inLanguage":"es","@id":"https:\/\/stingfreesnus.se\/#\/schema\/logo\/image\/","url":"https:\/\/i0.wp.com\/stingfreesnus.se\/wp-content\/uploads\/logonew.webp?fit=918%2C589&ssl=1","contentUrl":"https:\/\/i0.wp.com\/stingfreesnus.se\/wp-content\/uploads\/logonew.webp?fit=918%2C589&ssl=1","width":918,"height":589,"caption":"Stingfree"},"image":{"@id":"https:\/\/stingfreesnus.se\/#\/schema\/logo\/image\/"},"sameAs":["https:\/\/www.facebook.com\/stingfreesnus","https:\/\/x.com\/Stingfreesnus"]}]}},"uagb_featured_image_src":{"full":false,"thumbnail":false,"medium":false,"medium_large":false,"large":false,"1536x1536":false,"2048x2048":false,"trp-custom-language-flag":false,"woocommerce_thumbnail":false,"woocommerce_single":false,"woocommerce_gallery_thumbnail":false},"uagb_author_info":{"display_name":"Daniel","author_link":"https:\/\/stingfreesnus.se\/es\/author\/daniel\/"},"uagb_comment_info":0,"uagb_excerpt":"Att anv\u00e4nda Stingfree snus och nikotinprodukter \u00e4r enkelt. Det enda som du beh\u00f6ver komma ih\u00e5g \u00e4r att v\u00e4nda den bl\u00e5 [&hellip;]","jetpack_likes_enabled":true,"jetpack_sharing_enabled":true,"_links":{"self":[{"href":"https:\/\/stingfreesnus.se\/es\/wp-json\/wp\/v2\/pages\/20","targetHints":{"allow":["GET"]}}],"collection":[{"href":"https:\/\/stingfreesnus.se\/es\/wp-json\/wp\/v2\/pages"}],"about":[{"href":"https:\/\/stingfreesnus.se\/es\/wp-json\/wp\/v2\/types\/page"}],"author":[{"embeddable":true,"href":"https:\/\/stingfreesnus.se\/es\/wp-json\/wp\/v2\/users\/3"}],"replies":[{"embeddable":true,"href":"https:\/\/stingfreesnus.se\/es\/wp-json\/wp\/v2\/comments?post=20"}],"version-history":[{"count":6,"href":"https:\/\/stingfreesnus.se\/es\/wp-json\/wp\/v2\/pages\/20\/revisions"}],"predecessor-version":[{"id":1416,"href":"https:\/\/stingfreesnus.se\/es\/wp-json\/wp\/v2\/pages\/20\/revisions\/1416"}],"wp:attachment":[{"href":"https:\/\/stingfreesnus.se\/es\/wp-json\/wp\/v2\/media?parent=20"}],"curies":[{"name":"wp","href":"https:\/\/api.w.org\/{rel}","templated":true}]}}