{"id":441,"date":"2023-10-09T14:18:27","date_gmt":"2023-10-09T12:18:27","guid":{"rendered":"https:\/\/stingfreesnus.se\/?page_id=441"},"modified":"2025-06-19T10:56:57","modified_gmt":"2025-06-19T08:56:57","slug":"minorista-de-cebos","status":"publish","type":"page","link":"https:\/\/stingfreesnus.se\/es\/aterforsaljare\/","title":{"rendered":"Convi\u00e9rtete en minorista - Vende bolsitas de nicotina Stingfree en tu tienda"},"content":{"rendered":"<div class=\"wp-block-uagb-container Kontakt-top-outer uagb-block-443f8da9 alignfull uagb-is-root-container\"><div class=\"uagb-container-inner-blocks-wrap\">\n<div class=\"wp-block-uagb-container uagb-block-9c7e7f56\">\n<div class=\"wp-block-columns kontakta-top-con is-layout-flex wp-container-core-columns-is-layout-28f84493 wp-block-columns-is-layout-flex\">\n<div class=\"wp-block-column is-vertically-aligned-center kontakta-left is-layout-flow wp-block-column-is-layout-flow\" data-aos=\"slide-right\" data-aos-duration=\"950\">\n<div class=\"wp-block-uagb-advanced-heading uagb-block-26353b8f\"><h1 class=\"uagb-heading-text\">Convi\u00e9rtase en minorista<\/h1><\/div>\n\n\n\n<div class=\"wp-block-uagb-advanced-heading uagb-block-787ecf64\"><h6 class=\"uagb-heading-text\">Vende sobres de nicotina Stingfree en tu tienda<\/h6><\/div>\n\n\n\n<div class=\"wp-block-uagb-advanced-heading uagb-block-bb265e2b\"><h2 class=\"uagb-heading-text\">\u00bfTambi\u00e9n quiere convertirse en distribuidor de los productos Stingfree?<\/h2><\/div>\n\n\n\n<div class=\"wp-block-uagb-advanced-heading uagb-block-f5c74ef3\"><h2 class=\"uagb-heading-text\">Nuestro producto \u00fanico se vende a un precio superior y es el m\u00e1s vendido en Vapes.se y snusfabriken.com.<\/h2><\/div>\n\n\n\n<div class=\"wp-block-uagb-advanced-heading uagb-block-983ed046\"><h2 class=\"uagb-heading-text\">Ofrezca a sus clientes una alternativa a otros snus que pueden provocar ardor e irritaci\u00f3n.<\/h2><\/div>\n<\/div>\n\n\n\n<div class=\"wp-block-column is-layout-flow wp-block-column-is-layout-flow\" id=\"kontakta-right\" data-aos=\"slide-left\" data-aos-duration=\"1400\">\n<div class=\"wp-block-uagb-image uagb-block-8f8fa36a wp-block-uagb-image--layout-default wp-block-uagb-image--effect-static wp-block-uagb-image--align-none\"><figure class=\"wp-block-uagb-image__figure\"><img data-recalc-dims=\"1\" decoding=\"async\" srcset=\"https:\/\/stingfreesnus.se\/wp-content\/uploads\/Bli-aterforsaljare.png ,https:\/\/stingfreesnus.se\/wp-content\/uploads\/Bli-aterforsaljare.png 780w, https:\/\/stingfreesnus.se\/wp-content\/uploads\/Bli-aterforsaljare.png 360w\" sizes=\"auto, (max-width: 480px) 150px\" src=\"https:\/\/i0.wp.com\/stingfreesnus.se\/wp-content\/uploads\/Bli-aterforsaljare.png?resize=624%2C424&#038;ssl=1\" alt=\"\" class=\"uag-image-3939\" width=\"624\" height=\"424\" title=\"Convi\u00e9rtase en minorista\" loading=\"lazy\" role=\"img\"\/><\/figure><\/div>\n<\/div>\n<\/div>\n<\/div>\n<\/div><\/div>\n\n\n\n<div class=\"wp-block-uagb-container bli-quotes-outer uagb-block-d8672fd6 alignfull uagb-is-root-container\"><div class=\"uagb-container-inner-blocks-wrap\">\n<div class=\"wp-block-uagb-container bli-quotes-inner uagb-block-37875d68\">\n<div class=\"wp-block-uagb-image alignleft uagb-block-4343b26f wp-block-uagb-image--layout-default wp-block-uagb-image--effect-static wp-block-uagb-image--align-left quotes-icon\"><figure class=\"wp-block-uagb-image__figure\"><img data-recalc-dims=\"1\" decoding=\"async\" srcset=\"https:\/\/stingfreesnus.se\/wp-content\/uploads\/quotes.png ,https:\/\/stingfreesnus.se\/wp-content\/uploads\/quotes.png 780w, https:\/\/stingfreesnus.se\/wp-content\/uploads\/quotes.png 360w\" sizes=\"auto, (max-width: 480px) 150px\" src=\"https:\/\/i0.wp.com\/stingfreesnus.se\/wp-content\/uploads\/quotes.png?resize=94%2C54&#038;ssl=1\" alt=\"\" class=\"uag-image-3944\" width=\"94\" height=\"54\" title=\"citas\" loading=\"lazy\" role=\"img\"\/><\/figure><\/div>\n\n\n\n<div class=\"wp-block-uagb-advanced-heading uagb-block-316f5456\"><p class=\"uagb-heading-text\">Si hay un producto que deber\u00edas probar, \u00a1es Stingfree! De todos los productos individuales entre All White, Stingfree Strong Blue Mint est\u00e1 en una clase propia, con un total de 25% de la cuota total de latas vendidas en el a\u00f1o 2023 en Snusfabriken.com.<br><br>De todos los productos de la categor\u00eda All White, este es el que realmente ha atra\u00eddo a los amantes del snus como ning\u00fan otro y nunca he experimentado nada igual.<br><br>Y no hace m\u00e1s que aumentar. Algo incre\u00edble, en mi opini\u00f3n, con 24 a\u00f1os en el negocio del snus. \u00a1\u00a1\u00a1\u00a1As\u00ed que todo el 25%!!!! Ch\u00fapense esa, todos los snusers de All white and portion. De nuevo... \u00a1Absolutamente incre\u00edble!<\/p><\/div>\n\n\n\n<div class=\"wp-block-uagb-advanced-heading uagb-block-5292ab25\"><h6 class=\"uagb-heading-text\">Aimo Pekkala, propietario de Snusfabriken.com<\/h6><\/div>\n<\/div>\n<\/div><\/div>\n\n\n\n<div class=\"wp-block-uagb-container ar-du uagb-block-8ddb2afb alignfull uagb-is-root-container\"><div class=\"uagb-container-inner-blocks-wrap\">\n<div data-aos=\"fade-up\" class=\"wp-block-uagb-container fyll-card uagb-block-744a072d alignwide uagb-is-root-container\">\n<div class=\"wp-block-uagb-advanced-heading uagb-block-9f3c1f2f\"><h2 class=\"uagb-heading-text\">Rellene el formulario y nos pondremos en contacto con usted<\/h2><\/div>\n\n\n\n<div class=\"wp-block-columns is-layout-flex wp-container-core-columns-is-layout-28f84493 wp-block-columns-is-layout-flex\">\n<div class=\"wp-block-column is-layout-flow wp-block-column-is-layout-flow\" style=\"flex-basis:100%\">\n<div class=\"wp-block-uagb-forms uagb-forms__outer-wrap uagb-block-712e2f69 uagb-forms__medium-btn form-main-outer-panel forsk-form\"><form class=\"uagb-forms-main-form\" method=\"post\" autocomplete=\"on\" name=\"uagb-form-712e2f69\" action=\"\">\n<div class=\"wp-block-uagb-forms-name uagb-forms-name-wrap uagb-forms-field-set uagb-block-fc121513\"><div class=\"uagb-forms-name-label required uagb-forms-input-label\" id=\"fc121513\">Nombre de la organizaci\u00f3n<\/div><input type=\"text\" placeholder=\"Nombre *.\" required class=\"uagb-forms-name-input uagb-forms-input\" name=\"fc121513\" autocomplete=\"given-name\"\/><\/div>\n\n\n\n<div class=\"wp-block-uagb-forms-name uagb-forms-name-wrap uagb-forms-field-set uagb-block-cba2e92a\"><div class=\"uagb-forms-name-label  uagb-forms-input-label\" id=\"cba2e92a\">Apellido<\/div><input type=\"text\" placeholder=\"Apellido\" class=\"uagb-forms-name-input uagb-forms-input\" name=\"cba2e92a\" autocomplete=\"family-name\"\/><\/div>\n\n\n\n<div class=\"wp-block-uagb-forms-name uagb-forms-name-wrap uagb-forms-field-set uagb-block-b2baa58a\"><div class=\"uagb-forms-name-label  uagb-forms-input-label\" id=\"b2baa58a\">N\u00famero de tel\u00e9fono <\/div><input type=\"text\" placeholder=\"N\u00famero de tel\u00e9fono \" class=\"uagb-forms-name-input uagb-forms-input\" name=\"b2baa58a\" autocomplete=\"family-name\"\/><\/div>\n\n\n\n<div class=\"wp-block-uagb-forms-email uagb-forms-email-wrap uagb-forms-field-set uagb-block-b6c0b917\"><div class=\"uagb-forms-email-label required uagb-forms-input-label\" id=\"b6c0b917\">Correo electr\u00f3nico<\/div><input type=\"email\" class=\"uagb-forms-email-input uagb-forms-input\" placeholder=\"Correo electr\u00f3nico *\" required name=\"b6c0b917\" autocomplete=\"email\"\/><\/div>\n\n\n\n<div class=\"wp-block-uagb-forms-textarea uagb-forms-textarea-wrap uagb-forms-field-set uagb-block-581b06fb\"><div class=\"uagb-forms-textarea-label required uagb-forms-input-label\" id=\"581b06fb\">Mensaje<\/div><textarea required class=\"uagb-forms-textarea-input uagb-forms-input\" rows=\"4\" placeholder=\"Nombre de la empresa y su mensaje *\" name=\"581b06fb\" autocomplete=\"off\"><\/textarea><\/div>\n<div class=\"uagb-forms-form-hidden-data\"><input type=\"hidden\" class=\"uagb_forms_form_label\" value=\"Spectra Form\"\/><input type=\"hidden\" class=\"uagb_forms_form_id\" value=\"uagb-form-712e2f69\"\/><\/div><div class=\"uagb-form-reacaptcha-error-712e2f69\"><\/div><div class=\"uagb-forms-main-submit-button-wrap wp-block-button\"><button class=\"uagb-forms-main-submit-button wp-block-button__link\"><div class=\"uagb-forms-main-submit-button-text\">Enviar<\/div><\/button><\/div><input type=\"hidden\" name=\"trp-form-language\" value=\"es\"\/><\/form><div class=\"uagb-forms-success-message-712e2f69 uagb-forms-submit-message-hide\"><span>Muchas gracias. Nos pondremos en contacto con usted lo antes posible.<\/span><\/div><div class=\"uagb-forms-failed-message-712e2f69 uagb-forms-submit-message-hide\"><span>Algo ha ido mal - rellene todos los campos obligatorios del formulario e int\u00e9ntelo de nuevo. <\/span><\/div><\/div>\n<\/div>\n<\/div>\n<\/div>\n<\/div><\/div>","protected":false},"excerpt":{"rendered":"<p>Bli \u00e5terf\u00f6rs\u00e4ljare S\u00e4lj Stingfree nikotinp\u00e5sar i din butik Vill du ocks\u00e5 bli \u00e5terf\u00f6rs\u00e4ljare av Stingfree produkter? V\u00e5r unika produkt s\u00e4ljs [&hellip;]<\/p>\n","protected":false},"author":3,"featured_media":0,"parent":0,"menu_order":0,"comment_status":"closed","ping_status":"closed","template":"","meta":{"_acf_changed":false,"_uag_custom_page_level_css":"","site-sidebar-layout":"default","site-content-layout":"","ast-site-content-layout":"","site-content-style":"default","site-sidebar-style":"default","ast-global-header-display":"","ast-banner-title-visibility":"","ast-main-header-display":"","ast-hfb-above-header-display":"","ast-hfb-below-header-display":"","ast-hfb-mobile-header-display":"","site-post-title":"disabled","ast-breadcrumbs-content":"","ast-featured-img":"","footer-sml-layout":"","ast-disable-related-posts":"","theme-transparent-header-meta":"","adv-header-id-meta":"","stick-header-meta":"","header-above-stick-meta":"","header-main-stick-meta":"","header-below-stick-meta":"","astra-migrate-meta-layouts":"default","ast-page-background-enabled":"default","ast-page-background-meta":{"desktop":{"background-color":"var(--ast-global-color-4)","background-image":"","background-repeat":"repeat","background-position":"center center","background-size":"auto","background-attachment":"scroll","background-type":"","background-media":"","overlay-type":"","overlay-color":"","overlay-opacity":"","overlay-gradient":""},"tablet":{"background-color":"","background-image":"","background-repeat":"repeat","background-position":"center center","background-size":"auto","background-attachment":"scroll","background-type":"","background-media":"","overlay-type":"","overlay-color":"","overlay-opacity":"","overlay-gradient":""},"mobile":{"background-color":"","background-image":"","background-repeat":"repeat","background-position":"center center","background-size":"auto","background-attachment":"scroll","background-type":"","background-media":"","overlay-type":"","overlay-color":"","overlay-opacity":"","overlay-gradient":""}},"ast-content-background-meta":{"desktop":{"background-color":"var(--ast-global-color-5)","background-image":"","background-repeat":"repeat","background-position":"center center","background-size":"auto","background-attachment":"scroll","background-type":"","background-media":"","overlay-type":"","overlay-color":"","overlay-opacity":"","overlay-gradient":""},"tablet":{"background-color":"var(--ast-global-color-5)","background-image":"","background-repeat":"repeat","background-position":"center center","background-size":"auto","background-attachment":"scroll","background-type":"","background-media":"","overlay-type":"","overlay-color":"","overlay-opacity":"","overlay-gradient":""},"mobile":{"background-color":"var(--ast-global-color-5)","background-image":"","background-repeat":"repeat","background-position":"center center","background-size":"auto","background-attachment":"scroll","background-type":"","background-media":"","overlay-type":"","overlay-color":"","overlay-opacity":"","overlay-gradient":""}},"footnotes":""},"class_list":["post-441","page","type-page","status-publish","hentry"],"acf":[],"yoast_head":"<!-- This site is optimized with the Yoast SEO plugin v27.4 - https:\/\/yoast.com\/product\/yoast-seo-wordpress\/ -->\n<title>Bli \u00e5terf\u00f6rs\u00e4ljare - S\u00e4lj Stingfree nikotinp\u00e5sar i din butik - Stingfree<\/title>\n<meta name=\"description\" content=\"Erbjud dina kunder ett alternativ till annat snus som kan orsaka sveda och irritation. Stingfree nikotinp\u00e5sar har ett inbyggt skydd f\u00f6r tandk\u00f6ttet.\" \/>\n<meta name=\"robots\" content=\"index, follow, max-snippet:-1, max-image-preview:large, max-video-preview:-1\" \/>\n<link rel=\"canonical\" href=\"https:\/\/stingfreesnus.se\/es\/minorista-de-cebos\/\" \/>\n<meta property=\"og:locale\" content=\"es_ES\" \/>\n<meta property=\"og:type\" content=\"article\" \/>\n<meta property=\"og:title\" content=\"Bli \u00e5terf\u00f6rs\u00e4ljare - S\u00e4lj Stingfree nikotinp\u00e5sar i din butik - Stingfree\" \/>\n<meta property=\"og:description\" content=\"Erbjud dina kunder ett alternativ till annat snus som kan orsaka sveda och irritation. Stingfree nikotinp\u00e5sar har ett inbyggt skydd f\u00f6r tandk\u00f6ttet.\" \/>\n<meta property=\"og:url\" content=\"https:\/\/stingfreesnus.se\/es\/minorista-de-cebos\/\" \/>\n<meta property=\"og:site_name\" content=\"Stingfree\" \/>\n<meta property=\"article:publisher\" content=\"https:\/\/www.facebook.com\/stingfreesnus\" \/>\n<meta property=\"article:modified_time\" content=\"2025-06-19T08:56:57+00:00\" \/>\n<meta property=\"og:image\" content=\"https:\/\/stingfreesnus.se\/wp-content\/uploads\/Bli-aterforsaljare.png\" \/>\n<meta name=\"twitter:card\" content=\"summary_large_image\" \/>\n<meta name=\"twitter:site\" content=\"@Stingfreesnus\" \/>\n<meta name=\"twitter:label1\" content=\"Tiempo de lectura\" \/>\n\t<meta name=\"twitter:data1\" content=\"2 minutos\" \/>\n<script type=\"application\/ld+json\" class=\"yoast-schema-graph\">{\"@context\":\"https:\\\/\\\/schema.org\",\"@graph\":[{\"@type\":\"WebPage\",\"@id\":\"https:\\\/\\\/stingfreesnus.se\\\/aterforsaljare\\\/\",\"url\":\"https:\\\/\\\/stingfreesnus.se\\\/aterforsaljare\\\/\",\"name\":\"Bli \u00e5terf\u00f6rs\u00e4ljare - S\u00e4lj Stingfree nikotinp\u00e5sar i din butik - Stingfree\",\"isPartOf\":{\"@id\":\"https:\\\/\\\/stingfreesnus.se\\\/#website\"},\"primaryImageOfPage\":{\"@id\":\"https:\\\/\\\/stingfreesnus.se\\\/aterforsaljare\\\/#primaryimage\"},\"image\":{\"@id\":\"https:\\\/\\\/stingfreesnus.se\\\/aterforsaljare\\\/#primaryimage\"},\"thumbnailUrl\":\"https:\\\/\\\/stingfreesnus.se\\\/wp-content\\\/uploads\\\/Bli-aterforsaljare.png\",\"datePublished\":\"2023-10-09T12:18:27+00:00\",\"dateModified\":\"2025-06-19T08:56:57+00:00\",\"description\":\"Erbjud dina kunder ett alternativ till annat snus som kan orsaka sveda och irritation. Stingfree nikotinp\u00e5sar har ett inbyggt skydd f\u00f6r tandk\u00f6ttet.\",\"breadcrumb\":{\"@id\":\"https:\\\/\\\/stingfreesnus.se\\\/aterforsaljare\\\/#breadcrumb\"},\"inLanguage\":\"es\",\"potentialAction\":[{\"@type\":\"ReadAction\",\"target\":[\"https:\\\/\\\/stingfreesnus.se\\\/aterforsaljare\\\/\"]}]},{\"@type\":\"ImageObject\",\"inLanguage\":\"es\",\"@id\":\"https:\\\/\\\/stingfreesnus.se\\\/aterforsaljare\\\/#primaryimage\",\"url\":\"https:\\\/\\\/stingfreesnus.se\\\/wp-content\\\/uploads\\\/Bli-aterforsaljare.png\",\"contentUrl\":\"https:\\\/\\\/stingfreesnus.se\\\/wp-content\\\/uploads\\\/Bli-aterforsaljare.png\"},{\"@type\":\"BreadcrumbList\",\"@id\":\"https:\\\/\\\/stingfreesnus.se\\\/aterforsaljare\\\/#breadcrumb\",\"itemListElement\":[{\"@type\":\"ListItem\",\"position\":1,\"name\":\"Hem\",\"item\":\"https:\\\/\\\/stingfreesnus.se\\\/\"},{\"@type\":\"ListItem\",\"position\":2,\"name\":\"Bli \u00e5terf\u00f6rs\u00e4ljare &#8211; S\u00e4lj Stingfree nikotinp\u00e5sar i din butik\"}]},{\"@type\":\"WebSite\",\"@id\":\"https:\\\/\\\/stingfreesnus.se\\\/#website\",\"url\":\"https:\\\/\\\/stingfreesnus.se\\\/\",\"name\":\"Stingfree\",\"description\":\"Snus med skydd mot sveda och irritation p\u00e5 tandk\u00f6ttet\",\"publisher\":{\"@id\":\"https:\\\/\\\/stingfreesnus.se\\\/#organization\"},\"potentialAction\":[{\"@type\":\"SearchAction\",\"target\":{\"@type\":\"EntryPoint\",\"urlTemplate\":\"https:\\\/\\\/stingfreesnus.se\\\/?s={search_term_string}\"},\"query-input\":{\"@type\":\"PropertyValueSpecification\",\"valueRequired\":true,\"valueName\":\"search_term_string\"}}],\"inLanguage\":\"es\"},{\"@type\":\"Organization\",\"@id\":\"https:\\\/\\\/stingfreesnus.se\\\/#organization\",\"name\":\"Stingfree\",\"url\":\"https:\\\/\\\/stingfreesnus.se\\\/\",\"logo\":{\"@type\":\"ImageObject\",\"inLanguage\":\"es\",\"@id\":\"https:\\\/\\\/stingfreesnus.se\\\/#\\\/schema\\\/logo\\\/image\\\/\",\"url\":\"https:\\\/\\\/i0.wp.com\\\/stingfreesnus.se\\\/wp-content\\\/uploads\\\/logonew.webp?fit=918%2C589&ssl=1\",\"contentUrl\":\"https:\\\/\\\/i0.wp.com\\\/stingfreesnus.se\\\/wp-content\\\/uploads\\\/logonew.webp?fit=918%2C589&ssl=1\",\"width\":918,\"height\":589,\"caption\":\"Stingfree\"},\"image\":{\"@id\":\"https:\\\/\\\/stingfreesnus.se\\\/#\\\/schema\\\/logo\\\/image\\\/\"},\"sameAs\":[\"https:\\\/\\\/www.facebook.com\\\/stingfreesnus\",\"https:\\\/\\\/x.com\\\/Stingfreesnus\"]}]}<\/script>\n<!-- \/ Yoast SEO plugin. -->","yoast_head_json":{"title":"Convi\u00e9rtete en minorista - Vende bolsitas de nicotina Stingfree en tu tienda - Stingfree","description":"Ofrezca a sus clientes una alternativa a otros snus que pueden causar ardor e irritaci\u00f3n. Las bolsitas de nicotina sin grageas incorporan protecci\u00f3n para las enc\u00edas.","robots":{"index":"index","follow":"follow","max-snippet":"max-snippet:-1","max-image-preview":"max-image-preview:large","max-video-preview":"max-video-preview:-1"},"canonical":"https:\/\/stingfreesnus.se\/es\/minorista-de-cebos\/","og_locale":"es_ES","og_type":"article","og_title":"Bli \u00e5terf\u00f6rs\u00e4ljare - S\u00e4lj Stingfree nikotinp\u00e5sar i din butik - Stingfree","og_description":"Erbjud dina kunder ett alternativ till annat snus som kan orsaka sveda och irritation. Stingfree nikotinp\u00e5sar har ett inbyggt skydd f\u00f6r tandk\u00f6ttet.","og_url":"https:\/\/stingfreesnus.se\/es\/minorista-de-cebos\/","og_site_name":"Stingfree","article_publisher":"https:\/\/www.facebook.com\/stingfreesnus","article_modified_time":"2025-06-19T08:56:57+00:00","og_image":[{"url":"https:\/\/stingfreesnus.se\/wp-content\/uploads\/Bli-aterforsaljare.png","type":"","width":"","height":""}],"twitter_card":"summary_large_image","twitter_site":"@Stingfreesnus","twitter_misc":{"Tiempo de lectura":"2 minutos"},"schema":{"@context":"https:\/\/schema.org","@graph":[{"@type":"WebPage","@id":"https:\/\/stingfreesnus.se\/aterforsaljare\/","url":"https:\/\/stingfreesnus.se\/aterforsaljare\/","name":"Convi\u00e9rtete en minorista - Vende bolsitas de nicotina Stingfree en tu tienda - Stingfree","isPartOf":{"@id":"https:\/\/stingfreesnus.se\/#website"},"primaryImageOfPage":{"@id":"https:\/\/stingfreesnus.se\/aterforsaljare\/#primaryimage"},"image":{"@id":"https:\/\/stingfreesnus.se\/aterforsaljare\/#primaryimage"},"thumbnailUrl":"https:\/\/stingfreesnus.se\/wp-content\/uploads\/Bli-aterforsaljare.png","datePublished":"2023-10-09T12:18:27+00:00","dateModified":"2025-06-19T08:56:57+00:00","description":"Ofrezca a sus clientes una alternativa a otros snus que pueden causar ardor e irritaci\u00f3n. Las bolsitas de nicotina sin grageas incorporan protecci\u00f3n para las enc\u00edas.","breadcrumb":{"@id":"https:\/\/stingfreesnus.se\/aterforsaljare\/#breadcrumb"},"inLanguage":"es","potentialAction":[{"@type":"ReadAction","target":["https:\/\/stingfreesnus.se\/aterforsaljare\/"]}]},{"@type":"ImageObject","inLanguage":"es","@id":"https:\/\/stingfreesnus.se\/aterforsaljare\/#primaryimage","url":"https:\/\/stingfreesnus.se\/wp-content\/uploads\/Bli-aterforsaljare.png","contentUrl":"https:\/\/stingfreesnus.se\/wp-content\/uploads\/Bli-aterforsaljare.png"},{"@type":"BreadcrumbList","@id":"https:\/\/stingfreesnus.se\/aterforsaljare\/#breadcrumb","itemListElement":[{"@type":"ListItem","position":1,"name":"Hem","item":"https:\/\/stingfreesnus.se\/"},{"@type":"ListItem","position":2,"name":"Bli \u00e5terf\u00f6rs\u00e4ljare &#8211; S\u00e4lj Stingfree nikotinp\u00e5sar i din butik"}]},{"@type":"WebSite","@id":"https:\/\/stingfreesnus.se\/#website","url":"https:\/\/stingfreesnus.se\/","name":"Stingfree","description":"Snus con protecci\u00f3n contra el ardor y la irritaci\u00f3n de las enc\u00edas","publisher":{"@id":"https:\/\/stingfreesnus.se\/#organization"},"potentialAction":[{"@type":"SearchAction","target":{"@type":"EntryPoint","urlTemplate":"https:\/\/stingfreesnus.se\/?s={search_term_string}"},"query-input":{"@type":"PropertyValueSpecification","valueRequired":true,"valueName":"search_term_string"}}],"inLanguage":"es"},{"@type":"Organization","@id":"https:\/\/stingfreesnus.se\/#organization","name":"Stingfree","url":"https:\/\/stingfreesnus.se\/","logo":{"@type":"ImageObject","inLanguage":"es","@id":"https:\/\/stingfreesnus.se\/#\/schema\/logo\/image\/","url":"https:\/\/i0.wp.com\/stingfreesnus.se\/wp-content\/uploads\/logonew.webp?fit=918%2C589&ssl=1","contentUrl":"https:\/\/i0.wp.com\/stingfreesnus.se\/wp-content\/uploads\/logonew.webp?fit=918%2C589&ssl=1","width":918,"height":589,"caption":"Stingfree"},"image":{"@id":"https:\/\/stingfreesnus.se\/#\/schema\/logo\/image\/"},"sameAs":["https:\/\/www.facebook.com\/stingfreesnus","https:\/\/x.com\/Stingfreesnus"]}]}},"uagb_featured_image_src":{"full":false,"thumbnail":false,"medium":false,"medium_large":false,"large":false,"1536x1536":false,"2048x2048":false,"trp-custom-language-flag":false,"woocommerce_thumbnail":false,"woocommerce_single":false,"woocommerce_gallery_thumbnail":false},"uagb_author_info":{"display_name":"Daniel","author_link":"https:\/\/stingfreesnus.se\/es\/author\/daniel\/"},"uagb_comment_info":0,"uagb_excerpt":"Bli \u00e5terf\u00f6rs\u00e4ljare S\u00e4lj Stingfree nikotinp\u00e5sar i din butik Vill du ocks\u00e5 bli \u00e5terf\u00f6rs\u00e4ljare av Stingfree produkter? V\u00e5r unika produkt s\u00e4ljs [&hellip;]","jetpack_likes_enabled":true,"jetpack_sharing_enabled":true,"_links":{"self":[{"href":"https:\/\/stingfreesnus.se\/es\/wp-json\/wp\/v2\/pages\/441","targetHints":{"allow":["GET"]}}],"collection":[{"href":"https:\/\/stingfreesnus.se\/es\/wp-json\/wp\/v2\/pages"}],"about":[{"href":"https:\/\/stingfreesnus.se\/es\/wp-json\/wp\/v2\/types\/page"}],"author":[{"embeddable":true,"href":"https:\/\/stingfreesnus.se\/es\/wp-json\/wp\/v2\/users\/3"}],"replies":[{"embeddable":true,"href":"https:\/\/stingfreesnus.se\/es\/wp-json\/wp\/v2\/comments?post=441"}],"version-history":[{"count":79,"href":"https:\/\/stingfreesnus.se\/es\/wp-json\/wp\/v2\/pages\/441\/revisions"}],"predecessor-version":[{"id":4727,"href":"https:\/\/stingfreesnus.se\/es\/wp-json\/wp\/v2\/pages\/441\/revisions\/4727"}],"wp:attachment":[{"href":"https:\/\/stingfreesnus.se\/es\/wp-json\/wp\/v2\/media?parent=441"}],"curies":[{"name":"wp","href":"https:\/\/api.w.org\/{rel}","templated":true}]}}