{"id":5345,"date":"2026-03-18T12:25:01","date_gmt":"2026-03-18T11:25:01","guid":{"rendered":"https:\/\/stingfreesnus.se\/?post_type=product&#038;p=5345"},"modified":"2026-03-30T08:13:39","modified_gmt":"2026-03-30T06:13:39","slug":"melocoton-de-california-sin-aguijon","status":"publish","type":"product","link":"https:\/\/stingfreesnus.se\/es\/product\/stingfree-california-peach\/","title":{"rendered":"Stingfree California Peach"},"content":{"rendered":"<p><strong>Stingfree California Peach<\/strong>\u00a0son bolsitas de nicotina con\u00a0<strong>sabor a melocot\u00f3n deliciosamente equilibrado y protecci\u00f3n de las enc\u00edas<\/strong>. Una experiencia de tabaco suave y deliciosa adecuada para toda la jornada laboral o para relajarse el fin de semana. Las pastillas bien rellenas est\u00e1n en formato de baba, lo que las hace discretas bajo el labio.<\/p>\n<p>Lo que diferencia al snus Stingfree de otras bolsas de nicotina y variedades de snus es su innovador dise\u00f1o. Cada gr\u00e1nulo lleva incorporada una barrera que evita el ardor y la irritaci\u00f3n de las enc\u00edas.\u00a0<strong>El lado azul se coloca contra la enc\u00eda<\/strong>. La barrera tambi\u00e9n contribuye a una experiencia de sabor y nicotina m\u00e1s prolongada en comparaci\u00f3n con las pastillas normales.<\/p>\n<p>Sue\u00f1a con las playas californianas ba\u00f1adas por el sol, los viajes por carretera a lo largo de Big Sur o las aventuras de escalada en Yosemite que inspiraron estas suaves pastillas con sabor a melocot\u00f3n.<\/p>\n<p>En lugar de tabaco, los productos Stingfree contienen aromas, espesantes, rellenos, sales, nicotina, edulcorantes, estabilizadores, reguladores de la acidez, agua y fibras vegetales. Tras su uso, las pastillas se desechan como las pastillas normales.<\/p>","protected":false},"excerpt":{"rendered":"<p>Por ley, los productos de nicotina s\u00f3lo pueden venderse a mayores de 18 a\u00f1os.<\/p>\n<p>Siempre realizamos una comprobaci\u00f3n de edad con Mobile BankID en relaci\u00f3n con el pago.<\/p>\n<p>Si alguien intenta actuar en nombre de otra persona, estamos obligados a denunciarlo a la polic\u00eda.<\/p>\n<p>En caso de sospecha de fraude, tenemos derecho a rechazar la compra.<\/p>","protected":false},"featured_media":5435,"comment_status":"closed","ping_status":"closed","template":"","meta":{"_acf_changed":false,"_uag_custom_page_level_css":"","site-sidebar-layout":"default","site-content-layout":"","ast-site-content-layout":"default","site-content-style":"default","site-sidebar-style":"default","ast-global-header-display":"","ast-banner-title-visibility":"","ast-main-header-display":"","ast-hfb-above-header-display":"","ast-hfb-below-header-display":"","ast-hfb-mobile-header-display":"","site-post-title":"","ast-breadcrumbs-content":"","ast-featured-img":"","footer-sml-layout":"","ast-disable-related-posts":"","theme-transparent-header-meta":"default","adv-header-id-meta":"","stick-header-meta":"default","header-above-stick-meta":"","header-main-stick-meta":"","header-below-stick-meta":"","astra-migrate-meta-layouts":"set","ast-page-background-enabled":"default","ast-page-background-meta":{"desktop":{"background-color":"var(--ast-global-color-5)","background-image":"","background-repeat":"repeat","background-position":"center center","background-size":"auto","background-attachment":"scroll","background-type":"","background-media":"","overlay-type":"","overlay-color":"","overlay-opacity":"","overlay-gradient":""},"tablet":{"background-color":"","background-image":"","background-repeat":"repeat","background-position":"center center","background-size":"auto","background-attachment":"scroll","background-type":"","background-media":"","overlay-type":"","overlay-color":"","overlay-opacity":"","overlay-gradient":""},"mobile":{"background-color":"","background-image":"","background-repeat":"repeat","background-position":"center center","background-size":"auto","background-attachment":"scroll","background-type":"","background-media":"","overlay-type":"","overlay-color":"","overlay-opacity":"","overlay-gradient":""}},"ast-content-background-meta":{"desktop":{"background-color":"var(--ast-global-color-4)","background-image":"","background-repeat":"repeat","background-position":"center center","background-size":"auto","background-attachment":"scroll","background-type":"","background-media":"","overlay-type":"","overlay-color":"","overlay-opacity":"","overlay-gradient":""},"tablet":{"background-color":"var(--ast-global-color-4)","background-image":"","background-repeat":"repeat","background-position":"center center","background-size":"auto","background-attachment":"scroll","background-type":"","background-media":"","overlay-type":"","overlay-color":"","overlay-opacity":"","overlay-gradient":""},"mobile":{"background-color":"var(--ast-global-color-4)","background-image":"","background-repeat":"repeat","background-position":"center center","background-size":"auto","background-attachment":"scroll","background-type":"","background-media":"","overlay-type":"","overlay-color":"","overlay-opacity":"","overlay-gradient":""}}},"product_brand":[],"product_cat":[114],"product_tag":[],"class_list":{"0":"post-5345","1":"product","2":"type-product","3":"status-publish","4":"has-post-thumbnail","6":"product_cat-uncategorized","7":"desktop-align-left","8":"tablet-align-left","9":"mobile-align-left","11":"first","12":"instock","13":"sold-individually","14":"taxable","15":"shipping-taxable","16":"purchasable","17":"product-type-variable","18":"has-default-attributes"},"acf":[],"yoast_head":"<!-- This site is optimized with the Yoast SEO plugin v27.4 - https:\/\/yoast.com\/product\/yoast-seo-wordpress\/ -->\n<title>Stingfree California Peach - Stingfree<\/title>\n<meta name=\"robots\" content=\"index, follow, max-snippet:-1, max-image-preview:large, max-video-preview:-1\" \/>\n<link rel=\"canonical\" href=\"https:\/\/stingfreesnus.se\/es\/product\/melocoton-de-california-sin-aguijon\/\" \/>\n<meta property=\"og:locale\" content=\"es_ES\" \/>\n<meta property=\"og:type\" content=\"article\" \/>\n<meta property=\"og:title\" content=\"Stingfree California Peach - Stingfree\" \/>\n<meta property=\"og:description\" content=\"Nikotinprodukter f\u00e5r enligt lag bara s\u00e4ljas till personer som \u00e4r 18 \u00e5r eller \u00e4ldre.  Vi g\u00f6r alltid en \u00e5lderskontroll med Mobilt BankID i samband med betalning.  Om n\u00e5gon f\u00f6rs\u00f6ker handla i n\u00e5gon annans namn \u00e4r vi tvungna att polisanm\u00e4la det.  Vid misstanke om bedr\u00e4geri har vi r\u00e4tt att neka k\u00f6pet.\" \/>\n<meta property=\"og:url\" content=\"https:\/\/stingfreesnus.se\/es\/product\/melocoton-de-california-sin-aguijon\/\" \/>\n<meta property=\"og:site_name\" content=\"Stingfree\" \/>\n<meta property=\"article:publisher\" content=\"https:\/\/www.facebook.com\/stingfreesnus\" \/>\n<meta property=\"article:modified_time\" content=\"2026-03-30T06:13:39+00:00\" \/>\n<meta property=\"og:image\" content=\"https:\/\/stingfreesnus.se\/wp-content\/uploads\/Stingfree-carlifonia-peach.webp\" \/>\n\t<meta property=\"og:image:width\" content=\"540\" \/>\n\t<meta property=\"og:image:height\" content=\"540\" \/>\n\t<meta property=\"og:image:type\" content=\"image\/webp\" \/>\n<meta name=\"twitter:card\" content=\"summary_large_image\" \/>\n<meta name=\"twitter:site\" content=\"@Stingfreesnus\" \/>\n<meta name=\"twitter:label1\" content=\"Tiempo de lectura\" \/>\n\t<meta name=\"twitter:data1\" content=\"1 minuto\" \/>\n<script type=\"application\/ld+json\" class=\"yoast-schema-graph\">{\"@context\":\"https:\\\/\\\/schema.org\",\"@graph\":[{\"@type\":\"WebPage\",\"@id\":\"https:\\\/\\\/stingfreesnus.se\\\/product\\\/stingfree-california-peach\\\/\",\"url\":\"https:\\\/\\\/stingfreesnus.se\\\/product\\\/stingfree-california-peach\\\/\",\"name\":\"Stingfree California Peach - Stingfree\",\"isPartOf\":{\"@id\":\"https:\\\/\\\/stingfreesnus.se\\\/#website\"},\"primaryImageOfPage\":{\"@id\":\"https:\\\/\\\/stingfreesnus.se\\\/product\\\/stingfree-california-peach\\\/#primaryimage\"},\"image\":{\"@id\":\"https:\\\/\\\/stingfreesnus.se\\\/product\\\/stingfree-california-peach\\\/#primaryimage\"},\"thumbnailUrl\":\"https:\\\/\\\/i0.wp.com\\\/stingfreesnus.se\\\/wp-content\\\/uploads\\\/Stingfree-carlifonia-peach.webp?fit=540%2C540&ssl=1\",\"datePublished\":\"2026-03-18T11:25:01+00:00\",\"dateModified\":\"2026-03-30T06:13:39+00:00\",\"breadcrumb\":{\"@id\":\"https:\\\/\\\/stingfreesnus.se\\\/product\\\/stingfree-california-peach\\\/#breadcrumb\"},\"inLanguage\":\"es\",\"potentialAction\":[{\"@type\":\"ReadAction\",\"target\":[\"https:\\\/\\\/stingfreesnus.se\\\/product\\\/stingfree-california-peach\\\/\"]}]},{\"@type\":\"ImageObject\",\"inLanguage\":\"es\",\"@id\":\"https:\\\/\\\/stingfreesnus.se\\\/product\\\/stingfree-california-peach\\\/#primaryimage\",\"url\":\"https:\\\/\\\/i0.wp.com\\\/stingfreesnus.se\\\/wp-content\\\/uploads\\\/Stingfree-carlifonia-peach.webp?fit=540%2C540&ssl=1\",\"contentUrl\":\"https:\\\/\\\/i0.wp.com\\\/stingfreesnus.se\\\/wp-content\\\/uploads\\\/Stingfree-carlifonia-peach.webp?fit=540%2C540&ssl=1\",\"width\":540,\"height\":540},{\"@type\":\"BreadcrumbList\",\"@id\":\"https:\\\/\\\/stingfreesnus.se\\\/product\\\/stingfree-california-peach\\\/#breadcrumb\",\"itemListElement\":[{\"@type\":\"ListItem\",\"position\":1,\"name\":\"Hem\",\"item\":\"https:\\\/\\\/stingfreesnus.se\\\/\"},{\"@type\":\"ListItem\",\"position\":2,\"name\":\"Butik\",\"item\":\"https:\\\/\\\/stingfreesnus.se\\\/butik\\\/\"},{\"@type\":\"ListItem\",\"position\":3,\"name\":\"Stingfree California Peach\"}]},{\"@type\":\"WebSite\",\"@id\":\"https:\\\/\\\/stingfreesnus.se\\\/#website\",\"url\":\"https:\\\/\\\/stingfreesnus.se\\\/\",\"name\":\"Stingfree\",\"description\":\"Snus med skydd mot sveda och irritation p\u00e5 tandk\u00f6ttet\",\"publisher\":{\"@id\":\"https:\\\/\\\/stingfreesnus.se\\\/#organization\"},\"potentialAction\":[{\"@type\":\"SearchAction\",\"target\":{\"@type\":\"EntryPoint\",\"urlTemplate\":\"https:\\\/\\\/stingfreesnus.se\\\/?s={search_term_string}\"},\"query-input\":{\"@type\":\"PropertyValueSpecification\",\"valueRequired\":true,\"valueName\":\"search_term_string\"}}],\"inLanguage\":\"es\"},{\"@type\":\"Organization\",\"@id\":\"https:\\\/\\\/stingfreesnus.se\\\/#organization\",\"name\":\"Stingfree\",\"url\":\"https:\\\/\\\/stingfreesnus.se\\\/\",\"logo\":{\"@type\":\"ImageObject\",\"inLanguage\":\"es\",\"@id\":\"https:\\\/\\\/stingfreesnus.se\\\/#\\\/schema\\\/logo\\\/image\\\/\",\"url\":\"https:\\\/\\\/i0.wp.com\\\/stingfreesnus.se\\\/wp-content\\\/uploads\\\/logonew.webp?fit=918%2C589&ssl=1\",\"contentUrl\":\"https:\\\/\\\/i0.wp.com\\\/stingfreesnus.se\\\/wp-content\\\/uploads\\\/logonew.webp?fit=918%2C589&ssl=1\",\"width\":918,\"height\":589,\"caption\":\"Stingfree\"},\"image\":{\"@id\":\"https:\\\/\\\/stingfreesnus.se\\\/#\\\/schema\\\/logo\\\/image\\\/\"},\"sameAs\":[\"https:\\\/\\\/www.facebook.com\\\/stingfreesnus\",\"https:\\\/\\\/x.com\\\/Stingfreesnus\"]}]}<\/script>\n<!-- \/ Yoast SEO plugin. -->","yoast_head_json":{"title":"Melocot\u00f3n de California Stingfree - Stingfree","robots":{"index":"index","follow":"follow","max-snippet":"max-snippet:-1","max-image-preview":"max-image-preview:large","max-video-preview":"max-video-preview:-1"},"canonical":"https:\/\/stingfreesnus.se\/es\/product\/melocoton-de-california-sin-aguijon\/","og_locale":"es_ES","og_type":"article","og_title":"Stingfree California Peach - Stingfree","og_description":"Nikotinprodukter f\u00e5r enligt lag bara s\u00e4ljas till personer som \u00e4r 18 \u00e5r eller \u00e4ldre.  Vi g\u00f6r alltid en \u00e5lderskontroll med Mobilt BankID i samband med betalning.  Om n\u00e5gon f\u00f6rs\u00f6ker handla i n\u00e5gon annans namn \u00e4r vi tvungna att polisanm\u00e4la det.  Vid misstanke om bedr\u00e4geri har vi r\u00e4tt att neka k\u00f6pet.","og_url":"https:\/\/stingfreesnus.se\/es\/product\/melocoton-de-california-sin-aguijon\/","og_site_name":"Stingfree","article_publisher":"https:\/\/www.facebook.com\/stingfreesnus","article_modified_time":"2026-03-30T06:13:39+00:00","og_image":[{"width":540,"height":540,"url":"https:\/\/stingfreesnus.se\/wp-content\/uploads\/Stingfree-carlifonia-peach.webp","type":"image\/webp"}],"twitter_card":"summary_large_image","twitter_site":"@Stingfreesnus","twitter_misc":{"Tiempo de lectura":"1 minuto"},"schema":{"@context":"https:\/\/schema.org","@graph":[{"@type":"WebPage","@id":"https:\/\/stingfreesnus.se\/product\/stingfree-california-peach\/","url":"https:\/\/stingfreesnus.se\/product\/stingfree-california-peach\/","name":"Melocot\u00f3n de California Stingfree - Stingfree","isPartOf":{"@id":"https:\/\/stingfreesnus.se\/#website"},"primaryImageOfPage":{"@id":"https:\/\/stingfreesnus.se\/product\/stingfree-california-peach\/#primaryimage"},"image":{"@id":"https:\/\/stingfreesnus.se\/product\/stingfree-california-peach\/#primaryimage"},"thumbnailUrl":"https:\/\/i0.wp.com\/stingfreesnus.se\/wp-content\/uploads\/Stingfree-carlifonia-peach.webp?fit=540%2C540&ssl=1","datePublished":"2026-03-18T11:25:01+00:00","dateModified":"2026-03-30T06:13:39+00:00","breadcrumb":{"@id":"https:\/\/stingfreesnus.se\/product\/stingfree-california-peach\/#breadcrumb"},"inLanguage":"es","potentialAction":[{"@type":"ReadAction","target":["https:\/\/stingfreesnus.se\/product\/stingfree-california-peach\/"]}]},{"@type":"ImageObject","inLanguage":"es","@id":"https:\/\/stingfreesnus.se\/product\/stingfree-california-peach\/#primaryimage","url":"https:\/\/i0.wp.com\/stingfreesnus.se\/wp-content\/uploads\/Stingfree-carlifonia-peach.webp?fit=540%2C540&ssl=1","contentUrl":"https:\/\/i0.wp.com\/stingfreesnus.se\/wp-content\/uploads\/Stingfree-carlifonia-peach.webp?fit=540%2C540&ssl=1","width":540,"height":540},{"@type":"BreadcrumbList","@id":"https:\/\/stingfreesnus.se\/product\/stingfree-california-peach\/#breadcrumb","itemListElement":[{"@type":"ListItem","position":1,"name":"Hem","item":"https:\/\/stingfreesnus.se\/"},{"@type":"ListItem","position":2,"name":"Butik","item":"https:\/\/stingfreesnus.se\/butik\/"},{"@type":"ListItem","position":3,"name":"Stingfree California Peach"}]},{"@type":"WebSite","@id":"https:\/\/stingfreesnus.se\/#website","url":"https:\/\/stingfreesnus.se\/","name":"Stingfree","description":"Snus con protecci\u00f3n contra el ardor y la irritaci\u00f3n de las enc\u00edas","publisher":{"@id":"https:\/\/stingfreesnus.se\/#organization"},"potentialAction":[{"@type":"SearchAction","target":{"@type":"EntryPoint","urlTemplate":"https:\/\/stingfreesnus.se\/?s={search_term_string}"},"query-input":{"@type":"PropertyValueSpecification","valueRequired":true,"valueName":"search_term_string"}}],"inLanguage":"es"},{"@type":"Organization","@id":"https:\/\/stingfreesnus.se\/#organization","name":"Stingfree","url":"https:\/\/stingfreesnus.se\/","logo":{"@type":"ImageObject","inLanguage":"es","@id":"https:\/\/stingfreesnus.se\/#\/schema\/logo\/image\/","url":"https:\/\/i0.wp.com\/stingfreesnus.se\/wp-content\/uploads\/logonew.webp?fit=918%2C589&ssl=1","contentUrl":"https:\/\/i0.wp.com\/stingfreesnus.se\/wp-content\/uploads\/logonew.webp?fit=918%2C589&ssl=1","width":918,"height":589,"caption":"Stingfree"},"image":{"@id":"https:\/\/stingfreesnus.se\/#\/schema\/logo\/image\/"},"sameAs":["https:\/\/www.facebook.com\/stingfreesnus","https:\/\/x.com\/Stingfreesnus"]}]}},"uagb_featured_image_src":{"full":["https:\/\/i0.wp.com\/stingfreesnus.se\/wp-content\/uploads\/Stingfree-carlifonia-peach.webp?fit=540%2C540&ssl=1",540,540,false],"thumbnail":["https:\/\/i0.wp.com\/stingfreesnus.se\/wp-content\/uploads\/Stingfree-carlifonia-peach.webp?resize=150%2C150&ssl=1",150,150,true],"medium":["https:\/\/i0.wp.com\/stingfreesnus.se\/wp-content\/uploads\/Stingfree-carlifonia-peach.webp?fit=300%2C300&ssl=1",300,300,true],"medium_large":["https:\/\/i0.wp.com\/stingfreesnus.se\/wp-content\/uploads\/Stingfree-carlifonia-peach.webp?fit=540%2C540&ssl=1",540,540,true],"large":["https:\/\/i0.wp.com\/stingfreesnus.se\/wp-content\/uploads\/Stingfree-carlifonia-peach.webp?fit=540%2C540&ssl=1",540,540,true],"1536x1536":["https:\/\/i0.wp.com\/stingfreesnus.se\/wp-content\/uploads\/Stingfree-carlifonia-peach.webp?fit=540%2C540&ssl=1",540,540,true],"2048x2048":["https:\/\/i0.wp.com\/stingfreesnus.se\/wp-content\/uploads\/Stingfree-carlifonia-peach.webp?fit=540%2C540&ssl=1",540,540,true],"trp-custom-language-flag":["https:\/\/i0.wp.com\/stingfreesnus.se\/wp-content\/uploads\/Stingfree-carlifonia-peach.webp?fit=12%2C12&ssl=1",12,12,true],"woocommerce_thumbnail":["https:\/\/i0.wp.com\/stingfreesnus.se\/wp-content\/uploads\/Stingfree-carlifonia-peach.webp?resize=300%2C300&ssl=1",300,300,true],"woocommerce_single":["https:\/\/i0.wp.com\/stingfreesnus.se\/wp-content\/uploads\/Stingfree-carlifonia-peach.webp?fit=540%2C540&ssl=1",540,540,true],"woocommerce_gallery_thumbnail":["https:\/\/i0.wp.com\/stingfreesnus.se\/wp-content\/uploads\/Stingfree-carlifonia-peach.webp?resize=100%2C100&ssl=1",100,100,true]},"uagb_author_info":{"display_name":"Kaur","author_link":"https:\/\/stingfreesnus.se\/es\/author\/"},"uagb_comment_info":0,"uagb_excerpt":"Nikotinprodukter f\u00e5r enligt lag bara s\u00e4ljas till personer som \u00e4r 18 \u00e5r eller \u00e4ldre. Vi g\u00f6r alltid en \u00e5lderskontroll med Mobilt BankID i samband med betalning. Om n\u00e5gon f\u00f6rs\u00f6ker handla i n\u00e5gon annans namn \u00e4r vi tvungna att polisanm\u00e4la det. Vid misstanke om bedr\u00e4geri har vi r\u00e4tt att neka k\u00f6pet.","jetpack_likes_enabled":true,"jetpack_sharing_enabled":true,"_links":{"self":[{"href":"https:\/\/stingfreesnus.se\/es\/wp-json\/wp\/v2\/product\/5345","targetHints":{"allow":["GET"]}}],"collection":[{"href":"https:\/\/stingfreesnus.se\/es\/wp-json\/wp\/v2\/product"}],"about":[{"href":"https:\/\/stingfreesnus.se\/es\/wp-json\/wp\/v2\/types\/product"}],"replies":[{"embeddable":true,"href":"https:\/\/stingfreesnus.se\/es\/wp-json\/wp\/v2\/comments?post=5345"}],"wp:featuredmedia":[{"embeddable":true,"href":"https:\/\/stingfreesnus.se\/es\/wp-json\/wp\/v2\/media\/5435"}],"wp:attachment":[{"href":"https:\/\/stingfreesnus.se\/es\/wp-json\/wp\/v2\/media?parent=5345"}],"wp:term":[{"taxonomy":"product_brand","embeddable":true,"href":"https:\/\/stingfreesnus.se\/es\/wp-json\/wp\/v2\/product_brand?post=5345"},{"taxonomy":"product_cat","embeddable":true,"href":"https:\/\/stingfreesnus.se\/es\/wp-json\/wp\/v2\/product_cat?post=5345"},{"taxonomy":"product_tag","embeddable":true,"href":"https:\/\/stingfreesnus.se\/es\/wp-json\/wp\/v2\/product_tag?post=5345"}],"curies":[{"name":"wp","href":"https:\/\/api.w.org\/{rel}","templated":true}]}}