{"id":1176,"date":"2023-12-18T16:47:01","date_gmt":"2023-12-18T15:47:01","guid":{"rendered":"https:\/\/stingfreesnus.se\/?page_id=1176"},"modified":"2026-02-16T16:36:14","modified_gmt":"2026-02-16T15:36:14","slug":"valtameri-minttu-vahva","status":"publish","type":"page","link":"https:\/\/stingfreesnus.se\/fi\/ocean-mint-strong\/","title":{"rendered":"Stingfree Ocean Mint Strong"},"content":{"rendered":"<div class=\"wp-block-columns stingfree-carribean-baner container-width is-layout-flex wp-container-core-columns-is-layout-5daf5506 wp-block-columns-is-layout-flex\" style=\"padding-top:80px;padding-right:0;padding-bottom:70px;padding-left:0\">\n<div class=\"wp-block-column is-layout-flow wp-block-column-is-layout-flow\" style=\"flex-basis:50%\">\n\n\n\n\n<figure class=\"wp-block-image aligncenter size-full single-product-img\"><img data-recalc-dims=\"1\" loading=\"lazy\" decoding=\"async\" width=\"700\" height=\"697\" src=\"https:\/\/i0.wp.com\/stingfreesnus.se\/wp-content\/uploads\/Ocean-Mint-Strong-top-label-eng.png?resize=700%2C697&#038;ssl=1\" alt=\"\" class=\"wp-image-5058\" srcset=\"https:\/\/i0.wp.com\/stingfreesnus.se\/wp-content\/uploads\/Ocean-Mint-Strong-top-label-eng.png?w=700&amp;ssl=1 700w, https:\/\/i0.wp.com\/stingfreesnus.se\/wp-content\/uploads\/Ocean-Mint-Strong-top-label-eng.png?resize=300%2C300&amp;ssl=1 300w, https:\/\/i0.wp.com\/stingfreesnus.se\/wp-content\/uploads\/Ocean-Mint-Strong-top-label-eng.png?resize=150%2C150&amp;ssl=1 150w, https:\/\/i0.wp.com\/stingfreesnus.se\/wp-content\/uploads\/Ocean-Mint-Strong-top-label-eng.png?resize=12%2C12&amp;ssl=1 12w\" sizes=\"auto, (max-width: 700px) 100vw, 700px\" \/><\/figure>\n\n\n\n<div class=\"wp-block-buttons caribbean-banner-button  orange-btn is-content-justification-center is-layout-flex wp-container-core-buttons-is-layout-a89b3969 wp-block-buttons-is-layout-flex\" data-aos=\"slide-up\">\n<div class=\"wp-block-button is-style-fill\"><a class=\"wp-block-button__link has-background has-custom-font-size wp-element-button\" href=\"https:\/\/stingfreesnus.se\/fi\/#KopStingfree\" style=\"border-radius:10px;background-color:#eb5648;padding-top:17px;padding-right:35px;padding-bottom:17px;padding-left:35px;font-size:18px\">Osta Stingfree Ocean Mint<\/a><\/div>\n<\/div>\n<\/div>\n\n\n\n<div class=\"wp-block-column is-vertically-aligned-center is-layout-flow wp-block-column-is-layout-flow\" style=\"padding-left:0px;flex-basis:50%\" data-aos=\"fade-right\">\n<div class=\"wp-block-uagb-advanced-heading uagb-block-775f56fb\"><h1 class=\"uagb-heading-text\">Stingfree Ocean Mint Strong&nbsp;<\/h1><\/div>\n\n\n\n<div class=\"wp-block-uagb-advanced-heading uagb-block-a95c38f0\"><p class=\"uagb-heading-text\"><strong>Stingfree Ocean Mint<\/strong>\u00a0<strong>Vahva<\/strong>\u00a0on <strong>vahvin tuotteemme<\/strong> ja t\u00e4ydellinen valinta niille, jotka haluavat nauttia pitk\u00e4st\u00e4, voimakkaasta nuuskael\u00e4myksest\u00e4, jossa on mukana <strong>viilent\u00e4v\u00e4 mintun maku, mutta suojaa ikeni\u00e4si. <\/strong>Hyvin t\u00e4ytetyt prillit ovat limamuodossa, joten ne ovat huomaamattomia huulen alla.<\/p><\/div>\n\n\n\n<div class=\"wp-block-uagb-advanced-heading uagb-block-08c3c8e9\"><p class=\"uagb-heading-text\">Stingfree-nuuskan erottaa muista nikotiinipusseista ja nuuskalajikkeista sen innovatiivinen muotoilu. Jokaisessa prilliss\u00e4 on sis\u00e4\u00e4nrakennettu este, joka est\u00e4\u00e4 palamisen ja ikenien \u00e4rsytyksen. <strong>Sininen puoli asetetaan purukumia vasten.<\/strong> Esto lis\u00e4\u00e4 my\u00f6s pidemp\u00e4\u00e4 maku- ja nikotiinikokemusta tavallisiin prilleihin verrattuna.<\/p><\/div>\n\n\n\n<div class=\"wp-block-uagb-advanced-heading uagb-block-0e9f251a\"><p class=\"uagb-heading-text\">Minttuaromit tuovat mukavaa raikkautta ja viileytt\u00e4, mutta n\u00e4m\u00e4 aromit voivat olla my\u00f6s hyvin aggressiivisia ikenille, ja siksi sinun tulisi aina k\u00e4ytt\u00e4\u00e4 Stingfree-suojaa minttuaromien kanssa.<\/p><\/div>\n\n\n\n<div class=\"wp-block-uagb-advanced-heading uagb-block-1fbc34e2\"><p class=\"uagb-heading-text\">Stingfree-tuotteet sis\u00e4lt\u00e4v\u00e4t tupakan sijasta makuaineita, sakeuttamisaineita, t\u00e4yteaineita, suoloja, nikotiinia, makeutusaineita, stabilointiaineita, happamuudens\u00e4\u00e4t\u00f6aineita, vett\u00e4 ja kasvikuituja. K\u00e4yt\u00f6n j\u00e4lkeen prillit h\u00e4vitet\u00e4\u00e4n aivan kuten tavallisetkin prillit.<\/p><\/div>\n\n\n\n<div class=\"wp-block-uagb-advanced-heading uagb-block-a3816c25\"><p class=\"uagb-heading-text\"><br><a href=\"https:\/\/stingfreesnus.se\/fi\/paa-on\/\"><\/a><\/p><\/div>\n<\/div>\n<\/div>\n\n\n\n<div class=\"wp-block-uagb-container table-outer-panel uagb-block-012a40cb alignfull uagb-is-root-container\"><div class=\"uagb-container-inner-blocks-wrap\">\n<div class=\"wp-block-uagb-container uagb-block-af4a4909\">\n<div class=\"wp-block-uagb-advanced-heading uagb-block-222f588b\" data-aos=\"slide-up\"><h2 class=\"uagb-heading-text\">Tietoja tuotteesta<\/h2><\/div>\n\n\n\n<figure class=\"wp-block-table is-style-stripes  stingfree-table-outer\" data-aos=\"slide-up\"><table><tbody><tr><td><strong>Tavaramerkki<\/strong><\/td><td>Stingfree<\/td><\/tr><tr><td><strong>Tuotetyyppi<\/strong><\/td><td>Pistovapaat nikotiinipussit (tupakoimaton valkoinen nuuska)<\/td><\/tr><tr><td><strong>Laatikko<\/strong><\/td><td>Korkea laatikko<\/td><\/tr><tr><td><strong>Nikotiinin vahvuus<\/strong><\/td><td>Normaali<\/td><\/tr><tr><td><strong>Nikotiinipitoisuus<\/strong><\/td><td>20 mg\/g<\/td><\/tr><tr><td><strong>Nikotiinia pussia kohti<\/strong><\/td><td>11 mg<\/td><\/tr><tr><td><strong>Maku<\/strong><\/td><td>Minttu<\/td><\/tr><tr><td><strong>Sis\u00e4lt\u00f6\/pakkaus<\/strong><\/td><td>11 g<\/td><\/tr><tr><td><strong>Muotoilu<\/strong><\/td><td>Slim<\/td><\/tr><tr><td><strong>Tuottaja<\/strong><\/td><td>Stingfree AB<\/td><\/tr><\/tbody><\/table><\/figure>\n<\/div>\n<\/div><\/div>","protected":false},"excerpt":{"rendered":"<p>Stingfree Ocean Mint Strong&nbsp; Stingfree Ocean Mint\u00a0Strong\u00a0\u00e4r v\u00e5r starkaste produkt och det perfekta valet f\u00f6r dig som vill njuta av [&hellip;]<\/p>\n","protected":false},"author":3,"featured_media":0,"parent":0,"menu_order":0,"comment_status":"closed","ping_status":"closed","template":"","meta":{"_acf_changed":false,"_uag_custom_page_level_css":"","site-sidebar-layout":"default","site-content-layout":"","ast-site-content-layout":"","site-content-style":"default","site-sidebar-style":"default","ast-global-header-display":"","ast-banner-title-visibility":"","ast-main-header-display":"","ast-hfb-above-header-display":"","ast-hfb-below-header-display":"","ast-hfb-mobile-header-display":"","site-post-title":"disabled","ast-breadcrumbs-content":"","ast-featured-img":"","footer-sml-layout":"","ast-disable-related-posts":"","theme-transparent-header-meta":"","adv-header-id-meta":"","stick-header-meta":"","header-above-stick-meta":"","header-main-stick-meta":"","header-below-stick-meta":"","astra-migrate-meta-layouts":"default","ast-page-background-enabled":"default","ast-page-background-meta":{"desktop":{"background-color":"var(--ast-global-color-4)","background-image":"","background-repeat":"repeat","background-position":"center center","background-size":"auto","background-attachment":"scroll","background-type":"","background-media":"","overlay-type":"","overlay-color":"","overlay-opacity":"","overlay-gradient":""},"tablet":{"background-color":"","background-image":"","background-repeat":"repeat","background-position":"center center","background-size":"auto","background-attachment":"scroll","background-type":"","background-media":"","overlay-type":"","overlay-color":"","overlay-opacity":"","overlay-gradient":""},"mobile":{"background-color":"","background-image":"","background-repeat":"repeat","background-position":"center center","background-size":"auto","background-attachment":"scroll","background-type":"","background-media":"","overlay-type":"","overlay-color":"","overlay-opacity":"","overlay-gradient":""}},"ast-content-background-meta":{"desktop":{"background-color":"var(--ast-global-color-5)","background-image":"","background-repeat":"repeat","background-position":"center center","background-size":"auto","background-attachment":"scroll","background-type":"","background-media":"","overlay-type":"","overlay-color":"","overlay-opacity":"","overlay-gradient":""},"tablet":{"background-color":"var(--ast-global-color-5)","background-image":"","background-repeat":"repeat","background-position":"center center","background-size":"auto","background-attachment":"scroll","background-type":"","background-media":"","overlay-type":"","overlay-color":"","overlay-opacity":"","overlay-gradient":""},"mobile":{"background-color":"var(--ast-global-color-5)","background-image":"","background-repeat":"repeat","background-position":"center center","background-size":"auto","background-attachment":"scroll","background-type":"","background-media":"","overlay-type":"","overlay-color":"","overlay-opacity":"","overlay-gradient":""}},"footnotes":""},"class_list":["post-1176","page","type-page","status-publish","hentry"],"acf":[],"yoast_head":"<!-- This site is optimized with the Yoast SEO plugin v27.4 - https:\/\/yoast.com\/product\/yoast-seo-wordpress\/ -->\n<title>Stingfree Ocean Mint Strong - Stingfree<\/title>\n<meta name=\"description\" content=\"Stingfree Ocean Mint Strong \u00e4r v\u00e5r starkaste produkt n\u00e5gonsin och det perfekta valet f\u00f6r dig som vill njuta av en l\u00e5ng, kraftfull snusupplevelse med kylande mintsmak men med skydd f\u00f6r tandk\u00f6ttet.\" \/>\n<meta name=\"robots\" content=\"index, follow, max-snippet:-1, max-image-preview:large, max-video-preview:-1\" \/>\n<link rel=\"canonical\" href=\"https:\/\/stingfreesnus.se\/fi\/valtameri-minttu-vahva\/\" \/>\n<meta property=\"og:locale\" content=\"fi_FI\" \/>\n<meta property=\"og:type\" content=\"article\" \/>\n<meta property=\"og:title\" content=\"Stingfree Ocean Mint Strong - Stingfree\" \/>\n<meta property=\"og:description\" content=\"Stingfree Ocean Mint Strong \u00e4r v\u00e5r starkaste produkt n\u00e5gonsin och det perfekta valet f\u00f6r dig som vill njuta av en l\u00e5ng, kraftfull snusupplevelse med kylande mintsmak men med skydd f\u00f6r tandk\u00f6ttet.\" \/>\n<meta property=\"og:url\" content=\"https:\/\/stingfreesnus.se\/fi\/valtameri-minttu-vahva\/\" \/>\n<meta property=\"og:site_name\" content=\"Stingfree\" \/>\n<meta property=\"article:publisher\" content=\"https:\/\/www.facebook.com\/stingfreesnus\" \/>\n<meta property=\"article:modified_time\" content=\"2026-02-16T15:36:14+00:00\" \/>\n<meta property=\"og:image\" content=\"https:\/\/stingfreesnus.se\/wp-content\/uploads\/Ocean-mint-strong-front-prillor-1.png\" \/>\n<meta name=\"twitter:card\" content=\"summary_large_image\" \/>\n<meta name=\"twitter:site\" content=\"@Stingfreesnus\" \/>\n<meta name=\"twitter:label1\" content=\"Arvioitu lukuaika\" \/>\n\t<meta name=\"twitter:data1\" content=\"2 minuuttia\" \/>\n<script type=\"application\/ld+json\" class=\"yoast-schema-graph\">{\"@context\":\"https:\\\/\\\/schema.org\",\"@graph\":[{\"@type\":\"WebPage\",\"@id\":\"https:\\\/\\\/stingfreesnus.se\\\/ocean-mint-strong\\\/\",\"url\":\"https:\\\/\\\/stingfreesnus.se\\\/ocean-mint-strong\\\/\",\"name\":\"Stingfree Ocean Mint Strong - Stingfree\",\"isPartOf\":{\"@id\":\"https:\\\/\\\/stingfreesnus.se\\\/#website\"},\"primaryImageOfPage\":{\"@id\":\"https:\\\/\\\/stingfreesnus.se\\\/ocean-mint-strong\\\/#primaryimage\"},\"image\":{\"@id\":\"https:\\\/\\\/stingfreesnus.se\\\/ocean-mint-strong\\\/#primaryimage\"},\"thumbnailUrl\":\"https:\\\/\\\/stingfreesnus.se\\\/wp-content\\\/uploads\\\/Ocean-mint-strong-front-prillor-1.png\",\"datePublished\":\"2023-12-18T15:47:01+00:00\",\"dateModified\":\"2026-02-16T15:36:14+00:00\",\"description\":\"Stingfree Ocean Mint Strong \u00e4r v\u00e5r starkaste produkt n\u00e5gonsin och det perfekta valet f\u00f6r dig som vill njuta av en l\u00e5ng, kraftfull snusupplevelse med kylande mintsmak men med skydd f\u00f6r tandk\u00f6ttet.\",\"breadcrumb\":{\"@id\":\"https:\\\/\\\/stingfreesnus.se\\\/ocean-mint-strong\\\/#breadcrumb\"},\"inLanguage\":\"fi\",\"potentialAction\":[{\"@type\":\"ReadAction\",\"target\":[\"https:\\\/\\\/stingfreesnus.se\\\/ocean-mint-strong\\\/\"]}]},{\"@type\":\"ImageObject\",\"inLanguage\":\"fi\",\"@id\":\"https:\\\/\\\/stingfreesnus.se\\\/ocean-mint-strong\\\/#primaryimage\",\"url\":\"https:\\\/\\\/stingfreesnus.se\\\/wp-content\\\/uploads\\\/Ocean-mint-strong-front-prillor-1.png\",\"contentUrl\":\"https:\\\/\\\/stingfreesnus.se\\\/wp-content\\\/uploads\\\/Ocean-mint-strong-front-prillor-1.png\"},{\"@type\":\"BreadcrumbList\",\"@id\":\"https:\\\/\\\/stingfreesnus.se\\\/ocean-mint-strong\\\/#breadcrumb\",\"itemListElement\":[{\"@type\":\"ListItem\",\"position\":1,\"name\":\"Hem\",\"item\":\"https:\\\/\\\/stingfreesnus.se\\\/\"},{\"@type\":\"ListItem\",\"position\":2,\"name\":\"Stingfree Ocean Mint Strong\"}]},{\"@type\":\"WebSite\",\"@id\":\"https:\\\/\\\/stingfreesnus.se\\\/#website\",\"url\":\"https:\\\/\\\/stingfreesnus.se\\\/\",\"name\":\"Stingfree\",\"description\":\"Snus med skydd mot sveda och irritation p\u00e5 tandk\u00f6ttet\",\"publisher\":{\"@id\":\"https:\\\/\\\/stingfreesnus.se\\\/#organization\"},\"potentialAction\":[{\"@type\":\"SearchAction\",\"target\":{\"@type\":\"EntryPoint\",\"urlTemplate\":\"https:\\\/\\\/stingfreesnus.se\\\/?s={search_term_string}\"},\"query-input\":{\"@type\":\"PropertyValueSpecification\",\"valueRequired\":true,\"valueName\":\"search_term_string\"}}],\"inLanguage\":\"fi\"},{\"@type\":\"Organization\",\"@id\":\"https:\\\/\\\/stingfreesnus.se\\\/#organization\",\"name\":\"Stingfree\",\"url\":\"https:\\\/\\\/stingfreesnus.se\\\/\",\"logo\":{\"@type\":\"ImageObject\",\"inLanguage\":\"fi\",\"@id\":\"https:\\\/\\\/stingfreesnus.se\\\/#\\\/schema\\\/logo\\\/image\\\/\",\"url\":\"https:\\\/\\\/i0.wp.com\\\/stingfreesnus.se\\\/wp-content\\\/uploads\\\/logonew.webp?fit=918%2C589&ssl=1\",\"contentUrl\":\"https:\\\/\\\/i0.wp.com\\\/stingfreesnus.se\\\/wp-content\\\/uploads\\\/logonew.webp?fit=918%2C589&ssl=1\",\"width\":918,\"height\":589,\"caption\":\"Stingfree\"},\"image\":{\"@id\":\"https:\\\/\\\/stingfreesnus.se\\\/#\\\/schema\\\/logo\\\/image\\\/\"},\"sameAs\":[\"https:\\\/\\\/www.facebook.com\\\/stingfreesnus\",\"https:\\\/\\\/x.com\\\/Stingfreesnus\"]}]}<\/script>\n<!-- \/ Yoast SEO plugin. -->","yoast_head_json":{"title":"Stingfree Ocean Mint Strong - Stingfree - Stingfree","description":"Stingfree Ocean Mint Strong on kaikkien aikojen vahvin tuotteemme ja t\u00e4ydellinen valinta niille, jotka haluavat nauttia pitk\u00e4st\u00e4 ja voimakkaasta nuuskael\u00e4myksest\u00e4 viilent\u00e4v\u00e4n mintun makuisena, mutta purukumia suojaavana.","robots":{"index":"index","follow":"follow","max-snippet":"max-snippet:-1","max-image-preview":"max-image-preview:large","max-video-preview":"max-video-preview:-1"},"canonical":"https:\/\/stingfreesnus.se\/fi\/valtameri-minttu-vahva\/","og_locale":"fi_FI","og_type":"article","og_title":"Stingfree Ocean Mint Strong - Stingfree","og_description":"Stingfree Ocean Mint Strong \u00e4r v\u00e5r starkaste produkt n\u00e5gonsin och det perfekta valet f\u00f6r dig som vill njuta av en l\u00e5ng, kraftfull snusupplevelse med kylande mintsmak men med skydd f\u00f6r tandk\u00f6ttet.","og_url":"https:\/\/stingfreesnus.se\/fi\/valtameri-minttu-vahva\/","og_site_name":"Stingfree","article_publisher":"https:\/\/www.facebook.com\/stingfreesnus","article_modified_time":"2026-02-16T15:36:14+00:00","og_image":[{"url":"https:\/\/stingfreesnus.se\/wp-content\/uploads\/Ocean-mint-strong-front-prillor-1.png","type":"","width":"","height":""}],"twitter_card":"summary_large_image","twitter_site":"@Stingfreesnus","twitter_misc":{"Arvioitu lukuaika":"2 minuuttia"},"schema":{"@context":"https:\/\/schema.org","@graph":[{"@type":"WebPage","@id":"https:\/\/stingfreesnus.se\/ocean-mint-strong\/","url":"https:\/\/stingfreesnus.se\/ocean-mint-strong\/","name":"Stingfree Ocean Mint Strong - Stingfree - Stingfree","isPartOf":{"@id":"https:\/\/stingfreesnus.se\/#website"},"primaryImageOfPage":{"@id":"https:\/\/stingfreesnus.se\/ocean-mint-strong\/#primaryimage"},"image":{"@id":"https:\/\/stingfreesnus.se\/ocean-mint-strong\/#primaryimage"},"thumbnailUrl":"https:\/\/stingfreesnus.se\/wp-content\/uploads\/Ocean-mint-strong-front-prillor-1.png","datePublished":"2023-12-18T15:47:01+00:00","dateModified":"2026-02-16T15:36:14+00:00","description":"Stingfree Ocean Mint Strong on kaikkien aikojen vahvin tuotteemme ja t\u00e4ydellinen valinta niille, jotka haluavat nauttia pitk\u00e4st\u00e4 ja voimakkaasta nuuskael\u00e4myksest\u00e4 viilent\u00e4v\u00e4n mintun makuisena, mutta purukumia suojaavana.","breadcrumb":{"@id":"https:\/\/stingfreesnus.se\/ocean-mint-strong\/#breadcrumb"},"inLanguage":"fi","potentialAction":[{"@type":"ReadAction","target":["https:\/\/stingfreesnus.se\/ocean-mint-strong\/"]}]},{"@type":"ImageObject","inLanguage":"fi","@id":"https:\/\/stingfreesnus.se\/ocean-mint-strong\/#primaryimage","url":"https:\/\/stingfreesnus.se\/wp-content\/uploads\/Ocean-mint-strong-front-prillor-1.png","contentUrl":"https:\/\/stingfreesnus.se\/wp-content\/uploads\/Ocean-mint-strong-front-prillor-1.png"},{"@type":"BreadcrumbList","@id":"https:\/\/stingfreesnus.se\/ocean-mint-strong\/#breadcrumb","itemListElement":[{"@type":"ListItem","position":1,"name":"Hem","item":"https:\/\/stingfreesnus.se\/"},{"@type":"ListItem","position":2,"name":"Stingfree Ocean Mint Strong"}]},{"@type":"WebSite","@id":"https:\/\/stingfreesnus.se\/#website","url":"https:\/\/stingfreesnus.se\/","name":"Stingfree","description":"Nuuska, joka suojaa palamiselta ja ikenien \u00e4rsytykselt\u00e4","publisher":{"@id":"https:\/\/stingfreesnus.se\/#organization"},"potentialAction":[{"@type":"SearchAction","target":{"@type":"EntryPoint","urlTemplate":"https:\/\/stingfreesnus.se\/?s={search_term_string}"},"query-input":{"@type":"PropertyValueSpecification","valueRequired":true,"valueName":"search_term_string"}}],"inLanguage":"fi"},{"@type":"Organization","@id":"https:\/\/stingfreesnus.se\/#organization","name":"Stingfree","url":"https:\/\/stingfreesnus.se\/","logo":{"@type":"ImageObject","inLanguage":"fi","@id":"https:\/\/stingfreesnus.se\/#\/schema\/logo\/image\/","url":"https:\/\/i0.wp.com\/stingfreesnus.se\/wp-content\/uploads\/logonew.webp?fit=918%2C589&ssl=1","contentUrl":"https:\/\/i0.wp.com\/stingfreesnus.se\/wp-content\/uploads\/logonew.webp?fit=918%2C589&ssl=1","width":918,"height":589,"caption":"Stingfree"},"image":{"@id":"https:\/\/stingfreesnus.se\/#\/schema\/logo\/image\/"},"sameAs":["https:\/\/www.facebook.com\/stingfreesnus","https:\/\/x.com\/Stingfreesnus"]}]}},"uagb_featured_image_src":{"full":false,"thumbnail":false,"medium":false,"medium_large":false,"large":false,"1536x1536":false,"2048x2048":false,"trp-custom-language-flag":false,"woocommerce_thumbnail":false,"woocommerce_single":false,"woocommerce_gallery_thumbnail":false},"uagb_author_info":{"display_name":"Daniel","author_link":"https:\/\/stingfreesnus.se\/fi\/author\/daniel\/"},"uagb_comment_info":0,"uagb_excerpt":"Stingfree Ocean Mint Strong&nbsp; Stingfree Ocean Mint\u00a0Strong\u00a0\u00e4r v\u00e5r starkaste produkt och det perfekta valet f\u00f6r dig som vill njuta av [&hellip;]","jetpack_likes_enabled":true,"jetpack_sharing_enabled":true,"_links":{"self":[{"href":"https:\/\/stingfreesnus.se\/fi\/wp-json\/wp\/v2\/pages\/1176","targetHints":{"allow":["GET"]}}],"collection":[{"href":"https:\/\/stingfreesnus.se\/fi\/wp-json\/wp\/v2\/pages"}],"about":[{"href":"https:\/\/stingfreesnus.se\/fi\/wp-json\/wp\/v2\/types\/page"}],"author":[{"embeddable":true,"href":"https:\/\/stingfreesnus.se\/fi\/wp-json\/wp\/v2\/users\/3"}],"replies":[{"embeddable":true,"href":"https:\/\/stingfreesnus.se\/fi\/wp-json\/wp\/v2\/comments?post=1176"}],"version-history":[{"count":18,"href":"https:\/\/stingfreesnus.se\/fi\/wp-json\/wp\/v2\/pages\/1176\/revisions"}],"predecessor-version":[{"id":5263,"href":"https:\/\/stingfreesnus.se\/fi\/wp-json\/wp\/v2\/pages\/1176\/revisions\/5263"}],"wp:attachment":[{"href":"https:\/\/stingfreesnus.se\/fi\/wp-json\/wp\/v2\/media?parent=1176"}],"curies":[{"name":"wp","href":"https:\/\/api.w.org\/{rel}","templated":true}]}}