{"id":1622,"date":"2024-04-02T22:59:57","date_gmt":"2024-04-02T20:59:57","guid":{"rendered":"https:\/\/stingfreesnus.se\/?page_id=1622"},"modified":"2024-04-02T23:00:00","modified_gmt":"2024-04-02T21:00:00","slug":"nuuska-aiheuttaa-suusyopaa","status":"publish","type":"page","link":"https:\/\/stingfreesnus.se\/fi\/orsakar-snus-muncancer\/","title":{"rendered":"Aiheuttaako nuuska suusy\u00f6p\u00e4\u00e4?"},"content":{"rendered":"<p class=\"has-medium-font-size\"><strong>Yhteenveto<\/strong>: Ei, ei ole todisteita siit\u00e4, ett\u00e4 nuuska aiheuttaisi suusy\u00f6p\u00e4\u00e4. <\/p>\n\n\n\n<p>Miss\u00e4\u00e4n muussa maassa maailmassa nuuskan k\u00e4ytt\u00e4jien osuus v\u00e4est\u00f6st\u00e4 ei ole yht\u00e4 suuri kuin Ruotsissa. T\u00e4st\u00e4 huolimatta nuuskan k\u00e4ytt\u00f6\u00f6n ei ole Ruotsissa liittynyt lis\u00e4\u00e4ntynytt\u00e4 suusy\u00f6v\u00e4n esiintyvyytt\u00e4 tai sy\u00f6p\u00e4\u00e4n liittyv\u00e4\u00e4 kuolleisuutta. T\u00e4m\u00e4 todetaan Karolinska-instituutin laajassa nuuskaa ja suusy\u00f6p\u00e4\u00e4 k\u00e4sittelev\u00e4ss\u00e4 tutkimuksessa, joka on linkitetty alla olevaan linkkiin. Tutkimuksessa jopa todetaan, ett\u00e4 4 annosta tai v\u00e4hemm\u00e4n nuuskaa viikossa v\u00e4hent\u00e4\u00e4 suusy\u00f6v\u00e4n riski\u00e4. Tupakointi sen sijaan lis\u00e4\u00e4 dramaattisesti erityyppisten sy\u00f6pien, my\u00f6s suusy\u00f6v\u00e4n, riski\u00e4, ks. linkki alla olevaan tutkimukseen.<\/p>\n\n\n\n<p>On helppo uskoa, ett\u00e4 koska sek\u00e4 savukkeet ett\u00e4 nuuska sis\u00e4lt\u00e4v\u00e4t nikotiinia ja koska nuuskaa pidet\u00e4\u00e4n suussa paljon pidemp\u00e4\u00e4n kuin savukkeita, nuuska lis\u00e4\u00e4 suusy\u00f6v\u00e4n riski\u00e4 savukkeisiin verrattuna. Yksi syy siihen, miksi n\u00e4in ei ole, on se, ett\u00e4 vaikka nikotiini aiheuttaa riippuvuutta, se ei ole sy\u00f6p\u00e4\u00e4 aiheuttava aine, joten esimerkiksi nikotiinipurukumin k\u00e4ytt\u00f6 ei lis\u00e4\u00e4 sy\u00f6p\u00e4riski\u00e4. Tupakka voi sis\u00e4lt\u00e4\u00e4 sy\u00f6p\u00e4\u00e4 aiheuttavia raskasmetalleja ja nitrosamiineja, mutta l\u00e4hinn\u00e4 silloin, kun tupakka sytytet\u00e4\u00e4n ja hengitet\u00e4\u00e4n savukaasuna, kuten tupakointi, se lis\u00e4\u00e4 voimakkaasti suusy\u00f6v\u00e4n riski\u00e4.  <\/p>\n\n\n\n<p>Nuuska ei siis lis\u00e4\u00e4 suusy\u00f6v\u00e4n riski\u00e4, mutta sill\u00e4 on vaikutusta <a href=\"https:\/\/stingfreesnus.se\/fi\/nuuska-kurkkuun\/\">suun terveys <\/a>johon liittyy merkitt\u00e4v\u00e4sti lis\u00e4\u00e4ntynyt riski muun muassa <a href=\"https:\/\/stingfreesnus.se\/fi\/nuuskan-aiheuttamat-vauriot\/\">nuuskan aiheuttamat vauriot<\/a> ja <a href=\"https:\/\/stingfreesnus.se\/fi\/ientulehdus\/\">ientulehdus<\/a>. N\u00e4m\u00e4 tilat eiv\u00e4t kuitenkaan ole suusy\u00f6v\u00e4n tai muiden sy\u00f6pien esiasteita, vaan ne vaikuttavat vain ikeniin.<\/p>\n\n\n\n<p><a href=\"https:\/\/journals.sagepub.com\/doi\/abs\/10.1177\/1403494820919572\" target=\"_blank\" rel=\"noreferrer noopener\">Karolinska Institutetin laaja tutkimus nuuskan k\u00e4yt\u00f6st\u00e4 ja suusy\u00f6v\u00e4st\u00e4 l\u00f6ytyy t\u00e4\u00e4lt\u00e4.<\/a><\/p>\n\n\n\n<p>*<a href=\"https:\/\/www.ncbi.nlm.nih.gov\/pmc\/articles\/PMC6752112\/\" target=\"_blank\" rel=\"noreferrer noopener\">Tupakointi lis\u00e4\u00e4 dramaattisesti suusy\u00f6v\u00e4n riski\u00e4 tutkimus<\/a><\/p>\n\n\n<figure class=\"wp-block-embed wp-block-embed-youtube is-type-video is-provider-youtube epyt-figure\"><div class=\"wp-block-embed__wrapper\"><div  id=\"_ytid_40912\"  width=\"800\" height=\"450\"  data-origwidth=\"800\" data-origheight=\"450\" data-facadesrc=\"https:\/\/www.youtube.com\/embed\/ok9vMA6s-7g?enablejsapi=1&#038;autoplay=1&#038;cc_load_policy=0&#038;cc_lang_pref=&#038;iv_load_policy=1&#038;loop=0&#038;rel=0&#038;fs=1&#038;playsinline=0&#038;autohide=2&#038;theme=dark&#038;color=red&#038;controls=1&#038;disablekb=0&#038;\" class=\"__youtube_prefs__ epyt-facade no-lazyload\" data-epautoplay=\"1\" ><img data-recalc-dims=\"1\" decoding=\"async\" data-spai-excluded=\"true\" class=\"epyt-facade-poster skip-lazy\" loading=\"lazy\"  alt=\"Aiheuttaako nuuska suusy\u00f6p\u00e4\u00e4?\"  src=\"https:\/\/i0.wp.com\/i.ytimg.com\/vi\/ok9vMA6s-7g\/maxresdefault.jpg?ssl=1\"  \/><button class=\"epyt-facade-play\" aria-label=\"Pelaa\"><svg data-no-lazy=\"1\" height=\"100%\" version=\"1.1\" viewbox=\"0 0 68 48\" width=\"100%\"><path class=\"ytp-large-play-button-bg\" d=\"M66.52,7.74c-0.78-2.93-2.49-5.41-5.42-6.19C55.79,.13,34,0,34,0S12.21,.13,6.9,1.55 C3.97,2.33,2.27,4.81,1.48,7.74C0.06,13.05,0,24,0,24s0.06,10.95,1.48,16.26c0.78,2.93,2.49,5.41,5.42,6.19 C12.21,47.87,34,48,34,48s21.79-0.13,27.1-1.55c2.93-0.78,4.64-3.26,5.42-6.19C67.94,34.95,68,24,68,24S67.94,13.05,66.52,7.74z\" fill=\"#f00\"><\/path><path d=\"M 45,24 27,14 27,34\" fill=\"#fff\"><\/path><\/svg><\/button><\/div><\/div><\/figure>\n\n\n<p>Bengt puhuu nuuskasta ja suusy\u00f6v\u00e4st\u00e4.<\/p>\n\n\n<figure class=\"wp-block-embed wp-block-embed-youtube is-type-video is-provider-youtube epyt-figure\"><div class=\"wp-block-embed__wrapper\"><div  id=\"_ytid_65713\"  width=\"800\" height=\"450\"  data-origwidth=\"800\" data-origheight=\"450\" data-facadesrc=\"https:\/\/www.youtube.com\/embed\/HdubFqyc_2A?enablejsapi=1&#038;autoplay=1&#038;cc_load_policy=0&#038;cc_lang_pref=&#038;iv_load_policy=1&#038;loop=0&#038;rel=0&#038;fs=1&#038;playsinline=0&#038;autohide=2&#038;theme=dark&#038;color=red&#038;controls=1&#038;disablekb=0&#038;\" class=\"__youtube_prefs__ epyt-facade no-lazyload\" data-epautoplay=\"1\" ><img data-recalc-dims=\"1\" decoding=\"async\" data-spai-excluded=\"true\" class=\"epyt-facade-poster skip-lazy\" loading=\"lazy\"  alt=\"Aiheuttaako nikotiini sy\u00f6p\u00e4\u00e4?\"  src=\"https:\/\/i0.wp.com\/i.ytimg.com\/vi\/HdubFqyc_2A\/maxresdefault.jpg?ssl=1\"  \/><button class=\"epyt-facade-play\" aria-label=\"Pelaa\"><svg data-no-lazy=\"1\" height=\"100%\" version=\"1.1\" viewbox=\"0 0 68 48\" width=\"100%\"><path class=\"ytp-large-play-button-bg\" d=\"M66.52,7.74c-0.78-2.93-2.49-5.41-5.42-6.19C55.79,.13,34,0,34,0S12.21,.13,6.9,1.55 C3.97,2.33,2.27,4.81,1.48,7.74C0.06,13.05,0,24,0,24s0.06,10.95,1.48,16.26c0.78,2.93,2.49,5.41,5.42,6.19 C12.21,47.87,34,48,34,48s21.79-0.13,27.1-1.55c2.93-0.78,4.64-3.26,5.42-6.19C67.94,34.95,68,24,68,24S67.94,13.05,66.52,7.74z\" fill=\"#f00\"><\/path><path d=\"M 45,24 27,14 27,34\" fill=\"#fff\"><\/path><\/svg><\/button><\/div><\/div><\/figure>\n\n\n<p>Bengt puhuu nikotiinista ja sy\u00f6v\u00e4st\u00e4.<\/p>\n\n\n\n<p><\/p>","protected":false},"excerpt":{"rendered":"<p>Summering: Nej det finns inga bevis f\u00f6r att snus orsakar muncancer. Inget annat land i v\u00e4rlden har s\u00e5 h\u00f6g andel [&hellip;]<\/p>\n","protected":false},"author":3,"featured_media":1636,"parent":0,"menu_order":0,"comment_status":"closed","ping_status":"closed","template":"","meta":{"_acf_changed":false,"_uag_custom_page_level_css":"","site-sidebar-layout":"default","site-content-layout":"","ast-site-content-layout":"default","site-content-style":"default","site-sidebar-style":"default","ast-global-header-display":"","ast-banner-title-visibility":"","ast-main-header-display":"","ast-hfb-above-header-display":"","ast-hfb-below-header-display":"","ast-hfb-mobile-header-display":"","site-post-title":"","ast-breadcrumbs-content":"","ast-featured-img":"disabled","footer-sml-layout":"","ast-disable-related-posts":"","theme-transparent-header-meta":"","adv-header-id-meta":"","stick-header-meta":"","header-above-stick-meta":"","header-main-stick-meta":"","header-below-stick-meta":"","astra-migrate-meta-layouts":"default","ast-page-background-enabled":"default","ast-page-background-meta":{"desktop":{"background-color":"var(--ast-global-color-5)","background-image":"","background-repeat":"repeat","background-position":"center center","background-size":"auto","background-attachment":"scroll","background-type":"","background-media":"","overlay-type":"","overlay-color":"","overlay-opacity":"","overlay-gradient":""},"tablet":{"background-color":"","background-image":"","background-repeat":"repeat","background-position":"center center","background-size":"auto","background-attachment":"scroll","background-type":"","background-media":"","overlay-type":"","overlay-color":"","overlay-opacity":"","overlay-gradient":""},"mobile":{"background-color":"","background-image":"","background-repeat":"repeat","background-position":"center center","background-size":"auto","background-attachment":"scroll","background-type":"","background-media":"","overlay-type":"","overlay-color":"","overlay-opacity":"","overlay-gradient":""}},"ast-content-background-meta":{"desktop":{"background-color":"var(--ast-global-color-4)","background-image":"","background-repeat":"repeat","background-position":"center center","background-size":"auto","background-attachment":"scroll","background-type":"","background-media":"","overlay-type":"","overlay-color":"","overlay-opacity":"","overlay-gradient":""},"tablet":{"background-color":"var(--ast-global-color-4)","background-image":"","background-repeat":"repeat","background-position":"center center","background-size":"auto","background-attachment":"scroll","background-type":"","background-media":"","overlay-type":"","overlay-color":"","overlay-opacity":"","overlay-gradient":""},"mobile":{"background-color":"var(--ast-global-color-4)","background-image":"","background-repeat":"repeat","background-position":"center center","background-size":"auto","background-attachment":"scroll","background-type":"","background-media":"","overlay-type":"","overlay-color":"","overlay-opacity":"","overlay-gradient":""}},"footnotes":""},"class_list":["post-1622","page","type-page","status-publish","has-post-thumbnail","hentry"],"acf":[],"yoast_head":"<!-- This site is optimized with the Yoast SEO plugin v27.4 - https:\/\/yoast.com\/product\/yoast-seo-wordpress\/ -->\n<title>Orsakar snus muncancer? - Stingfree<\/title>\n<meta name=\"robots\" content=\"index, follow, max-snippet:-1, max-image-preview:large, max-video-preview:-1\" \/>\n<link rel=\"canonical\" href=\"https:\/\/stingfreesnus.se\/fi\/nuuska-aiheuttaa-suusyopaa\/\" \/>\n<meta property=\"og:locale\" content=\"fi_FI\" \/>\n<meta property=\"og:type\" content=\"article\" \/>\n<meta property=\"og:title\" content=\"Orsakar snus muncancer? - Stingfree\" \/>\n<meta property=\"og:description\" content=\"Summering: Nej det finns inga bevis f\u00f6r att snus orsakar muncancer. Inget annat land i v\u00e4rlden har s\u00e5 h\u00f6g andel [&hellip;]\" \/>\n<meta property=\"og:url\" content=\"https:\/\/stingfreesnus.se\/fi\/nuuska-aiheuttaa-suusyopaa\/\" \/>\n<meta property=\"og:site_name\" content=\"Stingfree\" \/>\n<meta property=\"article:publisher\" content=\"https:\/\/www.facebook.com\/stingfreesnus\" \/>\n<meta property=\"article:modified_time\" content=\"2024-04-02T21:00:00+00:00\" \/>\n<meta property=\"og:image\" content=\"https:\/\/i0.wp.com\/stingfreesnus.se\/wp-content\/uploads\/orsakar-snus-muncancer.jpg?fit=951%2C859&ssl=1\" \/>\n\t<meta property=\"og:image:width\" content=\"951\" \/>\n\t<meta property=\"og:image:height\" content=\"859\" \/>\n\t<meta property=\"og:image:type\" content=\"image\/jpeg\" \/>\n<meta name=\"twitter:card\" content=\"summary_large_image\" \/>\n<meta name=\"twitter:site\" content=\"@Stingfreesnus\" \/>\n<meta name=\"twitter:label1\" content=\"Arvioitu lukuaika\" \/>\n\t<meta name=\"twitter:data1\" content=\"2 minuuttia\" \/>\n<script type=\"application\/ld+json\" class=\"yoast-schema-graph\">{\"@context\":\"https:\\\/\\\/schema.org\",\"@graph\":[{\"@type\":\"WebPage\",\"@id\":\"https:\\\/\\\/stingfreesnus.se\\\/orsakar-snus-muncancer\\\/\",\"url\":\"https:\\\/\\\/stingfreesnus.se\\\/orsakar-snus-muncancer\\\/\",\"name\":\"Orsakar snus muncancer? - Stingfree\",\"isPartOf\":{\"@id\":\"https:\\\/\\\/stingfreesnus.se\\\/#website\"},\"primaryImageOfPage\":{\"@id\":\"https:\\\/\\\/stingfreesnus.se\\\/orsakar-snus-muncancer\\\/#primaryimage\"},\"image\":{\"@id\":\"https:\\\/\\\/stingfreesnus.se\\\/orsakar-snus-muncancer\\\/#primaryimage\"},\"thumbnailUrl\":\"https:\\\/\\\/i0.wp.com\\\/stingfreesnus.se\\\/wp-content\\\/uploads\\\/orsakar-snus-muncancer.jpg?fit=951%2C859&ssl=1\",\"datePublished\":\"2024-04-02T20:59:57+00:00\",\"dateModified\":\"2024-04-02T21:00:00+00:00\",\"breadcrumb\":{\"@id\":\"https:\\\/\\\/stingfreesnus.se\\\/orsakar-snus-muncancer\\\/#breadcrumb\"},\"inLanguage\":\"fi\",\"potentialAction\":[{\"@type\":\"ReadAction\",\"target\":[\"https:\\\/\\\/stingfreesnus.se\\\/orsakar-snus-muncancer\\\/\"]}]},{\"@type\":\"ImageObject\",\"inLanguage\":\"fi\",\"@id\":\"https:\\\/\\\/stingfreesnus.se\\\/orsakar-snus-muncancer\\\/#primaryimage\",\"url\":\"https:\\\/\\\/i0.wp.com\\\/stingfreesnus.se\\\/wp-content\\\/uploads\\\/orsakar-snus-muncancer.jpg?fit=951%2C859&ssl=1\",\"contentUrl\":\"https:\\\/\\\/i0.wp.com\\\/stingfreesnus.se\\\/wp-content\\\/uploads\\\/orsakar-snus-muncancer.jpg?fit=951%2C859&ssl=1\",\"width\":951,\"height\":859,\"caption\":\"bild av \u00f6ppen mun\"},{\"@type\":\"BreadcrumbList\",\"@id\":\"https:\\\/\\\/stingfreesnus.se\\\/orsakar-snus-muncancer\\\/#breadcrumb\",\"itemListElement\":[{\"@type\":\"ListItem\",\"position\":1,\"name\":\"Hem\",\"item\":\"https:\\\/\\\/stingfreesnus.se\\\/\"},{\"@type\":\"ListItem\",\"position\":2,\"name\":\"Orsakar snus muncancer?\"}]},{\"@type\":\"WebSite\",\"@id\":\"https:\\\/\\\/stingfreesnus.se\\\/#website\",\"url\":\"https:\\\/\\\/stingfreesnus.se\\\/\",\"name\":\"Stingfree\",\"description\":\"Snus med skydd mot sveda och irritation p\u00e5 tandk\u00f6ttet\",\"publisher\":{\"@id\":\"https:\\\/\\\/stingfreesnus.se\\\/#organization\"},\"potentialAction\":[{\"@type\":\"SearchAction\",\"target\":{\"@type\":\"EntryPoint\",\"urlTemplate\":\"https:\\\/\\\/stingfreesnus.se\\\/?s={search_term_string}\"},\"query-input\":{\"@type\":\"PropertyValueSpecification\",\"valueRequired\":true,\"valueName\":\"search_term_string\"}}],\"inLanguage\":\"fi\"},{\"@type\":\"Organization\",\"@id\":\"https:\\\/\\\/stingfreesnus.se\\\/#organization\",\"name\":\"Stingfree\",\"url\":\"https:\\\/\\\/stingfreesnus.se\\\/\",\"logo\":{\"@type\":\"ImageObject\",\"inLanguage\":\"fi\",\"@id\":\"https:\\\/\\\/stingfreesnus.se\\\/#\\\/schema\\\/logo\\\/image\\\/\",\"url\":\"https:\\\/\\\/i0.wp.com\\\/stingfreesnus.se\\\/wp-content\\\/uploads\\\/logonew.webp?fit=918%2C589&ssl=1\",\"contentUrl\":\"https:\\\/\\\/i0.wp.com\\\/stingfreesnus.se\\\/wp-content\\\/uploads\\\/logonew.webp?fit=918%2C589&ssl=1\",\"width\":918,\"height\":589,\"caption\":\"Stingfree\"},\"image\":{\"@id\":\"https:\\\/\\\/stingfreesnus.se\\\/#\\\/schema\\\/logo\\\/image\\\/\"},\"sameAs\":[\"https:\\\/\\\/www.facebook.com\\\/stingfreesnus\",\"https:\\\/\\\/x.com\\\/Stingfreesnus\"]}]}<\/script>\n<!-- \/ Yoast SEO plugin. -->","yoast_head_json":{"title":"Aiheuttaako nuuska suusy\u00f6p\u00e4\u00e4? - Stingfree","robots":{"index":"index","follow":"follow","max-snippet":"max-snippet:-1","max-image-preview":"max-image-preview:large","max-video-preview":"max-video-preview:-1"},"canonical":"https:\/\/stingfreesnus.se\/fi\/nuuska-aiheuttaa-suusyopaa\/","og_locale":"fi_FI","og_type":"article","og_title":"Orsakar snus muncancer? - Stingfree","og_description":"Summering: Nej det finns inga bevis f\u00f6r att snus orsakar muncancer. Inget annat land i v\u00e4rlden har s\u00e5 h\u00f6g andel [&hellip;]","og_url":"https:\/\/stingfreesnus.se\/fi\/nuuska-aiheuttaa-suusyopaa\/","og_site_name":"Stingfree","article_publisher":"https:\/\/www.facebook.com\/stingfreesnus","article_modified_time":"2024-04-02T21:00:00+00:00","og_image":[{"width":951,"height":859,"url":"https:\/\/i0.wp.com\/stingfreesnus.se\/wp-content\/uploads\/orsakar-snus-muncancer.jpg?fit=951%2C859&ssl=1","type":"image\/jpeg"}],"twitter_card":"summary_large_image","twitter_site":"@Stingfreesnus","twitter_misc":{"Arvioitu lukuaika":"2 minuuttia"},"schema":{"@context":"https:\/\/schema.org","@graph":[{"@type":"WebPage","@id":"https:\/\/stingfreesnus.se\/orsakar-snus-muncancer\/","url":"https:\/\/stingfreesnus.se\/orsakar-snus-muncancer\/","name":"Aiheuttaako nuuska suusy\u00f6p\u00e4\u00e4? - Stingfree","isPartOf":{"@id":"https:\/\/stingfreesnus.se\/#website"},"primaryImageOfPage":{"@id":"https:\/\/stingfreesnus.se\/orsakar-snus-muncancer\/#primaryimage"},"image":{"@id":"https:\/\/stingfreesnus.se\/orsakar-snus-muncancer\/#primaryimage"},"thumbnailUrl":"https:\/\/i0.wp.com\/stingfreesnus.se\/wp-content\/uploads\/orsakar-snus-muncancer.jpg?fit=951%2C859&ssl=1","datePublished":"2024-04-02T20:59:57+00:00","dateModified":"2024-04-02T21:00:00+00:00","breadcrumb":{"@id":"https:\/\/stingfreesnus.se\/orsakar-snus-muncancer\/#breadcrumb"},"inLanguage":"fi","potentialAction":[{"@type":"ReadAction","target":["https:\/\/stingfreesnus.se\/orsakar-snus-muncancer\/"]}]},{"@type":"ImageObject","inLanguage":"fi","@id":"https:\/\/stingfreesnus.se\/orsakar-snus-muncancer\/#primaryimage","url":"https:\/\/i0.wp.com\/stingfreesnus.se\/wp-content\/uploads\/orsakar-snus-muncancer.jpg?fit=951%2C859&ssl=1","contentUrl":"https:\/\/i0.wp.com\/stingfreesnus.se\/wp-content\/uploads\/orsakar-snus-muncancer.jpg?fit=951%2C859&ssl=1","width":951,"height":859,"caption":"bild av \u00f6ppen mun"},{"@type":"BreadcrumbList","@id":"https:\/\/stingfreesnus.se\/orsakar-snus-muncancer\/#breadcrumb","itemListElement":[{"@type":"ListItem","position":1,"name":"Hem","item":"https:\/\/stingfreesnus.se\/"},{"@type":"ListItem","position":2,"name":"Orsakar snus muncancer?"}]},{"@type":"WebSite","@id":"https:\/\/stingfreesnus.se\/#website","url":"https:\/\/stingfreesnus.se\/","name":"Stingfree","description":"Nuuska, joka suojaa palamiselta ja ikenien \u00e4rsytykselt\u00e4","publisher":{"@id":"https:\/\/stingfreesnus.se\/#organization"},"potentialAction":[{"@type":"SearchAction","target":{"@type":"EntryPoint","urlTemplate":"https:\/\/stingfreesnus.se\/?s={search_term_string}"},"query-input":{"@type":"PropertyValueSpecification","valueRequired":true,"valueName":"search_term_string"}}],"inLanguage":"fi"},{"@type":"Organization","@id":"https:\/\/stingfreesnus.se\/#organization","name":"Stingfree","url":"https:\/\/stingfreesnus.se\/","logo":{"@type":"ImageObject","inLanguage":"fi","@id":"https:\/\/stingfreesnus.se\/#\/schema\/logo\/image\/","url":"https:\/\/i0.wp.com\/stingfreesnus.se\/wp-content\/uploads\/logonew.webp?fit=918%2C589&ssl=1","contentUrl":"https:\/\/i0.wp.com\/stingfreesnus.se\/wp-content\/uploads\/logonew.webp?fit=918%2C589&ssl=1","width":918,"height":589,"caption":"Stingfree"},"image":{"@id":"https:\/\/stingfreesnus.se\/#\/schema\/logo\/image\/"},"sameAs":["https:\/\/www.facebook.com\/stingfreesnus","https:\/\/x.com\/Stingfreesnus"]}]}},"uagb_featured_image_src":{"full":["https:\/\/i0.wp.com\/stingfreesnus.se\/wp-content\/uploads\/orsakar-snus-muncancer.jpg?fit=951%2C859&ssl=1",951,859,false],"thumbnail":["https:\/\/i0.wp.com\/stingfreesnus.se\/wp-content\/uploads\/orsakar-snus-muncancer.jpg?resize=150%2C150&ssl=1",150,150,true],"medium":["https:\/\/i0.wp.com\/stingfreesnus.se\/wp-content\/uploads\/orsakar-snus-muncancer.jpg?fit=300%2C271&ssl=1",300,271,true],"medium_large":["https:\/\/i0.wp.com\/stingfreesnus.se\/wp-content\/uploads\/orsakar-snus-muncancer.jpg?fit=768%2C694&ssl=1",768,694,true],"large":["https:\/\/i0.wp.com\/stingfreesnus.se\/wp-content\/uploads\/orsakar-snus-muncancer.jpg?fit=951%2C859&ssl=1",951,859,true],"1536x1536":["https:\/\/i0.wp.com\/stingfreesnus.se\/wp-content\/uploads\/orsakar-snus-muncancer.jpg?fit=951%2C859&ssl=1",951,859,true],"2048x2048":["https:\/\/i0.wp.com\/stingfreesnus.se\/wp-content\/uploads\/orsakar-snus-muncancer.jpg?fit=951%2C859&ssl=1",951,859,true],"trp-custom-language-flag":["https:\/\/i0.wp.com\/stingfreesnus.se\/wp-content\/uploads\/orsakar-snus-muncancer.jpg?fit=13%2C12&ssl=1",13,12,true],"woocommerce_thumbnail":["https:\/\/i0.wp.com\/stingfreesnus.se\/wp-content\/uploads\/orsakar-snus-muncancer.jpg?resize=300%2C300&ssl=1",300,300,true],"woocommerce_single":["https:\/\/i0.wp.com\/stingfreesnus.se\/wp-content\/uploads\/orsakar-snus-muncancer.jpg?fit=600%2C542&ssl=1",600,542,true],"woocommerce_gallery_thumbnail":["https:\/\/i0.wp.com\/stingfreesnus.se\/wp-content\/uploads\/orsakar-snus-muncancer.jpg?resize=100%2C100&ssl=1",100,100,true]},"uagb_author_info":{"display_name":"Daniel","author_link":"https:\/\/stingfreesnus.se\/fi\/author\/daniel\/"},"uagb_comment_info":0,"uagb_excerpt":"Summering: Nej det finns inga bevis f\u00f6r att snus orsakar muncancer. Inget annat land i v\u00e4rlden har s\u00e5 h\u00f6g andel [&hellip;]","jetpack_likes_enabled":true,"jetpack_sharing_enabled":true,"_links":{"self":[{"href":"https:\/\/stingfreesnus.se\/fi\/wp-json\/wp\/v2\/pages\/1622","targetHints":{"allow":["GET"]}}],"collection":[{"href":"https:\/\/stingfreesnus.se\/fi\/wp-json\/wp\/v2\/pages"}],"about":[{"href":"https:\/\/stingfreesnus.se\/fi\/wp-json\/wp\/v2\/types\/page"}],"author":[{"embeddable":true,"href":"https:\/\/stingfreesnus.se\/fi\/wp-json\/wp\/v2\/users\/3"}],"replies":[{"embeddable":true,"href":"https:\/\/stingfreesnus.se\/fi\/wp-json\/wp\/v2\/comments?post=1622"}],"version-history":[{"count":6,"href":"https:\/\/stingfreesnus.se\/fi\/wp-json\/wp\/v2\/pages\/1622\/revisions"}],"predecessor-version":[{"id":1638,"href":"https:\/\/stingfreesnus.se\/fi\/wp-json\/wp\/v2\/pages\/1622\/revisions\/1638"}],"wp:featuredmedia":[{"embeddable":true,"href":"https:\/\/stingfreesnus.se\/fi\/wp-json\/wp\/v2\/media\/1636"}],"wp:attachment":[{"href":"https:\/\/stingfreesnus.se\/fi\/wp-json\/wp\/v2\/media?parent=1622"}],"curies":[{"name":"wp","href":"https:\/\/api.w.org\/{rel}","templated":true}]}}