{"id":24,"date":"2023-10-06T14:03:11","date_gmt":"2023-10-06T12:03:11","guid":{"rendered":"https:\/\/stingfreesnus.se\/?page_id=24"},"modified":"2025-06-11T13:22:26","modified_gmt":"2025-06-11T11:22:26","slug":"ota-yhteytta","status":"publish","type":"page","link":"https:\/\/stingfreesnus.se\/fi\/kontakta-oss\/","title":{"rendered":"Ota meihin yhteytt\u00e4 osoitteessa"},"content":{"rendered":"<div class=\"wp-block-uagb-container Kontakt-top-outer uagb-block-443f8da9 alignfull uagb-is-root-container\"><div class=\"uagb-container-inner-blocks-wrap\">\n<div class=\"wp-block-uagb-container uagb-block-9c7e7f56\">\n<div class=\"wp-block-columns kontakta-top-con is-layout-flex wp-container-core-columns-is-layout-28f84493 wp-block-columns-is-layout-flex\">\n<div class=\"wp-block-column is-vertically-aligned-center kontakta-left is-layout-flow wp-block-column-is-layout-flow\" data-aos=\"slide-right\" data-aos-duration=\"950\">\n<div class=\"wp-block-uagb-advanced-heading uagb-block-26353b8f\"><h1 class=\"uagb-heading-text\">Ota meihin yhteytt\u00e4 osoitteessa<\/h1><\/div>\n\n\n\n<div class=\"wp-block-uagb-advanced-heading uagb-block-787ecf64\"><p class=\"uagb-heading-text\">Ota yhteytt\u00e4, jos sinulla on kysytt\u00e4v\u00e4\u00e4 Stingfreest\u00e4 tai jos haluat jakaa kokemuksiasi.<\/p><\/div>\n\n\n\n<div class=\"wp-block-uagb-advanced-heading uagb-block-dadfc2c3\"><p class=\"uagb-heading-text\">V\u00e4lit\u00e4mme suun terveydest\u00e4si!<\/p><\/div>\n<\/div>\n\n\n\n<div class=\"wp-block-column is-layout-flow wp-block-column-is-layout-flow\" id=\"kontakta-right\" data-aos=\"slide-left\" data-aos-duration=\"1400\">\n<div class=\"wp-block-uagb-image uagb-block-8f8fa36a wp-block-uagb-image--layout-default wp-block-uagb-image--effect-static wp-block-uagb-image--align-none\"><figure class=\"wp-block-uagb-image__figure\"><img data-recalc-dims=\"1\" decoding=\"async\" srcset=\"https:\/\/stingfreesnus.se\/wp-content\/uploads\/exhausted-woman-office-suffering-from-severe-toothache-1.png ,https:\/\/stingfreesnus.se\/wp-content\/uploads\/exhausted-woman-office-suffering-from-severe-toothache-1.png 780w, https:\/\/stingfreesnus.se\/wp-content\/uploads\/exhausted-woman-office-suffering-from-severe-toothache-1.png 360w\" sizes=\"auto, (max-width: 480px) 150px\" src=\"https:\/\/i0.wp.com\/stingfreesnus.se\/wp-content\/uploads\/exhausted-woman-office-suffering-from-severe-toothache-1.png?resize=639%2C441&#038;ssl=1\" alt=\"\" class=\"uag-image-3850\" width=\"639\" height=\"441\" title=\"uupunut-nainen-toimistosta-sairasta-hammass\u00e4rky\u00e4-kantava 1\" loading=\"lazy\" role=\"img\"\/><\/figure><\/div>\n<\/div>\n<\/div>\n<\/div>\n<\/div><\/div>\n\n\n\n<div class=\"wp-block-uagb-container Kontakt-middle-outer uagb-block-d7c8e4bd alignfull uagb-is-root-container\"><div class=\"uagb-container-inner-blocks-wrap\">\n<div class=\"wp-block-uagb-container uagb-block-7945bd3e\">\n<div class=\"wp-block-uagb-container uagb-block-392927fa\">\n<div class=\"wp-block-columns kontat-col-reverse Kontackt-middle-inner  Kontact-margin-bottom is-layout-flex wp-container-core-columns-is-layout-28f84493 wp-block-columns-is-layout-flex\">\n<div class=\"wp-block-column ben-image-con  ben-desktop-show is-layout-flow wp-block-column-is-layout-flow\" data-aos=\"slide-up\">\n<div class=\"wp-block-uagb-image alignleft uagb-block-bbb60501 wp-block-uagb-image--layout-default wp-block-uagb-image--effect-static wp-block-uagb-image--align-left bengt-pic\"><figure class=\"wp-block-uagb-image__figure\"><img data-recalc-dims=\"1\" decoding=\"async\" srcset=\"https:\/\/stingfreesnus.se\/wp-content\/uploads\/Bengt-Wiberg-new.png ,https:\/\/stingfreesnus.se\/wp-content\/uploads\/Bengt-Wiberg-new.png 780w, https:\/\/stingfreesnus.se\/wp-content\/uploads\/Bengt-Wiberg-new.png 360w\" sizes=\"auto, (max-width: 480px) 150px\" src=\"https:\/\/i0.wp.com\/stingfreesnus.se\/wp-content\/uploads\/Bengt-Wiberg-new.png?resize=322%2C370&#038;ssl=1\" alt=\"\" class=\"uag-image-4067\" width=\"322\" height=\"370\" title=\"Bengt-Wiberg - uusi\" loading=\"lazy\" role=\"img\"\/><\/figure><\/div>\n<\/div>\n\n\n\n<div class=\"wp-block-column is-vertically-aligned-center kontact-content-right  ben-content-con is-layout-flow wp-block-column-is-layout-flow\" data-aos=\"slide-up\" data-aos-delay=\"550\" data-aos-duration=\"1350\">\n<div class=\"wp-block-uagb-advanced-heading uagb-block-a3aa34c1\"><h2 class=\"uagb-heading-text\">Bengt Wiberg<\/h2><\/div>\n\n\n\n<div class=\"wp-block-uagb-advanced-heading uagb-block-19779f1b\"><p class=\"uagb-heading-text\">Perustaja ja hallituksen j\u00e4sen<\/p><\/div>\n\n\n\n<div class=\"wp-block-uagb-icon-list uagb-block-2bda63e4\"><div class=\"uagb-icon-list__wrap\">\n<div class=\"wp-block-uagb-icon-list-child uagb-block-76c1fa58\"><a target=\"_self\" aria-label=\"bengt.wiberg@stingfreesnus.com\" rel=\"noopener noreferrer\" href=\"mailto:bengt.wiberg@stingfreesnus.com\"> <\/a><span class=\"uagb-icon-list__source-wrap\"><img decoding=\"async\" class=\"uagb-icon-list__source-image\" src=\"https:\/\/stingfreesnus.se\/wp-content\/uploads\/envelope.svg\" width=\"16\" height=\"11\" loading=\"lazy\" alt=\"\"\/><\/span><span class=\"uagb-icon-list__label\">bengt.wiberg@stingfreesnus.com<\/span><\/div>\n\n\n\n<div class=\"wp-block-uagb-icon-list-child uagb-block-a1ff65a0\"><a target=\"_self\" aria-label=\"+46 76 015 10 82\" rel=\"noopener noreferrer\" href=\"callto:46760151082\"> <\/a><span class=\"uagb-icon-list__source-wrap\"><img decoding=\"async\" class=\"uagb-icon-list__source-image\" src=\"https:\/\/stingfreesnus.se\/wp-content\/uploads\/phone.svg\" width=\"16\" height=\"16\" loading=\"lazy\" alt=\"\"\/><\/span><span class=\"uagb-icon-list__label\">+46 76 015 10 82<\/span><\/div>\n<\/div><\/div>\n\n\n\n<div class=\"wp-block-uagb-advanced-heading uagb-block-4eea5d88\"><p class=\"uagb-heading-text\">Bengt on Sting Free AB:n keksij\u00e4, perustaja ja sykkiv\u00e4 syd\u00e4n. H\u00e4n haluaa intohimoisesti antaa kaikille mahdollisuuden kokeilla Stingfree-teknologiaa ja ett\u00e4 muu maailma luopuisi savukkeista ja k\u00e4ytt\u00e4isi paljon v\u00e4hemm\u00e4n haitallisia nuuskia, aivan kuten Ruotsissa.<\/p><\/div>\n\n\n\n<div class=\"wp-block-uagb-image alignleft uagb-block-bcdd213c wp-block-uagb-image--layout-default wp-block-uagb-image--effect-static wp-block-uagb-image--align-left bengt-pic  ben-mobile-show\"><figure class=\"wp-block-uagb-image__figure\"><img data-recalc-dims=\"1\" decoding=\"async\" srcset=\"https:\/\/stingfreesnus.se\/wp-content\/uploads\/Bengt-Wiberg-new.png ,https:\/\/stingfreesnus.se\/wp-content\/uploads\/Bengt-Wiberg-new.png 780w, https:\/\/stingfreesnus.se\/wp-content\/uploads\/Bengt-Wiberg-new.png 360w\" sizes=\"auto, (max-width: 480px) 150px\" src=\"https:\/\/i0.wp.com\/stingfreesnus.se\/wp-content\/uploads\/Bengt-Wiberg-new.png?resize=322%2C370&#038;ssl=1\" alt=\"\" class=\"uag-image-4067\" width=\"322\" height=\"370\" title=\"Bengt-Wiberg - uusi\" loading=\"lazy\" role=\"img\"\/><\/figure><\/div>\n<\/div>\n<\/div>\n\n\n\n<div class=\"wp-block-columns Kontackt-middle-inner  mobile-kontact-con daniel-grid is-layout-flex wp-container-core-columns-is-layout-28f84493 wp-block-columns-is-layout-flex\">\n<div class=\"wp-block-column is-vertically-aligned-center is-layout-flow wp-block-column-is-layout-flow\" style=\"padding-top:0px;padding-right:0px;padding-bottom:0px;padding-left:0px\" id=\"kontact-content-left\" data-aos=\"fade-up\" data-aos-duration=\"800\">\n<div class=\"wp-block-uagb-advanced-heading uagb-block-c39016b9\"><h2 class=\"uagb-heading-text\">Daniel Wiberg<\/h2><\/div>\n\n\n\n<div class=\"wp-block-uagb-advanced-heading uagb-block-65874d63\"><p class=\"uagb-heading-text\">TOIMITUSJOHTAJA<\/p><\/div>\n\n\n\n<div class=\"wp-block-uagb-icon-list uagb-block-bdb536cd\"><div class=\"uagb-icon-list__wrap\">\n<div class=\"wp-block-uagb-icon-list-child uagb-block-8d287702\"><a target=\"_self\" aria-label=\"daniel.wiberg@stingfreesnus.com\" rel=\"noopener noreferrer\" href=\"mailto:bengt.wiberg@stingfreesnus.com\"> <\/a><span class=\"uagb-icon-list__source-wrap\"><img decoding=\"async\" class=\"uagb-icon-list__source-image\" src=\"https:\/\/stingfreesnus.se\/wp-content\/uploads\/envelope.svg\" width=\"16\" height=\"11\" loading=\"lazy\" alt=\"\"\/><\/span><span class=\"uagb-icon-list__label\">daniel.wiberg@stingfreesnus.com<\/span><\/div>\n<\/div><\/div>\n\n\n\n<div class=\"wp-block-uagb-advanced-heading uagb-block-819ed557\"><p class=\"uagb-heading-text\">Daniel on Bengtin vanhin poika ja yrityksen toimitusjohtaja. H\u00e4n on koneinsin\u00f6\u00f6ri, jolla on monen vuoden kokemus suunnittelijana useilla eri teollisuudenaloilla. H\u00e4n on ongelmanratkaisija, joka on intohimoinen tekem\u00e4\u00e4n Bengtin visiosta totta.<\/p><\/div>\n<\/div>\n\n\n\n<div class=\"wp-block-column kontact-contact02 is-layout-flow wp-block-column-is-layout-flow\" data-aos=\"fade-up\" data-aos-delay=\"500\" data-aos-duration=\"850\">\n<div class=\"wp-block-uagb-image alignright uagb-block-b8ed6aff wp-block-uagb-image--layout-default wp-block-uagb-image--effect-static wp-block-uagb-image--align-right daneil-pic\"><figure class=\"wp-block-uagb-image__figure\"><img data-recalc-dims=\"1\" decoding=\"async\" srcset=\"https:\/\/stingfreesnus.se\/wp-content\/uploads\/Daniel-Wiberg-new.png ,https:\/\/stingfreesnus.se\/wp-content\/uploads\/Daniel-Wiberg-new.png 780w, https:\/\/stingfreesnus.se\/wp-content\/uploads\/Daniel-Wiberg-new.png 360w\" sizes=\"auto, (max-width: 480px) 150px\" src=\"https:\/\/i0.wp.com\/stingfreesnus.se\/wp-content\/uploads\/Daniel-Wiberg-new.png?resize=322%2C370&#038;ssl=1\" alt=\"\" class=\"uag-image-4068\" width=\"322\" height=\"370\" title=\"Daniel-Wiberg-new\" loading=\"lazy\" role=\"img\"\/><\/figure><\/div>\n<\/div>\n<\/div>\n<\/div>\n<\/div>\n<\/div><\/div>","protected":false},"excerpt":{"rendered":"<p>Kontakta oss H\u00f6r g\u00e4rna av dig om du har fr\u00e5gor om Stingfree eller om du vill dela med dig av [&hellip;]<\/p>\n","protected":false},"author":3,"featured_media":0,"parent":0,"menu_order":0,"comment_status":"closed","ping_status":"closed","template":"","meta":{"_acf_changed":false,"_uag_custom_page_level_css":"","site-sidebar-layout":"default","site-content-layout":"","ast-site-content-layout":"","site-content-style":"default","site-sidebar-style":"default","ast-global-header-display":"","ast-banner-title-visibility":"","ast-main-header-display":"","ast-hfb-above-header-display":"","ast-hfb-below-header-display":"","ast-hfb-mobile-header-display":"","site-post-title":"disabled","ast-breadcrumbs-content":"","ast-featured-img":"","footer-sml-layout":"","ast-disable-related-posts":"","theme-transparent-header-meta":"","adv-header-id-meta":"","stick-header-meta":"","header-above-stick-meta":"","header-main-stick-meta":"","header-below-stick-meta":"","astra-migrate-meta-layouts":"default","ast-page-background-enabled":"default","ast-page-background-meta":{"desktop":{"background-color":"var(--ast-global-color-4)","background-image":"","background-repeat":"repeat","background-position":"center center","background-size":"auto","background-attachment":"scroll","background-type":"","background-media":"","overlay-type":"","overlay-color":"","overlay-opacity":"","overlay-gradient":""},"tablet":{"background-color":"","background-image":"","background-repeat":"repeat","background-position":"center center","background-size":"auto","background-attachment":"scroll","background-type":"","background-media":"","overlay-type":"","overlay-color":"","overlay-opacity":"","overlay-gradient":""},"mobile":{"background-color":"","background-image":"","background-repeat":"repeat","background-position":"center center","background-size":"auto","background-attachment":"scroll","background-type":"","background-media":"","overlay-type":"","overlay-color":"","overlay-opacity":"","overlay-gradient":""}},"ast-content-background-meta":{"desktop":{"background-color":"var(--ast-global-color-5)","background-image":"","background-repeat":"repeat","background-position":"center center","background-size":"auto","background-attachment":"scroll","background-type":"","background-media":"","overlay-type":"","overlay-color":"","overlay-opacity":"","overlay-gradient":""},"tablet":{"background-color":"var(--ast-global-color-5)","background-image":"","background-repeat":"repeat","background-position":"center center","background-size":"auto","background-attachment":"scroll","background-type":"","background-media":"","overlay-type":"","overlay-color":"","overlay-opacity":"","overlay-gradient":""},"mobile":{"background-color":"var(--ast-global-color-5)","background-image":"","background-repeat":"repeat","background-position":"center center","background-size":"auto","background-attachment":"scroll","background-type":"","background-media":"","overlay-type":"","overlay-color":"","overlay-opacity":"","overlay-gradient":""}},"footnotes":""},"class_list":["post-24","page","type-page","status-publish","hentry"],"acf":[],"yoast_head":"<!-- This site is optimized with the Yoast SEO plugin v27.4 - https:\/\/yoast.com\/product\/yoast-seo-wordpress\/ -->\n<title>Kontakta oss - Stingfree<\/title>\n<meta name=\"description\" content=\"Vi vill j\u00e4tteg\u00e4rna att du h\u00f6r av dig om du har fr\u00e5gor kring Stingfree. Bli \u00e5terf\u00f6rs\u00e4ljare och erbjud ett unikt alternativ - h\u00f6r av dig idag!\" \/>\n<meta name=\"robots\" content=\"index, follow, max-snippet:-1, max-image-preview:large, max-video-preview:-1\" \/>\n<link rel=\"canonical\" href=\"https:\/\/stingfreesnus.se\/fi\/ota-yhteytta\/\" \/>\n<meta property=\"og:locale\" content=\"fi_FI\" \/>\n<meta property=\"og:type\" content=\"article\" \/>\n<meta property=\"og:title\" content=\"Kontakta oss - Stingfree\" \/>\n<meta property=\"og:description\" content=\"Vi vill j\u00e4tteg\u00e4rna att du h\u00f6r av dig om du har fr\u00e5gor kring Stingfree. Bli \u00e5terf\u00f6rs\u00e4ljare och erbjud ett unikt alternativ - h\u00f6r av dig idag!\" \/>\n<meta property=\"og:url\" content=\"https:\/\/stingfreesnus.se\/fi\/ota-yhteytta\/\" \/>\n<meta property=\"og:site_name\" content=\"Stingfree\" \/>\n<meta property=\"article:publisher\" content=\"https:\/\/www.facebook.com\/stingfreesnus\" \/>\n<meta property=\"article:modified_time\" content=\"2025-06-11T11:22:26+00:00\" \/>\n<meta property=\"og:image\" content=\"https:\/\/stingfreesnus.se\/wp-content\/uploads\/exhausted-woman-office-suffering-from-severe-toothache-1.png\" \/>\n<meta name=\"twitter:card\" content=\"summary_large_image\" \/>\n<meta name=\"twitter:site\" content=\"@Stingfreesnus\" \/>\n<meta name=\"twitter:label1\" content=\"Arvioitu lukuaika\" \/>\n\t<meta name=\"twitter:data1\" content=\"3 minuuttia\" \/>\n<script type=\"application\/ld+json\" class=\"yoast-schema-graph\">{\"@context\":\"https:\\\/\\\/schema.org\",\"@graph\":[{\"@type\":\"WebPage\",\"@id\":\"https:\\\/\\\/stingfreesnus.se\\\/zh\\\/kontakta-oss\\\/\",\"url\":\"https:\\\/\\\/stingfreesnus.se\\\/zh\\\/kontakta-oss\\\/\",\"name\":\"Kontakta oss - Stingfree\",\"isPartOf\":{\"@id\":\"https:\\\/\\\/stingfreesnus.se\\\/#website\"},\"primaryImageOfPage\":{\"@id\":\"https:\\\/\\\/stingfreesnus.se\\\/zh\\\/kontakta-oss\\\/#primaryimage\"},\"image\":{\"@id\":\"https:\\\/\\\/stingfreesnus.se\\\/zh\\\/kontakta-oss\\\/#primaryimage\"},\"thumbnailUrl\":\"https:\\\/\\\/stingfreesnus.se\\\/wp-content\\\/uploads\\\/exhausted-woman-office-suffering-from-severe-toothache-1.png\",\"datePublished\":\"2023-10-06T12:03:11+00:00\",\"dateModified\":\"2025-06-11T11:22:26+00:00\",\"description\":\"Vi vill j\u00e4tteg\u00e4rna att du h\u00f6r av dig om du har fr\u00e5gor kring Stingfree. Bli \u00e5terf\u00f6rs\u00e4ljare och erbjud ett unikt alternativ - h\u00f6r av dig idag!\",\"breadcrumb\":{\"@id\":\"https:\\\/\\\/stingfreesnus.se\\\/zh\\\/kontakta-oss\\\/#breadcrumb\"},\"inLanguage\":\"fi\",\"potentialAction\":[{\"@type\":\"ReadAction\",\"target\":[\"https:\\\/\\\/stingfreesnus.se\\\/zh\\\/kontakta-oss\\\/\"]}]},{\"@type\":\"ImageObject\",\"inLanguage\":\"fi\",\"@id\":\"https:\\\/\\\/stingfreesnus.se\\\/zh\\\/kontakta-oss\\\/#primaryimage\",\"url\":\"https:\\\/\\\/stingfreesnus.se\\\/wp-content\\\/uploads\\\/exhausted-woman-office-suffering-from-severe-toothache-1.png\",\"contentUrl\":\"https:\\\/\\\/stingfreesnus.se\\\/wp-content\\\/uploads\\\/exhausted-woman-office-suffering-from-severe-toothache-1.png\"},{\"@type\":\"BreadcrumbList\",\"@id\":\"https:\\\/\\\/stingfreesnus.se\\\/zh\\\/kontakta-oss\\\/#breadcrumb\",\"itemListElement\":[{\"@type\":\"ListItem\",\"position\":1,\"name\":\"Hem\",\"item\":\"https:\\\/\\\/stingfreesnus.se\\\/\"},{\"@type\":\"ListItem\",\"position\":2,\"name\":\"Kontakta oss\"}]},{\"@type\":\"WebSite\",\"@id\":\"https:\\\/\\\/stingfreesnus.se\\\/#website\",\"url\":\"https:\\\/\\\/stingfreesnus.se\\\/\",\"name\":\"Stingfree\",\"description\":\"Snus med skydd mot sveda och irritation p\u00e5 tandk\u00f6ttet\",\"publisher\":{\"@id\":\"https:\\\/\\\/stingfreesnus.se\\\/#organization\"},\"potentialAction\":[{\"@type\":\"SearchAction\",\"target\":{\"@type\":\"EntryPoint\",\"urlTemplate\":\"https:\\\/\\\/stingfreesnus.se\\\/?s={search_term_string}\"},\"query-input\":{\"@type\":\"PropertyValueSpecification\",\"valueRequired\":true,\"valueName\":\"search_term_string\"}}],\"inLanguage\":\"fi\"},{\"@type\":\"Organization\",\"@id\":\"https:\\\/\\\/stingfreesnus.se\\\/#organization\",\"name\":\"Stingfree\",\"url\":\"https:\\\/\\\/stingfreesnus.se\\\/\",\"logo\":{\"@type\":\"ImageObject\",\"inLanguage\":\"fi\",\"@id\":\"https:\\\/\\\/stingfreesnus.se\\\/#\\\/schema\\\/logo\\\/image\\\/\",\"url\":\"https:\\\/\\\/i0.wp.com\\\/stingfreesnus.se\\\/wp-content\\\/uploads\\\/logonew.webp?fit=918%2C589&ssl=1\",\"contentUrl\":\"https:\\\/\\\/i0.wp.com\\\/stingfreesnus.se\\\/wp-content\\\/uploads\\\/logonew.webp?fit=918%2C589&ssl=1\",\"width\":918,\"height\":589,\"caption\":\"Stingfree\"},\"image\":{\"@id\":\"https:\\\/\\\/stingfreesnus.se\\\/#\\\/schema\\\/logo\\\/image\\\/\"},\"sameAs\":[\"https:\\\/\\\/www.facebook.com\\\/stingfreesnus\",\"https:\\\/\\\/x.com\\\/Stingfreesnus\"]}]}<\/script>\n<!-- \/ Yoast SEO plugin. -->","yoast_head_json":{"title":"Ota yhteytt\u00e4 - Stingfree","description":"Kuulisimme mielell\u00e4mme sinusta, jos sinulla on kysytt\u00e4v\u00e4\u00e4 Stingfreest\u00e4. Ryhdy j\u00e4lleenmyyj\u00e4ksi ja tarjoa ainutlaatuinen vaihtoehto - ota yhteytt\u00e4 jo t\u00e4n\u00e4\u00e4n!","robots":{"index":"index","follow":"follow","max-snippet":"max-snippet:-1","max-image-preview":"max-image-preview:large","max-video-preview":"max-video-preview:-1"},"canonical":"https:\/\/stingfreesnus.se\/fi\/ota-yhteytta\/","og_locale":"fi_FI","og_type":"article","og_title":"Kontakta oss - Stingfree","og_description":"Vi vill j\u00e4tteg\u00e4rna att du h\u00f6r av dig om du har fr\u00e5gor kring Stingfree. Bli \u00e5terf\u00f6rs\u00e4ljare och erbjud ett unikt alternativ - h\u00f6r av dig idag!","og_url":"https:\/\/stingfreesnus.se\/fi\/ota-yhteytta\/","og_site_name":"Stingfree","article_publisher":"https:\/\/www.facebook.com\/stingfreesnus","article_modified_time":"2025-06-11T11:22:26+00:00","og_image":[{"url":"https:\/\/stingfreesnus.se\/wp-content\/uploads\/exhausted-woman-office-suffering-from-severe-toothache-1.png","type":"","width":"","height":""}],"twitter_card":"summary_large_image","twitter_site":"@Stingfreesnus","twitter_misc":{"Arvioitu lukuaika":"3 minuuttia"},"schema":{"@context":"https:\/\/schema.org","@graph":[{"@type":"WebPage","@id":"https:\/\/stingfreesnus.se\/zh\/kontakta-oss\/","url":"https:\/\/stingfreesnus.se\/zh\/kontakta-oss\/","name":"Ota yhteytt\u00e4 - Stingfree","isPartOf":{"@id":"https:\/\/stingfreesnus.se\/#website"},"primaryImageOfPage":{"@id":"https:\/\/stingfreesnus.se\/zh\/kontakta-oss\/#primaryimage"},"image":{"@id":"https:\/\/stingfreesnus.se\/zh\/kontakta-oss\/#primaryimage"},"thumbnailUrl":"https:\/\/stingfreesnus.se\/wp-content\/uploads\/exhausted-woman-office-suffering-from-severe-toothache-1.png","datePublished":"2023-10-06T12:03:11+00:00","dateModified":"2025-06-11T11:22:26+00:00","description":"Kuulisimme mielell\u00e4mme sinusta, jos sinulla on kysytt\u00e4v\u00e4\u00e4 Stingfreest\u00e4. Ryhdy j\u00e4lleenmyyj\u00e4ksi ja tarjoa ainutlaatuinen vaihtoehto - ota yhteytt\u00e4 jo t\u00e4n\u00e4\u00e4n!","breadcrumb":{"@id":"https:\/\/stingfreesnus.se\/zh\/kontakta-oss\/#breadcrumb"},"inLanguage":"fi","potentialAction":[{"@type":"ReadAction","target":["https:\/\/stingfreesnus.se\/zh\/kontakta-oss\/"]}]},{"@type":"ImageObject","inLanguage":"fi","@id":"https:\/\/stingfreesnus.se\/zh\/kontakta-oss\/#primaryimage","url":"https:\/\/stingfreesnus.se\/wp-content\/uploads\/exhausted-woman-office-suffering-from-severe-toothache-1.png","contentUrl":"https:\/\/stingfreesnus.se\/wp-content\/uploads\/exhausted-woman-office-suffering-from-severe-toothache-1.png"},{"@type":"BreadcrumbList","@id":"https:\/\/stingfreesnus.se\/zh\/kontakta-oss\/#breadcrumb","itemListElement":[{"@type":"ListItem","position":1,"name":"Hem","item":"https:\/\/stingfreesnus.se\/"},{"@type":"ListItem","position":2,"name":"Kontakta oss"}]},{"@type":"WebSite","@id":"https:\/\/stingfreesnus.se\/#website","url":"https:\/\/stingfreesnus.se\/","name":"Stingfree","description":"Nuuska, joka suojaa palamiselta ja ikenien \u00e4rsytykselt\u00e4","publisher":{"@id":"https:\/\/stingfreesnus.se\/#organization"},"potentialAction":[{"@type":"SearchAction","target":{"@type":"EntryPoint","urlTemplate":"https:\/\/stingfreesnus.se\/?s={search_term_string}"},"query-input":{"@type":"PropertyValueSpecification","valueRequired":true,"valueName":"search_term_string"}}],"inLanguage":"fi"},{"@type":"Organization","@id":"https:\/\/stingfreesnus.se\/#organization","name":"Stingfree","url":"https:\/\/stingfreesnus.se\/","logo":{"@type":"ImageObject","inLanguage":"fi","@id":"https:\/\/stingfreesnus.se\/#\/schema\/logo\/image\/","url":"https:\/\/i0.wp.com\/stingfreesnus.se\/wp-content\/uploads\/logonew.webp?fit=918%2C589&ssl=1","contentUrl":"https:\/\/i0.wp.com\/stingfreesnus.se\/wp-content\/uploads\/logonew.webp?fit=918%2C589&ssl=1","width":918,"height":589,"caption":"Stingfree"},"image":{"@id":"https:\/\/stingfreesnus.se\/#\/schema\/logo\/image\/"},"sameAs":["https:\/\/www.facebook.com\/stingfreesnus","https:\/\/x.com\/Stingfreesnus"]}]}},"uagb_featured_image_src":{"full":false,"thumbnail":false,"medium":false,"medium_large":false,"large":false,"1536x1536":false,"2048x2048":false,"trp-custom-language-flag":false,"woocommerce_thumbnail":false,"woocommerce_single":false,"woocommerce_gallery_thumbnail":false},"uagb_author_info":{"display_name":"Daniel","author_link":"https:\/\/stingfreesnus.se\/fi\/author\/daniel\/"},"uagb_comment_info":0,"uagb_excerpt":"Kontakta oss H\u00f6r g\u00e4rna av dig om du har fr\u00e5gor om Stingfree eller om du vill dela med dig av [&hellip;]","jetpack_likes_enabled":true,"jetpack_sharing_enabled":true,"_links":{"self":[{"href":"https:\/\/stingfreesnus.se\/fi\/wp-json\/wp\/v2\/pages\/24","targetHints":{"allow":["GET"]}}],"collection":[{"href":"https:\/\/stingfreesnus.se\/fi\/wp-json\/wp\/v2\/pages"}],"about":[{"href":"https:\/\/stingfreesnus.se\/fi\/wp-json\/wp\/v2\/types\/page"}],"author":[{"embeddable":true,"href":"https:\/\/stingfreesnus.se\/fi\/wp-json\/wp\/v2\/users\/3"}],"replies":[{"embeddable":true,"href":"https:\/\/stingfreesnus.se\/fi\/wp-json\/wp\/v2\/comments?post=24"}],"version-history":[{"count":61,"href":"https:\/\/stingfreesnus.se\/fi\/wp-json\/wp\/v2\/pages\/24\/revisions"}],"predecessor-version":[{"id":4496,"href":"https:\/\/stingfreesnus.se\/fi\/wp-json\/wp\/v2\/pages\/24\/revisions\/4496"}],"wp:attachment":[{"href":"https:\/\/stingfreesnus.se\/fi\/wp-json\/wp\/v2\/media?parent=24"}],"curies":[{"name":"wp","href":"https:\/\/api.w.org\/{rel}","templated":true}]}}