{"id":5339,"date":"2026-03-18T12:12:10","date_gmt":"2026-03-18T11:12:10","guid":{"rendered":"https:\/\/stingfreesnus.se\/?post_type=product&#038;p=5339"},"modified":"2026-03-30T08:13:44","modified_gmt":"2026-03-30T06:13:44","slug":"mangue-des-caraibes-stingfree","status":"publish","type":"product","link":"https:\/\/stingfreesnus.se\/fr\/product\/stingfree-caribbean-mango\/","title":{"rendered":"Stingfree Caribbean Mango"},"content":{"rendered":"<p><strong>Stingfree Caribbean Mango<\/strong> est le choix id\u00e9al pour ceux qui veulent profiter d'une longue, douce et agr\u00e9able journ\u00e9e de travail. <strong>une exp\u00e9rience de snus fruit\u00e9 sans br\u00fbler les gencives<\/strong>. Les pilules bien remplies se pr\u00e9sentent sous forme de bave, ce qui les rend discr\u00e8tes sous la l\u00e8vre.<\/p>\n<p>Ce qui distingue le snus Stingfree des autres sachets de nicotine et vari\u00e9t\u00e9s de snus, c'est sa conception innovante. Chaque pilule est dot\u00e9e d'une barri\u00e8re int\u00e9gr\u00e9e pour \u00e9viter les br\u00fblures et l'irritation des gencives. <strong>Le c\u00f4t\u00e9 bleu est plac\u00e9 contre la gencive<\/strong>. La barri\u00e8re contribue \u00e9galement \u00e0 prolonger l'exp\u00e9rience de l'ar\u00f4me et de la nicotine par rapport aux pilules ordinaires.<\/p>\n<p>Au lieu du tabac, les produits Stingfree contiennent des ar\u00f4mes, des \u00e9paississants, des charges, des sels, de la nicotine, des \u00e9dulcorants, des stabilisateurs, des r\u00e9gulateurs d'acidit\u00e9, de l'eau et des fibres v\u00e9g\u00e9tales. Apr\u00e8s utilisation, les pilules sont jet\u00e9es comme des pilules ordinaires.<\/p>","protected":false},"excerpt":{"rendered":"<p>Selon la loi, les produits \u00e0 base de nicotine ne peuvent \u00eatre vendus qu'\u00e0 des personnes \u00e2g\u00e9es de 18 ans ou plus.<\/p>\n<p>Nous effectuons toujours un contr\u00f4le de l'\u00e2ge avec Mobile BankID dans le cadre du paiement.<\/p>\n<p>Si quelqu'un tente d'agir au nom d'une autre personne, nous sommes tenus de le signaler \u00e0 la police.<\/p>\n<p>Si nous soup\u00e7onnons une fraude, nous avons le droit de refuser l'achat.<\/p>","protected":false},"featured_media":5436,"comment_status":"closed","ping_status":"closed","template":"","meta":{"_acf_changed":false,"_uag_custom_page_level_css":"","site-sidebar-layout":"default","site-content-layout":"","ast-site-content-layout":"default","site-content-style":"default","site-sidebar-style":"default","ast-global-header-display":"","ast-banner-title-visibility":"","ast-main-header-display":"","ast-hfb-above-header-display":"","ast-hfb-below-header-display":"","ast-hfb-mobile-header-display":"","site-post-title":"","ast-breadcrumbs-content":"","ast-featured-img":"","footer-sml-layout":"","ast-disable-related-posts":"","theme-transparent-header-meta":"default","adv-header-id-meta":"","stick-header-meta":"default","header-above-stick-meta":"","header-main-stick-meta":"","header-below-stick-meta":"","astra-migrate-meta-layouts":"set","ast-page-background-enabled":"default","ast-page-background-meta":{"desktop":{"background-color":"var(--ast-global-color-5)","background-image":"","background-repeat":"repeat","background-position":"center center","background-size":"auto","background-attachment":"scroll","background-type":"","background-media":"","overlay-type":"","overlay-color":"","overlay-opacity":"","overlay-gradient":""},"tablet":{"background-color":"","background-image":"","background-repeat":"repeat","background-position":"center center","background-size":"auto","background-attachment":"scroll","background-type":"","background-media":"","overlay-type":"","overlay-color":"","overlay-opacity":"","overlay-gradient":""},"mobile":{"background-color":"","background-image":"","background-repeat":"repeat","background-position":"center center","background-size":"auto","background-attachment":"scroll","background-type":"","background-media":"","overlay-type":"","overlay-color":"","overlay-opacity":"","overlay-gradient":""}},"ast-content-background-meta":{"desktop":{"background-color":"var(--ast-global-color-4)","background-image":"","background-repeat":"repeat","background-position":"center center","background-size":"auto","background-attachment":"scroll","background-type":"","background-media":"","overlay-type":"","overlay-color":"","overlay-opacity":"","overlay-gradient":""},"tablet":{"background-color":"var(--ast-global-color-4)","background-image":"","background-repeat":"repeat","background-position":"center center","background-size":"auto","background-attachment":"scroll","background-type":"","background-media":"","overlay-type":"","overlay-color":"","overlay-opacity":"","overlay-gradient":""},"mobile":{"background-color":"var(--ast-global-color-4)","background-image":"","background-repeat":"repeat","background-position":"center center","background-size":"auto","background-attachment":"scroll","background-type":"","background-media":"","overlay-type":"","overlay-color":"","overlay-opacity":"","overlay-gradient":""}}},"product_brand":[],"product_cat":[114],"product_tag":[],"class_list":{"0":"post-5339","1":"product","2":"type-product","3":"status-publish","4":"has-post-thumbnail","6":"product_cat-uncategorized","7":"desktop-align-left","8":"tablet-align-left","9":"mobile-align-left","11":"first","12":"instock","13":"sold-individually","14":"taxable","15":"shipping-taxable","16":"purchasable","17":"product-type-variable","18":"has-default-attributes"},"acf":[],"yoast_head":"<!-- This site is optimized with the Yoast SEO plugin v27.5 - https:\/\/yoast.com\/product\/yoast-seo-wordpress\/ -->\n<title>Stingfree Caribbean Mango - Stingfree<\/title>\n<meta name=\"robots\" content=\"index, follow, max-snippet:-1, max-image-preview:large, max-video-preview:-1\" \/>\n<link rel=\"canonical\" href=\"https:\/\/stingfreesnus.se\/fr\/product\/mangue-des-caraibes-stingfree\/\" \/>\n<meta property=\"og:locale\" content=\"fr_FR\" \/>\n<meta property=\"og:type\" content=\"article\" \/>\n<meta property=\"og:title\" content=\"Stingfree Caribbean Mango - Stingfree\" \/>\n<meta property=\"og:description\" content=\"Nikotinprodukter f\u00e5r enligt lag bara s\u00e4ljas till personer som \u00e4r 18 \u00e5r eller \u00e4ldre.  Vi g\u00f6r alltid en \u00e5lderskontroll med Mobilt BankID i samband med betalning.  Om n\u00e5gon f\u00f6rs\u00f6ker handla i n\u00e5gon annans namn \u00e4r vi tvungna att polisanm\u00e4la det.  Vid misstanke om bedr\u00e4geri har vi r\u00e4tt att neka k\u00f6pet.\" \/>\n<meta property=\"og:url\" content=\"https:\/\/stingfreesnus.se\/fr\/product\/mangue-des-caraibes-stingfree\/\" \/>\n<meta property=\"og:site_name\" content=\"Stingfree\" \/>\n<meta property=\"article:publisher\" content=\"https:\/\/www.facebook.com\/stingfreesnus\" \/>\n<meta property=\"article:modified_time\" content=\"2026-03-30T06:13:44+00:00\" \/>\n<meta property=\"og:image\" content=\"https:\/\/stingfreesnus.se\/wp-content\/uploads\/Stingfree-caribbean-mango-2.webp\" \/>\n\t<meta property=\"og:image:width\" content=\"540\" \/>\n\t<meta property=\"og:image:height\" content=\"540\" \/>\n\t<meta property=\"og:image:type\" content=\"image\/webp\" \/>\n<meta name=\"twitter:card\" content=\"summary_large_image\" \/>\n<meta name=\"twitter:site\" content=\"@Stingfreesnus\" \/>\n<meta name=\"twitter:label1\" content=\"Dur\u00e9e de lecture estim\u00e9e\" \/>\n\t<meta name=\"twitter:data1\" content=\"1 minute\" \/>\n<script type=\"application\/ld+json\" class=\"yoast-schema-graph\">{\"@context\":\"https:\\\/\\\/schema.org\",\"@graph\":[{\"@type\":\"WebPage\",\"@id\":\"https:\\\/\\\/stingfreesnus.se\\\/product\\\/stingfree-caribbean-mango\\\/\",\"url\":\"https:\\\/\\\/stingfreesnus.se\\\/product\\\/stingfree-caribbean-mango\\\/\",\"name\":\"Stingfree Caribbean Mango - Stingfree\",\"isPartOf\":{\"@id\":\"https:\\\/\\\/stingfreesnus.se\\\/#website\"},\"primaryImageOfPage\":{\"@id\":\"https:\\\/\\\/stingfreesnus.se\\\/product\\\/stingfree-caribbean-mango\\\/#primaryimage\"},\"image\":{\"@id\":\"https:\\\/\\\/stingfreesnus.se\\\/product\\\/stingfree-caribbean-mango\\\/#primaryimage\"},\"thumbnailUrl\":\"https:\\\/\\\/i0.wp.com\\\/stingfreesnus.se\\\/wp-content\\\/uploads\\\/Stingfree-caribbean-mango-2.webp?fit=540%2C540&ssl=1\",\"datePublished\":\"2026-03-18T11:12:10+00:00\",\"dateModified\":\"2026-03-30T06:13:44+00:00\",\"breadcrumb\":{\"@id\":\"https:\\\/\\\/stingfreesnus.se\\\/product\\\/stingfree-caribbean-mango\\\/#breadcrumb\"},\"inLanguage\":\"fr-FR\",\"potentialAction\":[{\"@type\":\"ReadAction\",\"target\":[\"https:\\\/\\\/stingfreesnus.se\\\/product\\\/stingfree-caribbean-mango\\\/\"]}]},{\"@type\":\"ImageObject\",\"inLanguage\":\"fr-FR\",\"@id\":\"https:\\\/\\\/stingfreesnus.se\\\/product\\\/stingfree-caribbean-mango\\\/#primaryimage\",\"url\":\"https:\\\/\\\/i0.wp.com\\\/stingfreesnus.se\\\/wp-content\\\/uploads\\\/Stingfree-caribbean-mango-2.webp?fit=540%2C540&ssl=1\",\"contentUrl\":\"https:\\\/\\\/i0.wp.com\\\/stingfreesnus.se\\\/wp-content\\\/uploads\\\/Stingfree-caribbean-mango-2.webp?fit=540%2C540&ssl=1\",\"width\":540,\"height\":540},{\"@type\":\"BreadcrumbList\",\"@id\":\"https:\\\/\\\/stingfreesnus.se\\\/product\\\/stingfree-caribbean-mango\\\/#breadcrumb\",\"itemListElement\":[{\"@type\":\"ListItem\",\"position\":1,\"name\":\"Hem\",\"item\":\"https:\\\/\\\/stingfreesnus.se\\\/\"},{\"@type\":\"ListItem\",\"position\":2,\"name\":\"Butik\",\"item\":\"https:\\\/\\\/stingfreesnus.se\\\/butik\\\/\"},{\"@type\":\"ListItem\",\"position\":3,\"name\":\"Stingfree Caribbean Mango\"}]},{\"@type\":\"WebSite\",\"@id\":\"https:\\\/\\\/stingfreesnus.se\\\/#website\",\"url\":\"https:\\\/\\\/stingfreesnus.se\\\/\",\"name\":\"Stingfree\",\"description\":\"Snus med skydd mot sveda och irritation p\u00e5 tandk\u00f6ttet\",\"publisher\":{\"@id\":\"https:\\\/\\\/stingfreesnus.se\\\/#organization\"},\"potentialAction\":[{\"@type\":\"SearchAction\",\"target\":{\"@type\":\"EntryPoint\",\"urlTemplate\":\"https:\\\/\\\/stingfreesnus.se\\\/?s={search_term_string}\"},\"query-input\":{\"@type\":\"PropertyValueSpecification\",\"valueRequired\":true,\"valueName\":\"search_term_string\"}}],\"inLanguage\":\"fr-FR\"},{\"@type\":\"Organization\",\"@id\":\"https:\\\/\\\/stingfreesnus.se\\\/#organization\",\"name\":\"Stingfree\",\"url\":\"https:\\\/\\\/stingfreesnus.se\\\/\",\"logo\":{\"@type\":\"ImageObject\",\"inLanguage\":\"fr-FR\",\"@id\":\"https:\\\/\\\/stingfreesnus.se\\\/#\\\/schema\\\/logo\\\/image\\\/\",\"url\":\"https:\\\/\\\/i0.wp.com\\\/stingfreesnus.se\\\/wp-content\\\/uploads\\\/logonew.webp?fit=918%2C589&ssl=1\",\"contentUrl\":\"https:\\\/\\\/i0.wp.com\\\/stingfreesnus.se\\\/wp-content\\\/uploads\\\/logonew.webp?fit=918%2C589&ssl=1\",\"width\":918,\"height\":589,\"caption\":\"Stingfree\"},\"image\":{\"@id\":\"https:\\\/\\\/stingfreesnus.se\\\/#\\\/schema\\\/logo\\\/image\\\/\"},\"sameAs\":[\"https:\\\/\\\/www.facebook.com\\\/stingfreesnus\",\"https:\\\/\\\/x.com\\\/Stingfreesnus\"]}]}<\/script>\n<!-- \/ Yoast SEO plugin. -->","yoast_head_json":{"title":"Stingfree Mangue des Cara\u00efbes - Stingfree","robots":{"index":"index","follow":"follow","max-snippet":"max-snippet:-1","max-image-preview":"max-image-preview:large","max-video-preview":"max-video-preview:-1"},"canonical":"https:\/\/stingfreesnus.se\/fr\/product\/mangue-des-caraibes-stingfree\/","og_locale":"fr_FR","og_type":"article","og_title":"Stingfree Caribbean Mango - Stingfree","og_description":"Nikotinprodukter f\u00e5r enligt lag bara s\u00e4ljas till personer som \u00e4r 18 \u00e5r eller \u00e4ldre.  Vi g\u00f6r alltid en \u00e5lderskontroll med Mobilt BankID i samband med betalning.  Om n\u00e5gon f\u00f6rs\u00f6ker handla i n\u00e5gon annans namn \u00e4r vi tvungna att polisanm\u00e4la det.  Vid misstanke om bedr\u00e4geri har vi r\u00e4tt att neka k\u00f6pet.","og_url":"https:\/\/stingfreesnus.se\/fr\/product\/mangue-des-caraibes-stingfree\/","og_site_name":"Stingfree","article_publisher":"https:\/\/www.facebook.com\/stingfreesnus","article_modified_time":"2026-03-30T06:13:44+00:00","og_image":[{"width":540,"height":540,"url":"https:\/\/stingfreesnus.se\/wp-content\/uploads\/Stingfree-caribbean-mango-2.webp","type":"image\/webp"}],"twitter_card":"summary_large_image","twitter_site":"@Stingfreesnus","twitter_misc":{"Dur\u00e9e de lecture estim\u00e9e":"1 minute"},"schema":{"@context":"https:\/\/schema.org","@graph":[{"@type":"WebPage","@id":"https:\/\/stingfreesnus.se\/product\/stingfree-caribbean-mango\/","url":"https:\/\/stingfreesnus.se\/product\/stingfree-caribbean-mango\/","name":"Stingfree Mangue des Cara\u00efbes - Stingfree","isPartOf":{"@id":"https:\/\/stingfreesnus.se\/#website"},"primaryImageOfPage":{"@id":"https:\/\/stingfreesnus.se\/product\/stingfree-caribbean-mango\/#primaryimage"},"image":{"@id":"https:\/\/stingfreesnus.se\/product\/stingfree-caribbean-mango\/#primaryimage"},"thumbnailUrl":"https:\/\/i0.wp.com\/stingfreesnus.se\/wp-content\/uploads\/Stingfree-caribbean-mango-2.webp?fit=540%2C540&ssl=1","datePublished":"2026-03-18T11:12:10+00:00","dateModified":"2026-03-30T06:13:44+00:00","breadcrumb":{"@id":"https:\/\/stingfreesnus.se\/product\/stingfree-caribbean-mango\/#breadcrumb"},"inLanguage":"fr-FR","potentialAction":[{"@type":"ReadAction","target":["https:\/\/stingfreesnus.se\/product\/stingfree-caribbean-mango\/"]}]},{"@type":"ImageObject","inLanguage":"fr-FR","@id":"https:\/\/stingfreesnus.se\/product\/stingfree-caribbean-mango\/#primaryimage","url":"https:\/\/i0.wp.com\/stingfreesnus.se\/wp-content\/uploads\/Stingfree-caribbean-mango-2.webp?fit=540%2C540&ssl=1","contentUrl":"https:\/\/i0.wp.com\/stingfreesnus.se\/wp-content\/uploads\/Stingfree-caribbean-mango-2.webp?fit=540%2C540&ssl=1","width":540,"height":540},{"@type":"BreadcrumbList","@id":"https:\/\/stingfreesnus.se\/product\/stingfree-caribbean-mango\/#breadcrumb","itemListElement":[{"@type":"ListItem","position":1,"name":"Hem","item":"https:\/\/stingfreesnus.se\/"},{"@type":"ListItem","position":2,"name":"Butik","item":"https:\/\/stingfreesnus.se\/butik\/"},{"@type":"ListItem","position":3,"name":"Stingfree Caribbean Mango"}]},{"@type":"WebSite","@id":"https:\/\/stingfreesnus.se\/#website","url":"https:\/\/stingfreesnus.se\/","name":"Stingfree","description":"Snus avec protection contre les br\u00fblures et l'irritation des gencives","publisher":{"@id":"https:\/\/stingfreesnus.se\/#organization"},"potentialAction":[{"@type":"SearchAction","target":{"@type":"EntryPoint","urlTemplate":"https:\/\/stingfreesnus.se\/?s={search_term_string}"},"query-input":{"@type":"PropertyValueSpecification","valueRequired":true,"valueName":"search_term_string"}}],"inLanguage":"fr-FR"},{"@type":"Organization","@id":"https:\/\/stingfreesnus.se\/#organization","name":"Stingfree","url":"https:\/\/stingfreesnus.se\/","logo":{"@type":"ImageObject","inLanguage":"fr-FR","@id":"https:\/\/stingfreesnus.se\/#\/schema\/logo\/image\/","url":"https:\/\/i0.wp.com\/stingfreesnus.se\/wp-content\/uploads\/logonew.webp?fit=918%2C589&ssl=1","contentUrl":"https:\/\/i0.wp.com\/stingfreesnus.se\/wp-content\/uploads\/logonew.webp?fit=918%2C589&ssl=1","width":918,"height":589,"caption":"Stingfree"},"image":{"@id":"https:\/\/stingfreesnus.se\/#\/schema\/logo\/image\/"},"sameAs":["https:\/\/www.facebook.com\/stingfreesnus","https:\/\/x.com\/Stingfreesnus"]}]}},"uagb_featured_image_src":{"full":["https:\/\/i0.wp.com\/stingfreesnus.se\/wp-content\/uploads\/Stingfree-caribbean-mango-2.webp?fit=540%2C540&ssl=1",540,540,false],"thumbnail":["https:\/\/i0.wp.com\/stingfreesnus.se\/wp-content\/uploads\/Stingfree-caribbean-mango-2.webp?resize=150%2C150&ssl=1",150,150,true],"medium":["https:\/\/i0.wp.com\/stingfreesnus.se\/wp-content\/uploads\/Stingfree-caribbean-mango-2.webp?fit=300%2C300&ssl=1",300,300,true],"medium_large":["https:\/\/i0.wp.com\/stingfreesnus.se\/wp-content\/uploads\/Stingfree-caribbean-mango-2.webp?fit=540%2C540&ssl=1",540,540,true],"large":["https:\/\/i0.wp.com\/stingfreesnus.se\/wp-content\/uploads\/Stingfree-caribbean-mango-2.webp?fit=540%2C540&ssl=1",540,540,true],"1536x1536":["https:\/\/i0.wp.com\/stingfreesnus.se\/wp-content\/uploads\/Stingfree-caribbean-mango-2.webp?fit=540%2C540&ssl=1",540,540,true],"2048x2048":["https:\/\/i0.wp.com\/stingfreesnus.se\/wp-content\/uploads\/Stingfree-caribbean-mango-2.webp?fit=540%2C540&ssl=1",540,540,true],"trp-custom-language-flag":["https:\/\/i0.wp.com\/stingfreesnus.se\/wp-content\/uploads\/Stingfree-caribbean-mango-2.webp?fit=12%2C12&ssl=1",12,12,true],"woocommerce_thumbnail":["https:\/\/i0.wp.com\/stingfreesnus.se\/wp-content\/uploads\/Stingfree-caribbean-mango-2.webp?resize=300%2C300&ssl=1",300,300,true],"woocommerce_single":["https:\/\/i0.wp.com\/stingfreesnus.se\/wp-content\/uploads\/Stingfree-caribbean-mango-2.webp?fit=540%2C540&ssl=1",540,540,true],"woocommerce_gallery_thumbnail":["https:\/\/i0.wp.com\/stingfreesnus.se\/wp-content\/uploads\/Stingfree-caribbean-mango-2.webp?resize=100%2C100&ssl=1",100,100,true]},"uagb_author_info":{"display_name":"Kaur","author_link":"https:\/\/stingfreesnus.se\/fr\/author\/"},"uagb_comment_info":0,"uagb_excerpt":"Nikotinprodukter f\u00e5r enligt lag bara s\u00e4ljas till personer som \u00e4r 18 \u00e5r eller \u00e4ldre. Vi g\u00f6r alltid en \u00e5lderskontroll med Mobilt BankID i samband med betalning. Om n\u00e5gon f\u00f6rs\u00f6ker handla i n\u00e5gon annans namn \u00e4r vi tvungna att polisanm\u00e4la det. Vid misstanke om bedr\u00e4geri har vi r\u00e4tt att neka k\u00f6pet.","jetpack_likes_enabled":true,"jetpack_sharing_enabled":true,"_links":{"self":[{"href":"https:\/\/stingfreesnus.se\/fr\/wp-json\/wp\/v2\/product\/5339","targetHints":{"allow":["GET"]}}],"collection":[{"href":"https:\/\/stingfreesnus.se\/fr\/wp-json\/wp\/v2\/product"}],"about":[{"href":"https:\/\/stingfreesnus.se\/fr\/wp-json\/wp\/v2\/types\/product"}],"replies":[{"embeddable":true,"href":"https:\/\/stingfreesnus.se\/fr\/wp-json\/wp\/v2\/comments?post=5339"}],"wp:featuredmedia":[{"embeddable":true,"href":"https:\/\/stingfreesnus.se\/fr\/wp-json\/wp\/v2\/media\/5436"}],"wp:attachment":[{"href":"https:\/\/stingfreesnus.se\/fr\/wp-json\/wp\/v2\/media?parent=5339"}],"wp:term":[{"taxonomy":"product_brand","embeddable":true,"href":"https:\/\/stingfreesnus.se\/fr\/wp-json\/wp\/v2\/product_brand?post=5339"},{"taxonomy":"product_cat","embeddable":true,"href":"https:\/\/stingfreesnus.se\/fr\/wp-json\/wp\/v2\/product_cat?post=5339"},{"taxonomy":"product_tag","embeddable":true,"href":"https:\/\/stingfreesnus.se\/fr\/wp-json\/wp\/v2\/product_tag?post=5339"}],"curies":[{"name":"wp","href":"https:\/\/api.w.org\/{rel}","templated":true}]}}