{"id":1622,"date":"2024-04-02T22:59:57","date_gmt":"2024-04-02T20:59:57","guid":{"rendered":"https:\/\/stingfreesnus.se\/?page_id=1622"},"modified":"2024-04-02T23:00:00","modified_gmt":"2024-04-02T21:00:00","slug":"snus-forarsaker-munnkreft","status":"publish","type":"page","link":"https:\/\/stingfreesnus.se\/nb\/orsakar-snus-muncancer\/","title":{"rendered":"For\u00e5rsaker snus kreft i munnen?"},"content":{"rendered":"<p class=\"has-medium-font-size\"><strong>Oppsummering<\/strong>: Nei, det finnes ingen bevis for at snus for\u00e5rsaker kreft i munnen. <\/p>\n\n\n\n<p>Ingen andre land i verden har en s\u00e5 h\u00f8y andel snusbrukere i befolkningen som Sverige. Til tross for dette er det ingen \u00f8kt forekomst av munnhulekreft eller kreftrelatert d\u00f8delighet knyttet til snusbruk i Sverige. Dette fremg\u00e5r av en stor studie om snus og munnhulekreft fra Karolinska Institutet, som det er lenket til nedenfor. Denne studien konkluderer til og med med at bruk av 4 doser eller mindre snus i uken faktisk reduserer risikoen for munnhulekreft, mens r\u00f8yking derimot dramatisk \u00f8ker risikoen for ulike typer kreft, inkludert munnhulekreft, se lenke til studien nedenfor.<\/p>\n\n\n\n<p>Det er lett \u00e5 tro at fordi b\u00e5de sigaretter og snus inneholder nikotin, og fordi snus i tillegg ligger mye lenger i munnen enn sigaretter, skulle snus \u00f8ke risikoen for kreft i munnhulen sammenlignet med sigaretter. En grunn til at dette ikke er tilfelle, er at nikotin, selv om det er avhengighetsskapende, ikke er kreftfremkallende, og at bruk av for eksempel nikotintyggegummi derfor ikke \u00f8ker risikoen for kreft. Tobakk kan inneholde kreftfremkallende tungmetaller og nitrosaminer, men det er f\u00f8rst og fremst n\u00e5r tobakk antennes og pustes inn som r\u00f8ykgass, slik tilfellet er ved r\u00f8yking, at den bidrar sterkt til \u00f8kt risiko for kreft i munnhulen.  <\/p>\n\n\n\n<p>Snus \u00f8ker alts\u00e5 ikke risikoen for kreft i munnhulen, men har en innvirkning p\u00e5 <a href=\"https:\/\/stingfreesnus.se\/nb\/snus-hals\/\">oral helse <\/a>med en betydelig \u00f8kt risiko for blant annet <a href=\"https:\/\/stingfreesnus.se\/nb\/snuslesjoner\/\">snuslesjoner<\/a> og <a href=\"https:\/\/stingfreesnus.se\/nb\/gingivitt\/\">gingivitt<\/a>. Disse tilstandene er imidlertid ikke forstadier til kreft i munnhulen eller andre kreftformer, men p\u00e5virker kun tannkj\u00f8ttet.<\/p>\n\n\n\n<p><a href=\"https:\/\/journals.sagepub.com\/doi\/abs\/10.1177\/1403494820919572\" target=\"_blank\" rel=\"noreferrer noopener\">Stor studie fra Karolinska Institutet om snus og kreft i munnhulen finner du her<\/a><\/p>\n\n\n\n<p>*<a href=\"https:\/\/www.ncbi.nlm.nih.gov\/pmc\/articles\/PMC6752112\/\" target=\"_blank\" rel=\"noreferrer noopener\">R\u00f8yking \u00f8ker risikoen for kreft i munnhulen dramatisk - studie<\/a><\/p>\n\n\n<figure class=\"wp-block-embed wp-block-embed-youtube is-type-video is-provider-youtube epyt-figure\"><div class=\"wp-block-embed__wrapper\"><div  id=\"_ytid_55726\"  width=\"800\" height=\"450\"  data-origwidth=\"800\" data-origheight=\"450\" data-facadesrc=\"https:\/\/www.youtube.com\/embed\/ok9vMA6s-7g?enablejsapi=1&#038;autoplay=1&#038;cc_load_policy=0&#038;cc_lang_pref=&#038;iv_load_policy=1&#038;loop=0&#038;rel=0&#038;fs=1&#038;playsinline=0&#038;autohide=2&#038;theme=dark&#038;color=red&#038;controls=1&#038;disablekb=0&#038;\" class=\"__youtube_prefs__ epyt-facade no-lazyload\" data-epautoplay=\"1\" ><img data-recalc-dims=\"1\" decoding=\"async\" data-spai-excluded=\"true\" class=\"epyt-facade-poster skip-lazy\" loading=\"lazy\"  alt=\"For\u00e5rsaker snus kreft i munnen?\"  src=\"https:\/\/i0.wp.com\/i.ytimg.com\/vi\/ok9vMA6s-7g\/maxresdefault.jpg?ssl=1\"  \/><button class=\"epyt-facade-play\" aria-label=\"Spill\"><svg data-no-lazy=\"1\" height=\"100%\" version=\"1.1\" viewbox=\"0 0 68 48\" width=\"100%\"><path class=\"ytp-large-play-button-bg\" d=\"M66.52,7.74c-0.78-2.93-2.49-5.41-5.42-6.19C55.79,.13,34,0,34,0S12.21,.13,6.9,1.55 C3.97,2.33,2.27,4.81,1.48,7.74C0.06,13.05,0,24,0,24s0.06,10.95,1.48,16.26c0.78,2.93,2.49,5.41,5.42,6.19 C12.21,47.87,34,48,34,48s21.79-0.13,27.1-1.55c2.93-0.78,4.64-3.26,5.42-6.19C67.94,34.95,68,24,68,24S67.94,13.05,66.52,7.74z\" fill=\"#f00\"><\/path><path d=\"M 45,24 27,14 27,34\" fill=\"#fff\"><\/path><\/svg><\/button><\/div><\/div><\/figure>\n\n\n<p>Bengt snakker om snus og munnkreft.<\/p>\n\n\n<figure class=\"wp-block-embed wp-block-embed-youtube is-type-video is-provider-youtube epyt-figure\"><div class=\"wp-block-embed__wrapper\"><div  id=\"_ytid_44402\"  width=\"800\" height=\"450\"  data-origwidth=\"800\" data-origheight=\"450\" data-facadesrc=\"https:\/\/www.youtube.com\/embed\/HdubFqyc_2A?enablejsapi=1&#038;autoplay=1&#038;cc_load_policy=0&#038;cc_lang_pref=&#038;iv_load_policy=1&#038;loop=0&#038;rel=0&#038;fs=1&#038;playsinline=0&#038;autohide=2&#038;theme=dark&#038;color=red&#038;controls=1&#038;disablekb=0&#038;\" class=\"__youtube_prefs__ epyt-facade no-lazyload\" data-epautoplay=\"1\" ><img data-recalc-dims=\"1\" decoding=\"async\" data-spai-excluded=\"true\" class=\"epyt-facade-poster skip-lazy\" loading=\"lazy\"  alt=\"For\u00e5rsaker nikotin kreft?\"  src=\"https:\/\/i0.wp.com\/i.ytimg.com\/vi\/HdubFqyc_2A\/maxresdefault.jpg?ssl=1\"  \/><button class=\"epyt-facade-play\" aria-label=\"Spill\"><svg data-no-lazy=\"1\" height=\"100%\" version=\"1.1\" viewbox=\"0 0 68 48\" width=\"100%\"><path class=\"ytp-large-play-button-bg\" d=\"M66.52,7.74c-0.78-2.93-2.49-5.41-5.42-6.19C55.79,.13,34,0,34,0S12.21,.13,6.9,1.55 C3.97,2.33,2.27,4.81,1.48,7.74C0.06,13.05,0,24,0,24s0.06,10.95,1.48,16.26c0.78,2.93,2.49,5.41,5.42,6.19 C12.21,47.87,34,48,34,48s21.79-0.13,27.1-1.55c2.93-0.78,4.64-3.26,5.42-6.19C67.94,34.95,68,24,68,24S67.94,13.05,66.52,7.74z\" fill=\"#f00\"><\/path><path d=\"M 45,24 27,14 27,34\" fill=\"#fff\"><\/path><\/svg><\/button><\/div><\/div><\/figure>\n\n\n<p>Bengt snakker om nikotin og kreft.<\/p>\n\n\n\n<p><\/p>","protected":false},"excerpt":{"rendered":"<p>Summering: Nej det finns inga bevis f\u00f6r att snus orsakar muncancer. Inget annat land i v\u00e4rlden har s\u00e5 h\u00f6g andel [&hellip;]<\/p>\n","protected":false},"author":3,"featured_media":1636,"parent":0,"menu_order":0,"comment_status":"closed","ping_status":"closed","template":"","meta":{"_acf_changed":false,"_uag_custom_page_level_css":"","site-sidebar-layout":"default","site-content-layout":"","ast-site-content-layout":"default","site-content-style":"default","site-sidebar-style":"default","ast-global-header-display":"","ast-banner-title-visibility":"","ast-main-header-display":"","ast-hfb-above-header-display":"","ast-hfb-below-header-display":"","ast-hfb-mobile-header-display":"","site-post-title":"","ast-breadcrumbs-content":"","ast-featured-img":"disabled","footer-sml-layout":"","ast-disable-related-posts":"","theme-transparent-header-meta":"","adv-header-id-meta":"","stick-header-meta":"","header-above-stick-meta":"","header-main-stick-meta":"","header-below-stick-meta":"","astra-migrate-meta-layouts":"default","ast-page-background-enabled":"default","ast-page-background-meta":{"desktop":{"background-color":"var(--ast-global-color-5)","background-image":"","background-repeat":"repeat","background-position":"center center","background-size":"auto","background-attachment":"scroll","background-type":"","background-media":"","overlay-type":"","overlay-color":"","overlay-opacity":"","overlay-gradient":""},"tablet":{"background-color":"","background-image":"","background-repeat":"repeat","background-position":"center center","background-size":"auto","background-attachment":"scroll","background-type":"","background-media":"","overlay-type":"","overlay-color":"","overlay-opacity":"","overlay-gradient":""},"mobile":{"background-color":"","background-image":"","background-repeat":"repeat","background-position":"center center","background-size":"auto","background-attachment":"scroll","background-type":"","background-media":"","overlay-type":"","overlay-color":"","overlay-opacity":"","overlay-gradient":""}},"ast-content-background-meta":{"desktop":{"background-color":"var(--ast-global-color-4)","background-image":"","background-repeat":"repeat","background-position":"center center","background-size":"auto","background-attachment":"scroll","background-type":"","background-media":"","overlay-type":"","overlay-color":"","overlay-opacity":"","overlay-gradient":""},"tablet":{"background-color":"var(--ast-global-color-4)","background-image":"","background-repeat":"repeat","background-position":"center center","background-size":"auto","background-attachment":"scroll","background-type":"","background-media":"","overlay-type":"","overlay-color":"","overlay-opacity":"","overlay-gradient":""},"mobile":{"background-color":"var(--ast-global-color-4)","background-image":"","background-repeat":"repeat","background-position":"center center","background-size":"auto","background-attachment":"scroll","background-type":"","background-media":"","overlay-type":"","overlay-color":"","overlay-opacity":"","overlay-gradient":""}},"footnotes":""},"class_list":["post-1622","page","type-page","status-publish","has-post-thumbnail","hentry"],"acf":[],"yoast_head":"<!-- This site is optimized with the Yoast SEO plugin v27.4 - https:\/\/yoast.com\/product\/yoast-seo-wordpress\/ -->\n<title>Orsakar snus muncancer? - Stingfree<\/title>\n<meta name=\"robots\" content=\"index, follow, max-snippet:-1, max-image-preview:large, max-video-preview:-1\" \/>\n<link rel=\"canonical\" href=\"https:\/\/stingfreesnus.se\/nb\/snus-forarsaker-munnkreft\/\" \/>\n<meta property=\"og:locale\" content=\"nb_NO\" \/>\n<meta property=\"og:type\" content=\"article\" \/>\n<meta property=\"og:title\" content=\"Orsakar snus muncancer? - Stingfree\" \/>\n<meta property=\"og:description\" content=\"Summering: Nej det finns inga bevis f\u00f6r att snus orsakar muncancer. Inget annat land i v\u00e4rlden har s\u00e5 h\u00f6g andel [&hellip;]\" \/>\n<meta property=\"og:url\" content=\"https:\/\/stingfreesnus.se\/nb\/snus-forarsaker-munnkreft\/\" \/>\n<meta property=\"og:site_name\" content=\"Stingfree\" \/>\n<meta property=\"article:publisher\" content=\"https:\/\/www.facebook.com\/stingfreesnus\" \/>\n<meta property=\"article:modified_time\" content=\"2024-04-02T21:00:00+00:00\" \/>\n<meta property=\"og:image\" content=\"https:\/\/i0.wp.com\/stingfreesnus.se\/wp-content\/uploads\/orsakar-snus-muncancer.jpg?fit=951%2C859&ssl=1\" \/>\n\t<meta property=\"og:image:width\" content=\"951\" \/>\n\t<meta property=\"og:image:height\" content=\"859\" \/>\n\t<meta property=\"og:image:type\" content=\"image\/jpeg\" \/>\n<meta name=\"twitter:card\" content=\"summary_large_image\" \/>\n<meta name=\"twitter:site\" content=\"@Stingfreesnus\" \/>\n<meta name=\"twitter:label1\" content=\"Ansl. lesetid\" \/>\n\t<meta name=\"twitter:data1\" content=\"2 minutter\" \/>\n<script type=\"application\/ld+json\" class=\"yoast-schema-graph\">{\"@context\":\"https:\\\/\\\/schema.org\",\"@graph\":[{\"@type\":\"WebPage\",\"@id\":\"https:\\\/\\\/stingfreesnus.se\\\/orsakar-snus-muncancer\\\/\",\"url\":\"https:\\\/\\\/stingfreesnus.se\\\/orsakar-snus-muncancer\\\/\",\"name\":\"Orsakar snus muncancer? - Stingfree\",\"isPartOf\":{\"@id\":\"https:\\\/\\\/stingfreesnus.se\\\/#website\"},\"primaryImageOfPage\":{\"@id\":\"https:\\\/\\\/stingfreesnus.se\\\/orsakar-snus-muncancer\\\/#primaryimage\"},\"image\":{\"@id\":\"https:\\\/\\\/stingfreesnus.se\\\/orsakar-snus-muncancer\\\/#primaryimage\"},\"thumbnailUrl\":\"https:\\\/\\\/i0.wp.com\\\/stingfreesnus.se\\\/wp-content\\\/uploads\\\/orsakar-snus-muncancer.jpg?fit=951%2C859&ssl=1\",\"datePublished\":\"2024-04-02T20:59:57+00:00\",\"dateModified\":\"2024-04-02T21:00:00+00:00\",\"breadcrumb\":{\"@id\":\"https:\\\/\\\/stingfreesnus.se\\\/orsakar-snus-muncancer\\\/#breadcrumb\"},\"inLanguage\":\"nb-NO\",\"potentialAction\":[{\"@type\":\"ReadAction\",\"target\":[\"https:\\\/\\\/stingfreesnus.se\\\/orsakar-snus-muncancer\\\/\"]}]},{\"@type\":\"ImageObject\",\"inLanguage\":\"nb-NO\",\"@id\":\"https:\\\/\\\/stingfreesnus.se\\\/orsakar-snus-muncancer\\\/#primaryimage\",\"url\":\"https:\\\/\\\/i0.wp.com\\\/stingfreesnus.se\\\/wp-content\\\/uploads\\\/orsakar-snus-muncancer.jpg?fit=951%2C859&ssl=1\",\"contentUrl\":\"https:\\\/\\\/i0.wp.com\\\/stingfreesnus.se\\\/wp-content\\\/uploads\\\/orsakar-snus-muncancer.jpg?fit=951%2C859&ssl=1\",\"width\":951,\"height\":859,\"caption\":\"bild av \u00f6ppen mun\"},{\"@type\":\"BreadcrumbList\",\"@id\":\"https:\\\/\\\/stingfreesnus.se\\\/orsakar-snus-muncancer\\\/#breadcrumb\",\"itemListElement\":[{\"@type\":\"ListItem\",\"position\":1,\"name\":\"Hem\",\"item\":\"https:\\\/\\\/stingfreesnus.se\\\/\"},{\"@type\":\"ListItem\",\"position\":2,\"name\":\"Orsakar snus muncancer?\"}]},{\"@type\":\"WebSite\",\"@id\":\"https:\\\/\\\/stingfreesnus.se\\\/#website\",\"url\":\"https:\\\/\\\/stingfreesnus.se\\\/\",\"name\":\"Stingfree\",\"description\":\"Snus med skydd mot sveda och irritation p\u00e5 tandk\u00f6ttet\",\"publisher\":{\"@id\":\"https:\\\/\\\/stingfreesnus.se\\\/#organization\"},\"potentialAction\":[{\"@type\":\"SearchAction\",\"target\":{\"@type\":\"EntryPoint\",\"urlTemplate\":\"https:\\\/\\\/stingfreesnus.se\\\/?s={search_term_string}\"},\"query-input\":{\"@type\":\"PropertyValueSpecification\",\"valueRequired\":true,\"valueName\":\"search_term_string\"}}],\"inLanguage\":\"nb-NO\"},{\"@type\":\"Organization\",\"@id\":\"https:\\\/\\\/stingfreesnus.se\\\/#organization\",\"name\":\"Stingfree\",\"url\":\"https:\\\/\\\/stingfreesnus.se\\\/\",\"logo\":{\"@type\":\"ImageObject\",\"inLanguage\":\"nb-NO\",\"@id\":\"https:\\\/\\\/stingfreesnus.se\\\/#\\\/schema\\\/logo\\\/image\\\/\",\"url\":\"https:\\\/\\\/i0.wp.com\\\/stingfreesnus.se\\\/wp-content\\\/uploads\\\/logonew.webp?fit=918%2C589&ssl=1\",\"contentUrl\":\"https:\\\/\\\/i0.wp.com\\\/stingfreesnus.se\\\/wp-content\\\/uploads\\\/logonew.webp?fit=918%2C589&ssl=1\",\"width\":918,\"height\":589,\"caption\":\"Stingfree\"},\"image\":{\"@id\":\"https:\\\/\\\/stingfreesnus.se\\\/#\\\/schema\\\/logo\\\/image\\\/\"},\"sameAs\":[\"https:\\\/\\\/www.facebook.com\\\/stingfreesnus\",\"https:\\\/\\\/x.com\\\/Stingfreesnus\"]}]}<\/script>\n<!-- \/ Yoast SEO plugin. -->","yoast_head_json":{"title":"Kan snus for\u00e5rsake kreft i munnen? - Stingfree","robots":{"index":"index","follow":"follow","max-snippet":"max-snippet:-1","max-image-preview":"max-image-preview:large","max-video-preview":"max-video-preview:-1"},"canonical":"https:\/\/stingfreesnus.se\/nb\/snus-forarsaker-munnkreft\/","og_locale":"nb_NO","og_type":"article","og_title":"Orsakar snus muncancer? - Stingfree","og_description":"Summering: Nej det finns inga bevis f\u00f6r att snus orsakar muncancer. Inget annat land i v\u00e4rlden har s\u00e5 h\u00f6g andel [&hellip;]","og_url":"https:\/\/stingfreesnus.se\/nb\/snus-forarsaker-munnkreft\/","og_site_name":"Stingfree","article_publisher":"https:\/\/www.facebook.com\/stingfreesnus","article_modified_time":"2024-04-02T21:00:00+00:00","og_image":[{"width":951,"height":859,"url":"https:\/\/i0.wp.com\/stingfreesnus.se\/wp-content\/uploads\/orsakar-snus-muncancer.jpg?fit=951%2C859&ssl=1","type":"image\/jpeg"}],"twitter_card":"summary_large_image","twitter_site":"@Stingfreesnus","twitter_misc":{"Ansl. lesetid":"2 minutter"},"schema":{"@context":"https:\/\/schema.org","@graph":[{"@type":"WebPage","@id":"https:\/\/stingfreesnus.se\/orsakar-snus-muncancer\/","url":"https:\/\/stingfreesnus.se\/orsakar-snus-muncancer\/","name":"Kan snus for\u00e5rsake kreft i munnen? - Stingfree","isPartOf":{"@id":"https:\/\/stingfreesnus.se\/#website"},"primaryImageOfPage":{"@id":"https:\/\/stingfreesnus.se\/orsakar-snus-muncancer\/#primaryimage"},"image":{"@id":"https:\/\/stingfreesnus.se\/orsakar-snus-muncancer\/#primaryimage"},"thumbnailUrl":"https:\/\/i0.wp.com\/stingfreesnus.se\/wp-content\/uploads\/orsakar-snus-muncancer.jpg?fit=951%2C859&ssl=1","datePublished":"2024-04-02T20:59:57+00:00","dateModified":"2024-04-02T21:00:00+00:00","breadcrumb":{"@id":"https:\/\/stingfreesnus.se\/orsakar-snus-muncancer\/#breadcrumb"},"inLanguage":"nb-NO","potentialAction":[{"@type":"ReadAction","target":["https:\/\/stingfreesnus.se\/orsakar-snus-muncancer\/"]}]},{"@type":"ImageObject","inLanguage":"nb-NO","@id":"https:\/\/stingfreesnus.se\/orsakar-snus-muncancer\/#primaryimage","url":"https:\/\/i0.wp.com\/stingfreesnus.se\/wp-content\/uploads\/orsakar-snus-muncancer.jpg?fit=951%2C859&ssl=1","contentUrl":"https:\/\/i0.wp.com\/stingfreesnus.se\/wp-content\/uploads\/orsakar-snus-muncancer.jpg?fit=951%2C859&ssl=1","width":951,"height":859,"caption":"bild av \u00f6ppen mun"},{"@type":"BreadcrumbList","@id":"https:\/\/stingfreesnus.se\/orsakar-snus-muncancer\/#breadcrumb","itemListElement":[{"@type":"ListItem","position":1,"name":"Hem","item":"https:\/\/stingfreesnus.se\/"},{"@type":"ListItem","position":2,"name":"Orsakar snus muncancer?"}]},{"@type":"WebSite","@id":"https:\/\/stingfreesnus.se\/#website","url":"https:\/\/stingfreesnus.se\/","name":"Stingfree","description":"Snus med beskyttelse mot svie og irritasjon i tannkj\u00f8ttet","publisher":{"@id":"https:\/\/stingfreesnus.se\/#organization"},"potentialAction":[{"@type":"SearchAction","target":{"@type":"EntryPoint","urlTemplate":"https:\/\/stingfreesnus.se\/?s={search_term_string}"},"query-input":{"@type":"PropertyValueSpecification","valueRequired":true,"valueName":"search_term_string"}}],"inLanguage":"nb-NO"},{"@type":"Organization","@id":"https:\/\/stingfreesnus.se\/#organization","name":"Stingfree","url":"https:\/\/stingfreesnus.se\/","logo":{"@type":"ImageObject","inLanguage":"nb-NO","@id":"https:\/\/stingfreesnus.se\/#\/schema\/logo\/image\/","url":"https:\/\/i0.wp.com\/stingfreesnus.se\/wp-content\/uploads\/logonew.webp?fit=918%2C589&ssl=1","contentUrl":"https:\/\/i0.wp.com\/stingfreesnus.se\/wp-content\/uploads\/logonew.webp?fit=918%2C589&ssl=1","width":918,"height":589,"caption":"Stingfree"},"image":{"@id":"https:\/\/stingfreesnus.se\/#\/schema\/logo\/image\/"},"sameAs":["https:\/\/www.facebook.com\/stingfreesnus","https:\/\/x.com\/Stingfreesnus"]}]}},"uagb_featured_image_src":{"full":["https:\/\/i0.wp.com\/stingfreesnus.se\/wp-content\/uploads\/orsakar-snus-muncancer.jpg?fit=951%2C859&ssl=1",951,859,false],"thumbnail":["https:\/\/i0.wp.com\/stingfreesnus.se\/wp-content\/uploads\/orsakar-snus-muncancer.jpg?resize=150%2C150&ssl=1",150,150,true],"medium":["https:\/\/i0.wp.com\/stingfreesnus.se\/wp-content\/uploads\/orsakar-snus-muncancer.jpg?fit=300%2C271&ssl=1",300,271,true],"medium_large":["https:\/\/i0.wp.com\/stingfreesnus.se\/wp-content\/uploads\/orsakar-snus-muncancer.jpg?fit=768%2C694&ssl=1",768,694,true],"large":["https:\/\/i0.wp.com\/stingfreesnus.se\/wp-content\/uploads\/orsakar-snus-muncancer.jpg?fit=951%2C859&ssl=1",951,859,true],"1536x1536":["https:\/\/i0.wp.com\/stingfreesnus.se\/wp-content\/uploads\/orsakar-snus-muncancer.jpg?fit=951%2C859&ssl=1",951,859,true],"2048x2048":["https:\/\/i0.wp.com\/stingfreesnus.se\/wp-content\/uploads\/orsakar-snus-muncancer.jpg?fit=951%2C859&ssl=1",951,859,true],"trp-custom-language-flag":["https:\/\/i0.wp.com\/stingfreesnus.se\/wp-content\/uploads\/orsakar-snus-muncancer.jpg?fit=13%2C12&ssl=1",13,12,true],"woocommerce_thumbnail":["https:\/\/i0.wp.com\/stingfreesnus.se\/wp-content\/uploads\/orsakar-snus-muncancer.jpg?resize=300%2C300&ssl=1",300,300,true],"woocommerce_single":["https:\/\/i0.wp.com\/stingfreesnus.se\/wp-content\/uploads\/orsakar-snus-muncancer.jpg?fit=600%2C542&ssl=1",600,542,true],"woocommerce_gallery_thumbnail":["https:\/\/i0.wp.com\/stingfreesnus.se\/wp-content\/uploads\/orsakar-snus-muncancer.jpg?resize=100%2C100&ssl=1",100,100,true]},"uagb_author_info":{"display_name":"Daniel","author_link":"https:\/\/stingfreesnus.se\/nb\/author\/daniel\/"},"uagb_comment_info":0,"uagb_excerpt":"Summering: Nej det finns inga bevis f\u00f6r att snus orsakar muncancer. Inget annat land i v\u00e4rlden har s\u00e5 h\u00f6g andel [&hellip;]","jetpack_likes_enabled":true,"jetpack_sharing_enabled":true,"_links":{"self":[{"href":"https:\/\/stingfreesnus.se\/nb\/wp-json\/wp\/v2\/pages\/1622","targetHints":{"allow":["GET"]}}],"collection":[{"href":"https:\/\/stingfreesnus.se\/nb\/wp-json\/wp\/v2\/pages"}],"about":[{"href":"https:\/\/stingfreesnus.se\/nb\/wp-json\/wp\/v2\/types\/page"}],"author":[{"embeddable":true,"href":"https:\/\/stingfreesnus.se\/nb\/wp-json\/wp\/v2\/users\/3"}],"replies":[{"embeddable":true,"href":"https:\/\/stingfreesnus.se\/nb\/wp-json\/wp\/v2\/comments?post=1622"}],"version-history":[{"count":6,"href":"https:\/\/stingfreesnus.se\/nb\/wp-json\/wp\/v2\/pages\/1622\/revisions"}],"predecessor-version":[{"id":1638,"href":"https:\/\/stingfreesnus.se\/nb\/wp-json\/wp\/v2\/pages\/1622\/revisions\/1638"}],"wp:featuredmedia":[{"embeddable":true,"href":"https:\/\/stingfreesnus.se\/nb\/wp-json\/wp\/v2\/media\/1636"}],"wp:attachment":[{"href":"https:\/\/stingfreesnus.se\/nb\/wp-json\/wp\/v2\/media?parent=1622"}],"curies":[{"name":"wp","href":"https:\/\/api.w.org\/{rel}","templated":true}]}}