{"id":22,"date":"2023-10-06T14:02:52","date_gmt":"2023-10-06T12:02:52","guid":{"rendered":"https:\/\/stingfreesnus.se\/?page_id=22"},"modified":"2025-06-12T14:03:37","modified_gmt":"2025-06-12T12:03:37","slug":"ofte-stilte-sporsmal","status":"publish","type":"page","link":"https:\/\/stingfreesnus.se\/nb\/vanliga-fragor\/","title":{"rendered":"Ofte stilte sp\u00f8rsm\u00e5l og svar"},"content":{"rendered":"<div class=\"wp-block-uagb-container vanliga-fragor-outer-panel uagb-block-933bb54a alignfull uagb-is-root-container\"><div class=\"uagb-container-inner-blocks-wrap\">\n<div class=\"wp-block-uagb-container vanliga-fragor-inner uagb-block-fd468fc2\">\n<div class=\"wp-block-uagb-advanced-heading uagb-block-8a6fbe61\"><h1 class=\"uagb-heading-text\">Ofte stilte sp\u00f8rsm\u00e5l og svar<\/h1><\/div>\n\n\n\n<div class=\"wp-block-uagb-container uagb-block-4f56b530\">\n<div class=\"wp-block-uagb-advanced-heading uagb-block-65b7d816\"><h2 class=\"uagb-heading-text\">Helseproblemer<\/h2><\/div>\n\n\n\n<details class=\"wp-block-details accordion-con is-layout-flow wp-block-details-is-layout-flow\"><summary>1. Er tannkj\u00f8ttskader vanlig blant snusbrukere?<\/summary>\n<p>Ja, det er veldig vanlig. I en uavhengig <a href=\"https:\/\/pmc.ncbi.nlm.nih.gov\/articles\/PMC9540014\/\">tannlegestudie publisert av G\u00f6teborgs universitet<\/a> 2022, forekomsten av <strong>tilbaketrekning av tannkj\u00f8ttet (gingival retraksjon)<\/strong> for snusbrukere mellom 54 og 57%.<\/p>\n\n\n\n<p>En norsk studie av norske snusbrukere gjennomf\u00f8rt i 2023 fant at 79% av deltakerne hadde <strong>snuslesjoner.<\/strong><\/p>\n\n\n\n<p>I en unders\u00f8kelse blant over 1000 snusende menn og kvinner i Sverige, gjennomf\u00f8rt av Stingfree AB i 2022, svarte 59% av deltakerne at de hadde opplevd snusskader. 51% svarte at de hadde tilbaketrukket tannkj\u00f8tt (gingival retractions).<\/p>\n<\/details>\n\n\n\n<details class=\"wp-block-details accordion-con is-layout-flow wp-block-details-is-layout-flow\"><summary>2. Hva er effekten av tilbaketrekkende tannkj\u00f8tt?<\/summary>\n<p>Langvarig bruk av snus kan f\u00f8re til at tannkj\u00f8ttet trekker seg tilbake. Dette kan skape en \u201clomme\u201d i tannkj\u00f8ttet der snusen ligger. Bakterier kan samle seg i disse \u201dlommene\u201d, noe som kan f\u00f8re til problemer som d\u00e5rlig \u00e5nde og tannr\u00e5te.<\/p>\n\n\n\n<p>N\u00e5r tannkj\u00f8ttet trekker seg tilbake, blir mer av tannhalsen eksponert, noe som kan f\u00f8re til tannkj\u00f8ttresesjon og \u00f8ke risikoen for hull i denne delen av tannen. I ekstreme tilfeller kan tannkj\u00f8ttresesjon f\u00f8re til tanntap.<\/p>\n<\/details>\n\n\n\n<details class=\"wp-block-details accordion-con is-layout-flow wp-block-details-is-layout-flow\"><summary>3. Vokser tannkj\u00f8tt \u00f8delagt av snus tilbake?<\/summary>\n<p>Det er ikke sant! Tannkj\u00f8ttet, eller gingiva, som tannlegene kaller det, skiller seg fra andre vev ved at det ikke kan regenereres hvis det er for skadet. I noen tilfeller kan tannkj\u00f8ttet gjenopprettes ved hjelp av tannkirurgi, og den vanligste metoden er transplantasjon av vev fra ganen til tannkj\u00f8ttet.<\/p>\n<\/details>\n\n\n\n<details class=\"wp-block-details accordion-con is-layout-flow wp-block-details-is-layout-flow\"><summary>4. For\u00e5rsaker snus kreft i munnen?<\/summary>\n<p>Nei, det gj\u00f8r de ikke. Ingen andre land i verden har en s\u00e5 h\u00f8y andel snusbrukere i befolkningen som Sverige. Til tross for dette er det ingen \u00f8kt forekomst av munnhulekreft eller kreftrelatert d\u00f8delighet knyttet til snusbruk i Sverige. Dette fremg\u00e5r blant annet av en <a href=\"https:\/\/journals.sagepub.com\/doi\/abs\/10.1177\/1403494820919572\">stor studie om snus og kreft i munnhulen fra Karolinska Institutet<\/a>. Denne studien viser til og med at bruk av fire snusbokser eller mindre per uke reduserer risikoen for kreft i munnhulen.<\/p>\n\n\n\n<p>R\u00f8yking, derimot, \u00f8ker risikoen for ulike kreftformer dramatisk, inkludert munnhulekreft. Det er f\u00f8rst og fremst n\u00e5r tobakk antennes og inhaleres som r\u00f8yk at den bidrar sterkt til den \u00f8kte risikoen for munnhulekreft.<\/p>\n<\/details>\n\n\n\n<details class=\"wp-block-details accordion-con is-layout-flow wp-block-details-is-layout-flow\"><summary>5. Burde ikke snus og nikotin porsjoner svi?<\/summary>\n<p>Nei, det tror vi ikke! Men for \u00e5 finne ut hva andre snusbrukere mener, gjennomf\u00f8rte vi en stor sp\u00f8rreunders\u00f8kelse blant svenske snusbrukere i 2022. Over 1 000 personer besvarte unders\u00f8kelsen. 66,5% av kvinnene og 54,3% av mennene svarte at de opplevde svie som ubehagelig.<\/p>\n<\/details>\n\n\n\n<details class=\"wp-block-details accordion-con is-layout-flow wp-block-details-is-layout-flow\"><summary>6. Hvorfor svir snus og nikotinporsjoner?<\/summary>\n<p>Innholdet i s\u00e5 godt som alle typer snus og nikotinportioner har pH-verdier som er h\u00f8yere enn de som naturlig finnes i munnen, som ligger p\u00e5 ca. 7-7,5. Grunnen til at pH-verdiene m\u00e5 v\u00e6re s\u00e5 h\u00f8ye, er at det er en direkte sammenheng mellom pH-verdien og hvor lett nikotinet kan tas opp av munnslimhinnen. Jo h\u00f8yere pH-verdien er, desto st\u00f8rre\/hurtigere frigj\u00f8res nikotinet. Materialer med h\u00f8y pH-verdi som kommer i direkte kontakt med tannkj\u00f8ttet, for\u00e5rsaker svie og irritasjon i tannkj\u00f8ttet.<\/p>\n\n\n\n<p>En annen viktig parameter for hva som for\u00e5rsaker svie og irritasjon i tannkj\u00f8ttet, er smakstilsetningene og konsentrasjonen av disse i prillene. Smaker som mynte, sitrus, chili osv. og til og med salter kan for\u00e5rsake svie og irritasjon i tannkj\u00f8ttet uavhengig av pH-verdien.<\/p>\n\n\n\n<p>Det betyr at hvis du vil ha b\u00e5de en sterk nikotin- og smaksopplevelse uten \u00e5 brenne og irritere tannkj\u00f8ttet, trenger du en barriere mellom tannkj\u00f8ttet og innholdet i prillene. Derfor har vi utviklet v\u00e5r patenterte PROTEX-barriere.<\/p>\n<\/details>\n<\/div>\n\n\n\n<div class=\"wp-block-uagb-container uagb-block-eabd871f\">\n<div class=\"wp-block-uagb-advanced-heading uagb-block-9f27a78b\"><h2 class=\"uagb-heading-text\">Tekniske problemer<\/h2><\/div>\n\n\n\n<details class=\"wp-block-details accordion-con is-layout-flow wp-block-details-is-layout-flow\"><summary>1. Er det n\u00f8dvendig med spesialiserte snuspakkemaskiner for \u00e5 produsere Stingfree-piller?<\/summary>\n<p>Stingfree-teknologien fungerer ved at v\u00e5r supertynne biofilm lamineres direkte p\u00e5 produsentens n\u00e5v\u00e6rende snuspapir. Produsenten kan deretter bruke Stingfree-papiret i maskinene sine uten endringer.<\/p>\n<\/details>\n\n\n\n<details class=\"wp-block-details accordion-con is-layout-flow wp-block-details-is-layout-flow\"><summary>2. Er teknologien patentert?<\/summary>\n<p>Ja, vi har patenter i Sverige, USA og i hele EU.<\/p>\n<\/details>\n<\/div>\n<\/div>\n<\/div><\/div>","protected":false},"excerpt":{"rendered":"<p>Ofte stilte sp\u00f8rsm\u00e5l og svar Helsesp\u00f8rsm\u00e5l Teknologisp\u00f8rsm\u00e5l<\/p>","protected":false},"author":3,"featured_media":0,"parent":0,"menu_order":0,"comment_status":"closed","ping_status":"closed","template":"","meta":{"_acf_changed":false,"_uag_custom_page_level_css":"","site-sidebar-layout":"default","site-content-layout":"","ast-site-content-layout":"","site-content-style":"default","site-sidebar-style":"default","ast-global-header-display":"","ast-banner-title-visibility":"","ast-main-header-display":"","ast-hfb-above-header-display":"","ast-hfb-below-header-display":"","ast-hfb-mobile-header-display":"","site-post-title":"disabled","ast-breadcrumbs-content":"","ast-featured-img":"","footer-sml-layout":"","ast-disable-related-posts":"","theme-transparent-header-meta":"","adv-header-id-meta":"","stick-header-meta":"","header-above-stick-meta":"","header-main-stick-meta":"","header-below-stick-meta":"","astra-migrate-meta-layouts":"default","ast-page-background-enabled":"default","ast-page-background-meta":{"desktop":{"background-color":"var(--ast-global-color-4)","background-image":"","background-repeat":"repeat","background-position":"center center","background-size":"auto","background-attachment":"scroll","background-type":"","background-media":"","overlay-type":"","overlay-color":"","overlay-opacity":"","overlay-gradient":""},"tablet":{"background-color":"","background-image":"","background-repeat":"repeat","background-position":"center center","background-size":"auto","background-attachment":"scroll","background-type":"","background-media":"","overlay-type":"","overlay-color":"","overlay-opacity":"","overlay-gradient":""},"mobile":{"background-color":"","background-image":"","background-repeat":"repeat","background-position":"center center","background-size":"auto","background-attachment":"scroll","background-type":"","background-media":"","overlay-type":"","overlay-color":"","overlay-opacity":"","overlay-gradient":""}},"ast-content-background-meta":{"desktop":{"background-color":"var(--ast-global-color-5)","background-image":"","background-repeat":"repeat","background-position":"center center","background-size":"auto","background-attachment":"scroll","background-type":"","background-media":"","overlay-type":"","overlay-color":"","overlay-opacity":"","overlay-gradient":""},"tablet":{"background-color":"var(--ast-global-color-5)","background-image":"","background-repeat":"repeat","background-position":"center center","background-size":"auto","background-attachment":"scroll","background-type":"","background-media":"","overlay-type":"","overlay-color":"","overlay-opacity":"","overlay-gradient":""},"mobile":{"background-color":"var(--ast-global-color-5)","background-image":"","background-repeat":"repeat","background-position":"center center","background-size":"auto","background-attachment":"scroll","background-type":"","background-media":"","overlay-type":"","overlay-color":"","overlay-opacity":"","overlay-gradient":""}},"footnotes":""},"class_list":["post-22","page","type-page","status-publish","hentry"],"acf":[],"yoast_head":"<!-- This site is optimized with the Yoast SEO plugin v27.4 - https:\/\/yoast.com\/product\/yoast-seo-wordpress\/ -->\n<title>Vanliga fr\u00e5gor och svar - Stingfree<\/title>\n<meta name=\"robots\" content=\"index, follow, max-snippet:-1, max-image-preview:large, max-video-preview:-1\" \/>\n<link rel=\"canonical\" href=\"https:\/\/stingfreesnus.se\/nb\/ofte-stilte-sporsmal\/\" \/>\n<meta property=\"og:locale\" content=\"nb_NO\" \/>\n<meta property=\"og:type\" content=\"article\" \/>\n<meta property=\"og:title\" content=\"Vanliga fr\u00e5gor och svar - Stingfree\" \/>\n<meta property=\"og:description\" content=\"Vanliga fr\u00e5gor och svar H\u00e4lsofr\u00e5gor Teknikfr\u00e5gor\" \/>\n<meta property=\"og:url\" content=\"https:\/\/stingfreesnus.se\/nb\/ofte-stilte-sporsmal\/\" \/>\n<meta property=\"og:site_name\" content=\"Stingfree\" \/>\n<meta property=\"article:publisher\" content=\"https:\/\/www.facebook.com\/stingfreesnus\" \/>\n<meta property=\"article:modified_time\" content=\"2025-06-12T12:03:37+00:00\" \/>\n<meta name=\"twitter:card\" content=\"summary_large_image\" \/>\n<meta name=\"twitter:site\" content=\"@Stingfreesnus\" \/>\n<meta name=\"twitter:label1\" content=\"Ansl. lesetid\" \/>\n\t<meta name=\"twitter:data1\" content=\"4 minutter\" \/>\n<script type=\"application\/ld+json\" class=\"yoast-schema-graph\">{\"@context\":\"https:\\\/\\\/schema.org\",\"@graph\":[{\"@type\":\"WebPage\",\"@id\":\"https:\\\/\\\/stingfreesnus.se\\\/vanliga-fragor\\\/\",\"url\":\"https:\\\/\\\/stingfreesnus.se\\\/vanliga-fragor\\\/\",\"name\":\"Vanliga fr\u00e5gor och svar - Stingfree\",\"isPartOf\":{\"@id\":\"https:\\\/\\\/stingfreesnus.se\\\/#website\"},\"datePublished\":\"2023-10-06T12:02:52+00:00\",\"dateModified\":\"2025-06-12T12:03:37+00:00\",\"breadcrumb\":{\"@id\":\"https:\\\/\\\/stingfreesnus.se\\\/vanliga-fragor\\\/#breadcrumb\"},\"inLanguage\":\"nb-NO\",\"potentialAction\":[{\"@type\":\"ReadAction\",\"target\":[\"https:\\\/\\\/stingfreesnus.se\\\/vanliga-fragor\\\/\"]}]},{\"@type\":\"BreadcrumbList\",\"@id\":\"https:\\\/\\\/stingfreesnus.se\\\/vanliga-fragor\\\/#breadcrumb\",\"itemListElement\":[{\"@type\":\"ListItem\",\"position\":1,\"name\":\"Hem\",\"item\":\"https:\\\/\\\/stingfreesnus.se\\\/\"},{\"@type\":\"ListItem\",\"position\":2,\"name\":\"Vanliga fr\u00e5gor och svar\"}]},{\"@type\":\"WebSite\",\"@id\":\"https:\\\/\\\/stingfreesnus.se\\\/#website\",\"url\":\"https:\\\/\\\/stingfreesnus.se\\\/\",\"name\":\"Stingfree\",\"description\":\"Snus med skydd mot sveda och irritation p\u00e5 tandk\u00f6ttet\",\"publisher\":{\"@id\":\"https:\\\/\\\/stingfreesnus.se\\\/#organization\"},\"potentialAction\":[{\"@type\":\"SearchAction\",\"target\":{\"@type\":\"EntryPoint\",\"urlTemplate\":\"https:\\\/\\\/stingfreesnus.se\\\/?s={search_term_string}\"},\"query-input\":{\"@type\":\"PropertyValueSpecification\",\"valueRequired\":true,\"valueName\":\"search_term_string\"}}],\"inLanguage\":\"nb-NO\"},{\"@type\":\"Organization\",\"@id\":\"https:\\\/\\\/stingfreesnus.se\\\/#organization\",\"name\":\"Stingfree\",\"url\":\"https:\\\/\\\/stingfreesnus.se\\\/\",\"logo\":{\"@type\":\"ImageObject\",\"inLanguage\":\"nb-NO\",\"@id\":\"https:\\\/\\\/stingfreesnus.se\\\/#\\\/schema\\\/logo\\\/image\\\/\",\"url\":\"https:\\\/\\\/i0.wp.com\\\/stingfreesnus.se\\\/wp-content\\\/uploads\\\/logonew.webp?fit=918%2C589&ssl=1\",\"contentUrl\":\"https:\\\/\\\/i0.wp.com\\\/stingfreesnus.se\\\/wp-content\\\/uploads\\\/logonew.webp?fit=918%2C589&ssl=1\",\"width\":918,\"height\":589,\"caption\":\"Stingfree\"},\"image\":{\"@id\":\"https:\\\/\\\/stingfreesnus.se\\\/#\\\/schema\\\/logo\\\/image\\\/\"},\"sameAs\":[\"https:\\\/\\\/www.facebook.com\\\/stingfreesnus\",\"https:\\\/\\\/x.com\\\/Stingfreesnus\"]}]}<\/script>\n<!-- \/ Yoast SEO plugin. -->","yoast_head_json":{"title":"Ofte stilte sp\u00f8rsm\u00e5l og svar - Stingfree","robots":{"index":"index","follow":"follow","max-snippet":"max-snippet:-1","max-image-preview":"max-image-preview:large","max-video-preview":"max-video-preview:-1"},"canonical":"https:\/\/stingfreesnus.se\/nb\/ofte-stilte-sporsmal\/","og_locale":"nb_NO","og_type":"article","og_title":"Vanliga fr\u00e5gor och svar - Stingfree","og_description":"Vanliga fr\u00e5gor och svar H\u00e4lsofr\u00e5gor Teknikfr\u00e5gor","og_url":"https:\/\/stingfreesnus.se\/nb\/ofte-stilte-sporsmal\/","og_site_name":"Stingfree","article_publisher":"https:\/\/www.facebook.com\/stingfreesnus","article_modified_time":"2025-06-12T12:03:37+00:00","twitter_card":"summary_large_image","twitter_site":"@Stingfreesnus","twitter_misc":{"Ansl. lesetid":"4 minutter"},"schema":{"@context":"https:\/\/schema.org","@graph":[{"@type":"WebPage","@id":"https:\/\/stingfreesnus.se\/vanliga-fragor\/","url":"https:\/\/stingfreesnus.se\/vanliga-fragor\/","name":"Ofte stilte sp\u00f8rsm\u00e5l og svar - Stingfree","isPartOf":{"@id":"https:\/\/stingfreesnus.se\/#website"},"datePublished":"2023-10-06T12:02:52+00:00","dateModified":"2025-06-12T12:03:37+00:00","breadcrumb":{"@id":"https:\/\/stingfreesnus.se\/vanliga-fragor\/#breadcrumb"},"inLanguage":"nb-NO","potentialAction":[{"@type":"ReadAction","target":["https:\/\/stingfreesnus.se\/vanliga-fragor\/"]}]},{"@type":"BreadcrumbList","@id":"https:\/\/stingfreesnus.se\/vanliga-fragor\/#breadcrumb","itemListElement":[{"@type":"ListItem","position":1,"name":"Hem","item":"https:\/\/stingfreesnus.se\/"},{"@type":"ListItem","position":2,"name":"Vanliga fr\u00e5gor och svar"}]},{"@type":"WebSite","@id":"https:\/\/stingfreesnus.se\/#website","url":"https:\/\/stingfreesnus.se\/","name":"Stingfree","description":"Snus med beskyttelse mot svie og irritasjon i tannkj\u00f8ttet","publisher":{"@id":"https:\/\/stingfreesnus.se\/#organization"},"potentialAction":[{"@type":"SearchAction","target":{"@type":"EntryPoint","urlTemplate":"https:\/\/stingfreesnus.se\/?s={search_term_string}"},"query-input":{"@type":"PropertyValueSpecification","valueRequired":true,"valueName":"search_term_string"}}],"inLanguage":"nb-NO"},{"@type":"Organization","@id":"https:\/\/stingfreesnus.se\/#organization","name":"Stingfree","url":"https:\/\/stingfreesnus.se\/","logo":{"@type":"ImageObject","inLanguage":"nb-NO","@id":"https:\/\/stingfreesnus.se\/#\/schema\/logo\/image\/","url":"https:\/\/i0.wp.com\/stingfreesnus.se\/wp-content\/uploads\/logonew.webp?fit=918%2C589&ssl=1","contentUrl":"https:\/\/i0.wp.com\/stingfreesnus.se\/wp-content\/uploads\/logonew.webp?fit=918%2C589&ssl=1","width":918,"height":589,"caption":"Stingfree"},"image":{"@id":"https:\/\/stingfreesnus.se\/#\/schema\/logo\/image\/"},"sameAs":["https:\/\/www.facebook.com\/stingfreesnus","https:\/\/x.com\/Stingfreesnus"]}]}},"uagb_featured_image_src":{"full":false,"thumbnail":false,"medium":false,"medium_large":false,"large":false,"1536x1536":false,"2048x2048":false,"trp-custom-language-flag":false,"woocommerce_thumbnail":false,"woocommerce_single":false,"woocommerce_gallery_thumbnail":false},"uagb_author_info":{"display_name":"Daniel","author_link":"https:\/\/stingfreesnus.se\/nb\/author\/daniel\/"},"uagb_comment_info":0,"uagb_excerpt":"Vanliga fr\u00e5gor och svar H\u00e4lsofr\u00e5gor Teknikfr\u00e5gor","jetpack_likes_enabled":true,"jetpack_sharing_enabled":true,"_links":{"self":[{"href":"https:\/\/stingfreesnus.se\/nb\/wp-json\/wp\/v2\/pages\/22","targetHints":{"allow":["GET"]}}],"collection":[{"href":"https:\/\/stingfreesnus.se\/nb\/wp-json\/wp\/v2\/pages"}],"about":[{"href":"https:\/\/stingfreesnus.se\/nb\/wp-json\/wp\/v2\/types\/page"}],"author":[{"embeddable":true,"href":"https:\/\/stingfreesnus.se\/nb\/wp-json\/wp\/v2\/users\/3"}],"replies":[{"embeddable":true,"href":"https:\/\/stingfreesnus.se\/nb\/wp-json\/wp\/v2\/comments?post=22"}],"version-history":[{"count":36,"href":"https:\/\/stingfreesnus.se\/nb\/wp-json\/wp\/v2\/pages\/22\/revisions"}],"predecessor-version":[{"id":4596,"href":"https:\/\/stingfreesnus.se\/nb\/wp-json\/wp\/v2\/pages\/22\/revisions\/4596"}],"wp:attachment":[{"href":"https:\/\/stingfreesnus.se\/nb\/wp-json\/wp\/v2\/media?parent=22"}],"curies":[{"name":"wp","href":"https:\/\/api.w.org\/{rel}","templated":true}]}}