{"id":560,"date":"2023-10-06T14:01:09","date_gmt":"2023-10-06T12:01:09","guid":{"rendered":"https:\/\/stingfreesnus.se\/?page_id=15"},"modified":"2024-02-07T15:16:44","modified_gmt":"2024-02-07T14:16:44","slug":"om-oss","status":"publish","type":"page","link":"https:\/\/stingfreesnus.se\/nb\/om-oss\/","title":{"rendered":"Om oss"},"content":{"rendered":"<h3 class=\"wp-block-heading\"><em>Etter at tannlegen hadde diagnostisert ham med tannkj\u00f8ttskader, fikk Bengt Wiberg en spr\u00f8 id\u00e9 - \u201dhva om jeg setter et plaster p\u00e5 den siden av prillen som ligger mot tannkj\u00f8ttet?\u201d<\/em><\/h3>\n\n\n\n<figure class=\"wp-block-image aligncenter size-large\"><img data-recalc-dims=\"1\" loading=\"lazy\" decoding=\"async\" width=\"1024\" height=\"681\" src=\"https:\/\/i0.wp.com\/stingfreesnus.se\/wp-content\/uploads\/2023\/10\/Bengt-Wiberg-Innovator.jpg?resize=1024%2C681&#038;ssl=1\" alt=\"Bengt Wiberg - Setter plaster p\u00e5 snusen!\" class=\"wp-image-227\" srcset=\"https:\/\/i0.wp.com\/stingfreesnus.se\/wp-content\/uploads\/2023\/10\/Bengt-Wiberg-Innovator.jpg?resize=1024%2C681&amp;ssl=1 1024w, https:\/\/i0.wp.com\/stingfreesnus.se\/wp-content\/uploads\/2023\/10\/Bengt-Wiberg-Innovator.jpg?resize=300%2C200&amp;ssl=1 300w, https:\/\/i0.wp.com\/stingfreesnus.se\/wp-content\/uploads\/2023\/10\/Bengt-Wiberg-Innovator.jpg?resize=768%2C511&amp;ssl=1 768w, https:\/\/i0.wp.com\/stingfreesnus.se\/wp-content\/uploads\/2023\/10\/Bengt-Wiberg-Innovator.jpg?w=1100&amp;ssl=1 1100w\" sizes=\"auto, (max-width: 1000px) 100vw, 1000px\" \/><figcaption class=\"wp-element-caption\">Bengt Wiberg - Satte plaster p\u00e5 pillen og tok patent p\u00e5 Stingfree<\/figcaption><\/figure>\n\n\n\n<p>Bengt Wiberg var kommunal tjenestemann og mange\u00e5rig snusbruker da tannlegen hans for flere \u00e5r siden oppfordret ham til \u00e5 <a previewlistener=\"true\" href=\"https:\/\/stingfreesnus.se\/nb\/slutte-a-snuse\/\">slutte \u00e5 snuse<\/a>. \u00c5rsaken var at Bengts tannkj\u00f8tt hadde <a href=\"https:\/\/stingfreesnus.se\/nb\/snuslesjoner\/\">snuslesjoner<\/a> og<a href=\"https:\/\/stingfreesnus.se\/nb\/vokser-tannkjottet-forstorret-av-snus-tilbake\/\"> tannkj\u00f8ttet hadde begynt \u00e5 trekke seg tilbake<\/a> p\u00e5 de stedene hvor han vanligvis hadde prillene. S\u00e5 fikk han en spr\u00f8 id\u00e9: \u201dHva ville skje hvis jeg satte et plaster p\u00e5 den siden av prillen som ligger mot tannkj\u00f8ttet?\u201d Bengt eksperimenterte med ulike typer plaster og oppdaget til sin overraskelse at smertene i tannkj\u00f8ttet forsvant, men den gode smaken og nikotinopplevelsen ble v\u00e6rende, og de f\u00f8rste Stingfree-prillene var laget. Etter noen m\u00e5neders bruk av Stingfree sugetabletter gikk Bengt tilbake til tannlegen og kunne til sin store glede konstatere at tannkj\u00f8ttet n\u00e5 s\u00e5 friskt ut igjen.<\/p>\n\n\n\n<h3 class=\"wp-block-heading\"><em>Etter noen m\u00e5neder med Stingfree stikkpiller kom Bengt tilbake til tannlegen og kunne til sin store glede konstatere at tannkj\u00f8ttet n\u00e5 s\u00e5 friskt ut igjen.&nbsp;<\/em><\/h3>\n\n\n\n<p>Siden den gang har Bengt rukket \u00e5 ta patent p\u00e5 Stingfree <a href=\"https:\/\/stingfreesnus.se\/nb\/nikotin-pasar\/\">nikotinposer<\/a> I Sverige, USA og deretter EU har det blitt utviklet en industriell metode for \u00e5 produsere Stingfree priller, og Swedish Match har signert en lisens for \u00e5 bruke teknologien. Dessverre har verken Swedish Match eller noen av de andre store snusprodusentene enn\u00e5 begynt \u00e5 produsere Stingfree pellets. I stedet har de hardnakket holdt fast ved at \u201ddet skal svi\u201d, selv om Bengt kunne vise til resultatene fra en unders\u00f8kelse blant over 1000 svenske snusbrukere, der 66% av kvinnene og 54% av mennene oppga at de ikke likte at det sved i tannkj\u00f8ttet.<\/p>\n\n\n\n<p>N\u00e5 har Bengt, sammen med sin eldste s\u00f8nn Daniel, som n\u00e5 er administrerende direkt\u00f8r i Sting Free AB, lansert det f\u00f8rste Stingfree-produktet p\u00e5 markedet, etterfulgt av to nye smaksvarianter. Produktene heter <a previewlistener=\"true\" href=\"https:\/\/stingfreesnus.se\/nb\/sterk-bla-mynte\/\">Strong Blue Mint<\/a>, <a previewlistener=\"true\" href=\"https:\/\/stingfreesnus.se\/nb\/karibisk-mango\/\">Karibisk mango<\/a> og <a previewlistener=\"true\" href=\"https:\/\/stingfreesnus.se\/nb\/havmynte\/\">Ocean Mint<\/a> og er tilgjengelige hos v\u00e5re forhandlere p\u00e5 nett og i butikk. <a href=\"https:\/\/stingfreesnus.se\/nb\/hodet-har\/\">Du finner alle Stingfree-forhandlere her.<\/a><\/p>\n\n\n\n<figure class=\"wp-block-image aligncenter size-full\"><img data-recalc-dims=\"1\" loading=\"lazy\" decoding=\"async\" width=\"935\" height=\"630\" src=\"https:\/\/i0.wp.com\/stingfreesnus.se\/wp-content\/uploads\/2023\/10\/Bengt-Daniel.webp?resize=935%2C630&#038;ssl=1\" alt=\"Bengt Wiberg, grunnlegger - Daniel Wiberg, administrerende direkt\u00f8r\" class=\"wp-image-254\" srcset=\"https:\/\/i0.wp.com\/stingfreesnus.se\/wp-content\/uploads\/2023\/10\/Bengt-Daniel.webp?w=935&amp;ssl=1 935w, https:\/\/i0.wp.com\/stingfreesnus.se\/wp-content\/uploads\/2023\/10\/Bengt-Daniel.webp?resize=300%2C202&amp;ssl=1 300w, https:\/\/i0.wp.com\/stingfreesnus.se\/wp-content\/uploads\/2023\/10\/Bengt-Daniel.webp?resize=768%2C517&amp;ssl=1 768w\" sizes=\"auto, (max-width: 935px) 100vw, 935px\" \/><figcaption class=\"wp-element-caption\">Bengt Wiberg, grunnlegger og styremedlem - Daniel Wiberg, administrerende direkt\u00f8r<\/figcaption><\/figure>","protected":false},"excerpt":{"rendered":"<p>Efter att hans tandl\u00e4kare konstaterat att han hade skador p\u00e5 tandk\u00f6ttet s\u00e5 fick Bengt Wiberg en galen id\u00e9 \u2013 &#8221;vad [&hellip;]<\/p>\n","protected":false},"author":3,"featured_media":0,"parent":0,"menu_order":0,"comment_status":"closed","ping_status":"closed","template":"","meta":{"_acf_changed":false,"_uag_custom_page_level_css":"","site-sidebar-layout":"default","site-content-layout":"","ast-site-content-layout":"default","site-content-style":"default","site-sidebar-style":"default","ast-global-header-display":"","ast-banner-title-visibility":"","ast-main-header-display":"","ast-hfb-above-header-display":"","ast-hfb-below-header-display":"","ast-hfb-mobile-header-display":"","site-post-title":"","ast-breadcrumbs-content":"","ast-featured-img":"","footer-sml-layout":"","ast-disable-related-posts":"","theme-transparent-header-meta":"","adv-header-id-meta":"","stick-header-meta":"","header-above-stick-meta":"","header-main-stick-meta":"","header-below-stick-meta":"","astra-migrate-meta-layouts":"default","ast-page-background-enabled":"default","ast-page-background-meta":{"desktop":{"background-color":"var(--ast-global-color-5)","background-image":"","background-repeat":"repeat","background-position":"center center","background-size":"auto","background-attachment":"scroll","background-type":"","background-media":"","overlay-type":"","overlay-color":"","overlay-opacity":"","overlay-gradient":""},"tablet":{"background-color":"","background-image":"","background-repeat":"repeat","background-position":"center center","background-size":"auto","background-attachment":"scroll","background-type":"","background-media":"","overlay-type":"","overlay-color":"","overlay-opacity":"","overlay-gradient":""},"mobile":{"background-color":"","background-image":"","background-repeat":"repeat","background-position":"center center","background-size":"auto","background-attachment":"scroll","background-type":"","background-media":"","overlay-type":"","overlay-color":"","overlay-opacity":"","overlay-gradient":""}},"ast-content-background-meta":{"desktop":{"background-color":"var(--ast-global-color-4)","background-image":"","background-repeat":"repeat","background-position":"center center","background-size":"auto","background-attachment":"scroll","background-type":"","background-media":"","overlay-type":"","overlay-color":"","overlay-opacity":"","overlay-gradient":""},"tablet":{"background-color":"var(--ast-global-color-4)","background-image":"","background-repeat":"repeat","background-position":"center center","background-size":"auto","background-attachment":"scroll","background-type":"","background-media":"","overlay-type":"","overlay-color":"","overlay-opacity":"","overlay-gradient":""},"mobile":{"background-color":"var(--ast-global-color-4)","background-image":"","background-repeat":"repeat","background-position":"center center","background-size":"auto","background-attachment":"scroll","background-type":"","background-media":"","overlay-type":"","overlay-color":"","overlay-opacity":"","overlay-gradient":""}},"footnotes":""},"class_list":["post-560","page","type-page","status-publish","hentry"],"acf":[],"yoast_head":"<!-- This site is optimized with the Yoast SEO plugin v27.4 - https:\/\/yoast.com\/product\/yoast-seo-wordpress\/ -->\n<title>Om oss - Stingfree<\/title>\n<meta name=\"robots\" content=\"index, follow, max-snippet:-1, max-image-preview:large, max-video-preview:-1\" \/>\n<link rel=\"canonical\" href=\"https:\/\/stingfreesnus.se\/nb\/om-oss\/\" \/>\n<meta property=\"og:locale\" content=\"nb_NO\" \/>\n<meta property=\"og:type\" content=\"article\" \/>\n<meta property=\"og:title\" content=\"Om oss - Stingfree\" \/>\n<meta property=\"og:description\" content=\"Efter att hans tandl\u00e4kare konstaterat att han hade skador p\u00e5 tandk\u00f6ttet s\u00e5 fick Bengt Wiberg en galen id\u00e9 \u2013 &#8221;vad [&hellip;]\" \/>\n<meta property=\"og:url\" content=\"https:\/\/stingfreesnus.se\/nb\/om-oss\/\" \/>\n<meta property=\"og:site_name\" content=\"Stingfree\" \/>\n<meta property=\"article:publisher\" content=\"https:\/\/www.facebook.com\/stingfreesnus\" \/>\n<meta property=\"article:modified_time\" content=\"2024-02-07T14:16:44+00:00\" \/>\n<meta property=\"og:image\" content=\"https:\/\/stingfreesnus.se\/wp-content\/uploads\/2023\/10\/Bengt-Wiberg-Innovator-1024x681.jpg\" \/>\n<meta name=\"twitter:card\" content=\"summary_large_image\" \/>\n<meta name=\"twitter:site\" content=\"@Stingfreesnus\" \/>\n<meta name=\"twitter:label1\" content=\"Ansl. lesetid\" \/>\n\t<meta name=\"twitter:data1\" content=\"3 minutter\" \/>\n<script type=\"application\/ld+json\" class=\"yoast-schema-graph\">{\"@context\":\"https:\\\/\\\/schema.org\",\"@graph\":[{\"@type\":\"WebPage\",\"@id\":\"https:\\\/\\\/stingfreesnus.se\\\/om-oss\\\/\",\"url\":\"https:\\\/\\\/stingfreesnus.se\\\/om-oss\\\/\",\"name\":\"Om oss - Stingfree\",\"isPartOf\":{\"@id\":\"https:\\\/\\\/stingfreesnus.se\\\/#website\"},\"primaryImageOfPage\":{\"@id\":\"https:\\\/\\\/stingfreesnus.se\\\/om-oss\\\/#primaryimage\"},\"image\":{\"@id\":\"https:\\\/\\\/stingfreesnus.se\\\/om-oss\\\/#primaryimage\"},\"thumbnailUrl\":\"https:\\\/\\\/stingfreesnus.se\\\/wp-content\\\/uploads\\\/2023\\\/10\\\/Bengt-Wiberg-Innovator-1024x681.jpg\",\"datePublished\":\"2023-10-06T12:01:09+00:00\",\"dateModified\":\"2024-02-07T14:16:44+00:00\",\"breadcrumb\":{\"@id\":\"https:\\\/\\\/stingfreesnus.se\\\/om-oss\\\/#breadcrumb\"},\"inLanguage\":\"nb-NO\",\"potentialAction\":[{\"@type\":\"ReadAction\",\"target\":[\"https:\\\/\\\/stingfreesnus.se\\\/om-oss\\\/\"]}]},{\"@type\":\"ImageObject\",\"inLanguage\":\"nb-NO\",\"@id\":\"https:\\\/\\\/stingfreesnus.se\\\/om-oss\\\/#primaryimage\",\"url\":\"https:\\\/\\\/stingfreesnus.se\\\/wp-content\\\/uploads\\\/2023\\\/10\\\/Bengt-Wiberg-Innovator-1024x681.jpg\",\"contentUrl\":\"https:\\\/\\\/stingfreesnus.se\\\/wp-content\\\/uploads\\\/2023\\\/10\\\/Bengt-Wiberg-Innovator-1024x681.jpg\"},{\"@type\":\"BreadcrumbList\",\"@id\":\"https:\\\/\\\/stingfreesnus.se\\\/om-oss\\\/#breadcrumb\",\"itemListElement\":[{\"@type\":\"ListItem\",\"position\":1,\"name\":\"Hem\",\"item\":\"https:\\\/\\\/stingfreesnus.se\\\/\"},{\"@type\":\"ListItem\",\"position\":2,\"name\":\"Om oss\"}]},{\"@type\":\"WebSite\",\"@id\":\"https:\\\/\\\/stingfreesnus.se\\\/#website\",\"url\":\"https:\\\/\\\/stingfreesnus.se\\\/\",\"name\":\"Stingfree\",\"description\":\"Snus med skydd mot sveda och irritation p\u00e5 tandk\u00f6ttet\",\"publisher\":{\"@id\":\"https:\\\/\\\/stingfreesnus.se\\\/#organization\"},\"potentialAction\":[{\"@type\":\"SearchAction\",\"target\":{\"@type\":\"EntryPoint\",\"urlTemplate\":\"https:\\\/\\\/stingfreesnus.se\\\/?s={search_term_string}\"},\"query-input\":{\"@type\":\"PropertyValueSpecification\",\"valueRequired\":true,\"valueName\":\"search_term_string\"}}],\"inLanguage\":\"nb-NO\"},{\"@type\":\"Organization\",\"@id\":\"https:\\\/\\\/stingfreesnus.se\\\/#organization\",\"name\":\"Stingfree\",\"url\":\"https:\\\/\\\/stingfreesnus.se\\\/\",\"logo\":{\"@type\":\"ImageObject\",\"inLanguage\":\"nb-NO\",\"@id\":\"https:\\\/\\\/stingfreesnus.se\\\/#\\\/schema\\\/logo\\\/image\\\/\",\"url\":\"https:\\\/\\\/i0.wp.com\\\/stingfreesnus.se\\\/wp-content\\\/uploads\\\/logonew.webp?fit=918%2C589&ssl=1\",\"contentUrl\":\"https:\\\/\\\/i0.wp.com\\\/stingfreesnus.se\\\/wp-content\\\/uploads\\\/logonew.webp?fit=918%2C589&ssl=1\",\"width\":918,\"height\":589,\"caption\":\"Stingfree\"},\"image\":{\"@id\":\"https:\\\/\\\/stingfreesnus.se\\\/#\\\/schema\\\/logo\\\/image\\\/\"},\"sameAs\":[\"https:\\\/\\\/www.facebook.com\\\/stingfreesnus\",\"https:\\\/\\\/x.com\\\/Stingfreesnus\"]}]}<\/script>\n<!-- \/ Yoast SEO plugin. -->","yoast_head_json":{"title":"Om oss - Stingfree","robots":{"index":"index","follow":"follow","max-snippet":"max-snippet:-1","max-image-preview":"max-image-preview:large","max-video-preview":"max-video-preview:-1"},"canonical":"https:\/\/stingfreesnus.se\/nb\/om-oss\/","og_locale":"nb_NO","og_type":"article","og_title":"Om oss - Stingfree","og_description":"Efter att hans tandl\u00e4kare konstaterat att han hade skador p\u00e5 tandk\u00f6ttet s\u00e5 fick Bengt Wiberg en galen id\u00e9 \u2013 &#8221;vad [&hellip;]","og_url":"https:\/\/stingfreesnus.se\/nb\/om-oss\/","og_site_name":"Stingfree","article_publisher":"https:\/\/www.facebook.com\/stingfreesnus","article_modified_time":"2024-02-07T14:16:44+00:00","og_image":[{"url":"https:\/\/stingfreesnus.se\/wp-content\/uploads\/2023\/10\/Bengt-Wiberg-Innovator-1024x681.jpg","type":"","width":"","height":""}],"twitter_card":"summary_large_image","twitter_site":"@Stingfreesnus","twitter_misc":{"Ansl. lesetid":"3 minutter"},"schema":{"@context":"https:\/\/schema.org","@graph":[{"@type":"WebPage","@id":"https:\/\/stingfreesnus.se\/om-oss\/","url":"https:\/\/stingfreesnus.se\/om-oss\/","name":"Om oss - Stingfree","isPartOf":{"@id":"https:\/\/stingfreesnus.se\/#website"},"primaryImageOfPage":{"@id":"https:\/\/stingfreesnus.se\/om-oss\/#primaryimage"},"image":{"@id":"https:\/\/stingfreesnus.se\/om-oss\/#primaryimage"},"thumbnailUrl":"https:\/\/stingfreesnus.se\/wp-content\/uploads\/2023\/10\/Bengt-Wiberg-Innovator-1024x681.jpg","datePublished":"2023-10-06T12:01:09+00:00","dateModified":"2024-02-07T14:16:44+00:00","breadcrumb":{"@id":"https:\/\/stingfreesnus.se\/om-oss\/#breadcrumb"},"inLanguage":"nb-NO","potentialAction":[{"@type":"ReadAction","target":["https:\/\/stingfreesnus.se\/om-oss\/"]}]},{"@type":"ImageObject","inLanguage":"nb-NO","@id":"https:\/\/stingfreesnus.se\/om-oss\/#primaryimage","url":"https:\/\/stingfreesnus.se\/wp-content\/uploads\/2023\/10\/Bengt-Wiberg-Innovator-1024x681.jpg","contentUrl":"https:\/\/stingfreesnus.se\/wp-content\/uploads\/2023\/10\/Bengt-Wiberg-Innovator-1024x681.jpg"},{"@type":"BreadcrumbList","@id":"https:\/\/stingfreesnus.se\/om-oss\/#breadcrumb","itemListElement":[{"@type":"ListItem","position":1,"name":"Hem","item":"https:\/\/stingfreesnus.se\/"},{"@type":"ListItem","position":2,"name":"Om oss"}]},{"@type":"WebSite","@id":"https:\/\/stingfreesnus.se\/#website","url":"https:\/\/stingfreesnus.se\/","name":"Stingfree","description":"Snus med beskyttelse mot svie og irritasjon i tannkj\u00f8ttet","publisher":{"@id":"https:\/\/stingfreesnus.se\/#organization"},"potentialAction":[{"@type":"SearchAction","target":{"@type":"EntryPoint","urlTemplate":"https:\/\/stingfreesnus.se\/?s={search_term_string}"},"query-input":{"@type":"PropertyValueSpecification","valueRequired":true,"valueName":"search_term_string"}}],"inLanguage":"nb-NO"},{"@type":"Organization","@id":"https:\/\/stingfreesnus.se\/#organization","name":"Stingfree","url":"https:\/\/stingfreesnus.se\/","logo":{"@type":"ImageObject","inLanguage":"nb-NO","@id":"https:\/\/stingfreesnus.se\/#\/schema\/logo\/image\/","url":"https:\/\/i0.wp.com\/stingfreesnus.se\/wp-content\/uploads\/logonew.webp?fit=918%2C589&ssl=1","contentUrl":"https:\/\/i0.wp.com\/stingfreesnus.se\/wp-content\/uploads\/logonew.webp?fit=918%2C589&ssl=1","width":918,"height":589,"caption":"Stingfree"},"image":{"@id":"https:\/\/stingfreesnus.se\/#\/schema\/logo\/image\/"},"sameAs":["https:\/\/www.facebook.com\/stingfreesnus","https:\/\/x.com\/Stingfreesnus"]}]}},"uagb_featured_image_src":{"full":false,"thumbnail":false,"medium":false,"medium_large":false,"large":false,"1536x1536":false,"2048x2048":false,"trp-custom-language-flag":false,"woocommerce_thumbnail":false,"woocommerce_single":false,"woocommerce_gallery_thumbnail":false},"uagb_author_info":{"display_name":"Daniel","author_link":"https:\/\/stingfreesnus.se\/nb\/author\/daniel\/"},"uagb_comment_info":0,"uagb_excerpt":"Efter att hans tandl\u00e4kare konstaterat att han hade skador p\u00e5 tandk\u00f6ttet s\u00e5 fick Bengt Wiberg en galen id\u00e9 \u2013 &#8221;vad [&hellip;]","jetpack_likes_enabled":true,"jetpack_sharing_enabled":true,"_links":{"self":[{"href":"https:\/\/stingfreesnus.se\/nb\/wp-json\/wp\/v2\/pages\/560","targetHints":{"allow":["GET"]}}],"collection":[{"href":"https:\/\/stingfreesnus.se\/nb\/wp-json\/wp\/v2\/pages"}],"about":[{"href":"https:\/\/stingfreesnus.se\/nb\/wp-json\/wp\/v2\/types\/page"}],"author":[{"embeddable":true,"href":"https:\/\/stingfreesnus.se\/nb\/wp-json\/wp\/v2\/users\/3"}],"replies":[{"embeddable":true,"href":"https:\/\/stingfreesnus.se\/nb\/wp-json\/wp\/v2\/comments?post=560"}],"version-history":[{"count":6,"href":"https:\/\/stingfreesnus.se\/nb\/wp-json\/wp\/v2\/pages\/560\/revisions"}],"predecessor-version":[{"id":1514,"href":"https:\/\/stingfreesnus.se\/nb\/wp-json\/wp\/v2\/pages\/560\/revisions\/1514"}],"wp:attachment":[{"href":"https:\/\/stingfreesnus.se\/nb\/wp-json\/wp\/v2\/media?parent=560"}],"curies":[{"name":"wp","href":"https:\/\/api.w.org\/{rel}","templated":true}]}}