{"id":651,"date":"2023-11-01T23:33:44","date_gmt":"2023-11-01T22:33:44","guid":{"rendered":"https:\/\/stingfreesnus.se\/?page_id=651"},"modified":"2024-02-12T11:06:50","modified_gmt":"2024-02-12T10:06:50","slug":"slutte-a-snuse","status":"publish","type":"page","link":"https:\/\/stingfreesnus.se\/nb\/sluta-snusa\/","title":{"rendered":"\u00c5 slutte \u00e5 snuse - en guide"},"content":{"rendered":"<figure class=\"wp-block-image size-full\"><img data-recalc-dims=\"1\" loading=\"lazy\" decoding=\"async\" width=\"1607\" height=\"2047\" src=\"https:\/\/i0.wp.com\/stingfreesnus.se\/wp-content\/uploads\/sluta-snusa-guide.jpg?resize=1607%2C2047&#038;ssl=1\" alt=\"Slutt \u00e5 snuse - En guide for deg som vil slutte \u00e5 snuse\" class=\"wp-image-1315\" srcset=\"https:\/\/i0.wp.com\/stingfreesnus.se\/wp-content\/uploads\/sluta-snusa-guide.jpg?w=1607&amp;ssl=1 1607w, https:\/\/i0.wp.com\/stingfreesnus.se\/wp-content\/uploads\/sluta-snusa-guide.jpg?resize=236%2C300&amp;ssl=1 236w, https:\/\/i0.wp.com\/stingfreesnus.se\/wp-content\/uploads\/sluta-snusa-guide.jpg?resize=804%2C1024&amp;ssl=1 804w, https:\/\/i0.wp.com\/stingfreesnus.se\/wp-content\/uploads\/sluta-snusa-guide.jpg?resize=768%2C978&amp;ssl=1 768w, https:\/\/i0.wp.com\/stingfreesnus.se\/wp-content\/uploads\/sluta-snusa-guide.jpg?resize=1206%2C1536&amp;ssl=1 1206w\" sizes=\"auto, (max-width: 1000px) 100vw, 1000px\" \/><figcaption class=\"wp-element-caption\">Slutt \u00e5 snuse - En guide for deg som synes det er vanskelig \u00e5 slutte \u00e5 r\u00f8yke eller snuse<\/figcaption><\/figure>\n\n\n\n<p>Snusbruk er en vanlig vane i Sverige, men mange \u00f8nsker \u00e5 slutte \u00e5 snuse av ulike \u00e5rsaker. Noen vil slutte \u00e5 r\u00f8yke eller slutte \u00e5 bruke snus med tobakk og g\u00e5 over til tobakksfri hvit snus, kjent som <a previewlistener=\"true\" href=\"https:\/\/stingfreesnus.se\/nb\/\">nikotinposer<\/a>. Det kan v\u00e6re vanskelig nok og krever en plan. \u00c5 bytte fra tobakk eller l\u00f8ssnus til nikotinposer kan ogs\u00e5 v\u00e6re et skritt p\u00e5 veien til \u00e5 bli snusfri. Andre \u00f8nsker \u00e5 slutte helt med snus og nikotin. Her er en guide som kan hjelpe deg med \u00e5 slutte med snus.<\/p>\n\n\n\n<h2 class=\"wp-block-heading\">Forst\u00e5 hvorfor du vil slutte \u00e5 snuse<\/h2>\n\n\n\n<p>Det f\u00f8rste steget for \u00e5 slutte \u00e5 snuse er \u00e5 forst\u00e5 hvorfor du \u00f8nsker \u00e5 slutte. Kanskje du \u00f8nsker \u00e5 forbedre din <a href=\"https:\/\/stingfreesnus.se\/nb\/snus-hals\/\">oral helse<\/a>, spare penger, eller bare f\u00f8le deg fri fra avhengigheten. Skriv ned grunnene dine og se p\u00e5 dem n\u00e5r du f\u00f8ler trang til \u00e5 snuse. Det er viktig at dette er dine egne grunner, og at du tror p\u00e5 dem. Ikke bare ta en lang - kanskje for deg uoppn\u00e5elig - liste du finner n\u00e5r du googler eller leser om i en avis. <\/p>\n\n\n\n<h2 class=\"wp-block-heading\">Angi en sluttdato<\/h2>\n\n\n\n<p>Velg en dato i l\u00f8pet av de neste to ukene som din f\u00f8rste \u201csnusfrie dag\u201d. Da f\u00e5r du tid til \u00e5 forberede deg mentalt og fysisk p\u00e5 utfordringen.<\/p>\n\n\n\n<h2 class=\"wp-block-heading\">S\u00f8k st\u00f8tte<\/h2>\n\n\n\n<p>Det kan v\u00e6re en utfordring \u00e5 slutte \u00e5 snuse, og det kan v\u00e6re sv\u00e6rt nyttig \u00e5 f\u00e5 st\u00f8tte. Dette kan v\u00e6re venner, familie eller profesjonelle r\u00e5dgivere. Det finnes ogs\u00e5 mange ressurser og fora p\u00e5 nettet der du kan f\u00e5 r\u00e5d og st\u00f8tte fra andre som har v\u00e6rt gjennom det samme.<\/p>\n\n\n\n<h2 class=\"wp-block-heading\">Bruk nikotinerstatningsprodukter<\/h2>\n\n\n\n<p>Det finnes mange ulike nikotinerstatningsprodukter som kan hjelpe deg med \u00e5 h\u00e5ndtere abstinenssymptomer. Disse inkluderer nikotinplaster, nikotintyggegummi, tabletter, inhalatorer og spray. Snakk med legen din eller apoteket om hvilket produkt som passer best for deg.<\/p>\n\n\n\n<h2 class=\"wp-block-heading\">H\u00e5ndtering av s\u00f8tsug<\/h2>\n\n\n\n<p>Det vil komme perioder hvor du f\u00f8ler en sterk trang til \u00e5 snuse. Det er viktig \u00e5 ha strategier for \u00e5 h\u00e5ndtere slike situasjoner. Det kan for eksempel v\u00e6re \u00e5 puste dypt, trene eller spise noe sunt.<\/p>\n\n\n\n<p> For noen hjelper det \u00e5 legge papir, en bit ingef\u00e6r eller noe annet under leppen. Over tid b\u00f8r du bli helt vant til \u00e5 ha noe under leppen.  <\/p>\n\n\n\n<h2 class=\"wp-block-heading\">Bel\u00f8nn deg selv<\/h2>\n\n\n\n<p>Hver dag uten snus er en prestasjon. Bel\u00f8nn deg selv regelmessig for fremgangen din. Dette kan v\u00e6re s\u00e5 enkelt som \u00e5 tenke p\u00e5 hva du har oppn\u00e5dd s\u00e5 langt. Unng\u00e5 godteri, brus eller andre bel\u00f8nninger der du spiser eller drikker noe. En st\u00f8rre bel\u00f8nning p\u00e5 sikt kan ogs\u00e5 fungere som en ekstra oppmuntring og noe \u00e5 se frem til n\u00e5r det f\u00f8les t\u00f8ft.<\/p>\n\n\n\n<p>Husk at det aldri er for sent \u00e5 slutte \u00e5 snuse. Med riktig st\u00f8tte og verkt\u00f8y kan du overvinne avhengigheten din og leve et snusfritt liv. Hold ut og kjemp! Hvis du ikke lykkes i f\u00f8rste omgang - pr\u00f8v igjen.<\/p>","protected":false},"excerpt":{"rendered":"<p>Snusning \u00e4r en vanlig vana i Sverige, men m\u00e5nga m\u00e4nniskor vill sluta snusa av olika sk\u00e4l. En del vill sluta [&hellip;]<\/p>\n","protected":false},"author":3,"featured_media":0,"parent":0,"menu_order":0,"comment_status":"closed","ping_status":"closed","template":"","meta":{"_acf_changed":false,"_uag_custom_page_level_css":"","site-sidebar-layout":"default","site-content-layout":"","ast-site-content-layout":"default","site-content-style":"default","site-sidebar-style":"default","ast-global-header-display":"","ast-banner-title-visibility":"","ast-main-header-display":"","ast-hfb-above-header-display":"","ast-hfb-below-header-display":"","ast-hfb-mobile-header-display":"","site-post-title":"","ast-breadcrumbs-content":"","ast-featured-img":"","footer-sml-layout":"","ast-disable-related-posts":"","theme-transparent-header-meta":"","adv-header-id-meta":"","stick-header-meta":"","header-above-stick-meta":"","header-main-stick-meta":"","header-below-stick-meta":"","astra-migrate-meta-layouts":"default","ast-page-background-enabled":"default","ast-page-background-meta":{"desktop":{"background-color":"var(--ast-global-color-5)","background-image":"","background-repeat":"repeat","background-position":"center center","background-size":"auto","background-attachment":"scroll","background-type":"","background-media":"","overlay-type":"","overlay-color":"","overlay-opacity":"","overlay-gradient":""},"tablet":{"background-color":"","background-image":"","background-repeat":"repeat","background-position":"center center","background-size":"auto","background-attachment":"scroll","background-type":"","background-media":"","overlay-type":"","overlay-color":"","overlay-opacity":"","overlay-gradient":""},"mobile":{"background-color":"","background-image":"","background-repeat":"repeat","background-position":"center center","background-size":"auto","background-attachment":"scroll","background-type":"","background-media":"","overlay-type":"","overlay-color":"","overlay-opacity":"","overlay-gradient":""}},"ast-content-background-meta":{"desktop":{"background-color":"var(--ast-global-color-4)","background-image":"","background-repeat":"repeat","background-position":"center center","background-size":"auto","background-attachment":"scroll","background-type":"","background-media":"","overlay-type":"","overlay-color":"","overlay-opacity":"","overlay-gradient":""},"tablet":{"background-color":"var(--ast-global-color-4)","background-image":"","background-repeat":"repeat","background-position":"center center","background-size":"auto","background-attachment":"scroll","background-type":"","background-media":"","overlay-type":"","overlay-color":"","overlay-opacity":"","overlay-gradient":""},"mobile":{"background-color":"var(--ast-global-color-4)","background-image":"","background-repeat":"repeat","background-position":"center center","background-size":"auto","background-attachment":"scroll","background-type":"","background-media":"","overlay-type":"","overlay-color":"","overlay-opacity":"","overlay-gradient":""}},"footnotes":""},"class_list":["post-651","page","type-page","status-publish","hentry"],"acf":[],"yoast_head":"<!-- This site is optimized with the Yoast SEO plugin v27.4 - https:\/\/yoast.com\/product\/yoast-seo-wordpress\/ -->\n<title>Att sluta snusa \u2013 En guide - Stingfree<\/title>\n<meta name=\"description\" content=\"Sluta snusa med v\u00e5r guide! B\u00f6rja med att f\u00f6rst\u00e5 varf\u00f6r just du vill sluta snusa. F\u00f6rb\u00e4ttra munh\u00e4lsa, spara pengar eller bli fri fr\u00e5n beroende.\" \/>\n<meta name=\"robots\" content=\"index, follow, max-snippet:-1, max-image-preview:large, max-video-preview:-1\" \/>\n<link rel=\"canonical\" href=\"https:\/\/stingfreesnus.se\/nb\/slutte-a-snuse\/\" \/>\n<meta property=\"og:locale\" content=\"nb_NO\" \/>\n<meta property=\"og:type\" content=\"article\" \/>\n<meta property=\"og:title\" content=\"Att sluta snusa \u2013 En guide - Stingfree\" \/>\n<meta property=\"og:description\" content=\"Sluta snusa med v\u00e5r guide! B\u00f6rja med att f\u00f6rst\u00e5 varf\u00f6r just du vill sluta snusa. F\u00f6rb\u00e4ttra munh\u00e4lsa, spara pengar eller bli fri fr\u00e5n beroende.\" \/>\n<meta property=\"og:url\" content=\"https:\/\/stingfreesnus.se\/nb\/slutte-a-snuse\/\" \/>\n<meta property=\"og:site_name\" content=\"Stingfree\" \/>\n<meta property=\"article:publisher\" content=\"https:\/\/www.facebook.com\/stingfreesnus\" \/>\n<meta property=\"article:modified_time\" content=\"2024-02-12T10:06:50+00:00\" \/>\n<meta property=\"og:image\" content=\"https:\/\/stingfreesnus.se\/wp-content\/uploads\/sluta-snusa-guide.jpg\" \/>\n<meta name=\"twitter:card\" content=\"summary_large_image\" \/>\n<meta name=\"twitter:site\" content=\"@Stingfreesnus\" \/>\n<meta name=\"twitter:label1\" content=\"Ansl. lesetid\" \/>\n\t<meta name=\"twitter:data1\" content=\"3 minutter\" \/>\n<script type=\"application\/ld+json\" class=\"yoast-schema-graph\">{\"@context\":\"https:\\\/\\\/schema.org\",\"@graph\":[{\"@type\":\"WebPage\",\"@id\":\"https:\\\/\\\/stingfreesnus.se\\\/sluta-snusa\\\/\",\"url\":\"https:\\\/\\\/stingfreesnus.se\\\/sluta-snusa\\\/\",\"name\":\"Att sluta snusa \u2013 En guide - Stingfree\",\"isPartOf\":{\"@id\":\"https:\\\/\\\/stingfreesnus.se\\\/#website\"},\"primaryImageOfPage\":{\"@id\":\"https:\\\/\\\/stingfreesnus.se\\\/sluta-snusa\\\/#primaryimage\"},\"image\":{\"@id\":\"https:\\\/\\\/stingfreesnus.se\\\/sluta-snusa\\\/#primaryimage\"},\"thumbnailUrl\":\"https:\\\/\\\/stingfreesnus.se\\\/wp-content\\\/uploads\\\/sluta-snusa-guide.jpg\",\"datePublished\":\"2023-11-01T22:33:44+00:00\",\"dateModified\":\"2024-02-12T10:06:50+00:00\",\"description\":\"Sluta snusa med v\u00e5r guide! B\u00f6rja med att f\u00f6rst\u00e5 varf\u00f6r just du vill sluta snusa. F\u00f6rb\u00e4ttra munh\u00e4lsa, spara pengar eller bli fri fr\u00e5n beroende.\",\"breadcrumb\":{\"@id\":\"https:\\\/\\\/stingfreesnus.se\\\/sluta-snusa\\\/#breadcrumb\"},\"inLanguage\":\"nb-NO\",\"potentialAction\":[{\"@type\":\"ReadAction\",\"target\":[\"https:\\\/\\\/stingfreesnus.se\\\/sluta-snusa\\\/\"]}]},{\"@type\":\"ImageObject\",\"inLanguage\":\"nb-NO\",\"@id\":\"https:\\\/\\\/stingfreesnus.se\\\/sluta-snusa\\\/#primaryimage\",\"url\":\"https:\\\/\\\/stingfreesnus.se\\\/wp-content\\\/uploads\\\/sluta-snusa-guide.jpg\",\"contentUrl\":\"https:\\\/\\\/stingfreesnus.se\\\/wp-content\\\/uploads\\\/sluta-snusa-guide.jpg\"},{\"@type\":\"BreadcrumbList\",\"@id\":\"https:\\\/\\\/stingfreesnus.se\\\/sluta-snusa\\\/#breadcrumb\",\"itemListElement\":[{\"@type\":\"ListItem\",\"position\":1,\"name\":\"Hem\",\"item\":\"https:\\\/\\\/stingfreesnus.se\\\/\"},{\"@type\":\"ListItem\",\"position\":2,\"name\":\"Att sluta snusa \u2013 En guide\"}]},{\"@type\":\"WebSite\",\"@id\":\"https:\\\/\\\/stingfreesnus.se\\\/#website\",\"url\":\"https:\\\/\\\/stingfreesnus.se\\\/\",\"name\":\"Stingfree\",\"description\":\"Snus med skydd mot sveda och irritation p\u00e5 tandk\u00f6ttet\",\"publisher\":{\"@id\":\"https:\\\/\\\/stingfreesnus.se\\\/#organization\"},\"potentialAction\":[{\"@type\":\"SearchAction\",\"target\":{\"@type\":\"EntryPoint\",\"urlTemplate\":\"https:\\\/\\\/stingfreesnus.se\\\/?s={search_term_string}\"},\"query-input\":{\"@type\":\"PropertyValueSpecification\",\"valueRequired\":true,\"valueName\":\"search_term_string\"}}],\"inLanguage\":\"nb-NO\"},{\"@type\":\"Organization\",\"@id\":\"https:\\\/\\\/stingfreesnus.se\\\/#organization\",\"name\":\"Stingfree\",\"url\":\"https:\\\/\\\/stingfreesnus.se\\\/\",\"logo\":{\"@type\":\"ImageObject\",\"inLanguage\":\"nb-NO\",\"@id\":\"https:\\\/\\\/stingfreesnus.se\\\/#\\\/schema\\\/logo\\\/image\\\/\",\"url\":\"https:\\\/\\\/i0.wp.com\\\/stingfreesnus.se\\\/wp-content\\\/uploads\\\/logonew.webp?fit=918%2C589&ssl=1\",\"contentUrl\":\"https:\\\/\\\/i0.wp.com\\\/stingfreesnus.se\\\/wp-content\\\/uploads\\\/logonew.webp?fit=918%2C589&ssl=1\",\"width\":918,\"height\":589,\"caption\":\"Stingfree\"},\"image\":{\"@id\":\"https:\\\/\\\/stingfreesnus.se\\\/#\\\/schema\\\/logo\\\/image\\\/\"},\"sameAs\":[\"https:\\\/\\\/www.facebook.com\\\/stingfreesnus\",\"https:\\\/\\\/x.com\\\/Stingfreesnus\"]}]}<\/script>\n<!-- \/ Yoast SEO plugin. -->","yoast_head_json":{"title":"Slutte \u00e5 snuse - En guide - Stingfree","description":"Slutt \u00e5 snuse med v\u00e5r guide! Begynn med \u00e5 forst\u00e5 hvorfor du vil slutte \u00e5 snuse. Forbedre munnhelsen, spare penger eller bli kvitt avhengigheten.","robots":{"index":"index","follow":"follow","max-snippet":"max-snippet:-1","max-image-preview":"max-image-preview:large","max-video-preview":"max-video-preview:-1"},"canonical":"https:\/\/stingfreesnus.se\/nb\/slutte-a-snuse\/","og_locale":"nb_NO","og_type":"article","og_title":"Att sluta snusa \u2013 En guide - Stingfree","og_description":"Sluta snusa med v\u00e5r guide! B\u00f6rja med att f\u00f6rst\u00e5 varf\u00f6r just du vill sluta snusa. F\u00f6rb\u00e4ttra munh\u00e4lsa, spara pengar eller bli fri fr\u00e5n beroende.","og_url":"https:\/\/stingfreesnus.se\/nb\/slutte-a-snuse\/","og_site_name":"Stingfree","article_publisher":"https:\/\/www.facebook.com\/stingfreesnus","article_modified_time":"2024-02-12T10:06:50+00:00","og_image":[{"url":"https:\/\/stingfreesnus.se\/wp-content\/uploads\/sluta-snusa-guide.jpg","type":"","width":"","height":""}],"twitter_card":"summary_large_image","twitter_site":"@Stingfreesnus","twitter_misc":{"Ansl. lesetid":"3 minutter"},"schema":{"@context":"https:\/\/schema.org","@graph":[{"@type":"WebPage","@id":"https:\/\/stingfreesnus.se\/sluta-snusa\/","url":"https:\/\/stingfreesnus.se\/sluta-snusa\/","name":"Slutte \u00e5 snuse - En guide - Stingfree","isPartOf":{"@id":"https:\/\/stingfreesnus.se\/#website"},"primaryImageOfPage":{"@id":"https:\/\/stingfreesnus.se\/sluta-snusa\/#primaryimage"},"image":{"@id":"https:\/\/stingfreesnus.se\/sluta-snusa\/#primaryimage"},"thumbnailUrl":"https:\/\/stingfreesnus.se\/wp-content\/uploads\/sluta-snusa-guide.jpg","datePublished":"2023-11-01T22:33:44+00:00","dateModified":"2024-02-12T10:06:50+00:00","description":"Slutt \u00e5 snuse med v\u00e5r guide! Begynn med \u00e5 forst\u00e5 hvorfor du vil slutte \u00e5 snuse. Forbedre munnhelsen, spare penger eller bli kvitt avhengigheten.","breadcrumb":{"@id":"https:\/\/stingfreesnus.se\/sluta-snusa\/#breadcrumb"},"inLanguage":"nb-NO","potentialAction":[{"@type":"ReadAction","target":["https:\/\/stingfreesnus.se\/sluta-snusa\/"]}]},{"@type":"ImageObject","inLanguage":"nb-NO","@id":"https:\/\/stingfreesnus.se\/sluta-snusa\/#primaryimage","url":"https:\/\/stingfreesnus.se\/wp-content\/uploads\/sluta-snusa-guide.jpg","contentUrl":"https:\/\/stingfreesnus.se\/wp-content\/uploads\/sluta-snusa-guide.jpg"},{"@type":"BreadcrumbList","@id":"https:\/\/stingfreesnus.se\/sluta-snusa\/#breadcrumb","itemListElement":[{"@type":"ListItem","position":1,"name":"Hem","item":"https:\/\/stingfreesnus.se\/"},{"@type":"ListItem","position":2,"name":"Att sluta snusa \u2013 En guide"}]},{"@type":"WebSite","@id":"https:\/\/stingfreesnus.se\/#website","url":"https:\/\/stingfreesnus.se\/","name":"Stingfree","description":"Snus med beskyttelse mot svie og irritasjon i tannkj\u00f8ttet","publisher":{"@id":"https:\/\/stingfreesnus.se\/#organization"},"potentialAction":[{"@type":"SearchAction","target":{"@type":"EntryPoint","urlTemplate":"https:\/\/stingfreesnus.se\/?s={search_term_string}"},"query-input":{"@type":"PropertyValueSpecification","valueRequired":true,"valueName":"search_term_string"}}],"inLanguage":"nb-NO"},{"@type":"Organization","@id":"https:\/\/stingfreesnus.se\/#organization","name":"Stingfree","url":"https:\/\/stingfreesnus.se\/","logo":{"@type":"ImageObject","inLanguage":"nb-NO","@id":"https:\/\/stingfreesnus.se\/#\/schema\/logo\/image\/","url":"https:\/\/i0.wp.com\/stingfreesnus.se\/wp-content\/uploads\/logonew.webp?fit=918%2C589&ssl=1","contentUrl":"https:\/\/i0.wp.com\/stingfreesnus.se\/wp-content\/uploads\/logonew.webp?fit=918%2C589&ssl=1","width":918,"height":589,"caption":"Stingfree"},"image":{"@id":"https:\/\/stingfreesnus.se\/#\/schema\/logo\/image\/"},"sameAs":["https:\/\/www.facebook.com\/stingfreesnus","https:\/\/x.com\/Stingfreesnus"]}]}},"uagb_featured_image_src":{"full":false,"thumbnail":false,"medium":false,"medium_large":false,"large":false,"1536x1536":false,"2048x2048":false,"trp-custom-language-flag":false,"woocommerce_thumbnail":false,"woocommerce_single":false,"woocommerce_gallery_thumbnail":false},"uagb_author_info":{"display_name":"Daniel","author_link":"https:\/\/stingfreesnus.se\/nb\/author\/daniel\/"},"uagb_comment_info":0,"uagb_excerpt":"Snusning \u00e4r en vanlig vana i Sverige, men m\u00e5nga m\u00e4nniskor vill sluta snusa av olika sk\u00e4l. En del vill sluta [&hellip;]","jetpack_likes_enabled":true,"jetpack_sharing_enabled":true,"_links":{"self":[{"href":"https:\/\/stingfreesnus.se\/nb\/wp-json\/wp\/v2\/pages\/651","targetHints":{"allow":["GET"]}}],"collection":[{"href":"https:\/\/stingfreesnus.se\/nb\/wp-json\/wp\/v2\/pages"}],"about":[{"href":"https:\/\/stingfreesnus.se\/nb\/wp-json\/wp\/v2\/types\/page"}],"author":[{"embeddable":true,"href":"https:\/\/stingfreesnus.se\/nb\/wp-json\/wp\/v2\/users\/3"}],"replies":[{"embeddable":true,"href":"https:\/\/stingfreesnus.se\/nb\/wp-json\/wp\/v2\/comments?post=651"}],"version-history":[{"count":8,"href":"https:\/\/stingfreesnus.se\/nb\/wp-json\/wp\/v2\/pages\/651\/revisions"}],"predecessor-version":[{"id":1613,"href":"https:\/\/stingfreesnus.se\/nb\/wp-json\/wp\/v2\/pages\/651\/revisions\/1613"}],"wp:attachment":[{"href":"https:\/\/stingfreesnus.se\/nb\/wp-json\/wp\/v2\/media?parent=651"}],"curies":[{"name":"wp","href":"https:\/\/api.w.org\/{rel}","templated":true}]}}