{"id":1199,"date":"2023-12-20T12:39:33","date_gmt":"2023-12-20T11:39:33","guid":{"rendered":"https:\/\/stingfreesnus.se\/?page_id=1199"},"modified":"2026-02-16T16:38:31","modified_gmt":"2026-02-16T15:38:31","slug":"%e7%91%9e%e5%85%b8%e5%8f%af%e4%b9%90","status":"publish","type":"page","link":"https:\/\/stingfreesnus.se\/zh\/swedish-cola\/","title":{"rendered":"\u4e0d\u542b\u9152\u7cbe\u7684\u745e\u5178\u53ef\u4e50"},"content":{"rendered":"<div class=\"wp-block-columns stingfree-carribean-baner container-width is-layout-flex wp-container-core-columns-is-layout-5daf5506 wp-block-columns-is-layout-flex\" style=\"padding-top:80px;padding-right:0;padding-bottom:70px;padding-left:0\">\n<div class=\"wp-block-column is-layout-flow wp-block-column-is-layout-flow\" style=\"flex-basis:50%\">\n\n\n\n\n<figure class=\"wp-block-image aligncenter size-full single-product-img\"><img data-recalc-dims=\"1\" loading=\"lazy\" decoding=\"async\" width=\"700\" height=\"697\" src=\"https:\/\/i0.wp.com\/stingfreesnus.se\/wp-content\/uploads\/Swedish-Cola-top-label-eng.png?resize=700%2C697&#038;ssl=1\" alt=\"\" class=\"wp-image-5054\" srcset=\"https:\/\/i0.wp.com\/stingfreesnus.se\/wp-content\/uploads\/Swedish-Cola-top-label-eng.png?w=700&amp;ssl=1 700w, https:\/\/i0.wp.com\/stingfreesnus.se\/wp-content\/uploads\/Swedish-Cola-top-label-eng.png?resize=300%2C300&amp;ssl=1 300w, https:\/\/i0.wp.com\/stingfreesnus.se\/wp-content\/uploads\/Swedish-Cola-top-label-eng.png?resize=150%2C150&amp;ssl=1 150w, https:\/\/i0.wp.com\/stingfreesnus.se\/wp-content\/uploads\/Swedish-Cola-top-label-eng.png?resize=12%2C12&amp;ssl=1 12w\" sizes=\"auto, (max-width: 700px) 100vw, 700px\" \/><\/figure>\n\n\n\n<div class=\"wp-block-buttons caribbean-banner-button  orange-btn is-content-justification-center is-layout-flex wp-container-core-buttons-is-layout-a89b3969 wp-block-buttons-is-layout-flex\" data-aos=\"fade-up\">\n<div class=\"wp-block-button is-style-fill\"><a class=\"wp-block-button__link has-background has-custom-font-size wp-element-button\" href=\"https:\/\/stingfreesnus.se\/zh\/#KopStingfree\" style=\"border-radius:10px;background-color:#eb5648;padding-top:17px;padding-right:35px;padding-bottom:17px;padding-left:35px;font-size:18px\">\u8d2d\u4e70\u65e0\u81bb\u5473\u745e\u5178\u53ef\u4e50<\/a><\/div>\n<\/div>\n<\/div>\n\n\n\n<div class=\"wp-block-column is-vertically-aligned-center is-layout-flow wp-block-column-is-layout-flow\" style=\"padding-left:0px;flex-basis:50%\" data-aos=\"fade-right\">\n<div class=\"wp-block-uagb-advanced-heading uagb-block-775f56fb\"><h1 class=\"uagb-heading-text\">\u4e0d\u542b\u9152\u7cbe\u7684\u745e\u5178\u53ef\u4e50&nbsp;<\/h1><\/div>\n\n\n\n<div class=\"wp-block-uagb-advanced-heading uagb-block-a95c38f0\"><p class=\"uagb-heading-text\"><strong>\u4e0d\u542b\u9152\u7cbe\u7684\u745e\u5178\u53ef\u4e50<\/strong>\u00a0\u5bf9\u4e8e\u60f3\u8981\u4eab\u53d7\u7ef5\u957f\u987a\u6ed1\u7684\u9f3b\u70df\u4f53\u9a8c\u7684\u4eba\u6765\u8bf4\uff0c\u8fd9\u662f\u4e00\u4e2a\u5b8c\u7f8e\u7684\u9009\u62e9\u3002 <strong>\u9178\u751c\u53ef\u4e50\u5473\u548c\u53e3\u9999\u7cd6\u4fdd\u62a4<\/strong>. .\u586b\u5145\u597d\u7684\u836f\u4e38\u5448\u7c98\u6db2\u72b6\uff0c\u5728\u5634\u5507\u4e0b\u5f88\u9690\u853d\u3002.<\/p><\/div>\n\n\n\n<div class=\"wp-block-uagb-advanced-heading uagb-block-08c3c8e9\"><p class=\"uagb-heading-text\">Stingfree \u9f3b\u70df\u4e0e\u5176\u4ed6\u5c3c\u53e4\u4e01\u888b\u548c\u9f3b\u70df\u54c1\u79cd\u7684\u4e0d\u540c\u4e4b\u5904\u5728\u4e8e\u5b83\u7684\u521b\u65b0\u8bbe\u8ba1\u3002\u6bcf\u7c92\u9f3b\u70df\u90fd\u6709\u4e00\u4e2a\u5185\u7f6e\u5c4f\u969c\uff0c\u53ef\u9632\u6b62\u71c3\u70e7\u548c\u523a\u6fc0\u7259\u9f88\u3002. <strong>\u84dd\u8272\u7684\u4e00\u9762\u8d34\u7740\u7259\u9f88\u3002.<\/strong> \u4e0e\u666e\u901a\u836f\u4e38\u76f8\u6bd4\uff0c\u8fd9\u79cd\u963b\u9694\u8fd8\u80fd\u5e26\u6765\u66f4\u6301\u4e45\u7684\u98ce\u5473\u548c\u5c3c\u53e4\u4e01\u4f53\u9a8c\u3002.<\/p><\/div>\n\n\n\n<div class=\"wp-block-uagb-advanced-heading uagb-block-9a696f6e\"><p class=\"uagb-heading-text\">Stingfree \u745e\u5178\u53ef\u4e50\u662f\u4e00\u79cd\u975e\u5e38\u6e29\u548c\u6021\u4eba\u7684\u9f3b\u70df\uff0c\u5c31\u50cf\u590f\u5929\u540a\u5e8a\u65c1\u7684\u4e00\u7bb1\u8f6f\u996e\u6599\u3002\u6ca1\u6709\u95ee\u9898\uff0c\u4e5f\u4e0d\u4f1a\u707c\u4f24\u7259\u9f88\u3002.<\/p><\/div>\n\n\n\n<div class=\"wp-block-uagb-advanced-heading uagb-block-03144f36\"><p class=\"uagb-heading-text\">\u65e0\u70df\u8482\u4ea7\u54c1\u4e0d\u542b\u70df\u8349\uff0c\u800c\u662f\u542b\u6709\u9999\u6599\u3001\u589e\u7a20\u5242\u3001\u586b\u5145\u5242\u3001\u76d0\u3001\u5c3c\u53e4\u4e01\u3001\u751c\u5473\u5242\u3001\u7a33\u5b9a\u5242\u3001\u9178\u5ea6\u8c03\u8282\u5242\u3001\u6c34\u548c\u690d\u7269\u7ea4\u7ef4\u3002\u4f7f\u7528\u540e\uff0c\u70df\u4e38\u548c\u666e\u901a\u70df\u4e38\u4e00\u6837\u88ab\u4e22\u5f03\u3002.<\/p><\/div>\n\n\n\n<div class=\"wp-block-uagb-advanced-heading uagb-block-b245ca19\"><p class=\"uagb-heading-text\"><br><a href=\"https:\/\/stingfreesnus.se\/zh\/%e5%a4%b4\/\"><\/a><\/p><\/div>\n<\/div>\n<\/div>\n\n\n\n<div class=\"wp-block-uagb-container table-outer-panel uagb-block-2242fe4b alignfull uagb-is-root-container\"><div class=\"uagb-container-inner-blocks-wrap\">\n<div class=\"wp-block-uagb-container uagb-block-61da91dd\">\n<div class=\"wp-block-uagb-advanced-heading uagb-block-ea275e03\" data-aos=\"slide-up\"><h2 class=\"uagb-heading-text\">\u5173\u4e8e\u4ea7\u54c1\u7684\u4e8b\u5b9e<\/h2><\/div>\n\n\n\n<figure class=\"wp-block-table is-style-stripes  stingfree-table-outer\" data-aos=\"slide-up\"><table><tbody><tr><td><strong>\u5546\u6807<\/strong><\/td><td>Stingfree<\/td><\/tr><tr><td><strong>\u4ea7\u54c1\u7c7b\u578b<\/strong><\/td><td>\u65e0\u523a\u5c3c\u53e4\u4e01\u888b\uff08\u65e0\u70df\u8349\u767d\u9f3b\u70df\uff09<\/td><\/tr><tr><td><strong>\u76d2\u5b50<\/strong><\/td><td>\u9ad8\u7bb1<\/td><\/tr><tr><td><strong>\u5c3c\u53e4\u4e01\u5f3a\u5ea6<\/strong><\/td><td>\u6b63\u5e38<\/td><\/tr><tr><td><strong>\u5c3c\u53e4\u4e01\u542b\u91cf<\/strong><\/td><td>12 \u6beb\u514b\/\u514b<\/td><\/tr><tr><td><strong>\u6bcf\u888b\u5c3c\u53e4\u4e01<\/strong><\/td><td>6 \u6beb\u514b\u7684<\/td><\/tr><tr><td><strong>\u98ce\u5473<\/strong><\/td><td>\u53ef\u4e50<\/td><\/tr><tr><td><strong>\u5185\u5bb9\/\u5305\u88c5<\/strong><\/td><td>11 g<\/td><\/tr><tr><td><strong>\u683c\u5f0f<\/strong><\/td><td>\u82d7\u6761<\/td><\/tr><tr><td><strong>\u5236\u7247\u4eba<\/strong><\/td><td>Stingfree AB<\/td><\/tr><\/tbody><\/table><\/figure>\n<\/div>\n<\/div><\/div>","protected":false},"excerpt":{"rendered":"<p>Stingfree Swedish Cola&nbsp; Stingfree Swedish Cola\u00a0\u00e4r det perfekta valet f\u00f6r dig som vill njuta av en l\u00e5ng, mild snusupplevelse med [&hellip;]<\/p>\n","protected":false},"author":3,"featured_media":0,"parent":0,"menu_order":0,"comment_status":"closed","ping_status":"closed","template":"","meta":{"_acf_changed":false,"_uag_custom_page_level_css":"","site-sidebar-layout":"default","site-content-layout":"","ast-site-content-layout":"","site-content-style":"default","site-sidebar-style":"default","ast-global-header-display":"","ast-banner-title-visibility":"","ast-main-header-display":"","ast-hfb-above-header-display":"","ast-hfb-below-header-display":"","ast-hfb-mobile-header-display":"","site-post-title":"disabled","ast-breadcrumbs-content":"","ast-featured-img":"","footer-sml-layout":"","ast-disable-related-posts":"","theme-transparent-header-meta":"","adv-header-id-meta":"","stick-header-meta":"","header-above-stick-meta":"","header-main-stick-meta":"","header-below-stick-meta":"","astra-migrate-meta-layouts":"default","ast-page-background-enabled":"default","ast-page-background-meta":{"desktop":{"background-color":"var(--ast-global-color-4)","background-image":"","background-repeat":"repeat","background-position":"center center","background-size":"auto","background-attachment":"scroll","background-type":"","background-media":"","overlay-type":"","overlay-color":"","overlay-opacity":"","overlay-gradient":""},"tablet":{"background-color":"","background-image":"","background-repeat":"repeat","background-position":"center center","background-size":"auto","background-attachment":"scroll","background-type":"","background-media":"","overlay-type":"","overlay-color":"","overlay-opacity":"","overlay-gradient":""},"mobile":{"background-color":"","background-image":"","background-repeat":"repeat","background-position":"center center","background-size":"auto","background-attachment":"scroll","background-type":"","background-media":"","overlay-type":"","overlay-color":"","overlay-opacity":"","overlay-gradient":""}},"ast-content-background-meta":{"desktop":{"background-color":"var(--ast-global-color-5)","background-image":"","background-repeat":"repeat","background-position":"center center","background-size":"auto","background-attachment":"scroll","background-type":"","background-media":"","overlay-type":"","overlay-color":"","overlay-opacity":"","overlay-gradient":""},"tablet":{"background-color":"var(--ast-global-color-5)","background-image":"","background-repeat":"repeat","background-position":"center center","background-size":"auto","background-attachment":"scroll","background-type":"","background-media":"","overlay-type":"","overlay-color":"","overlay-opacity":"","overlay-gradient":""},"mobile":{"background-color":"var(--ast-global-color-5)","background-image":"","background-repeat":"repeat","background-position":"center center","background-size":"auto","background-attachment":"scroll","background-type":"","background-media":"","overlay-type":"","overlay-color":"","overlay-opacity":"","overlay-gradient":""}},"footnotes":""},"class_list":["post-1199","page","type-page","status-publish","hentry"],"acf":[],"yoast_head":"<!-- This site is optimized with the Yoast SEO plugin v27.4 - https:\/\/yoast.com\/product\/yoast-seo-wordpress\/ -->\n<title>Stingfree Swedish Cola - Stingfree<\/title>\n<meta name=\"description\" content=\"Stingfree Swedish Cola \u00e4r det perfekta valet f\u00f6r dig som vill njuta av en l\u00e5ng, mild snusupplevelse med s\u00f6t och syrlig colasmak och skydd f\u00f6r tandk\u00f6ttet.\" \/>\n<meta name=\"robots\" content=\"index, follow, max-snippet:-1, max-image-preview:large, max-video-preview:-1\" \/>\n<link rel=\"canonical\" href=\"https:\/\/stingfreesnus.se\/zh\/\u745e\u5178\u53ef\u4e50\/\" \/>\n<meta property=\"og:locale\" content=\"zh_CN\" \/>\n<meta property=\"og:type\" content=\"article\" \/>\n<meta property=\"og:title\" content=\"Stingfree Swedish Cola - Stingfree\" \/>\n<meta property=\"og:description\" content=\"Stingfree Swedish Cola \u00e4r det perfekta valet f\u00f6r dig som vill njuta av en l\u00e5ng, mild snusupplevelse med s\u00f6t och syrlig colasmak och skydd f\u00f6r tandk\u00f6ttet.\" \/>\n<meta property=\"og:url\" content=\"https:\/\/stingfreesnus.se\/zh\/\u745e\u5178\u53ef\u4e50\/\" \/>\n<meta property=\"og:site_name\" content=\"Stingfree\" \/>\n<meta property=\"article:publisher\" content=\"https:\/\/www.facebook.com\/stingfreesnus\" \/>\n<meta property=\"article:modified_time\" content=\"2026-02-16T15:38:31+00:00\" \/>\n<meta property=\"og:image\" content=\"https:\/\/stingfreesnus.se\/wp-content\/uploads\/Swedish-Cola-front-prillor.png\" \/>\n<meta name=\"twitter:card\" content=\"summary_large_image\" \/>\n<meta name=\"twitter:site\" content=\"@Stingfreesnus\" \/>\n<meta name=\"twitter:label1\" content=\"\u9884\u8ba1\u9605\u8bfb\u65f6\u95f4\" \/>\n\t<meta name=\"twitter:data1\" content=\"2 \u5206\" \/>\n<script type=\"application\/ld+json\" class=\"yoast-schema-graph\">{\"@context\":\"https:\\\/\\\/schema.org\",\"@graph\":[{\"@type\":\"WebPage\",\"@id\":\"https:\\\/\\\/stingfreesnus.se\\\/swedish-cola\\\/\",\"url\":\"https:\\\/\\\/stingfreesnus.se\\\/swedish-cola\\\/\",\"name\":\"Stingfree Swedish Cola - Stingfree\",\"isPartOf\":{\"@id\":\"https:\\\/\\\/stingfreesnus.se\\\/#website\"},\"primaryImageOfPage\":{\"@id\":\"https:\\\/\\\/stingfreesnus.se\\\/swedish-cola\\\/#primaryimage\"},\"image\":{\"@id\":\"https:\\\/\\\/stingfreesnus.se\\\/swedish-cola\\\/#primaryimage\"},\"thumbnailUrl\":\"https:\\\/\\\/stingfreesnus.se\\\/wp-content\\\/uploads\\\/Swedish-Cola-front-prillor.png\",\"datePublished\":\"2023-12-20T11:39:33+00:00\",\"dateModified\":\"2026-02-16T15:38:31+00:00\",\"description\":\"Stingfree Swedish Cola \u00e4r det perfekta valet f\u00f6r dig som vill njuta av en l\u00e5ng, mild snusupplevelse med s\u00f6t och syrlig colasmak och skydd f\u00f6r tandk\u00f6ttet.\",\"breadcrumb\":{\"@id\":\"https:\\\/\\\/stingfreesnus.se\\\/swedish-cola\\\/#breadcrumb\"},\"inLanguage\":\"zh-Hans\",\"potentialAction\":[{\"@type\":\"ReadAction\",\"target\":[\"https:\\\/\\\/stingfreesnus.se\\\/swedish-cola\\\/\"]}]},{\"@type\":\"ImageObject\",\"inLanguage\":\"zh-Hans\",\"@id\":\"https:\\\/\\\/stingfreesnus.se\\\/swedish-cola\\\/#primaryimage\",\"url\":\"https:\\\/\\\/stingfreesnus.se\\\/wp-content\\\/uploads\\\/Swedish-Cola-front-prillor.png\",\"contentUrl\":\"https:\\\/\\\/stingfreesnus.se\\\/wp-content\\\/uploads\\\/Swedish-Cola-front-prillor.png\"},{\"@type\":\"BreadcrumbList\",\"@id\":\"https:\\\/\\\/stingfreesnus.se\\\/swedish-cola\\\/#breadcrumb\",\"itemListElement\":[{\"@type\":\"ListItem\",\"position\":1,\"name\":\"Hem\",\"item\":\"https:\\\/\\\/stingfreesnus.se\\\/\"},{\"@type\":\"ListItem\",\"position\":2,\"name\":\"Stingfree Swedish Cola\"}]},{\"@type\":\"WebSite\",\"@id\":\"https:\\\/\\\/stingfreesnus.se\\\/#website\",\"url\":\"https:\\\/\\\/stingfreesnus.se\\\/\",\"name\":\"Stingfree\",\"description\":\"Snus med skydd mot sveda och irritation p\u00e5 tandk\u00f6ttet\",\"publisher\":{\"@id\":\"https:\\\/\\\/stingfreesnus.se\\\/#organization\"},\"potentialAction\":[{\"@type\":\"SearchAction\",\"target\":{\"@type\":\"EntryPoint\",\"urlTemplate\":\"https:\\\/\\\/stingfreesnus.se\\\/?s={search_term_string}\"},\"query-input\":{\"@type\":\"PropertyValueSpecification\",\"valueRequired\":true,\"valueName\":\"search_term_string\"}}],\"inLanguage\":\"zh-Hans\"},{\"@type\":\"Organization\",\"@id\":\"https:\\\/\\\/stingfreesnus.se\\\/#organization\",\"name\":\"Stingfree\",\"url\":\"https:\\\/\\\/stingfreesnus.se\\\/\",\"logo\":{\"@type\":\"ImageObject\",\"inLanguage\":\"zh-Hans\",\"@id\":\"https:\\\/\\\/stingfreesnus.se\\\/#\\\/schema\\\/logo\\\/image\\\/\",\"url\":\"https:\\\/\\\/i0.wp.com\\\/stingfreesnus.se\\\/wp-content\\\/uploads\\\/logonew.webp?fit=918%2C589&ssl=1\",\"contentUrl\":\"https:\\\/\\\/i0.wp.com\\\/stingfreesnus.se\\\/wp-content\\\/uploads\\\/logonew.webp?fit=918%2C589&ssl=1\",\"width\":918,\"height\":589,\"caption\":\"Stingfree\"},\"image\":{\"@id\":\"https:\\\/\\\/stingfreesnus.se\\\/#\\\/schema\\\/logo\\\/image\\\/\"},\"sameAs\":[\"https:\\\/\\\/www.facebook.com\\\/stingfreesnus\",\"https:\\\/\\\/x.com\\\/Stingfreesnus\"]}]}<\/script>\n<!-- \/ Yoast SEO plugin. -->","yoast_head_json":{"title":"Stingfree \u745e\u5178\u53ef\u4e50 - Stingfree","description":"Stingfree \u745e\u5178\u53ef\u4e50\u662f\u90a3\u4e9b\u5e0c\u671b\u4eab\u53d7\u60a0\u957f\u6e29\u548c\u7684\u9f3b\u70df\u4f53\u9a8c\u3001\u9178\u751c\u53ef\u4e50\u53e3\u5473\u548c\u53e3\u9999\u7cd6\u4fdd\u62a4\u7684\u4eba\u7684\u6700\u4f73\u9009\u62e9\u3002.","robots":{"index":"index","follow":"follow","max-snippet":"max-snippet:-1","max-image-preview":"max-image-preview:large","max-video-preview":"max-video-preview:-1"},"canonical":"https:\/\/stingfreesnus.se\/zh\/\u745e\u5178\u53ef\u4e50\/","og_locale":"zh_CN","og_type":"article","og_title":"Stingfree Swedish Cola - Stingfree","og_description":"Stingfree Swedish Cola \u00e4r det perfekta valet f\u00f6r dig som vill njuta av en l\u00e5ng, mild snusupplevelse med s\u00f6t och syrlig colasmak och skydd f\u00f6r tandk\u00f6ttet.","og_url":"https:\/\/stingfreesnus.se\/zh\/\u745e\u5178\u53ef\u4e50\/","og_site_name":"Stingfree","article_publisher":"https:\/\/www.facebook.com\/stingfreesnus","article_modified_time":"2026-02-16T15:38:31+00:00","og_image":[{"url":"https:\/\/stingfreesnus.se\/wp-content\/uploads\/Swedish-Cola-front-prillor.png","type":"","width":"","height":""}],"twitter_card":"summary_large_image","twitter_site":"@Stingfreesnus","twitter_misc":{"\u9884\u8ba1\u9605\u8bfb\u65f6\u95f4":"2 \u5206"},"schema":{"@context":"https:\/\/schema.org","@graph":[{"@type":"WebPage","@id":"https:\/\/stingfreesnus.se\/swedish-cola\/","url":"https:\/\/stingfreesnus.se\/swedish-cola\/","name":"Stingfree \u745e\u5178\u53ef\u4e50 - Stingfree","isPartOf":{"@id":"https:\/\/stingfreesnus.se\/#website"},"primaryImageOfPage":{"@id":"https:\/\/stingfreesnus.se\/swedish-cola\/#primaryimage"},"image":{"@id":"https:\/\/stingfreesnus.se\/swedish-cola\/#primaryimage"},"thumbnailUrl":"https:\/\/stingfreesnus.se\/wp-content\/uploads\/Swedish-Cola-front-prillor.png","datePublished":"2023-12-20T11:39:33+00:00","dateModified":"2026-02-16T15:38:31+00:00","description":"Stingfree \u745e\u5178\u53ef\u4e50\u662f\u90a3\u4e9b\u5e0c\u671b\u4eab\u53d7\u60a0\u957f\u6e29\u548c\u7684\u9f3b\u70df\u4f53\u9a8c\u3001\u9178\u751c\u53ef\u4e50\u53e3\u5473\u548c\u53e3\u9999\u7cd6\u4fdd\u62a4\u7684\u4eba\u7684\u6700\u4f73\u9009\u62e9\u3002.","breadcrumb":{"@id":"https:\/\/stingfreesnus.se\/swedish-cola\/#breadcrumb"},"inLanguage":"zh-Hans","potentialAction":[{"@type":"ReadAction","target":["https:\/\/stingfreesnus.se\/swedish-cola\/"]}]},{"@type":"ImageObject","inLanguage":"zh-Hans","@id":"https:\/\/stingfreesnus.se\/swedish-cola\/#primaryimage","url":"https:\/\/stingfreesnus.se\/wp-content\/uploads\/Swedish-Cola-front-prillor.png","contentUrl":"https:\/\/stingfreesnus.se\/wp-content\/uploads\/Swedish-Cola-front-prillor.png"},{"@type":"BreadcrumbList","@id":"https:\/\/stingfreesnus.se\/swedish-cola\/#breadcrumb","itemListElement":[{"@type":"ListItem","position":1,"name":"Hem","item":"https:\/\/stingfreesnus.se\/"},{"@type":"ListItem","position":2,"name":"Stingfree Swedish Cola"}]},{"@type":"WebSite","@id":"https:\/\/stingfreesnus.se\/#website","url":"https:\/\/stingfreesnus.se\/","name":"Stingfree","description":"\u9632\u6b62\u7259\u9f88\u707c\u4f24\u548c\u523a\u6fc0\u7684\u65af\u52aa\u65af","publisher":{"@id":"https:\/\/stingfreesnus.se\/#organization"},"potentialAction":[{"@type":"SearchAction","target":{"@type":"EntryPoint","urlTemplate":"https:\/\/stingfreesnus.se\/?s={search_term_string}"},"query-input":{"@type":"PropertyValueSpecification","valueRequired":true,"valueName":"search_term_string"}}],"inLanguage":"zh-Hans"},{"@type":"Organization","@id":"https:\/\/stingfreesnus.se\/#organization","name":"Stingfree","url":"https:\/\/stingfreesnus.se\/","logo":{"@type":"ImageObject","inLanguage":"zh-Hans","@id":"https:\/\/stingfreesnus.se\/#\/schema\/logo\/image\/","url":"https:\/\/i0.wp.com\/stingfreesnus.se\/wp-content\/uploads\/logonew.webp?fit=918%2C589&ssl=1","contentUrl":"https:\/\/i0.wp.com\/stingfreesnus.se\/wp-content\/uploads\/logonew.webp?fit=918%2C589&ssl=1","width":918,"height":589,"caption":"Stingfree"},"image":{"@id":"https:\/\/stingfreesnus.se\/#\/schema\/logo\/image\/"},"sameAs":["https:\/\/www.facebook.com\/stingfreesnus","https:\/\/x.com\/Stingfreesnus"]}]}},"uagb_featured_image_src":{"full":false,"thumbnail":false,"medium":false,"medium_large":false,"large":false,"1536x1536":false,"2048x2048":false,"trp-custom-language-flag":false,"woocommerce_thumbnail":false,"woocommerce_single":false,"woocommerce_gallery_thumbnail":false},"uagb_author_info":{"display_name":"Daniel","author_link":"https:\/\/stingfreesnus.se\/zh\/author\/daniel\/"},"uagb_comment_info":0,"uagb_excerpt":"Stingfree Swedish Cola&nbsp; Stingfree Swedish Cola\u00a0\u00e4r det perfekta valet f\u00f6r dig som vill njuta av en l\u00e5ng, mild snusupplevelse med [&hellip;]","jetpack_likes_enabled":true,"jetpack_sharing_enabled":true,"_links":{"self":[{"href":"https:\/\/stingfreesnus.se\/zh\/wp-json\/wp\/v2\/pages\/1199","targetHints":{"allow":["GET"]}}],"collection":[{"href":"https:\/\/stingfreesnus.se\/zh\/wp-json\/wp\/v2\/pages"}],"about":[{"href":"https:\/\/stingfreesnus.se\/zh\/wp-json\/wp\/v2\/types\/page"}],"author":[{"embeddable":true,"href":"https:\/\/stingfreesnus.se\/zh\/wp-json\/wp\/v2\/users\/3"}],"replies":[{"embeddable":true,"href":"https:\/\/stingfreesnus.se\/zh\/wp-json\/wp\/v2\/comments?post=1199"}],"version-history":[{"count":19,"href":"https:\/\/stingfreesnus.se\/zh\/wp-json\/wp\/v2\/pages\/1199\/revisions"}],"predecessor-version":[{"id":5265,"href":"https:\/\/stingfreesnus.se\/zh\/wp-json\/wp\/v2\/pages\/1199\/revisions\/5265"}],"wp:attachment":[{"href":"https:\/\/stingfreesnus.se\/zh\/wp-json\/wp\/v2\/media?parent=1199"}],"curies":[{"name":"wp","href":"https:\/\/api.w.org\/{rel}","templated":true}]}}