{"id":651,"date":"2023-11-01T23:33:44","date_gmt":"2023-11-01T22:33:44","guid":{"rendered":"https:\/\/stingfreesnus.se\/?page_id=651"},"modified":"2024-02-12T11:06:50","modified_gmt":"2024-02-12T10:06:50","slug":"%e6%88%92%e7%83%9f","status":"publish","type":"page","link":"https:\/\/stingfreesnus.se\/zh\/sluta-snusa\/","title":{"rendered":"\u6212\u70df\u6307\u5357"},"content":{"rendered":"<figure class=\"wp-block-image size-full\"><img data-recalc-dims=\"1\" loading=\"lazy\" decoding=\"async\" width=\"1607\" height=\"2047\" src=\"https:\/\/i0.wp.com\/stingfreesnus.se\/wp-content\/uploads\/sluta-snusa-guide.jpg?resize=1607%2C2047&#038;ssl=1\" alt=\"\u505c\u6b62\u5438\u98df\u9f3b\u70df - \u4e3a\u60f3\u8981\u505c\u6b62\u5438\u98df\u9f3b\u70df\u7684\u4eba\u63d0\u4f9b\u7684\u6307\u5357\" class=\"wp-image-1315\" srcset=\"https:\/\/i0.wp.com\/stingfreesnus.se\/wp-content\/uploads\/sluta-snusa-guide.jpg?w=1607&amp;ssl=1 1607w, https:\/\/i0.wp.com\/stingfreesnus.se\/wp-content\/uploads\/sluta-snusa-guide.jpg?resize=236%2C300&amp;ssl=1 236w, https:\/\/i0.wp.com\/stingfreesnus.se\/wp-content\/uploads\/sluta-snusa-guide.jpg?resize=804%2C1024&amp;ssl=1 804w, https:\/\/i0.wp.com\/stingfreesnus.se\/wp-content\/uploads\/sluta-snusa-guide.jpg?resize=768%2C978&amp;ssl=1 768w, https:\/\/i0.wp.com\/stingfreesnus.se\/wp-content\/uploads\/sluta-snusa-guide.jpg?resize=1206%2C1536&amp;ssl=1 1206w\" sizes=\"auto, (max-width: 1000px) 100vw, 1000px\" \/><figcaption class=\"wp-element-caption\">\u6212\u6389\u9f3b\u70df - \u4e3a\u96be\u4ee5\u6212\u70df\u6216\u6212\u6389\u9f3b\u70df\u7684\u4eba\u63d0\u4f9b\u7684\u6307\u5357<\/figcaption><\/figure>\n\n\n\n<p>\u4f7f\u7528\u9f3b\u70df\u5728\u745e\u5178\u662f\u4e00\u79cd\u5e38\u89c1\u7684\u4e60\u60ef\uff0c\u4f46\u8bb8\u591a\u4eba\u51fa\u4e8e\u5404\u79cd\u539f\u56e0\u60f3\u8981\u505c\u6b62\u4f7f\u7528\u9f3b\u70df\u3002\u6709\u4e9b\u4eba\u60f3\u6212\u70df\u6216\u505c\u6b62\u4f7f\u7528\u542b\u70df\u8349\u7684\u9f3b\u70df\uff0c\u8f6c\u800c\u4f7f\u7528\u4e0d\u542b\u70df\u8349\u7684\u767d\u9f3b\u70df\uff0c\u8fd9\u79cd\u9f3b\u70df\u88ab\u79f0\u4e3a <a previewlistener=\"true\" href=\"https:\/\/stingfreesnus.se\/zh\/\">\u5c3c\u53e4\u4e01\u888b<\/a>. .\u8fd9\u53ef\u80fd\u5f88\u56f0\u96be\uff0c\u9700\u8981\u4e00\u4e2a\u8ba1\u5212\u3002\u4ece\u70df\u8349\u6216\u6563\u88c5\u9f3b\u70df\u6362\u6210\u5c3c\u53e4\u4e01\u888b\u4e5f\u662f\u901a\u5f80\u65e0\u9f3b\u70df\u4e4b\u8def\u7684\u4e00\u6b65\u3002\u6709\u4e9b\u4eba\u5219\u5e0c\u671b\u5b8c\u5168\u6212\u6389\u9f3b\u70df\u548c\u5c3c\u53e4\u4e01\u3002\u4ee5\u4e0b\u662f\u5e2e\u52a9\u60a8\u6212\u9664\u9f3b\u70df\u7684\u6307\u5357\u3002.<\/p>\n\n\n\n<h2 class=\"wp-block-heading\">\u4e86\u89e3\u4e3a\u4ec0\u4e48\u8981\u6212\u70df<\/h2>\n\n\n\n<p>\u6212\u6389\u9f3b\u70df\u7684\u7b2c\u4e00\u6b65\u662f\u4e86\u89e3\u81ea\u5df1\u4e3a\u4ec0\u4e48\u8981\u6212\u70df\u3002\u4e5f\u8bb8\u60a8\u60f3\u6539\u5584\u60a8\u7684 <a href=\"https:\/\/stingfreesnus.se\/zh\/%e9%bc%bb%e5%92%bd\/\">\u53e3\u8154\u536b\u751f<\/a>, \u4f60\u7684\u7406\u7531\u662f\u4ec0\u4e48\uff1f\u5199\u4e0b\u4f60\u7684\u7406\u7531\uff0c\u5f53\u4f60\u6709\u5438\u98df\u7684\u51b2\u52a8\u65f6\u5c31\u770b\u770b\u5b83\u4eec\u3002\u91cd\u8981\u7684\u662f\uff0c\u8fd9\u4e9b\u90fd\u662f\u4f60\u81ea\u5df1\u7684\u7406\u7531\uff0c\u800c\u4e14\u4f60\u76f8\u4fe1\u5b83\u4eec\u3002\u4e0d\u8981\u53ea\u662f\u5728\u7f51\u4e0a\u641c\u7d22\u6216\u5728\u62a5\u7eb8\u4e0a\u770b\u5230\u7684\u4e00\u957f\u4e32--\u4e5f\u8bb8\u5bf9\u4f60\u6765\u8bf4\u9065\u4e0d\u53ef\u53ca--\u7684\u7406\u7531\u3002. <\/p>\n\n\n\n<h2 class=\"wp-block-heading\">\u8bbe\u5b9a\u7ed3\u675f\u65e5\u671f<\/h2>\n\n\n\n<p>\u5728\u672a\u6765\u4e24\u5468\u5185\u9009\u62e9\u4e00\u4e2a\u65e5\u5b50\u4f5c\u4e3a\u60a8\u7684\u7b2c\u4e00\u4e2a \u201c\u65e0\u9f3b\u70df\u65e5\u201d\u3002\u8fd9\u6837\u60a8\u5c31\u6709\u65f6\u95f4\u4ece\u7cbe\u795e\u4e0a\u548c\u8eab\u4f53\u4e0a\u505a\u597d\u51c6\u5907\uff0c\u8fce\u63a5\u6311\u6218\u3002.<\/p>\n\n\n\n<h2 class=\"wp-block-heading\">\u5bfb\u6c42\u652f\u6301<\/h2>\n\n\n\n<p>\u6212\u9664\u9f3b\u70df\u53ef\u80fd\u662f\u4e00\u9879\u6311\u6218\uff0c\u5f97\u5230\u652f\u6301\u4f1a\u5f88\u6709\u5e2e\u52a9\u3002\u8fd9\u53ef\u4ee5\u662f\u670b\u53cb\u3001\u5bb6\u4eba\u6216\u4e13\u4e1a\u8f85\u5bfc\u5458\u3002\u6b64\u5916\uff0c\u8fd8\u6709\u8bb8\u591a\u5728\u7ebf\u8d44\u6e90\u548c\u8bba\u575b\uff0c\u60a8\u53ef\u4ee5\u4ece\u7ecf\u5386\u8fc7\u540c\u6837\u4e8b\u60c5\u7684\u4eba\u90a3\u91cc\u83b7\u5f97\u5efa\u8bae\u548c\u652f\u6301\u3002.<\/p>\n\n\n\n<h2 class=\"wp-block-heading\">\u4f7f\u7528\u5c3c\u53e4\u4e01\u66ff\u4ee3\u4ea7\u54c1<\/h2>\n\n\n\n<p>\u6709\u8bb8\u591a\u4e0d\u540c\u7684\u5c3c\u53e4\u4e01\u66ff\u4ee3\u4ea7\u54c1\u53ef\u4ee5\u5e2e\u52a9\u60a8\u63a7\u5236\u6212\u65ad\u75c7\u72b6\u3002\u8fd9\u4e9b\u4ea7\u54c1\u5305\u62ec\u5c3c\u53e4\u4e01\u8d34\u7247\u3001\u5c3c\u53e4\u4e01\u53e3\u9999\u7cd6\u3001\u836f\u7247\u3001\u5438\u5165\u5242\u548c\u55b7\u96fe\u5242\u3002\u8bf7\u5411\u60a8\u7684\u533b\u751f\u6216\u836f\u5242\u5e08\u54a8\u8be2\u54ea\u79cd\u4ea7\u54c1\u6700\u9002\u5408\u60a8\u3002.<\/p>\n\n\n\n<h2 class=\"wp-block-heading\">\u63a7\u5236\u6b32\u671b<\/h2>\n\n\n\n<p>\u6709\u65f6\u60a8\u4f1a\u6709\u5f3a\u70c8\u7684\u5438\u98df\u51b2\u52a8\u3002\u91cd\u8981\u7684\u662f\u8981\u6709\u5e94\u5bf9\u8fd9\u4e9b\u60c5\u51b5\u7684\u7b56\u7565\u3002\u8fd9\u53ef\u80fd\u5305\u62ec\u6df1\u547c\u5438\u3001\u953b\u70bc\u6216\u5403\u4e00\u4e9b\u5065\u5eb7\u7684\u4e1c\u897f\u3002.<\/p>\n\n\n\n<p> \u5bf9\u6709\u4e9b\u4eba\u6765\u8bf4\uff0c\u5728\u5634\u5507\u4e0b\u57ab\u7eb8\u3001\u59dc\u7247\u6216\u5176\u4ed6\u4e1c\u897f\u4f1a\u6709\u5e2e\u52a9\u3002\u968f\u7740\u65f6\u95f4\u7684\u63a8\u79fb\uff0c\u4f60\u5e94\u8be5\u4f1a\u5b8c\u5168\u4e60\u60ef\u5728\u5634\u5507\u4e0b\u653e\u4e00\u4e9b\u4e1c\u897f\u3002.  <\/p>\n\n\n\n<h2 class=\"wp-block-heading\">\u5956\u52b1\u81ea\u5df1<\/h2>\n\n\n\n<p>\u6bcf\u5929\u4e0d\u5438\u9f3b\u70df\u90fd\u662f\u4e00\u9879\u6210\u5c31\u3002\u5b9a\u671f\u5956\u52b1\u81ea\u5df1\u7684\u8fdb\u6b65\u3002\u8fd9\u53ef\u4ee5\u5f88\u7b80\u5355\uff0c\u53ea\u9700\u60f3\u60f3\u60a8\u76ee\u524d\u53d6\u5f97\u7684\u6210\u5c31\u3002\u907f\u514d\u751c\u98df\u3001\u8f6f\u996e\u6599\u6216\u5176\u4ed6\u5403\u559d\u5956\u52b1\u3002\u4ece\u957f\u8fdc\u6765\u770b\uff0c\u66f4\u5927\u7684\u5956\u52b1\u4e5f\u80fd\u8d77\u5230\u989d\u5916\u7684\u6fc0\u52b1\u4f5c\u7528\uff0c\u8ba9\u60a8\u5728\u611f\u89c9\u56f0\u96be\u65f6\u6709\u6240\u671f\u5f85\u3002.<\/p>\n\n\n\n<p>\u8bf7\u8bb0\u4f4f\uff0c\u6212\u6389\u9f3b\u70df\u6c38\u8fdc\u4e0d\u4f1a\u592a\u665a\u3002\u53ea\u8981\u6709\u6b63\u786e\u7684\u652f\u6301\u548c\u5de5\u5177\uff0c\u60a8\u5c31\u80fd\u514b\u670d\u9f3b\u70df\u763e\uff0c\u8fc7\u4e0a\u6ca1\u6709\u9f3b\u70df\u7684\u751f\u6d3b\u3002\u575a\u6301\u4e0b\u53bb\uff0c\u52aa\u529b\u594b\u6597\uff01\u5982\u679c\u8d77\u521d\u6ca1\u6709\u6210\u529f\uff0c\u8bf7\u518d\u8bd5\u4e00\u6b21\u3002.<\/p>","protected":false},"excerpt":{"rendered":"<p>Snusning \u00e4r en vanlig vana i Sverige, men m\u00e5nga m\u00e4nniskor vill sluta snusa av olika sk\u00e4l. En del vill sluta [&hellip;]<\/p>\n","protected":false},"author":3,"featured_media":0,"parent":0,"menu_order":0,"comment_status":"closed","ping_status":"closed","template":"","meta":{"_acf_changed":false,"_uag_custom_page_level_css":"","site-sidebar-layout":"default","site-content-layout":"","ast-site-content-layout":"default","site-content-style":"default","site-sidebar-style":"default","ast-global-header-display":"","ast-banner-title-visibility":"","ast-main-header-display":"","ast-hfb-above-header-display":"","ast-hfb-below-header-display":"","ast-hfb-mobile-header-display":"","site-post-title":"","ast-breadcrumbs-content":"","ast-featured-img":"","footer-sml-layout":"","ast-disable-related-posts":"","theme-transparent-header-meta":"","adv-header-id-meta":"","stick-header-meta":"","header-above-stick-meta":"","header-main-stick-meta":"","header-below-stick-meta":"","astra-migrate-meta-layouts":"default","ast-page-background-enabled":"default","ast-page-background-meta":{"desktop":{"background-color":"var(--ast-global-color-5)","background-image":"","background-repeat":"repeat","background-position":"center center","background-size":"auto","background-attachment":"scroll","background-type":"","background-media":"","overlay-type":"","overlay-color":"","overlay-opacity":"","overlay-gradient":""},"tablet":{"background-color":"","background-image":"","background-repeat":"repeat","background-position":"center center","background-size":"auto","background-attachment":"scroll","background-type":"","background-media":"","overlay-type":"","overlay-color":"","overlay-opacity":"","overlay-gradient":""},"mobile":{"background-color":"","background-image":"","background-repeat":"repeat","background-position":"center center","background-size":"auto","background-attachment":"scroll","background-type":"","background-media":"","overlay-type":"","overlay-color":"","overlay-opacity":"","overlay-gradient":""}},"ast-content-background-meta":{"desktop":{"background-color":"var(--ast-global-color-4)","background-image":"","background-repeat":"repeat","background-position":"center center","background-size":"auto","background-attachment":"scroll","background-type":"","background-media":"","overlay-type":"","overlay-color":"","overlay-opacity":"","overlay-gradient":""},"tablet":{"background-color":"var(--ast-global-color-4)","background-image":"","background-repeat":"repeat","background-position":"center center","background-size":"auto","background-attachment":"scroll","background-type":"","background-media":"","overlay-type":"","overlay-color":"","overlay-opacity":"","overlay-gradient":""},"mobile":{"background-color":"var(--ast-global-color-4)","background-image":"","background-repeat":"repeat","background-position":"center center","background-size":"auto","background-attachment":"scroll","background-type":"","background-media":"","overlay-type":"","overlay-color":"","overlay-opacity":"","overlay-gradient":""}},"footnotes":""},"class_list":["post-651","page","type-page","status-publish","hentry"],"acf":[],"yoast_head":"<!-- This site is optimized with the Yoast SEO plugin v27.4 - https:\/\/yoast.com\/product\/yoast-seo-wordpress\/ -->\n<title>Att sluta snusa \u2013 En guide - Stingfree<\/title>\n<meta name=\"description\" content=\"Sluta snusa med v\u00e5r guide! B\u00f6rja med att f\u00f6rst\u00e5 varf\u00f6r just du vill sluta snusa. F\u00f6rb\u00e4ttra munh\u00e4lsa, spara pengar eller bli fri fr\u00e5n beroende.\" \/>\n<meta name=\"robots\" content=\"index, follow, max-snippet:-1, max-image-preview:large, max-video-preview:-1\" \/>\n<link rel=\"canonical\" href=\"https:\/\/stingfreesnus.se\/zh\/\u6212\u70df\/\" \/>\n<meta property=\"og:locale\" content=\"zh_CN\" \/>\n<meta property=\"og:type\" content=\"article\" \/>\n<meta property=\"og:title\" content=\"Att sluta snusa \u2013 En guide - Stingfree\" \/>\n<meta property=\"og:description\" content=\"Sluta snusa med v\u00e5r guide! B\u00f6rja med att f\u00f6rst\u00e5 varf\u00f6r just du vill sluta snusa. F\u00f6rb\u00e4ttra munh\u00e4lsa, spara pengar eller bli fri fr\u00e5n beroende.\" \/>\n<meta property=\"og:url\" content=\"https:\/\/stingfreesnus.se\/zh\/\u6212\u70df\/\" \/>\n<meta property=\"og:site_name\" content=\"Stingfree\" \/>\n<meta property=\"article:publisher\" content=\"https:\/\/www.facebook.com\/stingfreesnus\" \/>\n<meta property=\"article:modified_time\" content=\"2024-02-12T10:06:50+00:00\" \/>\n<meta property=\"og:image\" content=\"https:\/\/stingfreesnus.se\/wp-content\/uploads\/sluta-snusa-guide.jpg\" \/>\n<meta name=\"twitter:card\" content=\"summary_large_image\" \/>\n<meta name=\"twitter:site\" content=\"@Stingfreesnus\" \/>\n<meta name=\"twitter:label1\" content=\"\u9884\u8ba1\u9605\u8bfb\u65f6\u95f4\" \/>\n\t<meta name=\"twitter:data1\" content=\"3 \u5206\" \/>\n<script type=\"application\/ld+json\" class=\"yoast-schema-graph\">{\"@context\":\"https:\\\/\\\/schema.org\",\"@graph\":[{\"@type\":\"WebPage\",\"@id\":\"https:\\\/\\\/stingfreesnus.se\\\/sluta-snusa\\\/\",\"url\":\"https:\\\/\\\/stingfreesnus.se\\\/sluta-snusa\\\/\",\"name\":\"Att sluta snusa \u2013 En guide - Stingfree\",\"isPartOf\":{\"@id\":\"https:\\\/\\\/stingfreesnus.se\\\/#website\"},\"primaryImageOfPage\":{\"@id\":\"https:\\\/\\\/stingfreesnus.se\\\/sluta-snusa\\\/#primaryimage\"},\"image\":{\"@id\":\"https:\\\/\\\/stingfreesnus.se\\\/sluta-snusa\\\/#primaryimage\"},\"thumbnailUrl\":\"https:\\\/\\\/stingfreesnus.se\\\/wp-content\\\/uploads\\\/sluta-snusa-guide.jpg\",\"datePublished\":\"2023-11-01T22:33:44+00:00\",\"dateModified\":\"2024-02-12T10:06:50+00:00\",\"description\":\"Sluta snusa med v\u00e5r guide! B\u00f6rja med att f\u00f6rst\u00e5 varf\u00f6r just du vill sluta snusa. F\u00f6rb\u00e4ttra munh\u00e4lsa, spara pengar eller bli fri fr\u00e5n beroende.\",\"breadcrumb\":{\"@id\":\"https:\\\/\\\/stingfreesnus.se\\\/sluta-snusa\\\/#breadcrumb\"},\"inLanguage\":\"zh-Hans\",\"potentialAction\":[{\"@type\":\"ReadAction\",\"target\":[\"https:\\\/\\\/stingfreesnus.se\\\/sluta-snusa\\\/\"]}]},{\"@type\":\"ImageObject\",\"inLanguage\":\"zh-Hans\",\"@id\":\"https:\\\/\\\/stingfreesnus.se\\\/sluta-snusa\\\/#primaryimage\",\"url\":\"https:\\\/\\\/stingfreesnus.se\\\/wp-content\\\/uploads\\\/sluta-snusa-guide.jpg\",\"contentUrl\":\"https:\\\/\\\/stingfreesnus.se\\\/wp-content\\\/uploads\\\/sluta-snusa-guide.jpg\"},{\"@type\":\"BreadcrumbList\",\"@id\":\"https:\\\/\\\/stingfreesnus.se\\\/sluta-snusa\\\/#breadcrumb\",\"itemListElement\":[{\"@type\":\"ListItem\",\"position\":1,\"name\":\"Hem\",\"item\":\"https:\\\/\\\/stingfreesnus.se\\\/\"},{\"@type\":\"ListItem\",\"position\":2,\"name\":\"Att sluta snusa \u2013 En guide\"}]},{\"@type\":\"WebSite\",\"@id\":\"https:\\\/\\\/stingfreesnus.se\\\/#website\",\"url\":\"https:\\\/\\\/stingfreesnus.se\\\/\",\"name\":\"Stingfree\",\"description\":\"Snus med skydd mot sveda och irritation p\u00e5 tandk\u00f6ttet\",\"publisher\":{\"@id\":\"https:\\\/\\\/stingfreesnus.se\\\/#organization\"},\"potentialAction\":[{\"@type\":\"SearchAction\",\"target\":{\"@type\":\"EntryPoint\",\"urlTemplate\":\"https:\\\/\\\/stingfreesnus.se\\\/?s={search_term_string}\"},\"query-input\":{\"@type\":\"PropertyValueSpecification\",\"valueRequired\":true,\"valueName\":\"search_term_string\"}}],\"inLanguage\":\"zh-Hans\"},{\"@type\":\"Organization\",\"@id\":\"https:\\\/\\\/stingfreesnus.se\\\/#organization\",\"name\":\"Stingfree\",\"url\":\"https:\\\/\\\/stingfreesnus.se\\\/\",\"logo\":{\"@type\":\"ImageObject\",\"inLanguage\":\"zh-Hans\",\"@id\":\"https:\\\/\\\/stingfreesnus.se\\\/#\\\/schema\\\/logo\\\/image\\\/\",\"url\":\"https:\\\/\\\/i0.wp.com\\\/stingfreesnus.se\\\/wp-content\\\/uploads\\\/logonew.webp?fit=918%2C589&ssl=1\",\"contentUrl\":\"https:\\\/\\\/i0.wp.com\\\/stingfreesnus.se\\\/wp-content\\\/uploads\\\/logonew.webp?fit=918%2C589&ssl=1\",\"width\":918,\"height\":589,\"caption\":\"Stingfree\"},\"image\":{\"@id\":\"https:\\\/\\\/stingfreesnus.se\\\/#\\\/schema\\\/logo\\\/image\\\/\"},\"sameAs\":[\"https:\\\/\\\/www.facebook.com\\\/stingfreesnus\",\"https:\\\/\\\/x.com\\\/Stingfreesnus\"]}]}<\/script>\n<!-- \/ Yoast SEO plugin. -->","yoast_head_json":{"title":"\u6212\u70df\u6307\u5357 - Stingfree","description":"\u901a\u8fc7\u6211\u4eec\u7684\u6307\u5357\u6212\u6389\u9f3b\u70df\uff01\u9996\u5148\u4e86\u89e3\u60a8\u4e3a\u4ec0\u4e48\u8981\u6212\u6389\u9f3b\u70df\u3002\u6539\u5584\u53e3\u8154\u5065\u5eb7\u3001\u8282\u7701\u5f00\u652f\u6216\u6212\u9664\u6bd2\u763e\u3002.","robots":{"index":"index","follow":"follow","max-snippet":"max-snippet:-1","max-image-preview":"max-image-preview:large","max-video-preview":"max-video-preview:-1"},"canonical":"https:\/\/stingfreesnus.se\/zh\/\u6212\u70df\/","og_locale":"zh_CN","og_type":"article","og_title":"Att sluta snusa \u2013 En guide - Stingfree","og_description":"Sluta snusa med v\u00e5r guide! B\u00f6rja med att f\u00f6rst\u00e5 varf\u00f6r just du vill sluta snusa. F\u00f6rb\u00e4ttra munh\u00e4lsa, spara pengar eller bli fri fr\u00e5n beroende.","og_url":"https:\/\/stingfreesnus.se\/zh\/\u6212\u70df\/","og_site_name":"Stingfree","article_publisher":"https:\/\/www.facebook.com\/stingfreesnus","article_modified_time":"2024-02-12T10:06:50+00:00","og_image":[{"url":"https:\/\/stingfreesnus.se\/wp-content\/uploads\/sluta-snusa-guide.jpg","type":"","width":"","height":""}],"twitter_card":"summary_large_image","twitter_site":"@Stingfreesnus","twitter_misc":{"\u9884\u8ba1\u9605\u8bfb\u65f6\u95f4":"3 \u5206"},"schema":{"@context":"https:\/\/schema.org","@graph":[{"@type":"WebPage","@id":"https:\/\/stingfreesnus.se\/sluta-snusa\/","url":"https:\/\/stingfreesnus.se\/sluta-snusa\/","name":"\u6212\u70df\u6307\u5357 - Stingfree","isPartOf":{"@id":"https:\/\/stingfreesnus.se\/#website"},"primaryImageOfPage":{"@id":"https:\/\/stingfreesnus.se\/sluta-snusa\/#primaryimage"},"image":{"@id":"https:\/\/stingfreesnus.se\/sluta-snusa\/#primaryimage"},"thumbnailUrl":"https:\/\/stingfreesnus.se\/wp-content\/uploads\/sluta-snusa-guide.jpg","datePublished":"2023-11-01T22:33:44+00:00","dateModified":"2024-02-12T10:06:50+00:00","description":"\u901a\u8fc7\u6211\u4eec\u7684\u6307\u5357\u6212\u6389\u9f3b\u70df\uff01\u9996\u5148\u4e86\u89e3\u60a8\u4e3a\u4ec0\u4e48\u8981\u6212\u6389\u9f3b\u70df\u3002\u6539\u5584\u53e3\u8154\u5065\u5eb7\u3001\u8282\u7701\u5f00\u652f\u6216\u6212\u9664\u6bd2\u763e\u3002.","breadcrumb":{"@id":"https:\/\/stingfreesnus.se\/sluta-snusa\/#breadcrumb"},"inLanguage":"zh-Hans","potentialAction":[{"@type":"ReadAction","target":["https:\/\/stingfreesnus.se\/sluta-snusa\/"]}]},{"@type":"ImageObject","inLanguage":"zh-Hans","@id":"https:\/\/stingfreesnus.se\/sluta-snusa\/#primaryimage","url":"https:\/\/stingfreesnus.se\/wp-content\/uploads\/sluta-snusa-guide.jpg","contentUrl":"https:\/\/stingfreesnus.se\/wp-content\/uploads\/sluta-snusa-guide.jpg"},{"@type":"BreadcrumbList","@id":"https:\/\/stingfreesnus.se\/sluta-snusa\/#breadcrumb","itemListElement":[{"@type":"ListItem","position":1,"name":"Hem","item":"https:\/\/stingfreesnus.se\/"},{"@type":"ListItem","position":2,"name":"Att sluta snusa \u2013 En guide"}]},{"@type":"WebSite","@id":"https:\/\/stingfreesnus.se\/#website","url":"https:\/\/stingfreesnus.se\/","name":"Stingfree","description":"\u9632\u6b62\u7259\u9f88\u707c\u4f24\u548c\u523a\u6fc0\u7684\u65af\u52aa\u65af","publisher":{"@id":"https:\/\/stingfreesnus.se\/#organization"},"potentialAction":[{"@type":"SearchAction","target":{"@type":"EntryPoint","urlTemplate":"https:\/\/stingfreesnus.se\/?s={search_term_string}"},"query-input":{"@type":"PropertyValueSpecification","valueRequired":true,"valueName":"search_term_string"}}],"inLanguage":"zh-Hans"},{"@type":"Organization","@id":"https:\/\/stingfreesnus.se\/#organization","name":"Stingfree","url":"https:\/\/stingfreesnus.se\/","logo":{"@type":"ImageObject","inLanguage":"zh-Hans","@id":"https:\/\/stingfreesnus.se\/#\/schema\/logo\/image\/","url":"https:\/\/i0.wp.com\/stingfreesnus.se\/wp-content\/uploads\/logonew.webp?fit=918%2C589&ssl=1","contentUrl":"https:\/\/i0.wp.com\/stingfreesnus.se\/wp-content\/uploads\/logonew.webp?fit=918%2C589&ssl=1","width":918,"height":589,"caption":"Stingfree"},"image":{"@id":"https:\/\/stingfreesnus.se\/#\/schema\/logo\/image\/"},"sameAs":["https:\/\/www.facebook.com\/stingfreesnus","https:\/\/x.com\/Stingfreesnus"]}]}},"uagb_featured_image_src":{"full":false,"thumbnail":false,"medium":false,"medium_large":false,"large":false,"1536x1536":false,"2048x2048":false,"trp-custom-language-flag":false,"woocommerce_thumbnail":false,"woocommerce_single":false,"woocommerce_gallery_thumbnail":false},"uagb_author_info":{"display_name":"Daniel","author_link":"https:\/\/stingfreesnus.se\/zh\/author\/daniel\/"},"uagb_comment_info":0,"uagb_excerpt":"Snusning \u00e4r en vanlig vana i Sverige, men m\u00e5nga m\u00e4nniskor vill sluta snusa av olika sk\u00e4l. En del vill sluta [&hellip;]","jetpack_likes_enabled":true,"jetpack_sharing_enabled":true,"_links":{"self":[{"href":"https:\/\/stingfreesnus.se\/zh\/wp-json\/wp\/v2\/pages\/651","targetHints":{"allow":["GET"]}}],"collection":[{"href":"https:\/\/stingfreesnus.se\/zh\/wp-json\/wp\/v2\/pages"}],"about":[{"href":"https:\/\/stingfreesnus.se\/zh\/wp-json\/wp\/v2\/types\/page"}],"author":[{"embeddable":true,"href":"https:\/\/stingfreesnus.se\/zh\/wp-json\/wp\/v2\/users\/3"}],"replies":[{"embeddable":true,"href":"https:\/\/stingfreesnus.se\/zh\/wp-json\/wp\/v2\/comments?post=651"}],"version-history":[{"count":8,"href":"https:\/\/stingfreesnus.se\/zh\/wp-json\/wp\/v2\/pages\/651\/revisions"}],"predecessor-version":[{"id":1613,"href":"https:\/\/stingfreesnus.se\/zh\/wp-json\/wp\/v2\/pages\/651\/revisions\/1613"}],"wp:attachment":[{"href":"https:\/\/stingfreesnus.se\/zh\/wp-json\/wp\/v2\/media?parent=651"}],"curies":[{"name":"wp","href":"https:\/\/api.w.org\/{rel}","templated":true}]}}