{"id":5345,"date":"2026-03-18T12:25:01","date_gmt":"2026-03-18T11:25:01","guid":{"rendered":"https:\/\/stingfreesnus.se\/?post_type=product&#038;p=5345"},"modified":"2026-03-30T08:13:39","modified_gmt":"2026-03-30T06:13:39","slug":"%e6%97%a0%e5%88%ba%e5%8a%a0%e5%b7%9e%e6%a1%83","status":"publish","type":"product","link":"https:\/\/stingfreesnus.se\/zh\/product\/stingfree-california-peach\/","title":{"rendered":"\u65e0\u523a\u52a0\u5dde\u6843"},"content":{"rendered":"<p><strong>\u65e0\u523a\u52a0\u5dde\u6843<\/strong>\u00a0\u662f\u5c3c\u53e4\u4e01\u888b\uff0c\u5185\u542b\u00a0<strong>\u7f8e\u5473\u5747\u8861\u7684\u6843\u5b50\u53e3\u5473\u548c\u53e3\u9999\u7cd6\u4fdd\u62a4<\/strong>.\u6e29\u548c\u53ef\u53e3\u7684\u9f3b\u70df\u4f53\u9a8c\uff0c\u9002\u5408\u6574\u4e2a\u5de5\u4f5c\u65e5\u6216\u5468\u672b\u653e\u677e\u8eab\u5fc3\u3002\u586b\u6ee1\u7684\u70df\u4e38\u5448\u7c98\u6db2\u72b6\uff0c\u53ef\u7f6e\u4e8e\u5507\u4e0b\uff0c\u975e\u5e38\u9690\u853d\u3002.<\/p>\n<p>Stingfree \u9f3b\u70df\u4e0e\u5176\u4ed6\u5c3c\u53e4\u4e01\u888b\u548c\u9f3b\u70df\u54c1\u79cd\u7684\u4e0d\u540c\u4e4b\u5904\u5728\u4e8e\u5b83\u7684\u521b\u65b0\u8bbe\u8ba1\u3002\u6bcf\u7c92\u9f3b\u70df\u90fd\u6709\u4e00\u4e2a\u5185\u7f6e\u5c4f\u969c\uff0c\u53ef\u9632\u6b62\u71c3\u70e7\u548c\u523a\u6fc0\u7259\u9f88\u3002.\u00a0<strong>\u84dd\u8272\u7684\u4e00\u9762\u8d34\u7740\u7259\u9f88<\/strong>.\u4e0e\u666e\u901a\u836f\u4e38\u76f8\u6bd4\uff0c\u963b\u9694\u5c42\u8fd8\u80fd\u5e26\u6765\u66f4\u6301\u4e45\u7684\u98ce\u5473\u548c\u5c3c\u53e4\u4e01\u4f53\u9a8c\u3002.<\/p>\n<p>\u68a6\u56de\u9633\u5149\u666e\u7167\u7684\u52a0\u5229\u798f\u5c3c\u4e9a\u6d77\u6ee9\uff0c\u6cbf\u7740\u5927\u82cf\u5c14\u516c\u8def\u65c5\u884c\uff0c\u6216\u5728\u4f18\u80dc\u7f8e\u5730\u767b\u5c71\u63a2\u9669\uff0c\u8fd9\u4e9b\u90fd\u662f\u8fd9\u4e9b\u6de1\u6de1\u6843\u5b50\u5473\u679c\u4ec1\u7cd6\u7684\u7075\u611f\u6765\u6e90\u3002.<\/p>\n<p>\u65e0\u70df\u8482\u4ea7\u54c1\u4e0d\u542b\u70df\u8349\uff0c\u800c\u662f\u542b\u6709\u9999\u6599\u3001\u589e\u7a20\u5242\u3001\u586b\u5145\u5242\u3001\u76d0\u3001\u5c3c\u53e4\u4e01\u3001\u751c\u5473\u5242\u3001\u7a33\u5b9a\u5242\u3001\u9178\u5ea6\u8c03\u8282\u5242\u3001\u6c34\u548c\u690d\u7269\u7ea4\u7ef4\u3002\u4f7f\u7528\u540e\uff0c\u70df\u4e38\u548c\u666e\u901a\u70df\u4e38\u4e00\u6837\u88ab\u4e22\u5f03\u3002.<\/p>","protected":false},"excerpt":{"rendered":"<p>\u6cd5\u5f8b\u89c4\u5b9a\uff0c\u5c3c\u53e4\u4e01\u4ea7\u54c1\u53ea\u80fd\u5356\u7ed9 18 \u5c81\u6216\u4ee5\u4e0a\u7684\u4eba\u3002.<\/p>\n<p>\u5728\u4ed8\u6b3e\u65f6\uff0c\u6211\u4eec\u4f1a\u4f7f\u7528 Mobile BankID \u8fdb\u884c\u5e74\u9f84\u68c0\u67e5\u3002.<\/p>\n<p>\u5982\u679c\u6709\u4eba\u8bd5\u56fe\u4ee5\u4ed6\u4eba\u7684\u540d\u4e49\u884c\u4e8b\uff0c\u6211\u4eec\u6709\u4e49\u52a1\u5411\u8b66\u65b9\u62a5\u544a\u3002.<\/p>\n<p>\u5982\u679c\u6211\u4eec\u6000\u7591\u6709\u6b3a\u8bc8\u884c\u4e3a\uff0c\u6211\u4eec\u6709\u6743\u62d2\u7edd\u8d2d\u4e70\u3002.<\/p>","protected":false},"featured_media":5435,"comment_status":"closed","ping_status":"closed","template":"","meta":{"_acf_changed":false,"_uag_custom_page_level_css":"","site-sidebar-layout":"default","site-content-layout":"","ast-site-content-layout":"default","site-content-style":"default","site-sidebar-style":"default","ast-global-header-display":"","ast-banner-title-visibility":"","ast-main-header-display":"","ast-hfb-above-header-display":"","ast-hfb-below-header-display":"","ast-hfb-mobile-header-display":"","site-post-title":"","ast-breadcrumbs-content":"","ast-featured-img":"","footer-sml-layout":"","ast-disable-related-posts":"","theme-transparent-header-meta":"default","adv-header-id-meta":"","stick-header-meta":"default","header-above-stick-meta":"","header-main-stick-meta":"","header-below-stick-meta":"","astra-migrate-meta-layouts":"set","ast-page-background-enabled":"default","ast-page-background-meta":{"desktop":{"background-color":"var(--ast-global-color-5)","background-image":"","background-repeat":"repeat","background-position":"center center","background-size":"auto","background-attachment":"scroll","background-type":"","background-media":"","overlay-type":"","overlay-color":"","overlay-opacity":"","overlay-gradient":""},"tablet":{"background-color":"","background-image":"","background-repeat":"repeat","background-position":"center center","background-size":"auto","background-attachment":"scroll","background-type":"","background-media":"","overlay-type":"","overlay-color":"","overlay-opacity":"","overlay-gradient":""},"mobile":{"background-color":"","background-image":"","background-repeat":"repeat","background-position":"center center","background-size":"auto","background-attachment":"scroll","background-type":"","background-media":"","overlay-type":"","overlay-color":"","overlay-opacity":"","overlay-gradient":""}},"ast-content-background-meta":{"desktop":{"background-color":"var(--ast-global-color-4)","background-image":"","background-repeat":"repeat","background-position":"center center","background-size":"auto","background-attachment":"scroll","background-type":"","background-media":"","overlay-type":"","overlay-color":"","overlay-opacity":"","overlay-gradient":""},"tablet":{"background-color":"var(--ast-global-color-4)","background-image":"","background-repeat":"repeat","background-position":"center center","background-size":"auto","background-attachment":"scroll","background-type":"","background-media":"","overlay-type":"","overlay-color":"","overlay-opacity":"","overlay-gradient":""},"mobile":{"background-color":"var(--ast-global-color-4)","background-image":"","background-repeat":"repeat","background-position":"center center","background-size":"auto","background-attachment":"scroll","background-type":"","background-media":"","overlay-type":"","overlay-color":"","overlay-opacity":"","overlay-gradient":""}}},"product_brand":[],"product_cat":[114],"product_tag":[],"class_list":{"0":"post-5345","1":"product","2":"type-product","3":"status-publish","4":"has-post-thumbnail","6":"product_cat-uncategorized","7":"desktop-align-left","8":"tablet-align-left","9":"mobile-align-left","11":"first","12":"instock","13":"sold-individually","14":"taxable","15":"shipping-taxable","16":"purchasable","17":"product-type-variable","18":"has-default-attributes"},"acf":[],"yoast_head":"<!-- This site is optimized with the Yoast SEO plugin v27.4 - https:\/\/yoast.com\/product\/yoast-seo-wordpress\/ -->\n<title>Stingfree California Peach - Stingfree<\/title>\n<meta name=\"robots\" content=\"index, follow, max-snippet:-1, max-image-preview:large, max-video-preview:-1\" \/>\n<link rel=\"canonical\" href=\"https:\/\/stingfreesnus.se\/zh\/product\/\u65e0\u523a\u52a0\u5dde\u6843\/\" \/>\n<meta property=\"og:locale\" content=\"zh_CN\" \/>\n<meta property=\"og:type\" content=\"article\" \/>\n<meta property=\"og:title\" content=\"Stingfree California Peach - Stingfree\" \/>\n<meta property=\"og:description\" content=\"Nikotinprodukter f\u00e5r enligt lag bara s\u00e4ljas till personer som \u00e4r 18 \u00e5r eller \u00e4ldre.  Vi g\u00f6r alltid en \u00e5lderskontroll med Mobilt BankID i samband med betalning.  Om n\u00e5gon f\u00f6rs\u00f6ker handla i n\u00e5gon annans namn \u00e4r vi tvungna att polisanm\u00e4la det.  Vid misstanke om bedr\u00e4geri har vi r\u00e4tt att neka k\u00f6pet.\" \/>\n<meta property=\"og:url\" content=\"https:\/\/stingfreesnus.se\/zh\/product\/\u65e0\u523a\u52a0\u5dde\u6843\/\" \/>\n<meta property=\"og:site_name\" content=\"Stingfree\" \/>\n<meta property=\"article:publisher\" content=\"https:\/\/www.facebook.com\/stingfreesnus\" \/>\n<meta property=\"article:modified_time\" content=\"2026-03-30T06:13:39+00:00\" \/>\n<meta property=\"og:image\" content=\"https:\/\/stingfreesnus.se\/wp-content\/uploads\/Stingfree-carlifonia-peach.webp\" \/>\n\t<meta property=\"og:image:width\" content=\"540\" \/>\n\t<meta property=\"og:image:height\" content=\"540\" \/>\n\t<meta property=\"og:image:type\" content=\"image\/webp\" \/>\n<meta name=\"twitter:card\" content=\"summary_large_image\" \/>\n<meta name=\"twitter:site\" content=\"@Stingfreesnus\" \/>\n<meta name=\"twitter:label1\" content=\"\u9884\u8ba1\u9605\u8bfb\u65f6\u95f4\" \/>\n\t<meta name=\"twitter:data1\" content=\"1 \u5206\" \/>\n<script type=\"application\/ld+json\" class=\"yoast-schema-graph\">{\"@context\":\"https:\\\/\\\/schema.org\",\"@graph\":[{\"@type\":\"WebPage\",\"@id\":\"https:\\\/\\\/stingfreesnus.se\\\/product\\\/stingfree-california-peach\\\/\",\"url\":\"https:\\\/\\\/stingfreesnus.se\\\/product\\\/stingfree-california-peach\\\/\",\"name\":\"Stingfree California Peach - Stingfree\",\"isPartOf\":{\"@id\":\"https:\\\/\\\/stingfreesnus.se\\\/#website\"},\"primaryImageOfPage\":{\"@id\":\"https:\\\/\\\/stingfreesnus.se\\\/product\\\/stingfree-california-peach\\\/#primaryimage\"},\"image\":{\"@id\":\"https:\\\/\\\/stingfreesnus.se\\\/product\\\/stingfree-california-peach\\\/#primaryimage\"},\"thumbnailUrl\":\"https:\\\/\\\/i0.wp.com\\\/stingfreesnus.se\\\/wp-content\\\/uploads\\\/Stingfree-carlifonia-peach.webp?fit=540%2C540&ssl=1\",\"datePublished\":\"2026-03-18T11:25:01+00:00\",\"dateModified\":\"2026-03-30T06:13:39+00:00\",\"breadcrumb\":{\"@id\":\"https:\\\/\\\/stingfreesnus.se\\\/product\\\/stingfree-california-peach\\\/#breadcrumb\"},\"inLanguage\":\"zh-Hans\",\"potentialAction\":[{\"@type\":\"ReadAction\",\"target\":[\"https:\\\/\\\/stingfreesnus.se\\\/product\\\/stingfree-california-peach\\\/\"]}]},{\"@type\":\"ImageObject\",\"inLanguage\":\"zh-Hans\",\"@id\":\"https:\\\/\\\/stingfreesnus.se\\\/product\\\/stingfree-california-peach\\\/#primaryimage\",\"url\":\"https:\\\/\\\/i0.wp.com\\\/stingfreesnus.se\\\/wp-content\\\/uploads\\\/Stingfree-carlifonia-peach.webp?fit=540%2C540&ssl=1\",\"contentUrl\":\"https:\\\/\\\/i0.wp.com\\\/stingfreesnus.se\\\/wp-content\\\/uploads\\\/Stingfree-carlifonia-peach.webp?fit=540%2C540&ssl=1\",\"width\":540,\"height\":540},{\"@type\":\"BreadcrumbList\",\"@id\":\"https:\\\/\\\/stingfreesnus.se\\\/product\\\/stingfree-california-peach\\\/#breadcrumb\",\"itemListElement\":[{\"@type\":\"ListItem\",\"position\":1,\"name\":\"Hem\",\"item\":\"https:\\\/\\\/stingfreesnus.se\\\/\"},{\"@type\":\"ListItem\",\"position\":2,\"name\":\"Butik\",\"item\":\"https:\\\/\\\/stingfreesnus.se\\\/butik\\\/\"},{\"@type\":\"ListItem\",\"position\":3,\"name\":\"Stingfree California Peach\"}]},{\"@type\":\"WebSite\",\"@id\":\"https:\\\/\\\/stingfreesnus.se\\\/#website\",\"url\":\"https:\\\/\\\/stingfreesnus.se\\\/\",\"name\":\"Stingfree\",\"description\":\"Snus med skydd mot sveda och irritation p\u00e5 tandk\u00f6ttet\",\"publisher\":{\"@id\":\"https:\\\/\\\/stingfreesnus.se\\\/#organization\"},\"potentialAction\":[{\"@type\":\"SearchAction\",\"target\":{\"@type\":\"EntryPoint\",\"urlTemplate\":\"https:\\\/\\\/stingfreesnus.se\\\/?s={search_term_string}\"},\"query-input\":{\"@type\":\"PropertyValueSpecification\",\"valueRequired\":true,\"valueName\":\"search_term_string\"}}],\"inLanguage\":\"zh-Hans\"},{\"@type\":\"Organization\",\"@id\":\"https:\\\/\\\/stingfreesnus.se\\\/#organization\",\"name\":\"Stingfree\",\"url\":\"https:\\\/\\\/stingfreesnus.se\\\/\",\"logo\":{\"@type\":\"ImageObject\",\"inLanguage\":\"zh-Hans\",\"@id\":\"https:\\\/\\\/stingfreesnus.se\\\/#\\\/schema\\\/logo\\\/image\\\/\",\"url\":\"https:\\\/\\\/i0.wp.com\\\/stingfreesnus.se\\\/wp-content\\\/uploads\\\/logonew.webp?fit=918%2C589&ssl=1\",\"contentUrl\":\"https:\\\/\\\/i0.wp.com\\\/stingfreesnus.se\\\/wp-content\\\/uploads\\\/logonew.webp?fit=918%2C589&ssl=1\",\"width\":918,\"height\":589,\"caption\":\"Stingfree\"},\"image\":{\"@id\":\"https:\\\/\\\/stingfreesnus.se\\\/#\\\/schema\\\/logo\\\/image\\\/\"},\"sameAs\":[\"https:\\\/\\\/www.facebook.com\\\/stingfreesnus\",\"https:\\\/\\\/x.com\\\/Stingfreesnus\"]}]}<\/script>\n<!-- \/ Yoast SEO plugin. -->","yoast_head_json":{"title":"Stingfree \u52a0\u5229\u798f\u5c3c\u4e9a\u6843\u5b50 - Stingfree","robots":{"index":"index","follow":"follow","max-snippet":"max-snippet:-1","max-image-preview":"max-image-preview:large","max-video-preview":"max-video-preview:-1"},"canonical":"https:\/\/stingfreesnus.se\/zh\/product\/\u65e0\u523a\u52a0\u5dde\u6843\/","og_locale":"zh_CN","og_type":"article","og_title":"Stingfree California Peach - Stingfree","og_description":"Nikotinprodukter f\u00e5r enligt lag bara s\u00e4ljas till personer som \u00e4r 18 \u00e5r eller \u00e4ldre.  Vi g\u00f6r alltid en \u00e5lderskontroll med Mobilt BankID i samband med betalning.  Om n\u00e5gon f\u00f6rs\u00f6ker handla i n\u00e5gon annans namn \u00e4r vi tvungna att polisanm\u00e4la det.  Vid misstanke om bedr\u00e4geri har vi r\u00e4tt att neka k\u00f6pet.","og_url":"https:\/\/stingfreesnus.se\/zh\/product\/\u65e0\u523a\u52a0\u5dde\u6843\/","og_site_name":"Stingfree","article_publisher":"https:\/\/www.facebook.com\/stingfreesnus","article_modified_time":"2026-03-30T06:13:39+00:00","og_image":[{"width":540,"height":540,"url":"https:\/\/stingfreesnus.se\/wp-content\/uploads\/Stingfree-carlifonia-peach.webp","type":"image\/webp"}],"twitter_card":"summary_large_image","twitter_site":"@Stingfreesnus","twitter_misc":{"\u9884\u8ba1\u9605\u8bfb\u65f6\u95f4":"1 \u5206"},"schema":{"@context":"https:\/\/schema.org","@graph":[{"@type":"WebPage","@id":"https:\/\/stingfreesnus.se\/product\/stingfree-california-peach\/","url":"https:\/\/stingfreesnus.se\/product\/stingfree-california-peach\/","name":"Stingfree \u52a0\u5229\u798f\u5c3c\u4e9a\u6843\u5b50 - Stingfree","isPartOf":{"@id":"https:\/\/stingfreesnus.se\/#website"},"primaryImageOfPage":{"@id":"https:\/\/stingfreesnus.se\/product\/stingfree-california-peach\/#primaryimage"},"image":{"@id":"https:\/\/stingfreesnus.se\/product\/stingfree-california-peach\/#primaryimage"},"thumbnailUrl":"https:\/\/i0.wp.com\/stingfreesnus.se\/wp-content\/uploads\/Stingfree-carlifonia-peach.webp?fit=540%2C540&ssl=1","datePublished":"2026-03-18T11:25:01+00:00","dateModified":"2026-03-30T06:13:39+00:00","breadcrumb":{"@id":"https:\/\/stingfreesnus.se\/product\/stingfree-california-peach\/#breadcrumb"},"inLanguage":"zh-Hans","potentialAction":[{"@type":"ReadAction","target":["https:\/\/stingfreesnus.se\/product\/stingfree-california-peach\/"]}]},{"@type":"ImageObject","inLanguage":"zh-Hans","@id":"https:\/\/stingfreesnus.se\/product\/stingfree-california-peach\/#primaryimage","url":"https:\/\/i0.wp.com\/stingfreesnus.se\/wp-content\/uploads\/Stingfree-carlifonia-peach.webp?fit=540%2C540&ssl=1","contentUrl":"https:\/\/i0.wp.com\/stingfreesnus.se\/wp-content\/uploads\/Stingfree-carlifonia-peach.webp?fit=540%2C540&ssl=1","width":540,"height":540},{"@type":"BreadcrumbList","@id":"https:\/\/stingfreesnus.se\/product\/stingfree-california-peach\/#breadcrumb","itemListElement":[{"@type":"ListItem","position":1,"name":"Hem","item":"https:\/\/stingfreesnus.se\/"},{"@type":"ListItem","position":2,"name":"Butik","item":"https:\/\/stingfreesnus.se\/butik\/"},{"@type":"ListItem","position":3,"name":"Stingfree California Peach"}]},{"@type":"WebSite","@id":"https:\/\/stingfreesnus.se\/#website","url":"https:\/\/stingfreesnus.se\/","name":"Stingfree","description":"\u9632\u6b62\u7259\u9f88\u707c\u4f24\u548c\u523a\u6fc0\u7684\u65af\u52aa\u65af","publisher":{"@id":"https:\/\/stingfreesnus.se\/#organization"},"potentialAction":[{"@type":"SearchAction","target":{"@type":"EntryPoint","urlTemplate":"https:\/\/stingfreesnus.se\/?s={search_term_string}"},"query-input":{"@type":"PropertyValueSpecification","valueRequired":true,"valueName":"search_term_string"}}],"inLanguage":"zh-Hans"},{"@type":"Organization","@id":"https:\/\/stingfreesnus.se\/#organization","name":"Stingfree","url":"https:\/\/stingfreesnus.se\/","logo":{"@type":"ImageObject","inLanguage":"zh-Hans","@id":"https:\/\/stingfreesnus.se\/#\/schema\/logo\/image\/","url":"https:\/\/i0.wp.com\/stingfreesnus.se\/wp-content\/uploads\/logonew.webp?fit=918%2C589&ssl=1","contentUrl":"https:\/\/i0.wp.com\/stingfreesnus.se\/wp-content\/uploads\/logonew.webp?fit=918%2C589&ssl=1","width":918,"height":589,"caption":"Stingfree"},"image":{"@id":"https:\/\/stingfreesnus.se\/#\/schema\/logo\/image\/"},"sameAs":["https:\/\/www.facebook.com\/stingfreesnus","https:\/\/x.com\/Stingfreesnus"]}]}},"uagb_featured_image_src":{"full":["https:\/\/i0.wp.com\/stingfreesnus.se\/wp-content\/uploads\/Stingfree-carlifonia-peach.webp?fit=540%2C540&ssl=1",540,540,false],"thumbnail":["https:\/\/i0.wp.com\/stingfreesnus.se\/wp-content\/uploads\/Stingfree-carlifonia-peach.webp?resize=150%2C150&ssl=1",150,150,true],"medium":["https:\/\/i0.wp.com\/stingfreesnus.se\/wp-content\/uploads\/Stingfree-carlifonia-peach.webp?fit=300%2C300&ssl=1",300,300,true],"medium_large":["https:\/\/i0.wp.com\/stingfreesnus.se\/wp-content\/uploads\/Stingfree-carlifonia-peach.webp?fit=540%2C540&ssl=1",540,540,true],"large":["https:\/\/i0.wp.com\/stingfreesnus.se\/wp-content\/uploads\/Stingfree-carlifonia-peach.webp?fit=540%2C540&ssl=1",540,540,true],"1536x1536":["https:\/\/i0.wp.com\/stingfreesnus.se\/wp-content\/uploads\/Stingfree-carlifonia-peach.webp?fit=540%2C540&ssl=1",540,540,true],"2048x2048":["https:\/\/i0.wp.com\/stingfreesnus.se\/wp-content\/uploads\/Stingfree-carlifonia-peach.webp?fit=540%2C540&ssl=1",540,540,true],"trp-custom-language-flag":["https:\/\/i0.wp.com\/stingfreesnus.se\/wp-content\/uploads\/Stingfree-carlifonia-peach.webp?fit=12%2C12&ssl=1",12,12,true],"woocommerce_thumbnail":["https:\/\/i0.wp.com\/stingfreesnus.se\/wp-content\/uploads\/Stingfree-carlifonia-peach.webp?resize=300%2C300&ssl=1",300,300,true],"woocommerce_single":["https:\/\/i0.wp.com\/stingfreesnus.se\/wp-content\/uploads\/Stingfree-carlifonia-peach.webp?fit=540%2C540&ssl=1",540,540,true],"woocommerce_gallery_thumbnail":["https:\/\/i0.wp.com\/stingfreesnus.se\/wp-content\/uploads\/Stingfree-carlifonia-peach.webp?resize=100%2C100&ssl=1",100,100,true]},"uagb_author_info":{"display_name":"Kaur","author_link":"https:\/\/stingfreesnus.se\/zh\/author\/"},"uagb_comment_info":0,"uagb_excerpt":"Nikotinprodukter f\u00e5r enligt lag bara s\u00e4ljas till personer som \u00e4r 18 \u00e5r eller \u00e4ldre. Vi g\u00f6r alltid en \u00e5lderskontroll med Mobilt BankID i samband med betalning. Om n\u00e5gon f\u00f6rs\u00f6ker handla i n\u00e5gon annans namn \u00e4r vi tvungna att polisanm\u00e4la det. Vid misstanke om bedr\u00e4geri har vi r\u00e4tt att neka k\u00f6pet.","jetpack_likes_enabled":true,"jetpack_sharing_enabled":true,"_links":{"self":[{"href":"https:\/\/stingfreesnus.se\/zh\/wp-json\/wp\/v2\/product\/5345","targetHints":{"allow":["GET"]}}],"collection":[{"href":"https:\/\/stingfreesnus.se\/zh\/wp-json\/wp\/v2\/product"}],"about":[{"href":"https:\/\/stingfreesnus.se\/zh\/wp-json\/wp\/v2\/types\/product"}],"replies":[{"embeddable":true,"href":"https:\/\/stingfreesnus.se\/zh\/wp-json\/wp\/v2\/comments?post=5345"}],"wp:featuredmedia":[{"embeddable":true,"href":"https:\/\/stingfreesnus.se\/zh\/wp-json\/wp\/v2\/media\/5435"}],"wp:attachment":[{"href":"https:\/\/stingfreesnus.se\/zh\/wp-json\/wp\/v2\/media?parent=5345"}],"wp:term":[{"taxonomy":"product_brand","embeddable":true,"href":"https:\/\/stingfreesnus.se\/zh\/wp-json\/wp\/v2\/product_brand?post=5345"},{"taxonomy":"product_cat","embeddable":true,"href":"https:\/\/stingfreesnus.se\/zh\/wp-json\/wp\/v2\/product_cat?post=5345"},{"taxonomy":"product_tag","embeddable":true,"href":"https:\/\/stingfreesnus.se\/zh\/wp-json\/wp\/v2\/product_tag?post=5345"}],"curies":[{"name":"wp","href":"https:\/\/api.w.org\/{rel}","templated":true}]}}